{"id":22291,"date":"2022-04-20T16:28:55","date_gmt":"2022-04-20T14:28:55","guid":{"rendered":"https:\/\/www.eltono.com\/?page_id=22291"},"modified":"2022-09-13T17:59:25","modified_gmt":"2022-09-13T15:59:25","slug":"modo40","status":"publish","type":"page","link":"https:\/\/www.eltono.com\/fr\/murals\/modo40\/","title":{"rendered":"Modo n.\u00ba40"},"content":{"rendered":"<p><strong>Peinture murale g\u00e9n\u00e9rative et participative<\/strong><br \/>\n\u00c9cole Moulin-Voltaire \u00e0 Chaumont, France<br \/>\n2021<br \/>\n125 participants<\/p>\n<p>Projet r\u00e9alis\u00e9 avec la participation de 125 \u00e9l\u00e8ves des \u00e9coles primaires Moulin-Voltaire et Jonchery et du coll\u00e8ge Camille Saint-Sa\u00ebns.<\/p>\n<p>ngg_shortcode_0_placeholder<\/p>","protected":false},"excerpt":{"rendered":"<p>Peinture murale g\u00e9n\u00e9rative et participative \u00c9cole Moulin-Voltaire \u00e0 Chaumont, France 2021 125 participants Projet r\u00e9alis\u00e9 avec la participation de 125 \u00e9l\u00e8ves des \u00e9coles primaires Moulin-Voltaire et Jonchery et du coll\u00e8ge Camille Saint-Sa\u00ebns.<\/p>\n","protected":false},"author":1,"featured_media":22321,"parent":13155,"menu_order":0,"comment_status":"closed","ping_status":"closed","template":"","meta":{"ngg_post_thumbnail":0,"jetpack_post_was_ever_published":false,"footnotes":""},"categories":[346,277,345,112,262,260,266],"tags":[],"class_list":["post-22291","page","type-page","status-publish","has-post-thumbnail","hentry","category-346","category-generative","category-modo","category-mural","category-page_automatic","category-page_mural","category-page_outdoor"],"jetpack_sharing_enabled":true,"jetpack_shortlink":"https:\/\/wp.me\/P7sWFx-5Nx","_links":{"self":[{"href":"https:\/\/www.eltono.com\/fr\/wp-json\/wp\/v2\/pages\/22291","targetHints":{"allow":["GET"]}}],"collection":[{"href":"https:\/\/www.eltono.com\/fr\/wp-json\/wp\/v2\/pages"}],"about":[{"href":"https:\/\/www.eltono.com\/fr\/wp-json\/wp\/v2\/types\/page"}],"author":[{"embeddable":true,"href":"https:\/\/www.eltono.com\/fr\/wp-json\/wp\/v2\/users\/1"}],"replies":[{"embeddable":true,"href":"https:\/\/www.eltono.com\/fr\/wp-json\/wp\/v2\/comments?post=22291"}],"version-history":[{"count":6,"href":"https:\/\/www.eltono.com\/fr\/wp-json\/wp\/v2\/pages\/22291\/revisions"}],"predecessor-version":[{"id":22322,"href":"https:\/\/www.eltono.com\/fr\/wp-json\/wp\/v2\/pages\/22291\/revisions\/22322"}],"up":[{"embeddable":true,"href":"https:\/\/www.eltono.com\/fr\/wp-json\/wp\/v2\/pages\/13155"}],"wp:featuredmedia":[{"embeddable":true,"href":"https:\/\/www.eltono.com\/fr\/wp-json\/wp\/v2\/media\/22321"}],"wp:attachment":[{"href":"https:\/\/www.eltono.com\/fr\/wp-json\/wp\/v2\/media?parent=22291"}],"wp:term":[{"taxonomy":"category","embeddable":true,"href":"https:\/\/www.eltono.com\/fr\/wp-json\/wp\/v2\/categories?post=22291"},{"taxonomy":"post_tag","embeddable":true,"href":"https:\/\/www.eltono.com\/fr\/wp-json\/wp\/v2\/tags?post=22291"}],"curies":[{"name":"wp","href":"https:\/\/api.w.org\/{rel}","templated":true}]}}