{"id":22359,"date":"2022-08-09T21:01:38","date_gmt":"2022-08-09T19:01:38","guid":{"rendered":"https:\/\/www.eltono.com\/?page_id=22359"},"modified":"2024-05-21T10:58:20","modified_gmt":"2024-05-21T08:58:20","slug":"modo49","status":"publish","type":"page","link":"https:\/\/www.eltono.com\/fr\/murals\/modo49\/","title":{"rendered":"Modo n.\u00ba49"},"content":{"rendered":"<p><strong>&#8220;A talk with the city&#8221;<br \/>\nPeinture murale g\u00e9n\u00e9rative et participative<\/strong><br \/>\nConversano, Bari, Italie<br \/>\nMai 2022<\/p>\n<p>&#8220;A talk with the city&#8221; est un projet d&#8217;art public financ\u00e9 par STHAR LAB de la r\u00e9gion des Pouilles et confi\u00e9 par la municipalit\u00e9 de Conversano \u00e0 l&#8217;association culturelle Pigment Workroom en collaboration avec le complexe mus\u00e9al &#8220;Museco&#8221; de la ville de Conversano, CIME, ZICZIC et CONTEMPO.<\/p>\n<p>Les formes choisies pour le protocole sont inspir\u00e9es par des d\u00e9tails architecturaux de la ville de Conversano. La vieille ville est compos\u00e9e d&#8217;innombrables arches, colonnes et petits escaliers en pierre. Avant la peinture, un atelier de s\u00e9rigraphie g\u00e9n\u00e9rative a \u00e9t\u00e9 organis\u00e9 dans la rue pour cr\u00e9er les compositions qui forment la peinture. Plus de 30 participants du lyc\u00e9e situ\u00e9 en face du mur ont pris part au processus. Durant les deux semaines suivantes, David et moi avons peint la partie haute du mur tandis que l&#8217;\u00e9quipe de Pigment Workroom, aid\u00e9 par les participants, ont peint la partie basse. Ce mur a toujours \u00e9t\u00e9 un important lieu pour le graffiti local, nous avons donc d\u00e9cid\u00e9 de laisser le bas ouvert \u00e0 de nouvelles interventions spontan\u00e9es.<\/p>\n<p><a href=\"https:\/\/talkwiththecity.it\/\" target=\"_blank\" rel=\"noopener noreferrer\">https:\/\/talkwiththecity.it<\/a><\/p>\n<p><a href=\"https:\/\/www.eltono.com\/wp-content\/gallery\/modo49\/Eltono-Modo49-Conversano-012.jpg\"><img loading=\"lazy\" decoding=\"async\" class=\"ngg-singlepic ngg-none alignnone\" src=\"https:\/\/www.eltono.com\/wp-content\/gallery\/modo49\/Eltono-Modo49-Conversano-012.jpg\" alt=\"Eltono-Modo49-Conversano-012\" width=\"2000\" height=\"1335\"><\/a><\/p>\nngg_shortcode_0_placeholder\n<p>Inspiration et processus :<\/p>\nngg_shortcode_1_placeholder\n<p>Un grand merci \u00e0 toutes les personnes qui ont rendu ce projet possible : Pigment Workroom, Zic Zic, Museco, mon incroyable assistant David et <span class=\"VIiyi\" lang=\"it\"><span class=\"JLqJ4b ChMk0b\" data-language-for-alternatives=\"it\" data-language-to-translate-into=\"es\" data-phrase-index=\"0\" data-number-of-phrases=\"1\"><span class=\"Q4iAWc\">tutti gli studenti del Classico<\/span><\/span><\/span>!<\/p>","protected":false},"excerpt":{"rendered":"<p>&#8220;A talk with the city&#8221; Peinture murale g\u00e9n\u00e9rative et participative Conversano, Bari, Italie Mai 2022 &#8220;A talk with the city&#8221; est un projet d&#8217;art public financ\u00e9 par STHAR LAB de la r\u00e9gion des Pouilles et confi\u00e9 par la municipalit\u00e9 de Conversano \u00e0 l&#8217;association culturelle Pigment Workroom en collaboration avec le complexe mus\u00e9al &#8220;Museco&#8221; de la &hellip; <a href=\"https:\/\/www.eltono.com\/fr\/murals\/modo49\/\" class=\"more-link\">Continue reading <span class=\"screen-reader-text\">Modo n.\u00ba49<\/span><\/a><\/p>\n","protected":false},"author":1,"featured_media":22439,"parent":13155,"menu_order":0,"comment_status":"closed","ping_status":"closed","template":"","meta":{"ngg_post_thumbnail":0,"jetpack_post_was_ever_published":false,"footnotes":""},"categories":[350,277,345,112,262,260,266],"tags":[],"class_list":["post-22359","page","type-page","status-publish","has-post-thumbnail","hentry","category-350","category-generative","category-modo","category-mural","category-page_automatic","category-page_mural","category-page_outdoor"],"jetpack_sharing_enabled":true,"jetpack_shortlink":"https:\/\/wp.me\/P7sWFx-5OD","_links":{"self":[{"href":"https:\/\/www.eltono.com\/fr\/wp-json\/wp\/v2\/pages\/22359","targetHints":{"allow":["GET"]}}],"collection":[{"href":"https:\/\/www.eltono.com\/fr\/wp-json\/wp\/v2\/pages"}],"about":[{"href":"https:\/\/www.eltono.com\/fr\/wp-json\/wp\/v2\/types\/page"}],"author":[{"embeddable":true,"href":"https:\/\/www.eltono.com\/fr\/wp-json\/wp\/v2\/users\/1"}],"replies":[{"embeddable":true,"href":"https:\/\/www.eltono.com\/fr\/wp-json\/wp\/v2\/comments?post=22359"}],"version-history":[{"count":27,"href":"https:\/\/www.eltono.com\/fr\/wp-json\/wp\/v2\/pages\/22359\/revisions"}],"predecessor-version":[{"id":22476,"href":"https:\/\/www.eltono.com\/fr\/wp-json\/wp\/v2\/pages\/22359\/revisions\/22476"}],"up":[{"embeddable":true,"href":"https:\/\/www.eltono.com\/fr\/wp-json\/wp\/v2\/pages\/13155"}],"wp:featuredmedia":[{"embeddable":true,"href":"https:\/\/www.eltono.com\/fr\/wp-json\/wp\/v2\/media\/22439"}],"wp:attachment":[{"href":"https:\/\/www.eltono.com\/fr\/wp-json\/wp\/v2\/media?parent=22359"}],"wp:term":[{"taxonomy":"category","embeddable":true,"href":"https:\/\/www.eltono.com\/fr\/wp-json\/wp\/v2\/categories?post=22359"},{"taxonomy":"post_tag","embeddable":true,"href":"https:\/\/www.eltono.com\/fr\/wp-json\/wp\/v2\/tags?post=22359"}],"curies":[{"name":"wp","href":"https:\/\/api.w.org\/{rel}","templated":true}]}}