{"id":22451,"date":"2022-09-08T15:01:50","date_gmt":"2022-09-08T13:01:50","guid":{"rendered":"https:\/\/www.eltono.com\/?page_id=22451"},"modified":"2024-05-21T10:57:30","modified_gmt":"2024-05-21T08:57:30","slug":"modo50","status":"publish","type":"page","link":"https:\/\/www.eltono.com\/fr\/murals\/modo50\/","title":{"rendered":"Modo n.\u00ba50"},"content":{"rendered":"<p><strong>Peinture murale g\u00e9n\u00e9rative et participative<\/strong><br \/>\nNancy, France<br \/>\nJuin 2022<\/p>\n<p>Projet commandit\u00e9 par la ville de Nancy avec le Mus\u00e9e des Beaux Arts de Nancy et produit par l&#8217;association <a href=\"https:\/\/lemurnancy.fr\/\" target=\"_blank\" rel=\"noopener noreferrer\">Le Mur Nancy<\/a>. Avec la participation de l&#8217;\u00e9cole \u00e9l\u00e9mentaire Braconnot, du centre social Saint Michel J\u00e9richo, le foyer d\u00e9partemental de l&#8217;enfance REMM et les voisins.<\/p>\n<p>Mur du Gymnase Maurice Jacquet :<\/p>\n<p>ngg_shortcode_0_placeholderMur sous la VEBE (Voie Express Banlieue Est) :<\/p>\n<p>ngg_shortcode_1_placeholderPiliers de la VEBE :<\/p>\nngg_shortcode_2_placeholder\n<p>Processus :<\/p>\nngg_shortcode_3_placeholder\n<p>Photos : Pierre, Greg et Eltono.<\/p>","protected":false},"excerpt":{"rendered":"<p>Peinture murale g\u00e9n\u00e9rative et participative Nancy, France Juin 2022 Projet commandit\u00e9 par la ville de Nancy avec le Mus\u00e9e des Beaux Arts de Nancy et produit par l&#8217;association Le Mur Nancy. Avec la participation de l&#8217;\u00e9cole \u00e9l\u00e9mentaire Braconnot, du centre social Saint Michel J\u00e9richo, le foyer d\u00e9partemental de l&#8217;enfance REMM et les voisins. Mur du &hellip; <a href=\"https:\/\/www.eltono.com\/fr\/murals\/modo50\/\" class=\"more-link\">Continue reading <span class=\"screen-reader-text\">Modo n.\u00ba50<\/span><\/a><\/p>\n","protected":false},"author":1,"featured_media":22523,"parent":13155,"menu_order":0,"comment_status":"closed","ping_status":"closed","template":"","meta":{"ngg_post_thumbnail":0,"jetpack_post_was_ever_published":false,"footnotes":""},"categories":[350,277,345,112,262,260,266],"tags":[],"class_list":["post-22451","page","type-page","status-publish","has-post-thumbnail","hentry","category-350","category-generative","category-modo","category-mural","category-page_automatic","category-page_mural","category-page_outdoor"],"jetpack_sharing_enabled":true,"jetpack_shortlink":"https:\/\/wp.me\/P7sWFx-5Q7","_links":{"self":[{"href":"https:\/\/www.eltono.com\/fr\/wp-json\/wp\/v2\/pages\/22451","targetHints":{"allow":["GET"]}}],"collection":[{"href":"https:\/\/www.eltono.com\/fr\/wp-json\/wp\/v2\/pages"}],"about":[{"href":"https:\/\/www.eltono.com\/fr\/wp-json\/wp\/v2\/types\/page"}],"author":[{"embeddable":true,"href":"https:\/\/www.eltono.com\/fr\/wp-json\/wp\/v2\/users\/1"}],"replies":[{"embeddable":true,"href":"https:\/\/www.eltono.com\/fr\/wp-json\/wp\/v2\/comments?post=22451"}],"version-history":[{"count":23,"href":"https:\/\/www.eltono.com\/fr\/wp-json\/wp\/v2\/pages\/22451\/revisions"}],"predecessor-version":[{"id":22656,"href":"https:\/\/www.eltono.com\/fr\/wp-json\/wp\/v2\/pages\/22451\/revisions\/22656"}],"up":[{"embeddable":true,"href":"https:\/\/www.eltono.com\/fr\/wp-json\/wp\/v2\/pages\/13155"}],"wp:featuredmedia":[{"embeddable":true,"href":"https:\/\/www.eltono.com\/fr\/wp-json\/wp\/v2\/media\/22523"}],"wp:attachment":[{"href":"https:\/\/www.eltono.com\/fr\/wp-json\/wp\/v2\/media?parent=22451"}],"wp:term":[{"taxonomy":"category","embeddable":true,"href":"https:\/\/www.eltono.com\/fr\/wp-json\/wp\/v2\/categories?post=22451"},{"taxonomy":"post_tag","embeddable":true,"href":"https:\/\/www.eltono.com\/fr\/wp-json\/wp\/v2\/tags?post=22451"}],"curies":[{"name":"wp","href":"https:\/\/api.w.org\/{rel}","templated":true}]}}