{"id":22718,"date":"2022-11-22T15:59:28","date_gmt":"2022-11-22T14:59:28","guid":{"rendered":"https:\/\/www.eltono.com\/?page_id=22718"},"modified":"2024-05-21T10:55:55","modified_gmt":"2024-05-21T08:55:55","slug":"dma_arq","status":"publish","type":"page","link":"https:\/\/www.eltono.com\/fr\/dma_arq\/","title":{"rendered":"DMA_ARQ"},"content":{"rendered":"<p><a href=\"https:\/\/www.eltono.com\/wp-content\/uploads\/2022\/11\/Eltono-DMA_ARQ_000.jpg\"><img loading=\"lazy\" decoding=\"async\" data-attachment-id=\"22720\" data-permalink=\"https:\/\/www.eltono.com\/fr\/dma_arq\/eltono-dma_arq_000\/\" data-orig-file=\"https:\/\/www.eltono.com\/wp-content\/uploads\/2022\/11\/Eltono-DMA_ARQ_000.jpg\" data-orig-size=\"1200,801\" data-comments-opened=\"0\" data-image-meta=\"{&quot;aperture&quot;:&quot;2.8&quot;,&quot;credit&quot;:&quot;&quot;,&quot;camera&quot;:&quot;ILCE-7R&quot;,&quot;caption&quot;:&quot;&quot;,&quot;created_timestamp&quot;:&quot;1669123968&quot;,&quot;copyright&quot;:&quot;&quot;,&quot;focal_length&quot;:&quot;35&quot;,&quot;iso&quot;:&quot;100&quot;,&quot;shutter_speed&quot;:&quot;0.076923076923077&quot;,&quot;title&quot;:&quot;&quot;,&quot;orientation&quot;:&quot;1&quot;}\" data-image-title=\"Eltono-DMA_ARQ_000\" data-image-description=\"\" data-image-caption=\"\" data-medium-file=\"https:\/\/www.eltono.com\/wp-content\/uploads\/2022\/11\/Eltono-DMA_ARQ_000-300x200.jpg\" data-large-file=\"https:\/\/www.eltono.com\/wp-content\/uploads\/2022\/11\/Eltono-DMA_ARQ_000-700x467.jpg\" class=\"alignleft size-full wp-image-22720\" src=\"https:\/\/www.eltono.com\/wp-content\/uploads\/2022\/11\/Eltono-DMA_ARQ_000.jpg\" alt=\"\" width=\"1200\" height=\"801\" srcset=\"https:\/\/www.eltono.com\/wp-content\/uploads\/2022\/11\/Eltono-DMA_ARQ_000.jpg 1200w, https:\/\/www.eltono.com\/wp-content\/uploads\/2022\/11\/Eltono-DMA_ARQ_000-300x200.jpg 300w, https:\/\/www.eltono.com\/wp-content\/uploads\/2022\/11\/Eltono-DMA_ARQ_000-700x467.jpg 700w, https:\/\/www.eltono.com\/wp-content\/uploads\/2022\/11\/Eltono-DMA_ARQ_000-350x234.jpg 350w\" sizes=\"auto, (max-width: 1200px) 100vw, 1200px\" \/><\/a><\/p>\n<p>Dessins M\u00e9caniques Al\u00e9atoires, 3 couleurs, 16 x 24 cm (6.3 x 9.4 pouces). Encre pigment\u00e9e sur papier Canson Montval 300 g. (sans acide). S\u00e9rie de 99 monotypes, chaque dessin est unique.<\/p>\n<p>Les dessins <em><strong>DMA_ARQ <\/strong><\/em>sont compos\u00e9s de trois couches de couleur diff\u00e9rentes trac\u00e9es les unes sur les autres. Pour chaque couche, le protocole construit un quadrillage de 2 x 3 cases. Dans chaque case, il place une figure tir\u00e9e au hazard parmi les 24 figures disponibles (dont une vide). L&#8217;image g\u00e9n\u00e9r\u00e9e est envoy\u00e9e \u00e0 une traceuse Axidraw sur laquelle est mont\u00e9 un feutre. Chaque couleur \u00e9tant sur une couche diff\u00e9rente, il faut changer le feutre manuellement entre chaque couche.<\/p>\n<p>Pour <em><strong>DMA_ARQ[cmy]<\/strong><\/em>, le collectionneur peut choisir son dessin avec le g\u00e9n\u00e9rateur de compositions.<\/p>\n<p><strong><mark>Pour g\u00e9n\u00e9rer et commander un dessin, suivez les instructions ici : <a href=\"https:\/\/www.eltono.com\/DMA_ARQ\/index.html\" target=\"_blank\" rel=\"noopener noreferrer\">www.eltono.com\/DMA_ARQ\/<\/a>.<\/mark><\/strong><\/p>\n<p>Vid\u00e9o du processus :<\/p>\n<p><iframe loading=\"lazy\" src=\"https:\/\/www.youtube.com\/embed\/OtAGyghrsec\" allowfullscreen=\"allowfullscreen\" width=\"700\" height=\"394\" frameborder=\"0\"><span style=\"display: inline-block; width: 0px; overflow: hidden; line-height: 0;\" data-mce-type=\"bookmark\" class=\"mce_SELRES_start\">\ufeff<\/span><\/iframe><\/p>\n<p>Photos :<\/p>\nngg_shortcode_0_placeholder\n<p>Dessins :<\/p>\n<p>ngg_shortcode_1_placeholder<\/p>","protected":false},"excerpt":{"rendered":"<p>Dessins M\u00e9caniques Al\u00e9atoires, 3 couleurs, 16 x 24 cm (6.3 x 9.4 pouces). Encre pigment\u00e9e sur papier Canson Montval 300 g. (sans acide). S\u00e9rie de 99 monotypes, chaque dessin est unique. Les dessins DMA_ARQ sont compos\u00e9s de trois couches de couleur diff\u00e9rentes trac\u00e9es les unes sur les autres. Pour chaque couche, le protocole construit un &hellip; <a href=\"https:\/\/www.eltono.com\/fr\/dma_arq\/\" class=\"more-link\">Continue reading <span class=\"screen-reader-text\">DMA_ARQ<\/span><\/a><\/p>\n","protected":false},"author":1,"featured_media":22722,"parent":0,"menu_order":0,"comment_status":"closed","ping_status":"closed","template":"","meta":{"ngg_post_thumbnail":0,"jetpack_post_was_ever_published":false,"footnotes":""},"categories":[350,277,272,8],"tags":[],"class_list":["post-22718","page","type-page","status-publish","has-post-thumbnail","hentry","category-350","category-generative","category-page_project","category-shop"],"jetpack_sharing_enabled":true,"jetpack_shortlink":"https:\/\/wp.me\/P7sWFx-5Uq","_links":{"self":[{"href":"https:\/\/www.eltono.com\/fr\/wp-json\/wp\/v2\/pages\/22718","targetHints":{"allow":["GET"]}}],"collection":[{"href":"https:\/\/www.eltono.com\/fr\/wp-json\/wp\/v2\/pages"}],"about":[{"href":"https:\/\/www.eltono.com\/fr\/wp-json\/wp\/v2\/types\/page"}],"author":[{"embeddable":true,"href":"https:\/\/www.eltono.com\/fr\/wp-json\/wp\/v2\/users\/1"}],"replies":[{"embeddable":true,"href":"https:\/\/www.eltono.com\/fr\/wp-json\/wp\/v2\/comments?post=22718"}],"version-history":[{"count":24,"href":"https:\/\/www.eltono.com\/fr\/wp-json\/wp\/v2\/pages\/22718\/revisions"}],"predecessor-version":[{"id":23817,"href":"https:\/\/www.eltono.com\/fr\/wp-json\/wp\/v2\/pages\/22718\/revisions\/23817"}],"wp:featuredmedia":[{"embeddable":true,"href":"https:\/\/www.eltono.com\/fr\/wp-json\/wp\/v2\/media\/22722"}],"wp:attachment":[{"href":"https:\/\/www.eltono.com\/fr\/wp-json\/wp\/v2\/media?parent=22718"}],"wp:term":[{"taxonomy":"category","embeddable":true,"href":"https:\/\/www.eltono.com\/fr\/wp-json\/wp\/v2\/categories?post=22718"},{"taxonomy":"post_tag","embeddable":true,"href":"https:\/\/www.eltono.com\/fr\/wp-json\/wp\/v2\/tags?post=22718"}],"curies":[{"name":"wp","href":"https:\/\/api.w.org\/{rel}","templated":true}]}}