{"id":23143,"date":"2023-02-10T13:55:13","date_gmt":"2023-02-10T12:55:13","guid":{"rendered":"https:\/\/www.eltono.com\/?page_id=23143"},"modified":"2023-02-10T14:01:07","modified_gmt":"2023-02-10T13:01:07","slug":"averse","status":"publish","type":"page","link":"https:\/\/www.eltono.com\/fr\/projects\/averse\/","title":{"rendered":"Averses"},"content":{"rendered":"<p><strong>Centre d&#8217;art Hangar 107<br \/>\n<\/strong>Rouen, France<br \/>\nJuillet 2021<\/p>\n<p>\u0152uvres cr\u00e9\u00e9es pour l&#8217;exposition individuelle <em><strong>S\u00e9rendipit\u00e9<\/strong> <\/em>: <a href=\"https:\/\/www.eltono.com\/exhibitions\/solo\/serendipite\/\">www.eltono.com\/exhibitions\/solo\/serendipite<\/a><\/p>\n<h3>Averses<\/h3>\n<p>Dans la lign\u00e9e de mes recherches autour de l&#8217;alt\u00e9ration d\u2019\u0153uvres d&#8217;art par des facteurs ext\u00e9rieurs et difficilement contr\u00f4lables, j&#8217;ai d\u00e9cid\u00e9 de profiter de la m\u00e9t\u00e9o normande pour faire le tour du centre d&#8217;art \u00e0 chaque averse en me prot\u00e9geant de la pluie sous une \u0153uvre. La s\u00e9quence de lignes color\u00e9es parall\u00e8les trac\u00e9e avec des feutres est endommag\u00e9e par les gouttes d&#8217;eau qui font d\u00e9teindre l&#8217;encre. Le temps d&#8217;exposition \u00e9tant le m\u00eame \u00e0 chaque sortie, la particularit\u00e9 de chaque averse peut s&#8217;appr\u00e9cier dans le r\u00e9sultat. Grosses gouttes espac\u00e9es, petite pluie fine ou averse intense laissent une empreinte diff\u00e9rente sur l&#8217;encre.<\/p>\n<p><iframe loading=\"lazy\" title=\"YouTube video player\" src=\"https:\/\/www.youtube.com\/embed\/7hXE60AgTBM\" allowfullscreen=\"allowfullscreen\" width=\"700\" height=\"393\" frameborder=\"0\"><\/iframe><\/p>\nngg_shortcode_0_placeholder\n<p>Merci \u00e0 toute l&#8217;\u00e9quipe du Hangar 107, Jean Guillaume, Nicolas, Marc, Kim, Th\u00e9o, Caro, Marilou et Gabin.<\/p>\n<p>Photos: Juan Cruz, Jean Guillaume Panis et Eltono.<\/p>","protected":false},"excerpt":{"rendered":"<p>Centre d&#8217;art Hangar 107 Rouen, France Juillet 2021 \u0152uvres cr\u00e9\u00e9es pour l&#8217;exposition individuelle S\u00e9rendipit\u00e9 : www.eltono.com\/exhibitions\/solo\/serendipite Averses Dans la lign\u00e9e de mes recherches autour de l&#8217;alt\u00e9ration d\u2019\u0153uvres d&#8217;art par des facteurs ext\u00e9rieurs et difficilement contr\u00f4lables, j&#8217;ai d\u00e9cid\u00e9 de profiter de la m\u00e9t\u00e9o normande pour faire le tour du centre d&#8217;art \u00e0 chaque averse en me &hellip; <a href=\"https:\/\/www.eltono.com\/fr\/projects\/averse\/\" class=\"more-link\">Continue reading <span class=\"screen-reader-text\">Averses<\/span><\/a><\/p>\n","protected":false},"author":1,"featured_media":23140,"parent":5,"menu_order":0,"comment_status":"closed","ping_status":"closed","template":"","meta":{"ngg_post_thumbnail":0,"jetpack_post_was_ever_published":false,"footnotes":""},"categories":[346,5,273,272,7],"tags":[],"class_list":["post-23143","page","type-page","status-publish","has-post-thumbnail","hentry","category-346","category-interventions","category-page_artworks","category-page_project","category-projects"],"jetpack_sharing_enabled":true,"jetpack_shortlink":"https:\/\/wp.me\/P7sWFx-61h","_links":{"self":[{"href":"https:\/\/www.eltono.com\/fr\/wp-json\/wp\/v2\/pages\/23143","targetHints":{"allow":["GET"]}}],"collection":[{"href":"https:\/\/www.eltono.com\/fr\/wp-json\/wp\/v2\/pages"}],"about":[{"href":"https:\/\/www.eltono.com\/fr\/wp-json\/wp\/v2\/types\/page"}],"author":[{"embeddable":true,"href":"https:\/\/www.eltono.com\/fr\/wp-json\/wp\/v2\/users\/1"}],"replies":[{"embeddable":true,"href":"https:\/\/www.eltono.com\/fr\/wp-json\/wp\/v2\/comments?post=23143"}],"version-history":[{"count":6,"href":"https:\/\/www.eltono.com\/fr\/wp-json\/wp\/v2\/pages\/23143\/revisions"}],"predecessor-version":[{"id":23151,"href":"https:\/\/www.eltono.com\/fr\/wp-json\/wp\/v2\/pages\/23143\/revisions\/23151"}],"up":[{"embeddable":true,"href":"https:\/\/www.eltono.com\/fr\/wp-json\/wp\/v2\/pages\/5"}],"wp:featuredmedia":[{"embeddable":true,"href":"https:\/\/www.eltono.com\/fr\/wp-json\/wp\/v2\/media\/23140"}],"wp:attachment":[{"href":"https:\/\/www.eltono.com\/fr\/wp-json\/wp\/v2\/media?parent=23143"}],"wp:term":[{"taxonomy":"category","embeddable":true,"href":"https:\/\/www.eltono.com\/fr\/wp-json\/wp\/v2\/categories?post=23143"},{"taxonomy":"post_tag","embeddable":true,"href":"https:\/\/www.eltono.com\/fr\/wp-json\/wp\/v2\/tags?post=23143"}],"curies":[{"name":"wp","href":"https:\/\/api.w.org\/{rel}","templated":true}]}}