{"id":23162,"date":"2023-06-14T14:56:32","date_gmt":"2023-06-14T12:56:32","guid":{"rendered":"https:\/\/www.eltono.com\/?page_id=23162"},"modified":"2023-06-15T12:31:33","modified_gmt":"2023-06-15T10:31:33","slug":"modo53","status":"publish","type":"page","link":"https:\/\/www.eltono.com\/fr\/murals\/modo53\/","title":{"rendered":"Modo n.\u00ba53"},"content":{"rendered":"<p><strong>Peinture murale g\u00e9n\u00e9rative et participative<br \/>\n<\/strong>Quartier Saint-Jacques, Clermont-Ferrand, France<br \/>\nJuin 2023<\/p>\n<p>Projet commissionn\u00e9 et organis\u00e9 par Pauline Simon pour la ville de Clermont-Ferrand. 220 participants provenant de trois \u00e9coles primaires du quartiers.<\/p>\n<p>ngg_shortcode_0_placeholderUn grand merci \u00e0 Pauline, Prince, Sarah et Sadek, tous les enfants et les enseignants et l&#8217;\u00e9quipe du club de p\u00e9tanque des Liondards.<\/p>","protected":false},"excerpt":{"rendered":"<p>Peinture murale g\u00e9n\u00e9rative et participative Quartier Saint-Jacques, Clermont-Ferrand, France Juin 2023 Projet commissionn\u00e9 et organis\u00e9 par Pauline Simon pour la ville de Clermont-Ferrand. 220 participants provenant de trois \u00e9coles primaires du quartiers. Un grand merci \u00e0 Pauline, Prince, Sarah et Sadek, tous les enfants et les enseignants et l&#8217;\u00e9quipe du club de p\u00e9tanque des Liondards.<\/p>\n","protected":false},"author":1,"featured_media":23180,"parent":13155,"menu_order":0,"comment_status":"closed","ping_status":"closed","template":"","meta":{"ngg_post_thumbnail":0,"jetpack_post_was_ever_published":false,"footnotes":""},"categories":[354,334,277,345,112,262,260,266],"tags":[],"class_list":["post-23162","page","type-page","status-publish","has-post-thumbnail","hentry","category-354","category-destacados","category-generative","category-modo","category-mural","category-page_automatic","category-page_mural","category-page_outdoor"],"jetpack_sharing_enabled":true,"jetpack_shortlink":"https:\/\/wp.me\/P7sWFx-61A","_links":{"self":[{"href":"https:\/\/www.eltono.com\/fr\/wp-json\/wp\/v2\/pages\/23162","targetHints":{"allow":["GET"]}}],"collection":[{"href":"https:\/\/www.eltono.com\/fr\/wp-json\/wp\/v2\/pages"}],"about":[{"href":"https:\/\/www.eltono.com\/fr\/wp-json\/wp\/v2\/types\/page"}],"author":[{"embeddable":true,"href":"https:\/\/www.eltono.com\/fr\/wp-json\/wp\/v2\/users\/1"}],"replies":[{"embeddable":true,"href":"https:\/\/www.eltono.com\/fr\/wp-json\/wp\/v2\/comments?post=23162"}],"version-history":[{"count":11,"href":"https:\/\/www.eltono.com\/fr\/wp-json\/wp\/v2\/pages\/23162\/revisions"}],"predecessor-version":[{"id":23188,"href":"https:\/\/www.eltono.com\/fr\/wp-json\/wp\/v2\/pages\/23162\/revisions\/23188"}],"up":[{"embeddable":true,"href":"https:\/\/www.eltono.com\/fr\/wp-json\/wp\/v2\/pages\/13155"}],"wp:featuredmedia":[{"embeddable":true,"href":"https:\/\/www.eltono.com\/fr\/wp-json\/wp\/v2\/media\/23180"}],"wp:attachment":[{"href":"https:\/\/www.eltono.com\/fr\/wp-json\/wp\/v2\/media?parent=23162"}],"wp:term":[{"taxonomy":"category","embeddable":true,"href":"https:\/\/www.eltono.com\/fr\/wp-json\/wp\/v2\/categories?post=23162"},{"taxonomy":"post_tag","embeddable":true,"href":"https:\/\/www.eltono.com\/fr\/wp-json\/wp\/v2\/tags?post=23162"}],"curies":[{"name":"wp","href":"https:\/\/api.w.org\/{rel}","templated":true}]}}