{"id":23247,"date":"2023-08-29T16:56:34","date_gmt":"2023-08-29T14:56:34","guid":{"rendered":"https:\/\/www.eltono.com\/?page_id=23247"},"modified":"2023-08-29T22:48:06","modified_gmt":"2023-08-29T20:48:06","slug":"oriflammes","status":"publish","type":"page","link":"https:\/\/www.eltono.com\/fr\/projects\/oriflammes\/","title":{"rendered":"Oriflammes"},"content":{"rendered":"<p>Bourdeilles, France<br \/>\nJuin 2022<\/p>\n<p>Projet r\u00e9alis\u00e9 en collaboration avec la commune de Bourdeilles et l&#8217;Agence culturelle d\u00e9partementale de Dordogne-P\u00e9rigord.<\/p>\n<p>Sur une invitation de l&#8217;Agence culturelle d\u00e9partementale et de la commune de Bourdeilles, j&#8217;ai con\u00e7u une s\u00e9rie de compositions graphiques pour la Grand rue du village. Ce travail a fait l&#8217;objet d&#8217;ateliers participatifs men\u00e9s avec plus de soixante-dix habitants. Cette installation marque le lancement officiel d&#8217;une consultation collective initi\u00e9e par la mairie concernant le futur r\u00e9am\u00e9nagement urbain et paysager de la ville.<\/p>\n<p>J&#8217;ai collabor\u00e9 avec les \u00e9l\u00e8ves de l&#8217;\u00e9cole primaire, des habitants volontaires, ainsi que les r\u00e9sidents du foyer d&#8217;accueil m\u00e9dicalis\u00e9 La Prada et de l&#8217;EHPAD Les Deux S\u00e9quoias. \u00c0 partir d&#8217;\u00e9l\u00e9ments architecturaux, j&#8217;ai cr\u00e9\u00e9 vingt-quatre formes et d\u00e9fini une palette de couleurs. J&#8217;ai pr\u00e9sent\u00e9 aux participants un protocole graphique et ludique bas\u00e9 sur le hasard des jets de d\u00e9s. Chaque num\u00e9ro correspondait \u00e0 une forme, une orientation et une couleur. Les lancers de d\u00e9s ont ainsi g\u00e9n\u00e9r\u00e9 plus de deux cents motifs qui m&#8217;ont permis de composer les oriflammes.<\/p>\nngg_shortcode_0_placeholder\n<p><strong>Participants, de 6 \u00e0 101 ans :<\/strong><br \/>\nErinne, Emma, Lisa, Elvin, Antoine, Loup, Luther, Arthur, Joseph, Alice, Margot, Abel, C\u00e9line, Guy, Patrick, Elie, Nolan, Solange, Chantal, Alexis, Killyan, John, Jessica, Clara, Nathalie, Pierre, Paulette, Simone, Hameury, Jean-Claude, Marie, Alain, Christine, Nicolas, Maria, Marie-Colette, Joan, Lorenzo, Thomas, Camille, Soyann, Flore, Sasha, Ma\u00eblys, Ethan, Ad\u00e8le, Yoann, Jaja, Hugo, Jules V, L\u00e9o, Lulu, Oc\u00e9ane, Elisa, L\u00e9on, Jules F, M\u00e9lissa, Eywa, Ladig, Kyllian, ainsi que leurs enseignants et animateurs.<\/p>\n<p><strong>Production :<\/strong><br \/>\nMairie de Bourdeilles &amp; Agence culturelle d\u00e9partementale Dordogne-P\u00e9rigord &#8211; 2022<\/p>\n<p>Photos : Eltono<\/p>","protected":false},"excerpt":{"rendered":"<p>Bourdeilles, France Juin 2022 Projet r\u00e9alis\u00e9 en collaboration avec la commune de Bourdeilles et l&#8217;Agence culturelle d\u00e9partementale de Dordogne-P\u00e9rigord. Sur une invitation de l&#8217;Agence culturelle d\u00e9partementale et de la commune de Bourdeilles, j&#8217;ai con\u00e7u une s\u00e9rie de compositions graphiques pour la Grand rue du village. Ce travail a fait l&#8217;objet d&#8217;ateliers participatifs men\u00e9s avec plus &hellip; <a href=\"https:\/\/www.eltono.com\/fr\/projects\/oriflammes\/\" class=\"more-link\">Continue reading <span class=\"screen-reader-text\">Oriflammes<\/span><\/a><\/p>\n","protected":false},"author":1,"featured_media":23286,"parent":5,"menu_order":0,"comment_status":"closed","ping_status":"closed","template":"","meta":{"ngg_post_thumbnail":0,"jetpack_post_was_ever_published":false,"footnotes":""},"categories":[350,334,277,5,262,266,269,272,7],"tags":[],"class_list":["post-23247","page","type-page","status-publish","has-post-thumbnail","hentry","category-350","category-destacados","category-generative","category-interventions","category-page_automatic","category-page_outdoor","category-page_participatif","category-page_project","category-projects"],"jetpack_sharing_enabled":true,"jetpack_shortlink":"https:\/\/wp.me\/P7sWFx-62X","_links":{"self":[{"href":"https:\/\/www.eltono.com\/fr\/wp-json\/wp\/v2\/pages\/23247","targetHints":{"allow":["GET"]}}],"collection":[{"href":"https:\/\/www.eltono.com\/fr\/wp-json\/wp\/v2\/pages"}],"about":[{"href":"https:\/\/www.eltono.com\/fr\/wp-json\/wp\/v2\/types\/page"}],"author":[{"embeddable":true,"href":"https:\/\/www.eltono.com\/fr\/wp-json\/wp\/v2\/users\/1"}],"replies":[{"embeddable":true,"href":"https:\/\/www.eltono.com\/fr\/wp-json\/wp\/v2\/comments?post=23247"}],"version-history":[{"count":17,"href":"https:\/\/www.eltono.com\/fr\/wp-json\/wp\/v2\/pages\/23247\/revisions"}],"predecessor-version":[{"id":23342,"href":"https:\/\/www.eltono.com\/fr\/wp-json\/wp\/v2\/pages\/23247\/revisions\/23342"}],"up":[{"embeddable":true,"href":"https:\/\/www.eltono.com\/fr\/wp-json\/wp\/v2\/pages\/5"}],"wp:featuredmedia":[{"embeddable":true,"href":"https:\/\/www.eltono.com\/fr\/wp-json\/wp\/v2\/media\/23286"}],"wp:attachment":[{"href":"https:\/\/www.eltono.com\/fr\/wp-json\/wp\/v2\/media?parent=23247"}],"wp:term":[{"taxonomy":"category","embeddable":true,"href":"https:\/\/www.eltono.com\/fr\/wp-json\/wp\/v2\/categories?post=23247"},{"taxonomy":"post_tag","embeddable":true,"href":"https:\/\/www.eltono.com\/fr\/wp-json\/wp\/v2\/tags?post=23247"}],"curies":[{"name":"wp","href":"https:\/\/api.w.org\/{rel}","templated":true}]}}