{"id":23347,"date":"2023-10-30T14:40:07","date_gmt":"2023-10-30T13:40:07","guid":{"rendered":"https:\/\/www.eltono.com\/?page_id=23347"},"modified":"2024-08-04T15:55:32","modified_gmt":"2024-08-04T13:55:32","slug":"123couleurs","status":"publish","type":"page","link":"https:\/\/www.eltono.com\/fr\/projects\/123couleurs\/","title":{"rendered":"1, 2, 3, couleurs"},"content":{"rendered":"<p>Palais des Beaux-Arts de Lille, France<br \/>\nOctobre 2023<\/p>\n<p>Dans le cadre de ses actions d\u2019inclusion et de diversification de ses publics, <a href=\"https:\/\/pba.lille.fr\/\" target=\"_blank\" rel=\"noopener noreferrer\"><strong>le Palais des Beaux-Arts de Lille<\/strong><\/a> a ouvert \u00e0 l\u2019automne 2023 un espace gratuit d\u00e9di\u00e9 aux enfants de 0 \u00e0 6 ans au c\u0153ur de son atrium, en partenariat avec le centre d\u2019initiation \u00e0 l\u2019art <strong>Mille Formes de Clermont-Ferrand<\/strong>. L&#8217;id\u00e9e \u00e9tant de faire vivre aux tout-petits une premi\u00e8re exp\u00e9rience artistique multisensorielle autour des formes et des couleurs gr\u00e2ce \u00e0 des \u0153uvres contemporaines.<\/p>\n<p>Aux c\u00f4t\u00e9s de <a href=\"https:\/\/www.claudecomo.com\/\" target=\"_blank\" rel=\"noopener noreferrer\"><strong>Claude Como<\/strong><\/a>, j&#8217;ai \u00e9t\u00e9 invit\u00e9 \u00e0 pr\u00e9senter mon dispositif <a href=\"https:\/\/www.eltono.com\/exhibitions\/collective-shows\/espaces-manipulables\/\" target=\"_blank\" rel=\"noopener noreferrer\"><em><strong>Espaces Manipulables<\/strong><\/em> con\u00e7u en 2022 avec le centre d&#8217;initiation \u00e0 l&#8217;art <strong>Mille Formes<\/strong><\/a>. Additionnellement, j&#8217;ai \u00e9t\u00e9 invit\u00e9 \u00e0 peindre le mur ext\u00e9rieur de l&#8217;espace d&#8217;exposition dans l&#8217;atrium du mus\u00e9e. J&#8217;y ai ex\u00e9cut\u00e9 la peinture g\u00e9n\u00e9rative <strong><em>Modo<\/em> n.\u00b055<\/strong> en sept jours.<\/p>\n<p><strong><em>Modo<\/em> n.\u00b055<\/strong>, peinture murale g\u00e9n\u00e9rative :<\/p>\n<p>ngg_shortcode_0_placeholder<em><strong>Espaces Manipulables<\/strong><\/em>, installation :<\/p>\n<p>ngg_shortcode_1_placeholder<em><strong>1, 2, 3 couleurs<\/strong><\/em> est un projet imagin\u00e9 et port\u00e9 par le service M\u00e9diation et implication des publics du <strong>Palais des Beaux-Arts de Lille \/ Ville de Lille<\/strong>. Il a b\u00e9n\u00e9fici\u00e9 du m\u00e9c\u00e9nat <strong>Rigolo Comme La Vie<\/strong> en collaboration avec le fonds de dotation <strong>We Act for kids Fond&#8217;actions<\/strong> et du m\u00e9c\u00e9nat en nature d&#8217;<strong>Unikalo<\/strong>.<\/p>\n<p>Photos : Eltono<\/p>","protected":false},"excerpt":{"rendered":"<p>Palais des Beaux-Arts de Lille, France Octobre 2023 Dans le cadre de ses actions d\u2019inclusion et de diversification de ses publics, le Palais des Beaux-Arts de Lille a ouvert \u00e0 l\u2019automne 2023 un espace gratuit d\u00e9di\u00e9 aux enfants de 0 \u00e0 6 ans au c\u0153ur de son atrium, en partenariat avec le centre d\u2019initiation \u00e0 &hellip; <a href=\"https:\/\/www.eltono.com\/fr\/projects\/123couleurs\/\" class=\"more-link\">Continue reading <span class=\"screen-reader-text\">1, 2, 3, couleurs<\/span><\/a><\/p>\n","protected":false},"author":1,"featured_media":23434,"parent":5,"menu_order":0,"comment_status":"closed","ping_status":"closed","template":"","meta":{"ngg_post_thumbnail":0,"jetpack_post_was_ever_published":false,"footnotes":""},"categories":[354,334,3,277,262,270,261,265,272,7,306],"tags":[],"class_list":["post-23347","page","type-page","status-publish","has-post-thumbnail","hentry","category-354","category-destacados","category-exhibitions","category-generative","category-page_automatic","category-page_collective_show","category-page_expo","category-page_indoor","category-page_project","category-projects","category-_actu"],"jetpack_sharing_enabled":true,"jetpack_shortlink":"https:\/\/wp.me\/P7sWFx-64z","_links":{"self":[{"href":"https:\/\/www.eltono.com\/fr\/wp-json\/wp\/v2\/pages\/23347","targetHints":{"allow":["GET"]}}],"collection":[{"href":"https:\/\/www.eltono.com\/fr\/wp-json\/wp\/v2\/pages"}],"about":[{"href":"https:\/\/www.eltono.com\/fr\/wp-json\/wp\/v2\/types\/page"}],"author":[{"embeddable":true,"href":"https:\/\/www.eltono.com\/fr\/wp-json\/wp\/v2\/users\/1"}],"replies":[{"embeddable":true,"href":"https:\/\/www.eltono.com\/fr\/wp-json\/wp\/v2\/comments?post=23347"}],"version-history":[{"count":24,"href":"https:\/\/www.eltono.com\/fr\/wp-json\/wp\/v2\/pages\/23347\/revisions"}],"predecessor-version":[{"id":23439,"href":"https:\/\/www.eltono.com\/fr\/wp-json\/wp\/v2\/pages\/23347\/revisions\/23439"}],"up":[{"embeddable":true,"href":"https:\/\/www.eltono.com\/fr\/wp-json\/wp\/v2\/pages\/5"}],"wp:featuredmedia":[{"embeddable":true,"href":"https:\/\/www.eltono.com\/fr\/wp-json\/wp\/v2\/media\/23434"}],"wp:attachment":[{"href":"https:\/\/www.eltono.com\/fr\/wp-json\/wp\/v2\/media?parent=23347"}],"wp:term":[{"taxonomy":"category","embeddable":true,"href":"https:\/\/www.eltono.com\/fr\/wp-json\/wp\/v2\/categories?post=23347"},{"taxonomy":"post_tag","embeddable":true,"href":"https:\/\/www.eltono.com\/fr\/wp-json\/wp\/v2\/tags?post=23347"}],"curies":[{"name":"wp","href":"https:\/\/api.w.org\/{rel}","templated":true}]}}