{"id":23474,"date":"2023-11-23T15:40:33","date_gmt":"2023-11-23T14:40:33","guid":{"rendered":"https:\/\/www.eltono.com\/?page_id=23474"},"modified":"2024-10-02T12:10:53","modified_gmt":"2024-10-02T10:10:53","slug":"varsi-residency","status":"publish","type":"page","link":"https:\/\/www.eltono.com\/fr\/projects\/varsi-residency\/","title":{"rendered":"Residence chez Varsi"},"content":{"rendered":"<p>Varsi Art Lab, Rome, Italie<br \/>\nJuin 2023<\/p>\n<p>Pendant les deux semaines de la r\u00e9sidence, avec le soutien de 56Fili, j&#8217;ai eu l&#8217;opportunit\u00e9 d\u2019exp\u00e9rimenter autour de la s\u00e9rigraphie, perturbant ses usages conventionnels et l&#8217;utilisant comme une extension de ma recherche artistique et esth\u00e9tique.<\/p>\n<p>La m\u00e9thodologie appliqu\u00e9e \u00e0 mes projets d&#8217;art g\u00e9n\u00e9ratif (Modo, Eltonolab, etc.) a \u00e9t\u00e9 mise en \u0153uvre dans les productions de la r\u00e9sidence. Dans un subtil \u00e9quilibre entre r\u00e8gles et hasard, une nouvelle collection d&#8217;\u0153uvres s\u00e9rigraphiques a \u00e9merg\u00e9, rompant avec les normes habituelles des s\u00e9ries au profit de l&#8217;unicit\u00e9.<\/p>\n<p>J&#8217;ai cr\u00e9\u00e9 trois nouvelles collections :<\/p>\n<ul>\n<li><em><strong>Strappato<\/strong><\/em>, un travail de superposition de papiers s\u00e9rigraphi\u00e9s d\u00e9chir\u00e9s, s\u00e9rie de 8 pi\u00e8ces uniques de 126 x 77 cm, num\u00e9rot\u00e9es maroufl\u00e9es sur bois et 2 AP sur papier.<\/li>\n<li><em><strong>Otto<\/strong><\/em>, s\u00e9rie de 8 pi\u00e8ces uniques de 100 x 70 cm num\u00e9rot\u00e9es et 8 AP.<\/li>\n<li><strong>Magari<\/strong>, s\u00e9rie de 25 pi\u00e8ces uniques de 70 x 50 cm et 11 AP.<\/li>\n<\/ul>\n<h4>Les oeuvres sont disponibles ici : <a href=\"https:\/\/galleriavarsi.it\/artists\/eltono\/\" target=\"_blank\" rel=\"noopener noreferrer\">galleriavarsi.it\/artists\/eltono<\/a><\/h4>\n<h3><em>Strappato<\/em> :<\/h3>\nngg_shortcode_0_placeholder\n<h3><em>Otto<\/em> :<\/h3>\nngg_shortcode_1_placeholder\n<h3><em>Magari<\/em> :<\/h3>\n<p>ngg_shortcode_2_placeholderPhotos : Ornella Mercier (<a href=\"https:\/\/www.instagram.com\/ornella.mercier\/\" target=\"_blank\" rel=\"noopener noreferrer\">@ornella.mercier<\/a>)<\/p>\n<p><iframe loading=\"lazy\" title=\"YouTube video player\" src=\"https:\/\/www.youtube.com\/embed\/5pwZlWJ_t3w?si=c-cfROh_9THY_GTD\" width=\"560\" height=\"315\" frameborder=\"0\" allowfullscreen=\"allowfullscreen\"><\/iframe><\/p>","protected":false},"excerpt":{"rendered":"<p>Varsi Art Lab, Rome, Italie Juin 2023 Pendant les deux semaines de la r\u00e9sidence, avec le soutien de 56Fili, j&#8217;ai eu l&#8217;opportunit\u00e9 d\u2019exp\u00e9rimenter autour de la s\u00e9rigraphie, perturbant ses usages conventionnels et l&#8217;utilisant comme une extension de ma recherche artistique et esth\u00e9tique. La m\u00e9thodologie appliqu\u00e9e \u00e0 mes projets d&#8217;art g\u00e9n\u00e9ratif (Modo, Eltonolab, etc.) a \u00e9t\u00e9 &hellip; <a href=\"https:\/\/www.eltono.com\/fr\/projects\/varsi-residency\/\" class=\"more-link\">Continue reading <span class=\"screen-reader-text\">Residence chez Varsi<\/span><\/a><\/p>\n","protected":false},"author":1,"featured_media":24037,"parent":5,"menu_order":0,"comment_status":"closed","ping_status":"closed","template":"","meta":{"ngg_post_thumbnail":0,"jetpack_post_was_ever_published":false,"footnotes":""},"categories":[354,334,277,265,272,7,357,306],"tags":[],"class_list":["post-23474","page","type-page","status-publish","has-post-thumbnail","hentry","category-354","category-destacados","category-generative","category-page_indoor","category-page_project","category-projects","category-residency","category-_actu"],"jetpack_sharing_enabled":true,"jetpack_shortlink":"https:\/\/wp.me\/P7sWFx-66C","_links":{"self":[{"href":"https:\/\/www.eltono.com\/fr\/wp-json\/wp\/v2\/pages\/23474","targetHints":{"allow":["GET"]}}],"collection":[{"href":"https:\/\/www.eltono.com\/fr\/wp-json\/wp\/v2\/pages"}],"about":[{"href":"https:\/\/www.eltono.com\/fr\/wp-json\/wp\/v2\/types\/page"}],"author":[{"embeddable":true,"href":"https:\/\/www.eltono.com\/fr\/wp-json\/wp\/v2\/users\/1"}],"replies":[{"embeddable":true,"href":"https:\/\/www.eltono.com\/fr\/wp-json\/wp\/v2\/comments?post=23474"}],"version-history":[{"count":24,"href":"https:\/\/www.eltono.com\/fr\/wp-json\/wp\/v2\/pages\/23474\/revisions"}],"predecessor-version":[{"id":24035,"href":"https:\/\/www.eltono.com\/fr\/wp-json\/wp\/v2\/pages\/23474\/revisions\/24035"}],"up":[{"embeddable":true,"href":"https:\/\/www.eltono.com\/fr\/wp-json\/wp\/v2\/pages\/5"}],"wp:featuredmedia":[{"embeddable":true,"href":"https:\/\/www.eltono.com\/fr\/wp-json\/wp\/v2\/media\/24037"}],"wp:attachment":[{"href":"https:\/\/www.eltono.com\/fr\/wp-json\/wp\/v2\/media?parent=23474"}],"wp:term":[{"taxonomy":"category","embeddable":true,"href":"https:\/\/www.eltono.com\/fr\/wp-json\/wp\/v2\/categories?post=23474"},{"taxonomy":"post_tag","embeddable":true,"href":"https:\/\/www.eltono.com\/fr\/wp-json\/wp\/v2\/tags?post=23474"}],"curies":[{"name":"wp","href":"https:\/\/api.w.org\/{rel}","templated":true}]}}