{"id":23556,"date":"2023-11-24T09:49:10","date_gmt":"2023-11-24T08:49:10","guid":{"rendered":"https:\/\/www.eltono.com\/?page_id=23556"},"modified":"2025-02-04T10:55:29","modified_gmt":"2025-02-04T09:55:29","slug":"eqvilibrivm","status":"publish","type":"page","link":"https:\/\/www.eltono.com\/fr\/eqvilibrivm\/","title":{"rendered":"EQVILIBRIVM"},"content":{"rendered":"<p><em><strong>DMA, Dessins M\u00e9caniques Al\u00e9atoires<\/strong><\/em><\/p>\n<p><mark>En vente sur la boutique ici :<br \/>\n\u2192 <a href=\"https:\/\/www.eltono.com\/boutique\/product-category\/dma\/eq\/\" target=\"_blank\" rel=\"noopener noreferrer\">www.eltono.com\/boutique\/product-category\/dma\/eq<\/a><\/mark><\/p>\n<p>Encre d&#8217;archivage sur impression gicl\u00e9e. Papier Canson Montval 300g sans acide.<\/p>\n<p>Les dessins <strong>DMA_eq<\/strong> sont g\u00e9n\u00e9r\u00e9s de mani\u00e8re al\u00e9atoire selon le protocole <strong>RG_eq<\/strong>. Pour cr\u00e9er les dessins, j&#8217;utilise deux machines : un traceur grand format et une CNC. Le protocole fonctionne de la mani\u00e8re suivante :<\/p>\n<p>\u2013 Un script P5JS g\u00e9n\u00e8re un d\u00e9grad\u00e9 al\u00e9atoire utilisant 2, 3 ou 4 couleurs.<br \/>\n\u2013 Un deuxi\u00e8me script P5JS cr\u00e9e une grille dynamique\/irr\u00e9guli\u00e8re et remplit chaque case avec une forme g\u00e9om\u00e9trique. Pour chaque forme, la position, la rotation et le hachurage sont choisis au hasard. J&#8217;utilise 6 types de hachure diff\u00e9rents : 0\u00b0, 90\u00b0, 45\u00b0, -45\u00b0, crois\u00e9 0\/90\u00b0 et crois\u00e9 45\/-45\u00b0.<br \/>\n\u2013 Dans Inkscape, le d\u00e9grad\u00e9 est d\u00e9coup\u00e9 dans le fond de chacune des formes.<br \/>\n\u2013 Le d\u00e9grad\u00e9 d\u00e9coup\u00e9 est imprim\u00e9 avec le traceur.<br \/>\n\u2013 Selon la taille du dessin, le hachurage est envoy\u00e9 soit \u00e0 l&#8217;Axidraw, soit \u00e0 la CNC et trac\u00e9 avec un feutre sur le d\u00e9grad\u00e9.<\/p>\n<p>Les dessins existent en plusieurs dimensions : <mark><a href=\"https:\/\/www.eltono.com\/boutique\/product-category\/dma\/s\/\">16&#215;24<\/a><\/mark> cm, <mark><a href=\"https:\/\/www.eltono.com\/boutique\/product-category\/dma\/l\/\">33&#215;50<\/a><\/mark> cm y <mark><a href=\"https:\/\/www.eltono.com\/boutique\/product-category\/dma\/xl-dma\/\">40&#215;65<\/a><\/mark> cm (6.3&#215;9.4 pouces, 13&#215;19.6 pouces et 15.7&#215;25.6 pouces).<\/p>\n<h3>La colection <em><strong>EQVILIBRIVM<\/strong> <\/em>sera disponible \u00e0 partir du 30 novembre 2023 \u00e0 20h00 (heure de Paris) ici : <mark><a href=\"https:\/\/www.eltono.com\/boutique\/product-category\/dma\/eq\/\" target=\"_blank\" rel=\"noopener noreferrer\">www.eltono.com\/boutique\/<\/a><\/mark><\/h3>\n<p>Photos du processus :<\/p>\n<p>ngg_shortcode_0_placeholderVideo par Romain Baudry:<\/p>\n<p><iframe loading=\"lazy\" title=\"YouTube video player\" src=\"https:\/\/www.youtube.com\/embed\/g-1hBnhg1Qo?si=u2-8ff-3_cbGhE2K\" width=\"560\" height=\"315\" frameborder=\"0\" allowfullscreen=\"allowfullscreen\"><\/iframe><\/p>\n<p>Un grand merci \u00e0 <strong>Romain Baudry<\/strong> pour la vid\u00e9o et \u00e0 la famille <strong>Carton<\/strong> pour le plotter!<\/p>","protected":false},"excerpt":{"rendered":"<p>DMA, Dessins M\u00e9caniques Al\u00e9atoires En vente sur la boutique ici : \u2192 www.eltono.com\/boutique\/product-category\/dma\/eq Encre d&#8217;archivage sur impression gicl\u00e9e. Papier Canson Montval 300g sans acide. Les dessins DMA_eq sont g\u00e9n\u00e9r\u00e9s de mani\u00e8re al\u00e9atoire selon le protocole RG_eq. Pour cr\u00e9er les dessins, j&#8217;utilise deux machines : un traceur grand format et une CNC. Le protocole fonctionne de &hellip; <a href=\"https:\/\/www.eltono.com\/fr\/eqvilibrivm\/\" class=\"more-link\">Continue reading <span class=\"screen-reader-text\">EQVILIBRIVM<\/span><\/a><\/p>\n","protected":false},"author":1,"featured_media":23573,"parent":0,"menu_order":0,"comment_status":"closed","ping_status":"closed","template":"","meta":{"ngg_post_thumbnail":0,"jetpack_post_was_ever_published":false,"footnotes":""},"categories":[354,277,272,8],"tags":[],"class_list":["post-23556","page","type-page","status-publish","has-post-thumbnail","hentry","category-354","category-generative","category-page_project","category-shop"],"jetpack_sharing_enabled":true,"jetpack_shortlink":"https:\/\/wp.me\/P7sWFx-67W","_links":{"self":[{"href":"https:\/\/www.eltono.com\/fr\/wp-json\/wp\/v2\/pages\/23556","targetHints":{"allow":["GET"]}}],"collection":[{"href":"https:\/\/www.eltono.com\/fr\/wp-json\/wp\/v2\/pages"}],"about":[{"href":"https:\/\/www.eltono.com\/fr\/wp-json\/wp\/v2\/types\/page"}],"author":[{"embeddable":true,"href":"https:\/\/www.eltono.com\/fr\/wp-json\/wp\/v2\/users\/1"}],"replies":[{"embeddable":true,"href":"https:\/\/www.eltono.com\/fr\/wp-json\/wp\/v2\/comments?post=23556"}],"version-history":[{"count":20,"href":"https:\/\/www.eltono.com\/fr\/wp-json\/wp\/v2\/pages\/23556\/revisions"}],"predecessor-version":[{"id":23751,"href":"https:\/\/www.eltono.com\/fr\/wp-json\/wp\/v2\/pages\/23556\/revisions\/23751"}],"wp:featuredmedia":[{"embeddable":true,"href":"https:\/\/www.eltono.com\/fr\/wp-json\/wp\/v2\/media\/23573"}],"wp:attachment":[{"href":"https:\/\/www.eltono.com\/fr\/wp-json\/wp\/v2\/media?parent=23556"}],"wp:term":[{"taxonomy":"category","embeddable":true,"href":"https:\/\/www.eltono.com\/fr\/wp-json\/wp\/v2\/categories?post=23556"},{"taxonomy":"post_tag","embeddable":true,"href":"https:\/\/www.eltono.com\/fr\/wp-json\/wp\/v2\/tags?post=23556"}],"curies":[{"name":"wp","href":"https:\/\/api.w.org\/{rel}","templated":true}]}}