{"id":23821,"date":"2024-05-29T19:33:44","date_gmt":"2024-05-29T17:33:44","guid":{"rendered":"https:\/\/www.eltono.com\/?page_id=23821"},"modified":"2024-06-02T20:31:30","modified_gmt":"2024-06-02T18:31:30","slug":"modo56-csb29i","status":"publish","type":"page","link":"https:\/\/www.eltono.com\/fr\/murals\/modo56-csb29i\/","title":{"rendered":"Modo n.\u00ba56 &#8211; CSB n.\u00ba29(i)"},"content":{"rendered":"<p><strong>Peinture murale g\u00e9n\u00e9rative et participative Modo n.\u00ba56<br \/>\nEt composition sur b\u00e2timent (int\u00e9rieur) CSB n.\u00ba29<br \/>\n<\/strong>Coll\u00e8ge \u00c9variste Gallois, Montauban de Bretagne, France<br \/>\nF\u00e9vrier et mai 2024<\/p>\n<p>Projet commissionn\u00e9 et organis\u00e9 par <a href=\"https:\/\/www.teenagekicks.org\" target=\"_blank\" rel=\"noopener noreferrer\">Teenage Kicks<\/a> avec le d\u00e9partement d&#8217;Ille-et-Vilaine.<\/p>\n<p><img decoding=\"async\" class=\"ngg-singlepic ngg-none\" src=\"https:\/\/www.eltono.com\/wp-content\/gallery\/csb29\/Eltono_CSB29i_08.jpg\" alt=\"Eltono_CSB29i_08\"><\/p>\n<p><img decoding=\"async\" class=\"ngg-singlepic ngg-none\" src=\"https:\/\/www.eltono.com\/wp-content\/gallery\/modo56\/Eltono-Modo56-30.jpg\" alt=\"Eltono-Modo56-30\"><\/p>\n<p><strong>Premi\u00e8re phase avec 170 participants, f\u00e9vrier 2024 :<\/strong><\/p>\n<ul>\n<li style=\"list-style-type: none;\">\n<ul>\n<li>D\u00e9ambulation dans le coll\u00e8ge et recueil de formes g\u00e9om\u00e9triques dans l&#8217;architecture des b\u00e2timents.<\/li>\n<li>Travail sur l&#8217;art g\u00e9n\u00e9ratif, \u00e9laboration du protocole et atelier de programmation avec Scratch.<\/li>\n<li>Peinture g\u00e9n\u00e9rative Modo n.\u00ba56 dans le couloir des Arts Plastiques.<\/li>\n<\/ul>\n<\/li>\n<\/ul>\n<p>Processus :<\/p>\n<p>ngg_shortcode_0_placeholderMur fini :<\/p>\n<p>ngg_shortcode_1_placeholder<br \/>\n<strong>Deuxi\u00e8me phase, mai 2024 :<br \/>\n<\/strong><br \/>\nComposition murale CSB n.\u00ba29(i) \u00e9labor\u00e9e avec les formes g\u00e9om\u00e9triques s\u00e9lectionn\u00e9es par les participants.<\/p>\nngg_shortcode_2_placeholder\n<p>Un grand merci \u00e0 Mathias, Am\u00e9lie, \u00c9rine, Claire et tous les \u00e9l\u00e8ves de 4e.<\/p>\n<p>&nbsp;<\/p>","protected":false},"excerpt":{"rendered":"<p>Peinture murale g\u00e9n\u00e9rative et participative Modo n.\u00ba56 Et composition sur b\u00e2timent (int\u00e9rieur) CSB n.\u00ba29 Coll\u00e8ge \u00c9variste Gallois, Montauban de Bretagne, France F\u00e9vrier et mai 2024 Projet commissionn\u00e9 et organis\u00e9 par Teenage Kicks avec le d\u00e9partement d&#8217;Ille-et-Vilaine. Premi\u00e8re phase avec 170 participants, f\u00e9vrier 2024 : D\u00e9ambulation dans le coll\u00e8ge et recueil de formes g\u00e9om\u00e9triques dans l&#8217;architecture &hellip; <a href=\"https:\/\/www.eltono.com\/fr\/murals\/modo56-csb29i\/\" class=\"more-link\">Continue reading <span class=\"screen-reader-text\">Modo n.\u00ba56 &#8211; CSB n.\u00ba29(i)<\/span><\/a><\/p>\n","protected":false},"author":1,"featured_media":23925,"parent":13155,"menu_order":0,"comment_status":"closed","ping_status":"closed","template":"","meta":{"ngg_post_thumbnail":0,"jetpack_post_was_ever_published":false,"footnotes":""},"categories":[362,349,334,277,345,112,262,265,260,269],"tags":[],"class_list":["post-23821","page","type-page","status-publish","has-post-thumbnail","hentry","category-362","category-csb","category-destacados","category-generative","category-modo","category-mural","category-page_automatic","category-page_indoor","category-page_mural","category-page_participatif"],"jetpack_sharing_enabled":true,"jetpack_shortlink":"https:\/\/wp.me\/P7sWFx-6cd","_links":{"self":[{"href":"https:\/\/www.eltono.com\/fr\/wp-json\/wp\/v2\/pages\/23821","targetHints":{"allow":["GET"]}}],"collection":[{"href":"https:\/\/www.eltono.com\/fr\/wp-json\/wp\/v2\/pages"}],"about":[{"href":"https:\/\/www.eltono.com\/fr\/wp-json\/wp\/v2\/types\/page"}],"author":[{"embeddable":true,"href":"https:\/\/www.eltono.com\/fr\/wp-json\/wp\/v2\/users\/1"}],"replies":[{"embeddable":true,"href":"https:\/\/www.eltono.com\/fr\/wp-json\/wp\/v2\/comments?post=23821"}],"version-history":[{"count":20,"href":"https:\/\/www.eltono.com\/fr\/wp-json\/wp\/v2\/pages\/23821\/revisions"}],"predecessor-version":[{"id":23933,"href":"https:\/\/www.eltono.com\/fr\/wp-json\/wp\/v2\/pages\/23821\/revisions\/23933"}],"up":[{"embeddable":true,"href":"https:\/\/www.eltono.com\/fr\/wp-json\/wp\/v2\/pages\/13155"}],"wp:featuredmedia":[{"embeddable":true,"href":"https:\/\/www.eltono.com\/fr\/wp-json\/wp\/v2\/media\/23925"}],"wp:attachment":[{"href":"https:\/\/www.eltono.com\/fr\/wp-json\/wp\/v2\/media?parent=23821"}],"wp:term":[{"taxonomy":"category","embeddable":true,"href":"https:\/\/www.eltono.com\/fr\/wp-json\/wp\/v2\/categories?post=23821"},{"taxonomy":"post_tag","embeddable":true,"href":"https:\/\/www.eltono.com\/fr\/wp-json\/wp\/v2\/tags?post=23821"}],"curies":[{"name":"wp","href":"https:\/\/api.w.org\/{rel}","templated":true}]}}