{"id":23938,"date":"2024-08-04T15:49:00","date_gmt":"2024-08-04T13:49:00","guid":{"rendered":"https:\/\/www.eltono.com\/?page_id=23938"},"modified":"2025-10-20T09:56:10","modified_gmt":"2025-10-20T07:56:10","slug":"modo59","status":"publish","type":"page","link":"https:\/\/www.eltono.com\/fr\/murals\/modo59\/","title":{"rendered":"Modo n.\u00ba59"},"content":{"rendered":"<p><strong>Peinture g\u00e9n\u00e9rative<\/strong><br \/>\nSkatepark de Meudon, France<br \/>\nJuillet 2024<\/p>\n<p>Projet commandit\u00e9 par le <a href=\"https:\/\/hangar-y.com\/\" target=\"_blank\" rel=\"noopener noreferrer\">Hangar Y<\/a> faisant partie de la programmation \u00ab TOUS EN PISTES ! \u00bb \u00e0 l\u2019occasion de l\u2019Olympiade culturelle. Projet soutenu par la ville de Meudon, <a href=\"https:\/\/lametropolitaine.metropolegrandparis.fr\/fr\/tous-en-pistes\" target=\"_blank\" rel=\"noopener noreferrer\">La M\u00e9tropolitaine<\/a>, en collaboration avec le <a href=\"https:\/\/tram-idf.fr\/\" target=\"_blank\" rel=\"noopener noreferrer\">R\u00e9seau TRAM<\/a> et avec le soutien des Amis du Hangar Y. Vingt jeunes ont particip\u00e9 au projet gr\u00e2ce \u00e0 la complicit\u00e9 des centres de loisirs de Meudon-la-For\u00eat.<\/p>\n<p>Merci \u00e0 l&#8217;association <a href=\"https:\/\/paris-skate-culture.org\/\" target=\"_blank\" rel=\"noopener noreferrer\">Paris Skate Culture<\/a> pour la d\u00e9mo le jour de l&#8217;inauguration et aux employ\u00e9s municipaux pour la logistique durant le chantier.<\/p>\n<p>ngg_shortcode_0_placeholderMerci \u00e0 Pierre-Loup, \u00e0 Martin, Virginie, Jean-Michel Crovesi, Grazia et toute l&#8217;\u00e9quipe du Hangar Y et \u00e0 l&#8217;\u00e9quipe municipale de Meudon.<\/p>\n<p>&nbsp;<\/p>","protected":false},"excerpt":{"rendered":"<p>Peinture g\u00e9n\u00e9rative Skatepark de Meudon, France Juillet 2024 Projet commandit\u00e9 par le Hangar Y faisant partie de la programmation \u00ab TOUS EN PISTES ! \u00bb \u00e0 l\u2019occasion de l\u2019Olympiade culturelle. Projet soutenu par la ville de Meudon, La M\u00e9tropolitaine, en collaboration avec le R\u00e9seau TRAM et avec le soutien des Amis du Hangar Y. Vingt &hellip; <a href=\"https:\/\/www.eltono.com\/fr\/murals\/modo59\/\" class=\"more-link\">Continue reading <span class=\"screen-reader-text\">Modo n.\u00ba59<\/span><\/a><\/p>\n","protected":false},"author":1,"featured_media":24032,"parent":13155,"menu_order":0,"comment_status":"closed","ping_status":"closed","template":"","meta":{"ngg_post_thumbnail":0,"jetpack_post_was_ever_published":false,"footnotes":""},"categories":[362,334,277,345,112,262,260,266,269,272,306],"tags":[],"class_list":["post-23938","page","type-page","status-publish","has-post-thumbnail","hentry","category-362","category-destacados","category-generative","category-modo","category-mural","category-page_automatic","category-page_mural","category-page_outdoor","category-page_participatif","category-page_project","category-_actu"],"jetpack_sharing_enabled":true,"jetpack_shortlink":"https:\/\/wp.me\/P7sWFx-6e6","_links":{"self":[{"href":"https:\/\/www.eltono.com\/fr\/wp-json\/wp\/v2\/pages\/23938","targetHints":{"allow":["GET"]}}],"collection":[{"href":"https:\/\/www.eltono.com\/fr\/wp-json\/wp\/v2\/pages"}],"about":[{"href":"https:\/\/www.eltono.com\/fr\/wp-json\/wp\/v2\/types\/page"}],"author":[{"embeddable":true,"href":"https:\/\/www.eltono.com\/fr\/wp-json\/wp\/v2\/users\/1"}],"replies":[{"embeddable":true,"href":"https:\/\/www.eltono.com\/fr\/wp-json\/wp\/v2\/comments?post=23938"}],"version-history":[{"count":14,"href":"https:\/\/www.eltono.com\/fr\/wp-json\/wp\/v2\/pages\/23938\/revisions"}],"predecessor-version":[{"id":24218,"href":"https:\/\/www.eltono.com\/fr\/wp-json\/wp\/v2\/pages\/23938\/revisions\/24218"}],"up":[{"embeddable":true,"href":"https:\/\/www.eltono.com\/fr\/wp-json\/wp\/v2\/pages\/13155"}],"wp:featuredmedia":[{"embeddable":true,"href":"https:\/\/www.eltono.com\/fr\/wp-json\/wp\/v2\/media\/24032"}],"wp:attachment":[{"href":"https:\/\/www.eltono.com\/fr\/wp-json\/wp\/v2\/media?parent=23938"}],"wp:term":[{"taxonomy":"category","embeddable":true,"href":"https:\/\/www.eltono.com\/fr\/wp-json\/wp\/v2\/categories?post=23938"},{"taxonomy":"post_tag","embeddable":true,"href":"https:\/\/www.eltono.com\/fr\/wp-json\/wp\/v2\/tags?post=23938"}],"curies":[{"name":"wp","href":"https:\/\/api.w.org\/{rel}","templated":true}]}}