{"id":24038,"date":"2024-10-02T14:02:50","date_gmt":"2024-10-02T12:02:50","guid":{"rendered":"https:\/\/www.eltono.com\/?page_id=24038"},"modified":"2025-09-11T09:38:20","modified_gmt":"2025-09-11T07:38:20","slug":"courir-avec-des-cailloux","status":"publish","type":"page","link":"https:\/\/www.eltono.com\/fr\/projects\/courir-avec-des-cailloux\/","title":{"rendered":"Courir avec des cailloux"},"content":{"rendered":"<p><strong>R\u00e9sidence<\/strong><br \/>\nMoulinage de Chirols, France<br \/>\nJuillet 2024<\/p>\n<p>Exp\u00e9rimentation de gravure avec cailloux et mouvement pendant la r\u00e9sidence artistique <em><strong>Encrages<\/strong><\/em>.<\/p>\n<p><em>Courir avec des cailloux<\/em> est une exp\u00e9rimentation inscrite dans une s\u00e9rie de recherches autour de la cr\u00e9ation par le mouvement \u2014 un concept o\u00f9 le corps de l\u2019artiste et ses turbulences deviennent un moteur \u00e0 la fois d\u00e9terminant et incontr\u00f4l\u00e9 du processus cr\u00e9atif.<\/p>\n<p>Une matrice r\u00e9ceptrice est d\u00e9pos\u00e9e au fond d\u2019une bo\u00eete en bois transform\u00e9e en sac \u00e0 dos. Divers cailloux de tailles et de poids diff\u00e9rents sont d\u00e9pos\u00e9s \u00e0 l&#8217;int\u00e9rieur. La bo\u00eete est referm\u00e9e, install\u00e9e sur le dos de l\u2019artiste, qui part courir pour une dur\u00e9e d\u00e9termin\u00e9e. Les secousses de la course agitent les cailloux qui viennent percuter la surface de la matrice.<\/p>\n<p>De retour \u00e0 l\u2019atelier, la bo\u00eete est ouverte et la matrice extraite des cailloux. Les donn\u00e9es propres \u00e0 chaque course (lieu, date, dur\u00e9e et distance parcourue) sont not\u00e9es au verso. Confi\u00e9e ensuite au graveur, la matrice est encr\u00e9e et imprim\u00e9e en six exemplaires sur papier. Chaque gravure est enfin num\u00e9rot\u00e9e et sign\u00e9e par l\u2019artiste.<\/p>\n<p><iframe loading=\"lazy\" title=\"YouTube video player\" src=\"https:\/\/www.youtube.com\/embed\/vCMUhWi6KMU?si=EsyQcc4w8Q6nbME3\" width=\"698\" height=\"392\" frameborder=\"0\" allowfullscreen=\"allowfullscreen\"><\/iframe><\/p>\nngg_shortcode_0_placeholder\n<p>Images vid\u00e9o par Nelio.<br \/>\nMerci \u00e0 Nelio, La\u00efla, Ben et tout le monde au Moulinage de Chirols.<\/p>","protected":false},"excerpt":{"rendered":"<p>R\u00e9sidence Moulinage de Chirols, France Juillet 2024 Exp\u00e9rimentation de gravure avec cailloux et mouvement pendant la r\u00e9sidence artistique Encrages. Courir avec des cailloux est une exp\u00e9rimentation inscrite dans une s\u00e9rie de recherches autour de la cr\u00e9ation par le mouvement \u2014 un concept o\u00f9 le corps de l\u2019artiste et ses turbulences deviennent un moteur \u00e0 la &hellip; <a href=\"https:\/\/www.eltono.com\/fr\/projects\/courir-avec-des-cailloux\/\" class=\"more-link\">Continue reading <span class=\"screen-reader-text\">Courir avec des cailloux<\/span><\/a><\/p>\n","protected":false},"author":1,"featured_media":24039,"parent":5,"menu_order":0,"comment_status":"closed","ping_status":"closed","template":"","meta":{"ngg_post_thumbnail":0,"jetpack_post_was_ever_published":false,"footnotes":""},"categories":[362,273,266,272,7,357,306],"tags":[],"class_list":["post-24038","page","type-page","status-publish","has-post-thumbnail","hentry","category-362","category-page_artworks","category-page_outdoor","category-page_project","category-projects","category-residency","category-_actu"],"jetpack_sharing_enabled":true,"jetpack_shortlink":"https:\/\/wp.me\/P7sWFx-6fI","_links":{"self":[{"href":"https:\/\/www.eltono.com\/fr\/wp-json\/wp\/v2\/pages\/24038","targetHints":{"allow":["GET"]}}],"collection":[{"href":"https:\/\/www.eltono.com\/fr\/wp-json\/wp\/v2\/pages"}],"about":[{"href":"https:\/\/www.eltono.com\/fr\/wp-json\/wp\/v2\/types\/page"}],"author":[{"embeddable":true,"href":"https:\/\/www.eltono.com\/fr\/wp-json\/wp\/v2\/users\/1"}],"replies":[{"embeddable":true,"href":"https:\/\/www.eltono.com\/fr\/wp-json\/wp\/v2\/comments?post=24038"}],"version-history":[{"count":8,"href":"https:\/\/www.eltono.com\/fr\/wp-json\/wp\/v2\/pages\/24038\/revisions"}],"predecessor-version":[{"id":24310,"href":"https:\/\/www.eltono.com\/fr\/wp-json\/wp\/v2\/pages\/24038\/revisions\/24310"}],"up":[{"embeddable":true,"href":"https:\/\/www.eltono.com\/fr\/wp-json\/wp\/v2\/pages\/5"}],"wp:featuredmedia":[{"embeddable":true,"href":"https:\/\/www.eltono.com\/fr\/wp-json\/wp\/v2\/media\/24039"}],"wp:attachment":[{"href":"https:\/\/www.eltono.com\/fr\/wp-json\/wp\/v2\/media?parent=24038"}],"wp:term":[{"taxonomy":"category","embeddable":true,"href":"https:\/\/www.eltono.com\/fr\/wp-json\/wp\/v2\/categories?post=24038"},{"taxonomy":"post_tag","embeddable":true,"href":"https:\/\/www.eltono.com\/fr\/wp-json\/wp\/v2\/tags?post=24038"}],"curies":[{"name":"wp","href":"https:\/\/api.w.org\/{rel}","templated":true}]}}