{"id":24068,"date":"2024-10-04T14:04:49","date_gmt":"2024-10-04T12:04:49","guid":{"rendered":"https:\/\/www.eltono.com\/?page_id=24068"},"modified":"2024-10-05T14:35:35","modified_gmt":"2024-10-05T12:35:35","slug":"portraits-de-promenades","status":"publish","type":"page","link":"https:\/\/www.eltono.com\/fr\/projects\/portraits-de-promenades\/","title":{"rendered":"Portraits de promenades"},"content":{"rendered":"<p><strong>Projet en cours<\/strong><br \/>\nBelv\u00e8s (P\u00e9rigord Noir), France, D\u00e9cembre 2023<br \/>\nP\u00e9cut (Creuse), France, janvier 2024<br \/>\nChirols (Ard\u00e8che), France, juillet 2024<\/p>\n<p>Travail expos\u00e9 pour la premi\u00e8re fois \u00e0 la <a href=\"https:\/\/swab.es\/\" target=\"_blank\" rel=\"noopener noreferrer\">foire d&#8217;art contemporain SWAG<\/a> \u00e0 Barcelone avec la galerie <a href=\"https:\/\/setespaidart.com\/en\/\" target=\"_blank\" rel=\"noopener noreferrer\">Set Espai d&#8217;Art<\/a> en octobre 2024.<\/p>\n<p><span lang=\"es-ES\"><i><b>Portraits de promenades<\/b><\/i><\/span><strong> (syst\u00e8me sensoriel et subjectif de transcription de parcours)<\/strong><\/p>\n<p><em>Portraits de promenades<\/em> est une exp\u00e9rience qui poursuit ma s\u00e9rie autour de l&#8217;id\u00e9e de faire de l&#8217;art en marchant. Dans la majorit\u00e9 de mes projets, je marche beaucoup. Je pratique la marche pour la marche elle-m\u00eame, pas seulement pour aller d&#8217;un point A \u00e0 un point B. Je me suis rendu compte que marcher pour le simple plaisir de marcher ouvre la porte \u00e0 la contemplation. Dans <em>Portraits de promenades<\/em>, j&#8217;essaie de mettre l&#8217;accent sur cette contemplation et d&#8217;\u00eatre conscient de ce qui m&#8217;entoure pour ensuite transcrire mes sensations dans une \u0153uvre.<\/p>\n<p>Pour faire un <em>portrait de promenade<\/em>, je note ce que j&#8217;observe ou ressens pendant une promenade et, une fois de retour \u00e0 l&#8217;atelier, je compile ces donn\u00e9es pour les peindre dans un tableau.<\/p>\n<p>L&#8217;exp\u00e9rience est bas\u00e9e sur un exercice que je pratique depuis un certain temps, qui consiste, \u00e0 tout moment de la journ\u00e9e, \u00e0 m&#8217;arr\u00eater, observer mon environnement et percevoir o\u00f9 je suis et ce qui m&#8217;entoure. Cela ressemble beaucoup \u00e0 une technique de pleine conscience, bien que ce soit quelque chose que j&#8217;ai toujours fait intuitivement, sans savoir comment le nommer.<br \/>\nLe r\u00e9sultat est une repr\u00e9sentation visuelle de ce qu&#8217;a \u00e9t\u00e9 l&#8217;exp\u00e9rience d&#8217;une promenade. Chaque tableau est unique et varie en fonction du lieu, de la saison, du climat et des \u00e9v\u00e9nements&#8230; C&#8217;est un peu comme si je faisais une peinture de paysage, mais en mouvement : le portrait d&#8217;un parcours \u00e0 un moment donn\u00e9.<\/p>\n<p><strong>Le syst\u00e8me :<\/strong><\/p>\n<p>Un <em>portrait de promenade<\/em> fonctionne ainsi : je choisis une promenade en boucle avec un certain nombre de segments (habituellement entre 9 et 12) et je marche \u00e0 travers ces segments. Ce que j&#8217;appelle un segment est une portion du parcours entre deux points o\u00f9 je dois prendre une d\u00e9cision. Autrement dit, je marche, et au moment o\u00f9 je rencontre une intersection, le segment se termine et le suivant commence. Je note les informations concernant le segment que je viens de parcourir et je me pr\u00e9pare \u00e0 d\u00e9marrer le suivant.<\/p>\n<p><a href=\"https:\/\/www.eltono.com\/wp-content\/uploads\/2024\/10\/Eltono-PP-DiagramaFR.jpg\"><img loading=\"lazy\" decoding=\"async\" data-attachment-id=\"24108\" data-permalink=\"https:\/\/www.eltono.com\/fr\/projects\/portraits-de-promenades\/diagrama-3\/\" data-orig-file=\"https:\/\/www.eltono.com\/wp-content\/uploads\/2024\/10\/Eltono-PP-DiagramaFR.jpg\" data-orig-size=\"1800,1114\" data-comments-opened=\"0\" data-image-meta=\"{&quot;aperture&quot;:&quot;0&quot;,&quot;credit&quot;:&quot;&quot;,&quot;camera&quot;:&quot;&quot;,&quot;caption&quot;:&quot;&quot;,&quot;created_timestamp&quot;:&quot;0&quot;,&quot;copyright&quot;:&quot;&quot;,&quot;focal_length&quot;:&quot;0&quot;,&quot;iso&quot;:&quot;0&quot;,&quot;shutter_speed&quot;:&quot;0&quot;,&quot;title&quot;:&quot;Diagrama&quot;,&quot;orientation&quot;:&quot;1&quot;}\" data-image-title=\"Diagrama\" data-image-description=\"\" data-image-caption=\"\" data-medium-file=\"https:\/\/www.eltono.com\/wp-content\/uploads\/2024\/10\/Eltono-PP-DiagramaFR-300x186.jpg\" data-large-file=\"https:\/\/www.eltono.com\/wp-content\/uploads\/2024\/10\/Eltono-PP-DiagramaFR-700x433.jpg\" class=\"alignleft size-medium wp-image-24108\" src=\"https:\/\/www.eltono.com\/wp-content\/uploads\/2024\/10\/Eltono-PP-DiagramaFR-300x186.jpg\" alt=\"\" width=\"300\" height=\"186\" srcset=\"https:\/\/www.eltono.com\/wp-content\/uploads\/2024\/10\/Eltono-PP-DiagramaFR-300x186.jpg 300w, https:\/\/www.eltono.com\/wp-content\/uploads\/2024\/10\/Eltono-PP-DiagramaFR-700x433.jpg 700w, https:\/\/www.eltono.com\/wp-content\/uploads\/2024\/10\/Eltono-PP-DiagramaFR-1536x951.jpg 1536w, https:\/\/www.eltono.com\/wp-content\/uploads\/2024\/10\/Eltono-PP-DiagramaFR-825x510.jpg 825w, https:\/\/www.eltono.com\/wp-content\/uploads\/2024\/10\/Eltono-PP-DiagramaFR-350x217.jpg 350w, https:\/\/www.eltono.com\/wp-content\/uploads\/2024\/10\/Eltono-PP-DiagramaFR.jpg 1800w\" sizes=\"auto, (max-width: 300px) 100vw, 300px\" \/><\/a><\/p>\n<p>Ce que je note, ce sont des donn\u00e9es subjectives sur mon appr\u00e9ciation de ce que je vois, entends, sens, les couleurs dominantes, le trac\u00e9 du chemin (sa largeur, sa couleur et ses accotements), l&#8217;\u00e9tat du ciel et la pr\u00e9sence d&#8217;eau. Je note aussi s&#8217;il y a eu des \u00e9v\u00e9nements positifs ou n\u00e9gatifs au cours de ce segment. Par exemple, le parfum d&#8217;un arbre en fleurs serait tr\u00e8s positif au niveau olfactif, tandis qu&#8217;un chien qui m&#8217;aboie dessus serait n\u00e9gatif au niveau de l&#8217;ou\u00efe et de la perception. Pour la vue, l&#8217;odorat et l&#8217;ou\u00efe, j&#8217;attribue des notes sur une \u00e9chelle de un \u00e0 cinq qui sont ensuite traduites dans une graduation de couleurs sur le tableau.<\/p>\n<p>\u00c0 chaque arr\u00eat, \u00e0 la fin de chaque segment, je note toutes ces donn\u00e9es sur une fiche. Lorsque je termine la promenade, je compile les fiches et, de retour \u00e0 l&#8217;atelier, j&#8217;interpr\u00e8te les donn\u00e9es recueillies pour cr\u00e9er le tableau.<\/p>\n<p>ngg_shortcode_0_placeholder<\/p>","protected":false},"excerpt":{"rendered":"<p>Projet en cours Belv\u00e8s (P\u00e9rigord Noir), France, D\u00e9cembre 2023 P\u00e9cut (Creuse), France, janvier 2024 Chirols (Ard\u00e8che), France, juillet 2024 Travail expos\u00e9 pour la premi\u00e8re fois \u00e0 la foire d&#8217;art contemporain SWAG \u00e0 Barcelone avec la galerie Set Espai d&#8217;Art en octobre 2024. Portraits de promenades (syst\u00e8me sensoriel et subjectif de transcription de parcours) Portraits de &hellip; <a href=\"https:\/\/www.eltono.com\/fr\/projects\/portraits-de-promenades\/\" class=\"more-link\">Continue reading <span class=\"screen-reader-text\">Portraits de promenades<\/span><\/a><\/p>\n","protected":false},"author":1,"featured_media":24097,"parent":5,"menu_order":0,"comment_status":"closed","ping_status":"closed","template":"","meta":{"ngg_post_thumbnail":0,"jetpack_post_was_ever_published":false,"footnotes":""},"categories":[362,334,4,287,273,266,272,7],"tags":[],"class_list":["post-24068","page","type-page","status-publish","has-post-thumbnail","hentry","category-362","category-destacados","category-inspiration","category-ongoing","category-page_artworks","category-page_outdoor","category-page_project","category-projects"],"jetpack_sharing_enabled":true,"jetpack_shortlink":"https:\/\/wp.me\/P7sWFx-6gc","_links":{"self":[{"href":"https:\/\/www.eltono.com\/fr\/wp-json\/wp\/v2\/pages\/24068","targetHints":{"allow":["GET"]}}],"collection":[{"href":"https:\/\/www.eltono.com\/fr\/wp-json\/wp\/v2\/pages"}],"about":[{"href":"https:\/\/www.eltono.com\/fr\/wp-json\/wp\/v2\/types\/page"}],"author":[{"embeddable":true,"href":"https:\/\/www.eltono.com\/fr\/wp-json\/wp\/v2\/users\/1"}],"replies":[{"embeddable":true,"href":"https:\/\/www.eltono.com\/fr\/wp-json\/wp\/v2\/comments?post=24068"}],"version-history":[{"count":13,"href":"https:\/\/www.eltono.com\/fr\/wp-json\/wp\/v2\/pages\/24068\/revisions"}],"predecessor-version":[{"id":24119,"href":"https:\/\/www.eltono.com\/fr\/wp-json\/wp\/v2\/pages\/24068\/revisions\/24119"}],"up":[{"embeddable":true,"href":"https:\/\/www.eltono.com\/fr\/wp-json\/wp\/v2\/pages\/5"}],"wp:featuredmedia":[{"embeddable":true,"href":"https:\/\/www.eltono.com\/fr\/wp-json\/wp\/v2\/media\/24097"}],"wp:attachment":[{"href":"https:\/\/www.eltono.com\/fr\/wp-json\/wp\/v2\/media?parent=24068"}],"wp:term":[{"taxonomy":"category","embeddable":true,"href":"https:\/\/www.eltono.com\/fr\/wp-json\/wp\/v2\/categories?post=24068"},{"taxonomy":"post_tag","embeddable":true,"href":"https:\/\/www.eltono.com\/fr\/wp-json\/wp\/v2\/tags?post=24068"}],"curies":[{"name":"wp","href":"https:\/\/api.w.org\/{rel}","templated":true}]}}