{"id":24124,"date":"2025-01-23T10:29:03","date_gmt":"2025-01-23T09:29:03","guid":{"rendered":"https:\/\/www.eltono.com\/?page_id=24124"},"modified":"2025-06-12T10:41:16","modified_gmt":"2025-06-12T08:41:16","slug":"modo60","status":"publish","type":"page","link":"https:\/\/www.eltono.com\/fr\/murals\/modo60\/","title":{"rendered":"Modo n.\u00b060"},"content":{"rendered":"<p><strong>Discoth\u00e8que municipale<\/strong><br \/>\nDiakene Ouloff, Casamance<br \/>\nS\u00e9n\u00e9gal, d\u00e9cembre 2024<\/p>\n<p>Fin 2024, j\u2019ai \u00e9t\u00e9 invit\u00e9 par le Casamance Centre Culturel et Ekol S\u00e9n\u00e9gal pour concevoir un programme de peinture murale dans le village de Diakene Ouloff. L\u2019objectif de l\u2019atelier \u00e9tait de travailler sur l\u2019int\u00e9gration des peintures murales dans leur environnement\u2014\u00e0 la fois architectural et social.<\/p>\n<p>Dix participants, principalement venus d\u2019Espagne, se sont inscrits \u00e0 ce programme d\u2019une semaine. Nous avons pass\u00e9 les quatre premiers jours de l\u2019atelier \u00e0 explorer la r\u00e9gion pour trouver de l\u2019inspiration et concevoir une peinture murale qui r\u00e9sonne avec son environnement. Apr\u00e8s plusieurs jours d\u2019observation et de prise de notes, nous avons d\u00e9cid\u00e9 de nous concentrer sur les objets du quotidien. Leurs formes sont simples et fonctionnelles, et on les retrouve chez tout le monde, ce qui correspondait parfaitement \u00e0 notre concept. Nous avons ensuite travaill\u00e9 sur une palette de couleurs en harmonie avec l&#8217;environnement du mur. Pour terminer, nous avons cr\u00e9\u00e9 un processus g\u00e9n\u00e9ratif simple qui d\u00e9terminait al\u00e9atoirement quelle forme et quelle couleur devaient \u00eatre peintes dans chaque case du mur. Une fois la peinture commenc\u00e9e, un grand nombre d&#8217;habitants du village, qui passaient spontan\u00e9ment par l\u00e0, s\u2019arr\u00eataient pour peindre des formes avec nous.<\/p>\n<p>Un grand merci \u00e0 Mariana, Xabi, Lamine, Bamoussa, Endaye, Boy, Bea, Amadou, Elena et sa famille, Pana, Salva et Lucas.<\/p>\n<p>Aux incroyables participants (par ordre alphab\u00e9tique) : Ana, Cris, Cris, Lea, Marcel, Marina, Mario, Sierra, Tess et Vera.<\/p>\n<p>Et, bien s\u00fbr, \u00e0 tous les habitants du village de Diak\u00e8ne pour leur gentillesse, leur chaleur humaine et leur gratitude envers notre travail.<\/p>\n<p><a href=\"https:\/\/casamance.cc\" target=\"_new\" rel=\"noopener noreferrer\">https:\/\/casamance.cc<\/a> (@c.casamance)<br \/>\n<a href=\"https:\/\/www.ekolsenegal.org\" target=\"_new\" rel=\"noopener noreferrer\">https:\/\/www.ekolsenegal.org<\/a> (@ekolsenegal)<\/p>\n<p>ngg_shortcode_0_placeholder<\/p>","protected":false},"excerpt":{"rendered":"<p>Discoth\u00e8que municipale Diakene Ouloff, Casamance S\u00e9n\u00e9gal, d\u00e9cembre 2024 Fin 2024, j\u2019ai \u00e9t\u00e9 invit\u00e9 par le Casamance Centre Culturel et Ekol S\u00e9n\u00e9gal pour concevoir un programme de peinture murale dans le village de Diakene Ouloff. L\u2019objectif de l\u2019atelier \u00e9tait de travailler sur l\u2019int\u00e9gration des peintures murales dans leur environnement\u2014\u00e0 la fois architectural et social. Dix participants, &hellip; <a href=\"https:\/\/www.eltono.com\/fr\/murals\/modo60\/\" class=\"more-link\">Continue reading <span class=\"screen-reader-text\">Modo n.\u00b060<\/span><\/a><\/p>\n","protected":false},"author":1,"featured_media":24129,"parent":13155,"menu_order":0,"comment_status":"closed","ping_status":"closed","template":"","meta":{"ngg_post_thumbnail":0,"jetpack_post_was_ever_published":false,"footnotes":""},"categories":[363,277,4,345,112,262,260,266,269,272,7,357,306],"tags":[],"class_list":["post-24124","page","type-page","status-publish","has-post-thumbnail","hentry","category-363","category-generative","category-inspiration","category-modo","category-mural","category-page_automatic","category-page_mural","category-page_outdoor","category-page_participatif","category-page_project","category-projects","category-residency","category-_actu"],"jetpack_sharing_enabled":true,"jetpack_shortlink":"https:\/\/wp.me\/P7sWFx-6h6","_links":{"self":[{"href":"https:\/\/www.eltono.com\/fr\/wp-json\/wp\/v2\/pages\/24124","targetHints":{"allow":["GET"]}}],"collection":[{"href":"https:\/\/www.eltono.com\/fr\/wp-json\/wp\/v2\/pages"}],"about":[{"href":"https:\/\/www.eltono.com\/fr\/wp-json\/wp\/v2\/types\/page"}],"author":[{"embeddable":true,"href":"https:\/\/www.eltono.com\/fr\/wp-json\/wp\/v2\/users\/1"}],"replies":[{"embeddable":true,"href":"https:\/\/www.eltono.com\/fr\/wp-json\/wp\/v2\/comments?post=24124"}],"version-history":[{"count":6,"href":"https:\/\/www.eltono.com\/fr\/wp-json\/wp\/v2\/pages\/24124\/revisions"}],"predecessor-version":[{"id":24142,"href":"https:\/\/www.eltono.com\/fr\/wp-json\/wp\/v2\/pages\/24124\/revisions\/24142"}],"up":[{"embeddable":true,"href":"https:\/\/www.eltono.com\/fr\/wp-json\/wp\/v2\/pages\/13155"}],"wp:featuredmedia":[{"embeddable":true,"href":"https:\/\/www.eltono.com\/fr\/wp-json\/wp\/v2\/media\/24129"}],"wp:attachment":[{"href":"https:\/\/www.eltono.com\/fr\/wp-json\/wp\/v2\/media?parent=24124"}],"wp:term":[{"taxonomy":"category","embeddable":true,"href":"https:\/\/www.eltono.com\/fr\/wp-json\/wp\/v2\/categories?post=24124"},{"taxonomy":"post_tag","embeddable":true,"href":"https:\/\/www.eltono.com\/fr\/wp-json\/wp\/v2\/tags?post=24124"}],"curies":[{"name":"wp","href":"https:\/\/api.w.org\/{rel}","templated":true}]}}