{"id":24179,"date":"2025-02-04T10:49:54","date_gmt":"2025-02-04T09:49:54","guid":{"rendered":"https:\/\/www.eltono.com\/?page_id=24179"},"modified":"2025-10-08T11:18:56","modified_gmt":"2025-10-08T09:18:56","slug":"csb30i","status":"publish","type":"page","link":"https:\/\/www.eltono.com\/fr\/murals\/csb30i\/","title":{"rendered":"CSB n.\u00ba30(i)"},"content":{"rendered":"<p><strong>Composition sur b\u00e2timent <\/strong><strong><em>CSB#30(i)<\/em><\/strong><br \/>\nB\u00e2timent Phebe, Rouen, France<br \/>\nJanvier 2025<\/p>\n<p>Projet commissionn\u00e9 par Nicolas Couturieux.<\/p>\n<p>Cliquez sur les images pour les agrandir et les parcourir.<\/p>\n<p>ngg_shortcode_0_placeholder<\/p>","protected":false},"excerpt":{"rendered":"<p>Composition sur b\u00e2timent CSB#30(i) B\u00e2timent Phebe, Rouen, France Janvier 2025 Projet commissionn\u00e9 par Nicolas Couturieux. Cliquez sur les images pour les agrandir et les parcourir.<\/p>\n","protected":false},"author":1,"featured_media":24211,"parent":13155,"menu_order":0,"comment_status":"closed","ping_status":"closed","template":"","meta":{"ngg_post_thumbnail":0,"jetpack_post_was_ever_published":false,"footnotes":""},"categories":[363,349,334,112,265,260],"tags":[],"class_list":["post-24179","page","type-page","status-publish","has-post-thumbnail","hentry","category-363","category-csb","category-destacados","category-mural","category-page_indoor","category-page_mural"],"jetpack_sharing_enabled":true,"jetpack_shortlink":"https:\/\/wp.me\/P7sWFx-6hZ","_links":{"self":[{"href":"https:\/\/www.eltono.com\/fr\/wp-json\/wp\/v2\/pages\/24179","targetHints":{"allow":["GET"]}}],"collection":[{"href":"https:\/\/www.eltono.com\/fr\/wp-json\/wp\/v2\/pages"}],"about":[{"href":"https:\/\/www.eltono.com\/fr\/wp-json\/wp\/v2\/types\/page"}],"author":[{"embeddable":true,"href":"https:\/\/www.eltono.com\/fr\/wp-json\/wp\/v2\/users\/1"}],"replies":[{"embeddable":true,"href":"https:\/\/www.eltono.com\/fr\/wp-json\/wp\/v2\/comments?post=24179"}],"version-history":[{"count":4,"href":"https:\/\/www.eltono.com\/fr\/wp-json\/wp\/v2\/pages\/24179\/revisions"}],"predecessor-version":[{"id":24375,"href":"https:\/\/www.eltono.com\/fr\/wp-json\/wp\/v2\/pages\/24179\/revisions\/24375"}],"up":[{"embeddable":true,"href":"https:\/\/www.eltono.com\/fr\/wp-json\/wp\/v2\/pages\/13155"}],"wp:featuredmedia":[{"embeddable":true,"href":"https:\/\/www.eltono.com\/fr\/wp-json\/wp\/v2\/media\/24211"}],"wp:attachment":[{"href":"https:\/\/www.eltono.com\/fr\/wp-json\/wp\/v2\/media?parent=24179"}],"wp:term":[{"taxonomy":"category","embeddable":true,"href":"https:\/\/www.eltono.com\/fr\/wp-json\/wp\/v2\/categories?post=24179"},{"taxonomy":"post_tag","embeddable":true,"href":"https:\/\/www.eltono.com\/fr\/wp-json\/wp\/v2\/tags?post=24179"}],"curies":[{"name":"wp","href":"https:\/\/api.w.org\/{rel}","templated":true}]}}