{"id":24221,"date":"2025-06-11T11:19:32","date_gmt":"2025-06-11T09:19:32","guid":{"rendered":"https:\/\/www.eltono.com\/?page_id=24221"},"modified":"2025-06-11T11:28:05","modified_gmt":"2025-06-11T09:28:05","slug":"modo63","status":"publish","type":"page","link":"https:\/\/www.eltono.com\/fr\/murals\/modo63\/","title":{"rendered":"Modo n.\u00ba63"},"content":{"rendered":"<p><strong>Peinture murale g\u00e9n\u00e9rative et participative<br \/>\n<\/strong>\u00c9cole Jules Ferry, Clermont-Ferrand, France<br \/>\nMars 2025<\/p>\n<p>Projet commissionn\u00e9 et organis\u00e9 par Pauline Simon pour la ville de Clermont-Ferrand. 113 participants.<\/p>\n<p>ngg_shortcode_0_placeholder&nbsp;<\/p>","protected":false},"excerpt":{"rendered":"<p>Peinture murale g\u00e9n\u00e9rative et participative \u00c9cole Jules Ferry, Clermont-Ferrand, France Mars 2025 Projet commissionn\u00e9 et organis\u00e9 par Pauline Simon pour la ville de Clermont-Ferrand. 113 participants. &nbsp;<\/p>\n","protected":false},"author":1,"featured_media":24230,"parent":13155,"menu_order":0,"comment_status":"closed","ping_status":"closed","template":"","meta":{"ngg_post_thumbnail":0,"jetpack_post_was_ever_published":false,"footnotes":""},"categories":[363,277,345,112,262,260,266],"tags":[],"class_list":["post-24221","page","type-page","status-publish","has-post-thumbnail","hentry","category-363","category-generative","category-modo","category-mural","category-page_automatic","category-page_mural","category-page_outdoor"],"jetpack_sharing_enabled":true,"jetpack_shortlink":"https:\/\/wp.me\/P7sWFx-6iF","_links":{"self":[{"href":"https:\/\/www.eltono.com\/fr\/wp-json\/wp\/v2\/pages\/24221","targetHints":{"allow":["GET"]}}],"collection":[{"href":"https:\/\/www.eltono.com\/fr\/wp-json\/wp\/v2\/pages"}],"about":[{"href":"https:\/\/www.eltono.com\/fr\/wp-json\/wp\/v2\/types\/page"}],"author":[{"embeddable":true,"href":"https:\/\/www.eltono.com\/fr\/wp-json\/wp\/v2\/users\/1"}],"replies":[{"embeddable":true,"href":"https:\/\/www.eltono.com\/fr\/wp-json\/wp\/v2\/comments?post=24221"}],"version-history":[{"count":2,"href":"https:\/\/www.eltono.com\/fr\/wp-json\/wp\/v2\/pages\/24221\/revisions"}],"predecessor-version":[{"id":24231,"href":"https:\/\/www.eltono.com\/fr\/wp-json\/wp\/v2\/pages\/24221\/revisions\/24231"}],"up":[{"embeddable":true,"href":"https:\/\/www.eltono.com\/fr\/wp-json\/wp\/v2\/pages\/13155"}],"wp:featuredmedia":[{"embeddable":true,"href":"https:\/\/www.eltono.com\/fr\/wp-json\/wp\/v2\/media\/24230"}],"wp:attachment":[{"href":"https:\/\/www.eltono.com\/fr\/wp-json\/wp\/v2\/media?parent=24221"}],"wp:term":[{"taxonomy":"category","embeddable":true,"href":"https:\/\/www.eltono.com\/fr\/wp-json\/wp\/v2\/categories?post=24221"},{"taxonomy":"post_tag","embeddable":true,"href":"https:\/\/www.eltono.com\/fr\/wp-json\/wp\/v2\/tags?post=24221"}],"curies":[{"name":"wp","href":"https:\/\/api.w.org\/{rel}","templated":true}]}}