{"id":24286,"date":"2025-06-12T10:39:43","date_gmt":"2025-06-12T08:39:43","guid":{"rendered":"https:\/\/www.eltono.com\/?page_id=24286"},"modified":"2025-10-20T00:29:11","modified_gmt":"2025-10-19T22:29:11","slug":"modo67","status":"publish","type":"page","link":"https:\/\/www.eltono.com\/fr\/murals\/modo67\/","title":{"rendered":"Modo n.\u00ba67"},"content":{"rendered":"<p><strong>Peinture murale g\u00e9n\u00e9rative<br \/>\n<\/strong>Quartier Les Aigues Douces, Port-de-Bouc, France<br \/>\nJuin 2025<\/p>\n<p>Projet r\u00e9alis\u00e9 dans le cadre du festival Les Nouveaux Ateliers (<a href=\"https:\/\/festival-lna.fr\/\" target=\"_blank\" rel=\"noopener noreferrer\">festival-lna.fr\/<\/a>).<\/p>\n<p>Cette peinture murale a \u00e9t\u00e9 r\u00e9alis\u00e9e en suivant le protocole Modo n.\u00b067. Apr\u00e8s avoir d\u00e9fini les marges ext\u00e9rieures, le mur a \u00e9t\u00e9 divis\u00e9 en quatre lignes s\u00e9par\u00e9es par une bande de 39 cm. Chaque ligne a ensuite \u00e9t\u00e9 divis\u00e9e en 8 x 4 cases et devait comprendre un module de 2 x 2 cases et deux modules de 3 x 2 cases. L&#8217;emplacement du module de 2 x 2 cases \u00e9tait d\u00e9sign\u00e9 au hasard. Pour chaque module, 4 ou 6 formes g\u00e9om\u00e9triques ont \u00e9t\u00e9 tir\u00e9es au sort et positionn\u00e9es dans leur case correspondante. Les formes ne pouvaient pas changer de case, mais elles pouvaient pivoter (\u00e0 0\u00b0, 90\u00b0, 180\u00b0 et 270\u00b0) pour respecter la r\u00e8gle dite &#8220;des c\u00f4t\u00e9s plats&#8221;. Des formes en bois ont \u00e9t\u00e9 pr\u00e9alablement d\u00e9coup\u00e9es pour faciliter la manipulation et la visualisation. Une fois la composition pr\u00eate, le r\u00e9sultat \u00e9tait not\u00e9 sur une fiche et le module peint sur le mur. Tous les tirages au sort ont \u00e9t\u00e9 r\u00e9alis\u00e9s avec un lancer de d\u00e9s.<\/p>\nngg_shortcode_0_placeholder\n<p>Photos par J\u00e9r\u00e9my Lounis (<a href=\"https:\/\/www.instagram.com\/jeremylounis\/\" target=\"_blank\" rel=\"noopener noreferrer\">@jeremylounis<\/a>) et Eltono.<\/p>","protected":false},"excerpt":{"rendered":"<p>Peinture murale g\u00e9n\u00e9rative Quartier Les Aigues Douces, Port-de-Bouc, France Juin 2025 Projet r\u00e9alis\u00e9 dans le cadre du festival Les Nouveaux Ateliers (festival-lna.fr\/). Cette peinture murale a \u00e9t\u00e9 r\u00e9alis\u00e9e en suivant le protocole Modo n.\u00b067. Apr\u00e8s avoir d\u00e9fini les marges ext\u00e9rieures, le mur a \u00e9t\u00e9 divis\u00e9 en quatre lignes s\u00e9par\u00e9es par une bande de 39 cm. &hellip; <a href=\"https:\/\/www.eltono.com\/fr\/murals\/modo67\/\" class=\"more-link\">Continue reading <span class=\"screen-reader-text\">Modo n.\u00ba67<\/span><\/a><\/p>\n","protected":false},"author":1,"featured_media":24302,"parent":13155,"menu_order":0,"comment_status":"closed","ping_status":"closed","template":"","meta":{"ngg_post_thumbnail":0,"jetpack_post_was_ever_published":false,"footnotes":""},"categories":[363,334,277,345,112,262,260,266],"tags":[],"class_list":["post-24286","page","type-page","status-publish","has-post-thumbnail","hentry","category-363","category-destacados","category-generative","category-modo","category-mural","category-page_automatic","category-page_mural","category-page_outdoor"],"jetpack_sharing_enabled":true,"jetpack_shortlink":"https:\/\/wp.me\/P7sWFx-6jI","_links":{"self":[{"href":"https:\/\/www.eltono.com\/fr\/wp-json\/wp\/v2\/pages\/24286","targetHints":{"allow":["GET"]}}],"collection":[{"href":"https:\/\/www.eltono.com\/fr\/wp-json\/wp\/v2\/pages"}],"about":[{"href":"https:\/\/www.eltono.com\/fr\/wp-json\/wp\/v2\/types\/page"}],"author":[{"embeddable":true,"href":"https:\/\/www.eltono.com\/fr\/wp-json\/wp\/v2\/users\/1"}],"replies":[{"embeddable":true,"href":"https:\/\/www.eltono.com\/fr\/wp-json\/wp\/v2\/comments?post=24286"}],"version-history":[{"count":8,"href":"https:\/\/www.eltono.com\/fr\/wp-json\/wp\/v2\/pages\/24286\/revisions"}],"predecessor-version":[{"id":24382,"href":"https:\/\/www.eltono.com\/fr\/wp-json\/wp\/v2\/pages\/24286\/revisions\/24382"}],"up":[{"embeddable":true,"href":"https:\/\/www.eltono.com\/fr\/wp-json\/wp\/v2\/pages\/13155"}],"wp:featuredmedia":[{"embeddable":true,"href":"https:\/\/www.eltono.com\/fr\/wp-json\/wp\/v2\/media\/24302"}],"wp:attachment":[{"href":"https:\/\/www.eltono.com\/fr\/wp-json\/wp\/v2\/media?parent=24286"}],"wp:term":[{"taxonomy":"category","embeddable":true,"href":"https:\/\/www.eltono.com\/fr\/wp-json\/wp\/v2\/categories?post=24286"},{"taxonomy":"post_tag","embeddable":true,"href":"https:\/\/www.eltono.com\/fr\/wp-json\/wp\/v2\/tags?post=24286"}],"curies":[{"name":"wp","href":"https:\/\/api.w.org\/{rel}","templated":true}]}}