{"id":24424,"date":"2026-02-09T16:09:57","date_gmt":"2026-02-09T15:09:57","guid":{"rendered":"https:\/\/www.eltono.com\/?page_id=24424"},"modified":"2026-02-09T16:16:39","modified_gmt":"2026-02-09T15:16:39","slug":"modo69","status":"publish","type":"page","link":"https:\/\/www.eltono.com\/fr\/murals\/modo69\/","title":{"rendered":"Modo n.\u00ba69"},"content":{"rendered":"<p><strong>Peinture murale g\u00e9n\u00e9rative<br \/>\n<\/strong>Quartier La Benauge, Bordeaux, France<br \/>\nJanvier 2026<\/p>\n<p>Projet r\u00e9alis\u00e9 avec l\u2019association Exit.<\/p>\n<p>Cette peinture murale a \u00e9t\u00e9 r\u00e9alis\u00e9e selon le m\u00eame protocole que la peinture <em>Modo n.\u00b067<\/em>, avec la participation d\u2019une douzaine de jeunes du Centre d\u2019animation Bastide-Benauge.<br \/>\n&nbsp;<\/p>\nngg_shortcode_0_placeholder\n<p>Merci \u00e0 Eno, Antonio, Yssam, Trakt, Uno y Uter tout le monde au Centre d&#8217;animation Bastide-Benauge.<\/p>","protected":false},"excerpt":{"rendered":"<p>Peinture murale g\u00e9n\u00e9rative Quartier La Benauge, Bordeaux, France Janvier 2026 Projet r\u00e9alis\u00e9 avec l\u2019association Exit. Cette peinture murale a \u00e9t\u00e9 r\u00e9alis\u00e9e selon le m\u00eame protocole que la peinture Modo n.\u00b067, avec la participation d\u2019une douzaine de jeunes du Centre d\u2019animation Bastide-Benauge. &nbsp; &nbsp; Merci \u00e0 Eno, Antonio, Yssam, Trakt, Uno y Uter tout le monde &hellip; <a href=\"https:\/\/www.eltono.com\/fr\/murals\/modo69\/\" class=\"more-link\">Continue reading <span class=\"screen-reader-text\">Modo n.\u00ba69<\/span><\/a><\/p>\n","protected":false},"author":1,"featured_media":24446,"parent":13155,"menu_order":0,"comment_status":"closed","ping_status":"closed","template":"","meta":{"ngg_post_thumbnail":0,"jetpack_post_was_ever_published":false,"footnotes":""},"categories":[365,334,277,345,112,262,260,266,269],"tags":[],"class_list":["post-24424","page","type-page","status-publish","has-post-thumbnail","hentry","category-365","category-destacados","category-generative","category-modo","category-mural","category-page_automatic","category-page_mural","category-page_outdoor","category-page_participatif"],"jetpack_sharing_enabled":true,"jetpack_shortlink":"https:\/\/wp.me\/P7sWFx-6lW","_links":{"self":[{"href":"https:\/\/www.eltono.com\/fr\/wp-json\/wp\/v2\/pages\/24424","targetHints":{"allow":["GET"]}}],"collection":[{"href":"https:\/\/www.eltono.com\/fr\/wp-json\/wp\/v2\/pages"}],"about":[{"href":"https:\/\/www.eltono.com\/fr\/wp-json\/wp\/v2\/types\/page"}],"author":[{"embeddable":true,"href":"https:\/\/www.eltono.com\/fr\/wp-json\/wp\/v2\/users\/1"}],"replies":[{"embeddable":true,"href":"https:\/\/www.eltono.com\/fr\/wp-json\/wp\/v2\/comments?post=24424"}],"version-history":[{"count":4,"href":"https:\/\/www.eltono.com\/fr\/wp-json\/wp\/v2\/pages\/24424\/revisions"}],"predecessor-version":[{"id":24443,"href":"https:\/\/www.eltono.com\/fr\/wp-json\/wp\/v2\/pages\/24424\/revisions\/24443"}],"up":[{"embeddable":true,"href":"https:\/\/www.eltono.com\/fr\/wp-json\/wp\/v2\/pages\/13155"}],"wp:featuredmedia":[{"embeddable":true,"href":"https:\/\/www.eltono.com\/fr\/wp-json\/wp\/v2\/media\/24446"}],"wp:attachment":[{"href":"https:\/\/www.eltono.com\/fr\/wp-json\/wp\/v2\/media?parent=24424"}],"wp:term":[{"taxonomy":"category","embeddable":true,"href":"https:\/\/www.eltono.com\/fr\/wp-json\/wp\/v2\/categories?post=24424"},{"taxonomy":"post_tag","embeddable":true,"href":"https:\/\/www.eltono.com\/fr\/wp-json\/wp\/v2\/tags?post=24424"}],"curies":[{"name":"wp","href":"https:\/\/api.w.org\/{rel}","templated":true}]}}