{"id":2861,"date":"2009-08-28T17:13:04","date_gmt":"2009-08-28T15:13:04","guid":{"rendered":"http:\/\/www.eltono.com\/?page_id=2861"},"modified":"2022-01-05T18:12:09","modified_gmt":"2022-01-05T16:12:09","slug":"sao-paulo-rojo-out","status":"publish","type":"page","link":"https:\/\/www.eltono.com\/fr\/murals\/sao-paulo-rojo-out\/","title":{"rendered":"Rojo Out"},"content":{"rendered":"<p class=\"qtranxs-available-languages-message qtranxs-available-languages-message-fr\">D\u00e9sol\u00e9, cet article n'est pas encore disponible en fran\u00e7ais.<br>En attendant, vous pouvez toujours le lire en <a href=\"https:\/\/www.eltono.com\/en\/wp-json\/wp\/v2\/pages\/2861\" class=\"qtranxs-available-language-link qtranxs-available-language-link-en\" title=\"English\">English<\/a> ou en <a href=\"https:\/\/www.eltono.com\/es\/wp-json\/wp\/v2\/pages\/2861\" class=\"qtranxs-available-language-link qtranxs-available-language-link-es\" title=\"Espa\u00f1ol\">Espa\u00f1ol<\/a>. For the sake of viewer convenience, the content is shown below in this site default language. You may click one of the links to switch the site language to another available language.<\/p><p><strong>Mural painting project for ROJO\u00aeout<\/strong><br \/>\nAv. Pres. Juscelino Kubitschek &#8211; Marginal Pinheiros, Sao Paulo, Brazil<br \/>\nAugust 28th, 29th and 30th 2009<\/p>\n<p>Project in collaboration with <a href=\"http:\/\/www.nuriamora.com\" target=\"_blank\" rel=\"noopener noreferrer\">Nuria Mora<\/a><\/p>\n<p><a href=\"http:\/\/maps.google.com.br\/maps?f=q&amp;source=s_q&amp;hl=es&amp;geocode=&amp;q=+Av.+Pres.+Juscelino+Kubitschek+sao+paulo&amp;sll=-14.179186,-50.449219&amp;sspn=104.976915,158.027344&amp;ie=UTF8&amp;ll=-23.590104,-46.690741&amp;spn=0.00177,0.002411&amp;t=k&amp;z=19\" target=\"_blank\" rel=\"noopener noreferrer\">http:\/\/maps.google.com.br<\/a><\/p>\n<p><style type=\"text\/css\" media=\"all\">\n\/* ----------- Galeria Vertical 700 vh ngg1 ------------*\/\n#gallery-vertical-700-vh{\n\t\/\/max-width: 100%;\n\t\/\/width: 700px;\n\tbackground-color: #ffffff;\n\ttext-align: left;\n}\n#gallery-vertical-700-vh img{\n\t\/\/max-width: 100%;\n\tvertical-align: bottom;\n}\n#gallery-vertical-700-vh-comment{\n\tword-wrap: break-word;\n\t\/\/width: 700px;\n\tmargin: 0 0 17px 0;\n}\n<\/style>\n<div class=\"ngg1-galleryoverview\" id=\"ngg1-gallery-00e2b0c2da279d003d56a9afbb5113aa\">\n\t\t<div id=\"ngg1-image-1368\">\n\t\t<div id=\"gallery-vertical-700-vh\">\n\t\t\t<img title=\"One of the building we had to paint, they were ventilation towers build over a road tunnel.\" alt=\"One of the building we had to paint, they were ventilation towers build over a road tunnel.\" src=\"https:\/\/www.eltono.com\/wp-content\/gallery\/sao-paulo-rojo-smart\/eltono-sp-jk26.jpg\"\/>\n\t\t\t<\/div><div id=\"gallery-vertical-700-vh-comment\">One of the building we had to paint, they were ventilation towers build over a road tunnel.\t\t<\/div>\n\t<\/div>\n \t\t<div id=\"ngg1-image-1388\">\n\t\t<div id=\"gallery-vertical-700-vh\">\n\t\t\t<img title=\"On the road, inspiring... (I always try to take that picture from the bus wen I arrive in Sao Paulo, that one is not too bad...)\" alt=\"On the road, inspiring... (I always try to take that picture from the bus wen I arrive in Sao Paulo, that one is not too bad...)\" src=\"https:\/\/www.eltono.com\/wp-content\/gallery\/sao-paulo-rojo-smart\/eltono-sp-jk44.jpg\"\/>\n\t\t\t<\/div><div id=\"gallery-vertical-700-vh-comment\">On the road, inspiring... (I always try to take that picture from the bus wen I arrive in Sao Paulo, that one is not too bad...)\t\t<\/div>\n\t<\/div>\n \t\t<div id=\"ngg1-image-1367\">\n\t\t<div id=\"gallery-vertical-700-vh\">\n\t\t\t<img title=\"Composition sketches\" alt=\"Composition sketches\" src=\"https:\/\/www.eltono.com\/wp-content\/gallery\/sao-paulo-rojo-smart\/eltono-sp-jk25.jpg\"\/>\n\t\t\t<\/div><div id=\"gallery-vertical-700-vh-comment\">Composition sketches\t\t<\/div>\n\t<\/div>\n \t\t<div id=\"ngg1-image-1396\">\n\t\t<div id=\"gallery-vertical-700-vh\">\n\t\t\t<img title=\"Comando fita crepe\" alt=\"Comando fita crepe\" src=\"https:\/\/www.eltono.com\/wp-content\/gallery\/sao-paulo-rojo-smart\/eltono-sp-jk47.jpg\"\/>\n\t\t\t<\/div><div id=\"gallery-vertical-700-vh-comment\">Comando fita crepe\t\t<\/div>\n\t<\/div>\n \t\t<div id=\"ngg1-image-1395\">\n\t\t<div id=\"gallery-vertical-700-vh\">\n\t\t\t<img title=\" \" alt=\" \" src=\"https:\/\/www.eltono.com\/wp-content\/gallery\/sao-paulo-rojo-smart\/eltono-sp-jk46.jpg\"\/>\n\t\t\t<\/div><div id=\"gallery-vertical-700-vh-comment\"> \t\t<\/div>\n\t<\/div>\n \t\t<div id=\"ngg1-image-1374\">\n\t\t<div id=\"gallery-vertical-700-vh\">\n\t\t\t<img title=\"Lorenzo and Renato!\" alt=\"Lorenzo and Renato!\" src=\"https:\/\/www.eltono.com\/wp-content\/gallery\/sao-paulo-rojo-smart\/eltono-sp-jk31.jpg\"\/>\n\t\t\t<\/div><div id=\"gallery-vertical-700-vh-comment\">Lorenzo and Renato!\t\t<\/div>\n\t<\/div>\n \t\t<div id=\"ngg1-image-1366\">\n\t\t<div id=\"gallery-vertical-700-vh\">\n\t\t\t<img title=\"6h30 pm\" alt=\"6h30 pm\" src=\"https:\/\/www.eltono.com\/wp-content\/gallery\/sao-paulo-rojo-smart\/eltono-sp-jk24.jpg\"\/>\n\t\t\t<\/div><div id=\"gallery-vertical-700-vh-comment\">6h30 pm\t\t<\/div>\n\t<\/div>\n \t\t<div id=\"ngg1-image-1363\">\n\t\t<div id=\"gallery-vertical-700-vh\">\n\t\t\t<img title=\" \" alt=\" \" src=\"https:\/\/www.eltono.com\/wp-content\/gallery\/sao-paulo-rojo-smart\/eltono-sp-jk21.jpg\"\/>\n\t\t\t<\/div><div id=\"gallery-vertical-700-vh-comment\"> \t\t<\/div>\n\t<\/div>\n \t\t<div id=\"ngg1-image-1356\">\n\t\t<div id=\"gallery-vertical-700-vh\">\n\t\t\t<img title=\"The mirror building, giving you retro-light all day to be sure you get tanned on every faces!!!\" alt=\"The mirror building, giving you retro-light all day to be sure you get tanned on every faces!!!\" src=\"https:\/\/www.eltono.com\/wp-content\/gallery\/sao-paulo-rojo-smart\/eltono-sp-jk15.jpg\"\/>\n\t\t\t<\/div><div id=\"gallery-vertical-700-vh-comment\">The mirror building, giving you retro-light all day to be sure you get tanned on every faces!!!\t\t<\/div>\n\t<\/div>\n \t\t<div id=\"ngg1-image-1358\">\n\t\t<div id=\"gallery-vertical-700-vh\">\n\t\t\t<img title=\"Nuria was painting on the other tower 20 m from mine and way more higher!\" alt=\"Nuria was painting on the other tower 20 m from mine and way more higher!\" src=\"https:\/\/www.eltono.com\/wp-content\/gallery\/sao-paulo-rojo-smart\/eltono-sp-jk17.jpg\"\/>\n\t\t\t<\/div><div id=\"gallery-vertical-700-vh-comment\">Nuria was painting on the other tower 20 m from mine and way more higher!\t\t<\/div>\n\t<\/div>\n \t\t<div id=\"ngg1-image-1362\">\n\t\t<div id=\"gallery-vertical-700-vh\">\n\t\t\t<img title=\"She did most of the work with the help of the crane\" alt=\"She did most of the work with the help of the crane\" src=\"https:\/\/www.eltono.com\/wp-content\/gallery\/sao-paulo-rojo-smart\/eltono-sp-jk20.jpg\"\/>\n\t\t\t<\/div><div id=\"gallery-vertical-700-vh-comment\">She did most of the work with the help of the crane\t\t<\/div>\n\t<\/div>\n \t\t<div id=\"ngg1-image-1377\">\n\t\t<div id=\"gallery-vertical-700-vh\">\n\t\t\t<img title=\" \" alt=\" \" src=\"https:\/\/www.eltono.com\/wp-content\/gallery\/sao-paulo-rojo-smart\/eltono-sp-jk34.jpg\"\/>\n\t\t\t<\/div><div id=\"gallery-vertical-700-vh-comment\"> \t\t<\/div>\n\t<\/div>\n \t\t<div id=\"ngg1-image-1379\">\n\t\t<div id=\"gallery-vertical-700-vh\">\n\t\t\t<img title=\"And with the help of Lorenzo!\" alt=\"And with the help of Lorenzo!\" src=\"https:\/\/www.eltono.com\/wp-content\/gallery\/sao-paulo-rojo-smart\/eltono-sp-jk36.jpg\"\/>\n\t\t\t<\/div><div id=\"gallery-vertical-700-vh-comment\">And with the help of Lorenzo!\t\t<\/div>\n\t<\/div>\n \t\t<div id=\"ngg1-image-1357\">\n\t\t<div id=\"gallery-vertical-700-vh\">\n\t\t\t<img title=\" \" alt=\" \" src=\"https:\/\/www.eltono.com\/wp-content\/gallery\/sao-paulo-rojo-smart\/eltono-sp-jk16.jpg\"\/>\n\t\t\t<\/div><div id=\"gallery-vertical-700-vh-comment\"> \t\t<\/div>\n\t<\/div>\n \t\t<div id=\"ngg1-image-1384\">\n\t\t<div id=\"gallery-vertical-700-vh\">\n\t\t\t<img title=\" \" alt=\" \" src=\"https:\/\/www.eltono.com\/wp-content\/gallery\/sao-paulo-rojo-smart\/eltono-sp-jk40.jpg\"\/>\n\t\t\t<\/div><div id=\"gallery-vertical-700-vh-comment\"> \t\t<\/div>\n\t<\/div>\n \t\t<div id=\"ngg1-image-1360\">\n\t\t<div id=\"gallery-vertical-700-vh\">\n\t\t\t<img title=\" \" alt=\" \" src=\"https:\/\/www.eltono.com\/wp-content\/gallery\/sao-paulo-rojo-smart\/eltono-sp-jk19.jpg\"\/>\n\t\t\t<\/div><div id=\"gallery-vertical-700-vh-comment\"> \t\t<\/div>\n\t<\/div>\n \t\t<div id=\"ngg1-image-1380\">\n\t\t<div id=\"gallery-vertical-700-vh\">\n\t\t\t<img title=\" \" alt=\" \" src=\"https:\/\/www.eltono.com\/wp-content\/gallery\/sao-paulo-rojo-smart\/eltono-sp-jk37.jpg\"\/>\n\t\t\t<\/div><div id=\"gallery-vertical-700-vh-comment\"> \t\t<\/div>\n\t<\/div>\n \t\t<div id=\"ngg1-image-1381\">\n\t\t<div id=\"gallery-vertical-700-vh\">\n\t\t\t<img title=\" \" alt=\" \" src=\"https:\/\/www.eltono.com\/wp-content\/gallery\/sao-paulo-rojo-smart\/eltono-sp-jk38.jpg\"\/>\n\t\t\t<\/div><div id=\"gallery-vertical-700-vh-comment\"> \t\t<\/div>\n\t<\/div>\n \t\t<div id=\"ngg1-image-1372\">\n\t\t<div id=\"gallery-vertical-700-vh\">\n\t\t\t<img title=\"The result after three days of hard work under the sun! - West view\" alt=\"The result after three days of hard work under the sun! - West view\" src=\"https:\/\/www.eltono.com\/wp-content\/gallery\/sao-paulo-rojo-smart\/eltono-sp-jk3.jpg\"\/>\n\t\t\t<\/div><div id=\"gallery-vertical-700-vh-comment\">The result after three days of hard work under the sun! - West view\t\t<\/div>\n\t<\/div>\n \t\t<div id=\"ngg1-image-1352\">\n\t\t<div id=\"gallery-vertical-700-vh\">\n\t\t\t<img title=\"Eltono - North-East view\" alt=\"Eltono - North-East view\" src=\"https:\/\/www.eltono.com\/wp-content\/gallery\/sao-paulo-rojo-smart\/eltono-sp-jk11.jpg\"\/>\n\t\t\t<\/div><div id=\"gallery-vertical-700-vh-comment\">Eltono - North-East view\t\t<\/div>\n\t<\/div>\n \t\t<div id=\"ngg1-image-1361\">\n\t\t<div id=\"gallery-vertical-700-vh\">\n\t\t\t<img title=\"Eltono - West view\" alt=\"Eltono - West view\" src=\"https:\/\/www.eltono.com\/wp-content\/gallery\/sao-paulo-rojo-smart\/eltono-sp-jk2.jpg\"\/>\n\t\t\t<\/div><div id=\"gallery-vertical-700-vh-comment\">Eltono - West view\t\t<\/div>\n\t<\/div>\n \t\t<div id=\"ngg1-image-1351\">\n\t\t<div id=\"gallery-vertical-700-vh\">\n\t\t\t<img title=\"Nuria&#039;s building - South view\" alt=\"Nuria&#039;s building - South view\" src=\"https:\/\/www.eltono.com\/wp-content\/gallery\/sao-paulo-rojo-smart\/eltono-sp-jk10.jpg\"\/>\n\t\t\t<\/div><div id=\"gallery-vertical-700-vh-comment\">Nuria&#039;s building - South view\t\t<\/div>\n\t<\/div>\n \t\t<div id=\"ngg1-image-1378\">\n\t\t<div id=\"gallery-vertical-700-vh\">\n\t\t\t<img title=\"Nuria - North-East view\" alt=\"Nuria - North-East view\" src=\"https:\/\/www.eltono.com\/wp-content\/gallery\/sao-paulo-rojo-smart\/eltono-sp-jk35.jpg\"\/>\n\t\t\t<\/div><div id=\"gallery-vertical-700-vh-comment\">Nuria - North-East view\t\t<\/div>\n\t<\/div>\n \t\t<div id=\"ngg1-image-1383\">\n\t\t<div id=\"gallery-vertical-700-vh\">\n\t\t\t<img title=\"East view\" alt=\"East view\" src=\"https:\/\/www.eltono.com\/wp-content\/gallery\/sao-paulo-rojo-smart\/eltono-sp-jk4.jpg\"\/>\n\t\t\t<\/div><div id=\"gallery-vertical-700-vh-comment\">East view\t\t<\/div>\n\t<\/div>\n \t\t<div id=\"ngg1-image-1385\">\n\t\t<div id=\"gallery-vertical-700-vh\">\n\t\t\t<img title=\"Eltono&#039;s building from Nuria&#039;s crane! - West view\" alt=\"Eltono&#039;s building from Nuria&#039;s crane! - West view\" src=\"https:\/\/www.eltono.com\/wp-content\/gallery\/sao-paulo-rojo-smart\/eltono-sp-jk41.jpg\"\/>\n\t\t\t<\/div><div id=\"gallery-vertical-700-vh-comment\">Eltono&#039;s building from Nuria&#039;s crane! - West view\t\t<\/div>\n\t<\/div>\n \t\t<div id=\"ngg1-image-1391\">\n\t\t<div id=\"gallery-vertical-700-vh\">\n\t\t\t<img title=\"South-West view\" alt=\"South-West view\" src=\"https:\/\/www.eltono.com\/wp-content\/gallery\/sao-paulo-rojo-smart\/eltono-sp-jk6.jpg\"\/>\n\t\t\t<\/div><div id=\"gallery-vertical-700-vh-comment\">South-West view\t\t<\/div>\n\t<\/div>\n \t\t<div id=\"ngg1-image-1392\">\n\t\t<div id=\"gallery-vertical-700-vh\">\n\t\t\t<img title=\"Eltono + Galaxy Limo - South-East view\" alt=\"Eltono + Galaxy Limo - South-East view\" src=\"https:\/\/www.eltono.com\/wp-content\/gallery\/sao-paulo-rojo-smart\/eltono-sp-jk7.jpg\"\/>\n\t\t\t<\/div><div id=\"gallery-vertical-700-vh-comment\">Eltono + Galaxy Limo - South-East view\t\t<\/div>\n\t<\/div>\n \t\t<div id=\"ngg1-image-1386\">\n\t\t<div id=\"gallery-vertical-700-vh\">\n\t\t\t<img title=\"O time Fita Crepe!!!\" alt=\"O time Fita Crepe!!!\" src=\"https:\/\/www.eltono.com\/wp-content\/gallery\/sao-paulo-rojo-smart\/eltono-sp-jk42.jpg\"\/>\n\t\t\t<\/div><div id=\"gallery-vertical-700-vh-comment\">O time Fita Crepe!!!\t\t<\/div>\n\t<\/div>\n \t\t<div id=\"ngg1-image-1393\">\n\t\t<div id=\"gallery-vertical-700-vh\">\n\t\t\t<img title=\" \" alt=\" \" src=\"https:\/\/www.eltono.com\/wp-content\/gallery\/sao-paulo-rojo-smart\/eltono-sp-jk8.jpg\"\/>\n\t\t\t<\/div><div id=\"gallery-vertical-700-vh-comment\"> \t\t<\/div>\n\t<\/div>\n \t<\/div>\n<\/p>","protected":false},"excerpt":{"rendered":"<p>D\u00e9sol\u00e9, cet article n&#8217;est pas encore disponible en fran\u00e7ais.En attendant, vous pouvez toujours le lire en English ou en Espa\u00f1ol. For the sake of viewer convenience, the content is shown below in this site default language. You may click one of the links to switch the site language to another available language.Mural painting project for &hellip; <a href=\"https:\/\/www.eltono.com\/fr\/murals\/sao-paulo-rojo-out\/\" class=\"more-link\">Continue reading <span class=\"screen-reader-text\">Rojo Out<\/span><\/a><\/p>\n","protected":false},"author":1,"featured_media":13253,"parent":13155,"menu_order":0,"comment_status":"closed","ping_status":"closed","template":"","meta":{"ngg_post_thumbnail":0,"jetpack_post_was_ever_published":false,"footnotes":""},"categories":[293,349,112,260,266],"tags":[],"class_list":["post-2861","page","type-page","status-publish","has-post-thumbnail","hentry","category-293","category-csb","category-mural","category-page_mural","category-page_outdoor"],"jetpack_sharing_enabled":true,"jetpack_shortlink":"https:\/\/wp.me\/P7sWFx-K9","_links":{"self":[{"href":"https:\/\/www.eltono.com\/fr\/wp-json\/wp\/v2\/pages\/2861","targetHints":{"allow":["GET"]}}],"collection":[{"href":"https:\/\/www.eltono.com\/fr\/wp-json\/wp\/v2\/pages"}],"about":[{"href":"https:\/\/www.eltono.com\/fr\/wp-json\/wp\/v2\/types\/page"}],"author":[{"embeddable":true,"href":"https:\/\/www.eltono.com\/fr\/wp-json\/wp\/v2\/users\/1"}],"replies":[{"embeddable":true,"href":"https:\/\/www.eltono.com\/fr\/wp-json\/wp\/v2\/comments?post=2861"}],"version-history":[{"count":10,"href":"https:\/\/www.eltono.com\/fr\/wp-json\/wp\/v2\/pages\/2861\/revisions"}],"predecessor-version":[{"id":22214,"href":"https:\/\/www.eltono.com\/fr\/wp-json\/wp\/v2\/pages\/2861\/revisions\/22214"}],"up":[{"embeddable":true,"href":"https:\/\/www.eltono.com\/fr\/wp-json\/wp\/v2\/pages\/13155"}],"wp:featuredmedia":[{"embeddable":true,"href":"https:\/\/www.eltono.com\/fr\/wp-json\/wp\/v2\/media\/13253"}],"wp:attachment":[{"href":"https:\/\/www.eltono.com\/fr\/wp-json\/wp\/v2\/media?parent=2861"}],"wp:term":[{"taxonomy":"category","embeddable":true,"href":"https:\/\/www.eltono.com\/fr\/wp-json\/wp\/v2\/categories?post=2861"},{"taxonomy":"post_tag","embeddable":true,"href":"https:\/\/www.eltono.com\/fr\/wp-json\/wp\/v2\/tags?post=2861"}],"curies":[{"name":"wp","href":"https:\/\/api.w.org\/{rel}","templated":true}]}}