{"id":3451,"date":"2010-05-14T19:47:04","date_gmt":"2010-05-14T17:47:04","guid":{"rendered":"http:\/\/www.eltono.com\/?page_id=3451"},"modified":"2016-03-20T17:54:30","modified_gmt":"2016-03-20T15:54:30","slug":"reticula","status":"publish","type":"page","link":"https:\/\/www.eltono.com\/fr\/exhibitions\/solo\/reticula\/","title":{"rendered":"Ret\u00edcula"},"content":{"rendered":"<p class=\"qtranxs-available-languages-message qtranxs-available-languages-message-fr\">D\u00e9sol\u00e9, cet article n'est pas encore disponible en fran\u00e7ais.<br>En attendant, vous pouvez toujours le lire en <a href=\"https:\/\/www.eltono.com\/en\/wp-json\/wp\/v2\/pages\/3451\" class=\"qtranxs-available-language-link qtranxs-available-language-link-en\" title=\"English\">English<\/a> ou en <a href=\"https:\/\/www.eltono.com\/es\/wp-json\/wp\/v2\/pages\/3451\" class=\"qtranxs-available-language-link qtranxs-available-language-link-es\" title=\"Espa\u00f1ol\">Espa\u00f1ol<\/a>. For the sake of viewer convenience, the content is shown below in this site default language. You may click one of the links to switch the site language to another available language.<\/p><p><strong>Delimbo<\/strong><br \/>\nCalle P\u00e9rez Gald\u00f3s n\u00ba 1, Sevilla, Spain<br \/>\nMay 14th &#8211; July 15th 2010<\/p>\n<p>The <em><strong>Reticula<\/strong><\/em> exhibition is the study of a union between calculated geometric forms and uncontrolled factors such as wear caused by spontaneous actions produced by pedestrians. Through experiments in the streets of Seville, I observed how these external factors were affecting the works installed in the street while at the same time influencing the results that would be presented in the gallery.<\/p>\n<p>If you are interested in purchasing any of the pieces, please contact the gallery: <a href=\"http:\/\/www.delimbo.com\/\" target=\"_blank\">www.delimbo.com<\/a><\/p>\n<p><strong>I developed two experiments:<\/strong><\/p>\n<p>1 &#8211; <em>Script 1.1<\/em><br \/>\n2 &#8211; <em>Carteles Desgarrados (Torn Posters)<\/em><\/p>\n<h5><img loading=\"lazy\" decoding=\"async\" class=\"alignnone size-full wp-image-3511\" title=\"eltono-reticula02\" src=\"http:\/\/www.eltono.com\/wp-content\/uploads\/2010\/06\/eltono-reticula02.jpg\" alt=\"\" width=\"600\" height=\"450\" \/><\/h5>\n<h2><em>Script 1.1, Mural Descontrolado<\/em> (Uncontrolled Mural)<\/h2>\n<p>The <em>SCRIPT<\/em> project (<a href=\"http:\/\/www.eltono.com\/en\/exhibitions\/script-1-0\" target=\"_blank\">see <em>Script 1.0<\/em><\/a>) consists of murals painted by following a set of predefined rules determined by the artist. Thus, the development of the work is done in an uncontrolled manner and the end result is unexpected.<br \/>\nIn this way, the artist is a spectator in his own artwork, and can be surprised by the outcome.<\/p>\n<p>To run the script in Sevilla, I drew a grid on the wall where, according to the results obtained, the lines would be drawn. Each line depended on four elements:<\/p>\n<p>1 &#8211; A horizontal coordinate (a letter)<br \/>\n2 &#8211; A vertical coordinate (a number)<br \/>\n3 &#8211; A color<br \/>\n4 &#8211; A direction (an arrow)<br \/>\nFor example: E, 7, yellow, vertical upward.<\/p>\n<p>I decided to leave the choice (though unconscious) of these four elements to the pedestrians. I stapled sheets of paper arranged in four groups (one for each item) in the street. Each group made a sort of mini-notebook from which the leaves could be torn. In this manner the combinations that defined the lines of the mural were formed on there own. I walked around the city to record the state of the papers between four and six times a day. I only wrote down the codes generated on a site where at least one paper had been torn. Each time a new combination was generated, I wrote it down in a notebook in the order in which it was seen. The day before the opening, we reviewed all the combinations and painted each line in the order in which it was documented.<\/p>\n<p>The experiment lasted five days and 19 lines were painted.<\/p>\n<h2>Video:<\/h2>\n<p><iframe loading=\"lazy\" src=\"http:\/\/www.youtube.com\/embed\/vaTMUZiEhKY?rel=0\" width=\"600\" height=\"450\" frameborder=\"0\"><\/iframe><\/p>\n<h2>Photos:<\/h2>\n<p><style type=\"text\/css\" media=\"all\">\n\/* ----------- Galeria Vertical 700 vh ngg1 ------------*\/\n#gallery-vertical-700-vh{\n\t\/\/max-width: 100%;\n\t\/\/width: 700px;\n\tbackground-color: #ffffff;\n\ttext-align: left;\n}\n#gallery-vertical-700-vh img{\n\t\/\/max-width: 100%;\n\tvertical-align: bottom;\n}\n#gallery-vertical-700-vh-comment{\n\tword-wrap: break-word;\n\t\/\/width: 700px;\n\tmargin: 0 0 17px 0;\n}\n<\/style>\n<div class=\"ngg1-galleryoverview\" id=\"ngg1-gallery-b1cb3e6b3103ff3b3359f97f4deda3d8\">\n\t\t<div id=\"ngg1-image-1721\">\n\t\t<div id=\"gallery-vertical-700-vh\">\n\t\t\t<img title=\" \" alt=\" \" src=\"https:\/\/www.eltono.com\/wp-content\/gallery\/reticula\/eltono-reticula-mural-16.jpg\"\/>\n\t\t\t<\/div><div id=\"gallery-vertical-700-vh-comment\"> \t\t<\/div>\n\t<\/div>\n \t\t<div id=\"ngg1-image-1719\">\n\t\t<div id=\"gallery-vertical-700-vh\">\n\t\t\t<img title=\" \" alt=\" \" src=\"https:\/\/www.eltono.com\/wp-content\/gallery\/reticula\/eltono-reticula-mural-14.jpg\"\/>\n\t\t\t<\/div><div id=\"gallery-vertical-700-vh-comment\"> \t\t<\/div>\n\t<\/div>\n \t\t<div id=\"ngg1-image-1726\">\n\t\t<div id=\"gallery-vertical-700-vh\">\n\t\t\t<img title=\" \" alt=\" \" src=\"https:\/\/www.eltono.com\/wp-content\/gallery\/reticula\/eltono-reticula-mural-6.jpg\"\/>\n\t\t\t<\/div><div id=\"gallery-vertical-700-vh-comment\"> \t\t<\/div>\n\t<\/div>\n \t\t<div id=\"ngg1-image-1724\">\n\t\t<div id=\"gallery-vertical-700-vh\">\n\t\t\t<img title=\" \" alt=\" \" src=\"https:\/\/www.eltono.com\/wp-content\/gallery\/reticula\/eltono-reticula-mural-4.jpg\"\/>\n\t\t\t<\/div><div id=\"gallery-vertical-700-vh-comment\"> \t\t<\/div>\n\t<\/div>\n \t\t<div id=\"ngg1-image-1715\">\n\t\t<div id=\"gallery-vertical-700-vh\">\n\t\t\t<img title=\" \" alt=\" \" src=\"https:\/\/www.eltono.com\/wp-content\/gallery\/reticula\/eltono-reticula-mural-10.jpg\"\/>\n\t\t\t<\/div><div id=\"gallery-vertical-700-vh-comment\"> \t\t<\/div>\n\t<\/div>\n \t\t<div id=\"ngg1-image-1716\">\n\t\t<div id=\"gallery-vertical-700-vh\">\n\t\t\t<img title=\" \" alt=\" \" src=\"https:\/\/www.eltono.com\/wp-content\/gallery\/reticula\/eltono-reticula-mural-11.jpg\"\/>\n\t\t\t<\/div><div id=\"gallery-vertical-700-vh-comment\"> \t\t<\/div>\n\t<\/div>\n \t\t<div id=\"ngg1-image-1729\">\n\t\t<div id=\"gallery-vertical-700-vh\">\n\t\t\t<img title=\" \" alt=\" \" src=\"https:\/\/www.eltono.com\/wp-content\/gallery\/reticula\/eltono-reticula-mural-9.jpg\"\/>\n\t\t\t<\/div><div id=\"gallery-vertical-700-vh-comment\"> \t\t<\/div>\n\t<\/div>\n \t\t<div id=\"ngg1-image-1725\">\n\t\t<div id=\"gallery-vertical-700-vh\">\n\t\t\t<img title=\" \" alt=\" \" src=\"https:\/\/www.eltono.com\/wp-content\/gallery\/reticula\/eltono-reticula-mural-5.jpg\"\/>\n\t\t\t<\/div><div id=\"gallery-vertical-700-vh-comment\"> \t\t<\/div>\n\t<\/div>\n \t\t<div id=\"ngg1-image-1727\">\n\t\t<div id=\"gallery-vertical-700-vh\">\n\t\t\t<img title=\" \" alt=\" \" src=\"https:\/\/www.eltono.com\/wp-content\/gallery\/reticula\/eltono-reticula-mural-7.jpg\"\/>\n\t\t\t<\/div><div id=\"gallery-vertical-700-vh-comment\"> \t\t<\/div>\n\t<\/div>\n \t\t<div id=\"ngg1-image-1728\">\n\t\t<div id=\"gallery-vertical-700-vh\">\n\t\t\t<img title=\" \" alt=\" \" src=\"https:\/\/www.eltono.com\/wp-content\/gallery\/reticula\/eltono-reticula-mural-8.jpg\"\/>\n\t\t\t<\/div><div id=\"gallery-vertical-700-vh-comment\"> \t\t<\/div>\n\t<\/div>\n \t\t<div id=\"ngg1-image-1722\">\n\t\t<div id=\"gallery-vertical-700-vh\">\n\t\t\t<img title=\" \" alt=\" \" src=\"https:\/\/www.eltono.com\/wp-content\/gallery\/reticula\/eltono-reticula-mural-2.jpg\"\/>\n\t\t\t<\/div><div id=\"gallery-vertical-700-vh-comment\"> \t\t<\/div>\n\t<\/div>\n \t\t<div id=\"ngg1-image-1723\">\n\t\t<div id=\"gallery-vertical-700-vh\">\n\t\t\t<img title=\" \" alt=\" \" src=\"https:\/\/www.eltono.com\/wp-content\/gallery\/reticula\/eltono-reticula-mural-3.jpg\"\/>\n\t\t\t<\/div><div id=\"gallery-vertical-700-vh-comment\"> \t\t<\/div>\n\t<\/div>\n \t\t<div id=\"ngg1-image-1714\">\n\t\t<div id=\"gallery-vertical-700-vh\">\n\t\t\t<img title=\" \" alt=\" \" src=\"https:\/\/www.eltono.com\/wp-content\/gallery\/reticula\/eltono-reticula-mural-1.jpg\"\/>\n\t\t\t<\/div><div id=\"gallery-vertical-700-vh-comment\"> \t\t<\/div>\n\t<\/div>\n \t\t<div id=\"ngg1-image-1717\">\n\t\t<div id=\"gallery-vertical-700-vh\">\n\t\t\t<img title=\" \" alt=\" \" src=\"https:\/\/www.eltono.com\/wp-content\/gallery\/reticula\/eltono-reticula-mural-12.jpg\"\/>\n\t\t\t<\/div><div id=\"gallery-vertical-700-vh-comment\"> \t\t<\/div>\n\t<\/div>\n \t\t<div id=\"ngg1-image-1718\">\n\t\t<div id=\"gallery-vertical-700-vh\">\n\t\t\t<img title=\" \" alt=\" \" src=\"https:\/\/www.eltono.com\/wp-content\/gallery\/reticula\/eltono-reticula-mural-13.jpg\"\/>\n\t\t\t<\/div><div id=\"gallery-vertical-700-vh-comment\"> \t\t<\/div>\n\t<\/div>\n \t\t<div id=\"ngg1-image-1735\">\n\t\t<div id=\"gallery-vertical-700-vh\">\n\t\t\t<img title=\" \" alt=\" \" src=\"https:\/\/www.eltono.com\/wp-content\/gallery\/reticula\/eltono-reticula-mural-18.jpg\"\/>\n\t\t\t<\/div><div id=\"gallery-vertical-700-vh-comment\"> \t\t<\/div>\n\t<\/div>\n \t<\/div>\n<\/p>\n<p><a href=\"http:\/\/www.eltono.com\/wp-content\/uploads\/2010\/06\/eltono-reticula-mural-17g.jpg\"><img loading=\"lazy\" decoding=\"async\" class=\"alignnone size-medium wp-image-3539\" title=\"eltono-reticula-mural-17g\" src=\"http:\/\/www.eltono.com\/wp-content\/uploads\/2010\/06\/eltono-reticula-mural-17g-600x450.jpg\" alt=\"\" width=\"600\" height=\"450\" \/><\/a><br \/>\n(Click on the picture to enlarge.)<\/p>\n<h2><em>Carteles Desgarrados<\/em> (Torn Posters)<\/h2>\n<p>I returned to the <a href=\"http:\/\/www.eltono.com\/en\/projects\/pubblico\" target=\"_blank\"><em>Pubblico<\/em><\/a> project but this time with more refined designs, as an homage to both Jacques Villegl\u00e9 and Daniel Buren. Like the previous project in Milan, once the posters were plastered, I only allowed myself to observe and decide when it was time to retrieve them. Of the 15 sets of posters that were pasted, 8 were recovered and exhibited in the gallery. Some took less than 12 hours to be modified and others more than 5 days.<\/p>\n<h2>Video:<\/h2>\n<p><iframe loading=\"lazy\" src=\"https:\/\/player.vimeo.com\/video\/41251407?title=0&amp;byline=0&amp;portrait=0\" width=\"700\" height=\"393\" frameborder=\"0\" allowfullscreen=\"allowfullscreen\"><\/iframe><\/p>\n<h2>Photos:<\/h2>\n<p>Click on the pictures to enlarge.<br \/>\n<a href=\"http:\/\/www.eltono.com\/wp-content\/uploads\/2010\/06\/eltono-reticula-cartel9-g.jpg\"><img loading=\"lazy\" decoding=\"async\" class=\"alignnone size-medium wp-image-3467\" title=\"eltono-reticula-cartel9-g\" src=\"http:\/\/www.eltono.com\/wp-content\/uploads\/2010\/06\/eltono-reticula-cartel9-g-600x450.jpg\" alt=\"\" width=\"600\" height=\"450\" \/><\/a><br \/>\nSet #1<br \/>\nCalle Santa Paula 22<br \/>\nPosted: 10\/05\/2010 at 00h59<br \/>\nRecovered: 11\/05\/2010 at 14h40<\/p>\n<p><a href=\"http:\/\/www.eltono.com\/wp-content\/uploads\/2010\/06\/eltono-reticula-cartel8-g.jpg\"><img loading=\"lazy\" decoding=\"async\" class=\"alignnone size-medium wp-image-3466\" title=\"eltono-reticula-cartel8-g\" src=\"http:\/\/www.eltono.com\/wp-content\/uploads\/2010\/06\/eltono-reticula-cartel8-g-600x450.jpg\" alt=\"\" width=\"600\" height=\"450\" \/><\/a><br \/>\nSet #2<br \/>\nCalle San Luis 7<br \/>\nPosted: 10\/05\/2010 at 01h06<br \/>\nRecovered: 11\/05\/2010 at 14h08<\/p>\n<p><a href=\"http:\/\/www.eltono.com\/wp-content\/uploads\/2010\/06\/eltono-reticula-cartel14-g.jpg\"><img loading=\"lazy\" decoding=\"async\" class=\"alignnone size-medium wp-image-3496\" title=\"eltono-reticula-cartel14-g\" src=\"http:\/\/www.eltono.com\/wp-content\/uploads\/2010\/06\/eltono-reticula-cartel14-g-600x225.jpg\" alt=\"\" width=\"600\" height=\"225\" \/><\/a><br \/>\nSet #3<br \/>\nCalle San Luis 18<br \/>\nPosted: 10\/05\/2010 at 01h13<br \/>\nDisappearance documented: 10\/05\/2010 at 11h49<\/p>\n<p><a href=\"http:\/\/www.eltono.com\/wp-content\/uploads\/2010\/06\/eltono-reticula-cartel11-g.jpg\"><img loading=\"lazy\" decoding=\"async\" class=\"alignnone size-medium wp-image-3493\" title=\"eltono-reticula-cartel11-g\" src=\"http:\/\/www.eltono.com\/wp-content\/uploads\/2010\/06\/eltono-reticula-cartel11-g-600x450.jpg\" alt=\"\" width=\"600\" height=\"450\" \/><\/a><br \/>\nSet #4<br \/>\nCalle San Luis 28<br \/>\nPosted: 10\/05\/2010 at 01h18<br \/>\nLast seen: 15\/05\/2010 at 17h46<\/p>\n<p><a href=\"http:\/\/www.eltono.com\/wp-content\/uploads\/2010\/06\/eltono-reticula-cartel7-g.jpg\"><img loading=\"lazy\" decoding=\"async\" class=\"alignnone size-medium wp-image-3468\" title=\"eltono-reticula-cartel7-g\" src=\"http:\/\/www.eltono.com\/wp-content\/uploads\/2010\/06\/eltono-reticula-cartel7-g-600x450.jpg\" alt=\"\" width=\"600\" height=\"450\" \/><\/a><br \/>\nSet #5<br \/>\nCalle San Luis 40<br \/>\nPosted: 10\/05\/2010 at 01h32<br \/>\nDisappearance documented: 13\/05\/2010 at 14h13<\/p>\n<p><a href=\"http:\/\/www.eltono.com\/wp-content\/uploads\/2010\/06\/eltono-reticula-cartel6-g.jpg\"><img loading=\"lazy\" decoding=\"async\" class=\"alignnone size-medium wp-image-3467\" title=\"eltono-reticula-cartel6-g\" src=\"http:\/\/www.eltono.com\/wp-content\/uploads\/2010\/06\/eltono-reticula-cartel6-g-600x450.jpg\" alt=\"\" width=\"600\" height=\"450\" \/><\/a><br \/>\nSet #6<br \/>\nPlaza Santa isabel 3<br \/>\nPosted: 10\/05\/2010 at 01h39<br \/>\nRecovered: 11\/05\/2010 at 14h17<\/p>\n<p><a href=\"http:\/\/www.eltono.com\/wp-content\/uploads\/2010\/06\/eltono-reticula-cartel15-g.jpg\"><img loading=\"lazy\" decoding=\"async\" class=\"alignnone size-medium wp-image-3500\" title=\"eltono-reticula-cartel15-g\" src=\"http:\/\/www.eltono.com\/wp-content\/uploads\/2010\/06\/eltono-reticula-cartel15-g-600x225.jpg\" alt=\"\" width=\"600\" height=\"225\" \/><\/a><br \/>\nSet #7<br \/>\nPlaza de la Alameda 94<br \/>\nPosted: 10\/05\/2010 at 22h12<br \/>\nDisappearance documented: 11\/05\/2010 at 18h26<\/p>\n<p><a href=\"http:\/\/www.eltono.com\/wp-content\/uploads\/2010\/06\/eltono-reticula-cartel12-4-g.jpg\"><img loading=\"lazy\" decoding=\"async\" class=\"alignnone size-medium wp-image-3494\" title=\"eltono-reticula-cartel12-4-g\" src=\"http:\/\/www.eltono.com\/wp-content\/uploads\/2010\/06\/eltono-reticula-cartel12-4-g-600x450.jpg\" alt=\"\" width=\"600\" height=\"450\" \/><\/a><br \/>\nSet #8<br \/>\nPlaza de la Alameda<br \/>\nPosted: 10\/05\/2010 at 22h52<br \/>\nRecovered: 11\/05\/2010 at 13h34<\/p>\n<p><a href=\"http:\/\/www.eltono.com\/wp-content\/uploads\/2010\/06\/eltono-reticula-cartel13-g.jpg\"><img loading=\"lazy\" decoding=\"async\" class=\"alignnone size-medium wp-image-3495\" title=\"eltono-reticula-cartel13-g\" src=\"http:\/\/www.eltono.com\/wp-content\/uploads\/2010\/06\/eltono-reticula-cartel13-g-600x225.jpg\" alt=\"\" width=\"600\" height=\"225\" \/><\/a><br \/>\nSet #9<br \/>\nPlaza de la Alameda<br \/>\nPosted: 10\/05\/2010 at 23h03<br \/>\nDisappearance documented: 11\/05\/2010 at 13h41<\/p>\n<p><a href=\"http:\/\/www.eltono.com\/wp-content\/uploads\/2010\/06\/eltono-reticula-cartel5-g.jpg\"><img loading=\"lazy\" decoding=\"async\" class=\"alignnone size-medium wp-image-3463\" title=\"eltono-reticula-cartel5-g\" src=\"http:\/\/www.eltono.com\/wp-content\/uploads\/2010\/06\/eltono-reticula-cartel5-g-600x450.jpg\" alt=\"\" width=\"600\" height=\"450\" \/><\/a><br \/>\nSet #10<br \/>\nCalle Belen 1<br \/>\nPosted: 10\/05\/2010 at 23h16<br \/>\nLast seen: 16\/05\/2010 at 13h36<\/p>\n<p><a href=\"http:\/\/www.eltono.com\/wp-content\/uploads\/2010\/06\/eltono-reticula-cartel4-g.jpg\"><img loading=\"lazy\" decoding=\"async\" class=\"alignnone size-medium wp-image-3462\" title=\"eltono-reticula-cartel4-g\" src=\"http:\/\/www.eltono.com\/wp-content\/uploads\/2010\/06\/eltono-reticula-cartel4-g-600x450.jpg\" alt=\"\" width=\"600\" height=\"450\" \/><\/a><br \/>\nSet #11<br \/>\nCalle Peris Mencheta 4<br \/>\nPosted: 10\/05\/2010 at 23h31<br \/>\nRecovered: 11\/05\/2010 at 01h51<\/p>\n<p><a href=\"http:\/\/www.eltono.com\/wp-content\/uploads\/2010\/06\/eltono-reticula-cartel3-g.jpg\"><img loading=\"lazy\" decoding=\"async\" class=\"alignnone size-medium wp-image-3461\" title=\"eltono-reticula-cartel3-g\" src=\"http:\/\/www.eltono.com\/wp-content\/uploads\/2010\/06\/eltono-reticula-cartel3-g-600x450.jpg\" alt=\"\" width=\"600\" height=\"450\" \/><\/a><br \/>\nSet #12<br \/>\nCalle Cruz Verde 4<br \/>\nPosted: 11\/05\/2010 at 00h49<br \/>\nRecovered: 12\/05\/2010 at 16h49<\/p>\n<p><a href=\"http:\/\/www.eltono.com\/wp-content\/uploads\/2010\/06\/eltono-reticula-cartel2-g.jpg\"><img loading=\"lazy\" decoding=\"async\" class=\"alignnone size-medium wp-image-3460\" title=\"eltono-reticula-cartel2-g\" src=\"http:\/\/www.eltono.com\/wp-content\/uploads\/2010\/06\/eltono-reticula-cartel2-g-600x450.jpg\" alt=\"\" width=\"600\" height=\"450\" \/><\/a><br \/>\nSet #13<br \/>\nCalle Cruz Verde 10<br \/>\nPosted: 11\/05\/2010 at 00h55<br \/>\nRecovered: 12\/05\/2010 at 16h32<\/p>\n<p><a href=\"http:\/\/www.eltono.com\/wp-content\/uploads\/2010\/06\/eltono-reticula-cartel10-g.jpg\"><img loading=\"lazy\" decoding=\"async\" class=\"alignnone size-medium wp-image-3492\" title=\"eltono-reticula-cartel10-g\" src=\"http:\/\/www.eltono.com\/wp-content\/uploads\/2010\/06\/eltono-reticula-cartel10-g-600x450.jpg\" alt=\"\" width=\"600\" height=\"450\" \/><\/a><br \/>\nSet #14<br \/>\nCalle Corredur\u00eda 46<br \/>\nPosted: 11\/05\/2010 at 01h03<br \/>\nLast seen: 15\/05\/2010 at 23h56<\/p>\n<p><a href=\"http:\/\/www.eltono.com\/wp-content\/uploads\/2010\/06\/eltono-reticula-cartel1-g.jpg\"><img loading=\"lazy\" decoding=\"async\" class=\"alignnone size-medium wp-image-3457\" title=\"eltono-reticula-cartel1-g\" src=\"http:\/\/www.eltono.com\/wp-content\/uploads\/2010\/06\/eltono-reticula-cartel1-g-600x450.jpg\" alt=\"\" width=\"600\" height=\"450\" \/><\/a><br \/>\nSet #15<br \/>\nCalle Churruca 5<br \/>\nPosted: 11\/05\/2010 at 01h10<br \/>\nRecovered: 13\/05\/2010 at 16h56<\/p>\n<p><img loading=\"lazy\" decoding=\"async\" class=\"alignnone size-full wp-image-3529\" title=\"eltono-reticula-todos2\" src=\"http:\/\/www.eltono.com\/wp-content\/uploads\/2010\/06\/eltono-reticula-todos2.jpg\" alt=\"\" width=\"600\" height=\"450\" \/><\/p>\n<p><img loading=\"lazy\" decoding=\"async\" class=\"alignnone size-full wp-image-3528\" title=\"eltono-reticula-fotos2\" src=\"http:\/\/www.eltono.com\/wp-content\/uploads\/2010\/06\/eltono-reticula-fotos2.jpg\" alt=\"\" width=\"600\" height=\"450\" \/><\/p>\n<p>Thanks to Laura, Seleka, Victoire, Rorro and Axel.<\/p>","protected":false},"excerpt":{"rendered":"<p>D\u00e9sol\u00e9, cet article n&#8217;est pas encore disponible en fran\u00e7ais.En attendant, vous pouvez toujours le lire en English ou en Espa\u00f1ol. For the sake of viewer convenience, the content is shown below in this site default language. You may click one of the links to switch the site language to another available language.Delimbo Calle P\u00e9rez Gald\u00f3s &hellip; <a href=\"https:\/\/www.eltono.com\/fr\/exhibitions\/solo\/reticula\/\" class=\"more-link\">Continue reading <span class=\"screen-reader-text\">Ret\u00edcula<\/span><\/a><\/p>\n","protected":false},"author":1,"featured_media":13517,"parent":13432,"menu_order":0,"comment_status":"closed","ping_status":"closed","template":"","meta":{"ngg_post_thumbnail":0,"jetpack_post_was_ever_published":false,"footnotes":""},"categories":[292,3,112,261,265,264,263],"tags":[],"class_list":["post-3451","page","type-page","status-publish","has-post-thumbnail","hentry","category-292","category-exhibitions","category-mural","category-page_expo","category-page_indoor","category-page_solo_show","category-solo-show"],"jetpack_sharing_enabled":true,"jetpack_shortlink":"https:\/\/wp.me\/P7sWFx-TF","_links":{"self":[{"href":"https:\/\/www.eltono.com\/fr\/wp-json\/wp\/v2\/pages\/3451","targetHints":{"allow":["GET"]}}],"collection":[{"href":"https:\/\/www.eltono.com\/fr\/wp-json\/wp\/v2\/pages"}],"about":[{"href":"https:\/\/www.eltono.com\/fr\/wp-json\/wp\/v2\/types\/page"}],"author":[{"embeddable":true,"href":"https:\/\/www.eltono.com\/fr\/wp-json\/wp\/v2\/users\/1"}],"replies":[{"embeddable":true,"href":"https:\/\/www.eltono.com\/fr\/wp-json\/wp\/v2\/comments?post=3451"}],"version-history":[{"count":40,"href":"https:\/\/www.eltono.com\/fr\/wp-json\/wp\/v2\/pages\/3451\/revisions"}],"predecessor-version":[{"id":15333,"href":"https:\/\/www.eltono.com\/fr\/wp-json\/wp\/v2\/pages\/3451\/revisions\/15333"}],"up":[{"embeddable":true,"href":"https:\/\/www.eltono.com\/fr\/wp-json\/wp\/v2\/pages\/13432"}],"wp:featuredmedia":[{"embeddable":true,"href":"https:\/\/www.eltono.com\/fr\/wp-json\/wp\/v2\/media\/13517"}],"wp:attachment":[{"href":"https:\/\/www.eltono.com\/fr\/wp-json\/wp\/v2\/media?parent=3451"}],"wp:term":[{"taxonomy":"category","embeddable":true,"href":"https:\/\/www.eltono.com\/fr\/wp-json\/wp\/v2\/categories?post=3451"},{"taxonomy":"post_tag","embeddable":true,"href":"https:\/\/www.eltono.com\/fr\/wp-json\/wp\/v2\/tags?post=3451"}],"curies":[{"name":"wp","href":"https:\/\/api.w.org\/{rel}","templated":true}]}}