{"id":3863,"date":"2010-06-14T10:17:47","date_gmt":"2010-06-14T08:17:47","guid":{"rendered":"http:\/\/www.eltono.com\/?page_id=3863"},"modified":"2022-01-05T18:12:18","modified_gmt":"2022-01-05T16:12:18","slug":"sen-thang-long-hotel","status":"publish","type":"page","link":"https:\/\/www.eltono.com\/fr\/murals\/sen-thang-long-hotel\/","title":{"rendered":"Sen Th\u0103ng Long Hotel"},"content":{"rendered":"<p class=\"qtranxs-available-languages-message qtranxs-available-languages-message-fr\">D\u00e9sol\u00e9, cet article n'est pas encore disponible en fran\u00e7ais.<br>En attendant, vous pouvez toujours le lire en <a href=\"https:\/\/www.eltono.com\/en\/wp-json\/wp\/v2\/pages\/3863\" class=\"qtranxs-available-language-link qtranxs-available-language-link-en\" title=\"English\">English<\/a> ou en <a href=\"https:\/\/www.eltono.com\/es\/wp-json\/wp\/v2\/pages\/3863\" class=\"qtranxs-available-language-link qtranxs-available-language-link-es\" title=\"Espa\u00f1ol\">Espa\u00f1ol<\/a>. For the sake of viewer convenience, the content is shown below in this site default language. You may click one of the links to switch the site language to another available language.<\/p><p>Hanoi, Vietnam<br \/>\nJune 2010<\/p>\n<p>Project commissioned by the <a href=\"http:\/\/www.aecid.es\/en\/index.html\" target=\"_blank\" rel=\"noopener noreferrer\">AECID<\/a><\/p>\n<p>At the end of June 2010 I was invited by the <strong>Spanish embassy in Hanoi <\/strong>to paint the facade of the <strong>Sen Thang Long<\/strong> hotel, in Nguy\u1ec5n Tr\u01b0\u1eddng T\u1ed9 street, close to the Old Quarter. I spent 20 days there and was helped by <strong>Duy, B\u00e1i, Th\u0103ng y Nhi<\/strong>, four painters used to extreme working conditions, who ended being my hosts and allowed me discover the city and Vietnamese culture in a very unusual and authentic way.<\/p>\n<p><style type=\"text\/css\" media=\"all\">\n\/* ----------- Galeria Vertical 700 vh ngg1 ------------*\/\n#gallery-vertical-700-vh{\n\t\/\/max-width: 100%;\n\t\/\/width: 700px;\n\tbackground-color: #ffffff;\n\ttext-align: left;\n}\n#gallery-vertical-700-vh img{\n\t\/\/max-width: 100%;\n\tvertical-align: bottom;\n}\n#gallery-vertical-700-vh-comment{\n\tword-wrap: break-word;\n\t\/\/width: 700px;\n\tmargin: 0 0 17px 0;\n}\n<\/style>\n<div class=\"ngg1-galleryoverview\" id=\"ngg1-gallery-dad39210aeb357b8747615b484f2bfe8\">\n\t\t<div id=\"ngg1-image-1837\">\n\t\t<div id=\"gallery-vertical-700-vh\">\n\t\t\t<img title=\" \" alt=\" \" src=\"https:\/\/www.eltono.com\/wp-content\/gallery\/hanoi\/eltono-hanoi-03.jpg\"\/>\n\t\t\t<\/div><div id=\"gallery-vertical-700-vh-comment\"> \t\t<\/div>\n\t<\/div>\n \t\t<div id=\"ngg1-image-1838\">\n\t\t<div id=\"gallery-vertical-700-vh\">\n\t\t\t<img title=\"Scaffolding arriving on the first day\" alt=\"Scaffolding arriving on the first day\" src=\"https:\/\/www.eltono.com\/wp-content\/gallery\/hanoi\/eltono-hanoi-04.jpg\"\/>\n\t\t\t<\/div><div id=\"gallery-vertical-700-vh-comment\">Scaffolding arriving on the first day\t\t<\/div>\n\t<\/div>\n \t\t<div id=\"ngg1-image-1836\">\n\t\t<div id=\"gallery-vertical-700-vh\">\n\t\t\t<img title=\"Duy and Nhi building the scaffolding\" alt=\"Duy and Nhi building the scaffolding\" src=\"https:\/\/www.eltono.com\/wp-content\/gallery\/hanoi\/eltono-hanoi-02.jpg\"\/>\n\t\t\t<\/div><div id=\"gallery-vertical-700-vh-comment\">Duy and Nhi building the scaffolding\t\t<\/div>\n\t<\/div>\n \t\t<div id=\"ngg1-image-1839\">\n\t\t<div id=\"gallery-vertical-700-vh\">\n\t\t\t<img title=\" \" alt=\" \" src=\"https:\/\/www.eltono.com\/wp-content\/gallery\/hanoi\/eltono-hanoi-05.jpg\"\/>\n\t\t\t<\/div><div id=\"gallery-vertical-700-vh-comment\"> \t\t<\/div>\n\t<\/div>\n \t\t<div id=\"ngg1-image-1840\">\n\t\t<div id=\"gallery-vertical-700-vh\">\n\t\t\t<img title=\"Progress at the end of the first day\" alt=\"Progress at the end of the first day\" src=\"https:\/\/www.eltono.com\/wp-content\/gallery\/hanoi\/eltono-hanoi-06.jpg\"\/>\n\t\t\t<\/div><div id=\"gallery-vertical-700-vh-comment\">Progress at the end of the first day\t\t<\/div>\n\t<\/div>\n \t\t<div id=\"ngg1-image-1841\">\n\t\t<div id=\"gallery-vertical-700-vh\">\n\t\t\t<img title=\" \" alt=\" \" src=\"https:\/\/www.eltono.com\/wp-content\/gallery\/hanoi\/eltono-hanoi-07.jpg\"\/>\n\t\t\t<\/div><div id=\"gallery-vertical-700-vh-comment\"> \t\t<\/div>\n\t<\/div>\n \t\t<div id=\"ngg1-image-1842\">\n\t\t<div id=\"gallery-vertical-700-vh\">\n\t\t\t<img title=\"Third day\" alt=\"Third day\" src=\"https:\/\/www.eltono.com\/wp-content\/gallery\/hanoi\/eltono-hanoi-08.jpg\"\/>\n\t\t\t<\/div><div id=\"gallery-vertical-700-vh-comment\">Third day\t\t<\/div>\n\t<\/div>\n \t\t<div id=\"ngg1-image-1843\">\n\t\t<div id=\"gallery-vertical-700-vh\">\n\t\t\t<img title=\" \" alt=\" \" src=\"https:\/\/www.eltono.com\/wp-content\/gallery\/hanoi\/eltono-hanoi-09.jpg\"\/>\n\t\t\t<\/div><div id=\"gallery-vertical-700-vh-comment\"> \t\t<\/div>\n\t<\/div>\n \t\t<div id=\"ngg1-image-1844\">\n\t\t<div id=\"gallery-vertical-700-vh\">\n\t\t\t<img title=\"Fourth day\" alt=\"Fourth day\" src=\"https:\/\/www.eltono.com\/wp-content\/gallery\/hanoi\/eltono-hanoi-10.jpg\"\/>\n\t\t\t<\/div><div id=\"gallery-vertical-700-vh-comment\">Fourth day\t\t<\/div>\n\t<\/div>\n \t\t<div id=\"ngg1-image-1845\">\n\t\t<div id=\"gallery-vertical-700-vh\">\n\t\t\t<img title=\"B\u00e1i\" alt=\"B\u00e1i\" src=\"https:\/\/www.eltono.com\/wp-content\/gallery\/hanoi\/eltono-hanoi-11.jpg\"\/>\n\t\t\t<\/div><div id=\"gallery-vertical-700-vh-comment\">B\u00e1i\t\t<\/div>\n\t<\/div>\n \t\t<div id=\"ngg1-image-1846\">\n\t\t<div id=\"gallery-vertical-700-vh\">\n\t\t\t<img title=\"B\u00e1i and Nhi\" alt=\"B\u00e1i and Nhi\" src=\"https:\/\/www.eltono.com\/wp-content\/gallery\/hanoi\/eltono-hanoi-12.jpg\"\/>\n\t\t\t<\/div><div id=\"gallery-vertical-700-vh-comment\">B\u00e1i and Nhi\t\t<\/div>\n\t<\/div>\n \t\t<div id=\"ngg1-image-1847\">\n\t\t<div id=\"gallery-vertical-700-vh\">\n\t\t\t<img title=\"On the fifth day we had to stop because of the rain and when it&#039;s raining in Hanoi, it&#039;s raining!\" alt=\"On the fifth day we had to stop because of the rain and when it&#039;s raining in Hanoi, it&#039;s raining!\" src=\"https:\/\/www.eltono.com\/wp-content\/gallery\/hanoi\/eltono-hanoi-13.jpg\"\/>\n\t\t\t<\/div><div id=\"gallery-vertical-700-vh-comment\">On the fifth day we had to stop because of the rain and when it&#039;s raining in Hanoi, it&#039;s raining!\t\t<\/div>\n\t<\/div>\n \t\t<div id=\"ngg1-image-1848\">\n\t\t<div id=\"gallery-vertical-700-vh\">\n\t\t\t<img title=\" \" alt=\" \" src=\"https:\/\/www.eltono.com\/wp-content\/gallery\/hanoi\/eltono-hanoi-14.jpg\"\/>\n\t\t\t<\/div><div id=\"gallery-vertical-700-vh-comment\"> \t\t<\/div>\n\t<\/div>\n \t\t<div id=\"ngg1-image-1849\">\n\t\t<div id=\"gallery-vertical-700-vh\">\n\t\t\t<img title=\"Th\u0103ng giving me the &quot;b\u0103ng&quot; (tape)\" alt=\"Th\u0103ng giving me the &quot;b\u0103ng&quot; (tape)\" src=\"https:\/\/www.eltono.com\/wp-content\/gallery\/hanoi\/eltono-hanoi-15.jpg\"\/>\n\t\t\t<\/div><div id=\"gallery-vertical-700-vh-comment\">Th\u0103ng giving me the &quot;b\u0103ng&quot; (tape)\t\t<\/div>\n\t<\/div>\n \t\t<div id=\"ngg1-image-1850\">\n\t\t<div id=\"gallery-vertical-700-vh\">\n\t\t\t<img title=\"After one week\" alt=\"After one week\" src=\"https:\/\/www.eltono.com\/wp-content\/gallery\/hanoi\/eltono-hanoi-16.jpg\"\/>\n\t\t\t<\/div><div id=\"gallery-vertical-700-vh-comment\">After one week\t\t<\/div>\n\t<\/div>\n \t\t<div id=\"ngg1-image-1851\">\n\t\t<div id=\"gallery-vertical-700-vh\">\n\t\t\t<img title=\"Duy and Nhi\" alt=\"Duy and Nhi\" src=\"https:\/\/www.eltono.com\/wp-content\/gallery\/hanoi\/eltono-hanoi-17.jpg\"\/>\n\t\t\t<\/div><div id=\"gallery-vertical-700-vh-comment\">Duy and Nhi\t\t<\/div>\n\t<\/div>\n \t\t<div id=\"ngg1-image-1852\">\n\t\t<div id=\"gallery-vertical-700-vh\">\n\t\t\t<img title=\"Duy retouching\" alt=\"Duy retouching\" src=\"https:\/\/www.eltono.com\/wp-content\/gallery\/hanoi\/eltono-hanoi-18.jpg\"\/>\n\t\t\t<\/div><div id=\"gallery-vertical-700-vh-comment\">Duy retouching\t\t<\/div>\n\t<\/div>\n \t\t<div id=\"ngg1-image-1853\">\n\t\t<div id=\"gallery-vertical-700-vh\">\n\t\t\t<img title=\"Duy taping\" alt=\"Duy taping\" src=\"https:\/\/www.eltono.com\/wp-content\/gallery\/hanoi\/eltono-hanoi-19.jpg\"\/>\n\t\t\t<\/div><div id=\"gallery-vertical-700-vh-comment\">Duy taping\t\t<\/div>\n\t<\/div>\n \t\t<div id=\"ngg1-image-1854\">\n\t\t<div id=\"gallery-vertical-700-vh\">\n\t\t\t<img title=\"Duy and Th\u0103ng painting the fifth floor\" alt=\"Duy and Th\u0103ng painting the fifth floor\" src=\"https:\/\/www.eltono.com\/wp-content\/gallery\/hanoi\/eltono-hanoi-20.jpg\"\/>\n\t\t\t<\/div><div id=\"gallery-vertical-700-vh-comment\">Duy and Th\u0103ng painting the fifth floor\t\t<\/div>\n\t<\/div>\n \t\t<div id=\"ngg1-image-1855\">\n\t\t<div id=\"gallery-vertical-700-vh\">\n\t\t\t<img title=\"Duy hiding from sun!\" alt=\"Duy hiding from sun!\" src=\"https:\/\/www.eltono.com\/wp-content\/gallery\/hanoi\/eltono-hanoi-21.jpg\"\/>\n\t\t\t<\/div><div id=\"gallery-vertical-700-vh-comment\">Duy hiding from sun!\t\t<\/div>\n\t<\/div>\n \t\t<div id=\"ngg1-image-1857\">\n\t\t<div id=\"gallery-vertical-700-vh\">\n\t\t\t<img title=\" \" alt=\" \" src=\"https:\/\/www.eltono.com\/wp-content\/gallery\/hanoi\/eltono-hanoi-23.jpg\"\/>\n\t\t\t<\/div><div id=\"gallery-vertical-700-vh-comment\"> \t\t<\/div>\n\t<\/div>\n \t\t<div id=\"ngg1-image-1858\">\n\t\t<div id=\"gallery-vertical-700-vh\">\n\t\t\t<img title=\" \" alt=\" \" src=\"https:\/\/www.eltono.com\/wp-content\/gallery\/hanoi\/eltono-hanoi-24.jpg\"\/>\n\t\t\t<\/div><div id=\"gallery-vertical-700-vh-comment\"> \t\t<\/div>\n\t<\/div>\n \t\t<div id=\"ngg1-image-1859\">\n\t\t<div id=\"gallery-vertical-700-vh\">\n\t\t\t<img title=\" \" alt=\" \" src=\"https:\/\/www.eltono.com\/wp-content\/gallery\/hanoi\/eltono-hanoi-25.jpg\"\/>\n\t\t\t<\/div><div id=\"gallery-vertical-700-vh-comment\"> \t\t<\/div>\n\t<\/div>\n \t\t<div id=\"ngg1-image-1860\">\n\t\t<div id=\"gallery-vertical-700-vh\">\n\t\t\t<img title=\"Nhi, Th\u0103ng and Duy\" alt=\"Nhi, Th\u0103ng and Duy\" src=\"https:\/\/www.eltono.com\/wp-content\/gallery\/hanoi\/eltono-hanoi-26.jpg\"\/>\n\t\t\t<\/div><div id=\"gallery-vertical-700-vh-comment\">Nhi, Th\u0103ng and Duy\t\t<\/div>\n\t<\/div>\n \t\t<div id=\"ngg1-image-1861\">\n\t\t<div id=\"gallery-vertical-700-vh\">\n\t\t\t<img title=\"The scaffolding left as it came, by motorbike.\" alt=\"The scaffolding left as it came, by motorbike.\" src=\"https:\/\/www.eltono.com\/wp-content\/gallery\/hanoi\/eltono-hanoi-27.jpg\"\/>\n\t\t\t<\/div><div id=\"gallery-vertical-700-vh-comment\">The scaffolding left as it came, by motorbike.\t\t<\/div>\n\t<\/div>\n \t\t<div id=\"ngg1-image-1862\">\n\t\t<div id=\"gallery-vertical-700-vh\">\n\t\t\t<img title=\" \" alt=\" \" src=\"https:\/\/www.eltono.com\/wp-content\/gallery\/hanoi\/eltono-hanoi-28.jpg\"\/>\n\t\t\t<\/div><div id=\"gallery-vertical-700-vh-comment\"> \t\t<\/div>\n\t<\/div>\n \t\t<div id=\"ngg1-image-1863\">\n\t\t<div id=\"gallery-vertical-700-vh\">\n\t\t\t<img title=\" \" alt=\" \" src=\"https:\/\/www.eltono.com\/wp-content\/gallery\/hanoi\/eltono-hanoi-29.jpg\"\/>\n\t\t\t<\/div><div id=\"gallery-vertical-700-vh-comment\"> \t\t<\/div>\n\t<\/div>\n \t\t<div id=\"ngg1-image-1865\">\n\t\t<div id=\"gallery-vertical-700-vh\">\n\t\t\t<img title=\" \" alt=\" \" src=\"https:\/\/www.eltono.com\/wp-content\/gallery\/hanoi\/eltono-hanoi-31.jpg\"\/>\n\t\t\t<\/div><div id=\"gallery-vertical-700-vh-comment\"> \t\t<\/div>\n\t<\/div>\n \t<\/div>\n<\/p>\n<p><a href=\"http:\/\/www.eltono.com\/wp-content\/uploads\/2010\/07\/eltono-hanoi-32-g.jpg\"><img loading=\"lazy\" decoding=\"async\" class=\"alignnone wp-image-3910\" title=\"eltono-hanoi-32-g\" src=\"http:\/\/www.eltono.com\/wp-content\/uploads\/2010\/07\/eltono-hanoi-32-g-600x450.jpg\" alt=\"\" width=\"600\" height=\"450\"><\/a><br \/>\nThe finished facade after 15 days of work, click on the picture to enlarge.<\/p>\n<h2>Extra pictures:<\/h2>\n<p><style type=\"text\/css\" media=\"all\">\n\/* ----------- Galeria Vertical 700 vh ngg1 ------------*\/\n#gallery-vertical-700-vh{\n\t\/\/max-width: 100%;\n\t\/\/width: 700px;\n\tbackground-color: #ffffff;\n\ttext-align: left;\n}\n#gallery-vertical-700-vh img{\n\t\/\/max-width: 100%;\n\tvertical-align: bottom;\n}\n#gallery-vertical-700-vh-comment{\n\tword-wrap: break-word;\n\t\/\/width: 700px;\n\tmargin: 0 0 17px 0;\n}\n<\/style>\n<div class=\"ngg1-galleryoverview\" id=\"ngg1-gallery-91e96893fb581b798e4b930325f61a85\">\n\t\t<div id=\"ngg1-image-1913\">\n\t\t<div id=\"gallery-vertical-700-vh\">\n\t\t\t<img title=\"My assistents didn&#039;t speak English and as I don&#039;t speak Vietnamese we were forced to be creative in our methods of communication. We used mobile phones, cameras, sign language and even sketched numbers, words and symbols on the wall while we were working.\" alt=\"My assistents didn&#039;t speak English and as I don&#039;t speak Vietnamese we were forced to be creative in our methods of communication. We used mobile phones, cameras, sign language and even sketched numbers, words and symbols on the wall while we were working.\" src=\"https:\/\/www.eltono.com\/wp-content\/gallery\/hanoi-2\/eltono-hanoi-33.jpg\"\/>\n\t\t\t<\/div><div id=\"gallery-vertical-700-vh-comment\">My assistents didn&#039;t speak English and as I don&#039;t speak Vietnamese we were forced to be creative in our methods of communication. We used mobile phones, cameras, sign language and even sketched numbers, words and symbols on the wall while we were working.\t\t<\/div>\n\t<\/div>\n \t\t<div id=\"ngg1-image-1914\">\n\t\t<div id=\"gallery-vertical-700-vh\">\n\t\t\t<img title=\" \" alt=\" \" src=\"https:\/\/www.eltono.com\/wp-content\/gallery\/hanoi-2\/eltono-hanoi-34.jpg\"\/>\n\t\t\t<\/div><div id=\"gallery-vertical-700-vh-comment\"> \t\t<\/div>\n\t<\/div>\n \t\t<div id=\"ngg1-image-1915\">\n\t\t<div id=\"gallery-vertical-700-vh\">\n\t\t\t<img title=\" \" alt=\" \" src=\"https:\/\/www.eltono.com\/wp-content\/gallery\/hanoi-2\/eltono-hanoi-35.jpg\"\/>\n\t\t\t<\/div><div id=\"gallery-vertical-700-vh-comment\"> \t\t<\/div>\n\t<\/div>\n \t\t<div id=\"ngg1-image-1916\">\n\t\t<div id=\"gallery-vertical-700-vh\">\n\t\t\t<img title=\"Trying to agree on the time we would meet the next day. At 1&#039;30 in the morning Spain was playing in one of the preliminary rounds,  and I was trying to make it clear that I couldn&#039;t make it to work before 8!\" alt=\"Trying to agree on the time we would meet the next day. At 1&#039;30 in the morning Spain was playing in one of the preliminary rounds,  and I was trying to make it clear that I couldn&#039;t make it to work before 8!\" src=\"https:\/\/www.eltono.com\/wp-content\/gallery\/hanoi-2\/eltono-hanoi-36.jpg\"\/>\n\t\t\t<\/div><div id=\"gallery-vertical-700-vh-comment\">Trying to agree on the time we would meet the next day. At 1&#039;30 in the morning Spain was playing in one of the preliminary rounds,  and I was trying to make it clear that I couldn&#039;t make it to work before 8!\t\t<\/div>\n\t<\/div>\n \t\t<div id=\"ngg1-image-1917\">\n\t\t<div id=\"gallery-vertical-700-vh\">\n\t\t\t<img title=\"In cases of impossible communication moments you always can use the &quot;Translator&quot;...\" alt=\"In cases of impossible communication moments you always can use the &quot;Translator&quot;...\" src=\"https:\/\/www.eltono.com\/wp-content\/gallery\/hanoi-2\/eltono-hanoi-37.jpg\"\/>\n\t\t\t<\/div><div id=\"gallery-vertical-700-vh-comment\">In cases of impossible communication moments you always can use the &quot;Translator&quot;...\t\t<\/div>\n\t<\/div>\n \t\t<div id=\"ngg1-image-1919\">\n\t\t<div id=\"gallery-vertical-700-vh\">\n\t\t\t<img title=\"The facade sketch after 20 days of bad treatment and extreme humidity.\" alt=\"The facade sketch after 20 days of bad treatment and extreme humidity.\" src=\"https:\/\/www.eltono.com\/wp-content\/gallery\/hanoi-2\/eltono-hanoi-41.jpg\"\/>\n\t\t\t<\/div><div id=\"gallery-vertical-700-vh-comment\">The facade sketch after 20 days of bad treatment and extreme humidity.\t\t<\/div>\n\t<\/div>\n \t\t<div id=\"ngg1-image-1918\">\n\t\t<div id=\"gallery-vertical-700-vh\">\n\t\t\t<img title=\"Duy, Nhi, Th\u0103ng and B\u00e1i in front of their shop in Thanh Xu\u00e2n, a neighborhood in the south of Hanoi.\" alt=\"Duy, Nhi, Th\u0103ng and B\u00e1i in front of their shop in Thanh Xu\u00e2n, a neighborhood in the south of Hanoi.\" src=\"https:\/\/www.eltono.com\/wp-content\/gallery\/hanoi-2\/eltono-hanoi-39.jpg\"\/>\n\t\t\t<\/div><div id=\"gallery-vertical-700-vh-comment\">Duy, Nhi, Th\u0103ng and B\u00e1i in front of their shop in Thanh Xu\u00e2n, a neighborhood in the south of Hanoi.\t\t<\/div>\n\t<\/div>\n \t<\/div>\n<\/p>\n<p>Thanks to my four assistants efficiency, it only took 15 days to finish the facade and I was left with a week to do a little bit of tourism, sing <em><a href=\"http:\/\/www.youtube.com\/watch?v=VVmbhYKDKfU\" target=\"_blank\" rel=\"noopener noreferrer\">What is love<\/a><\/em> at the Karaoke, <a href=\"http:\/\/www.eltono.com\/en\/pinturas-en-hanoi\/\" target=\"_blank\" rel=\"noopener noreferrer\">do independent paintings<\/a> in the street, finally find out what was that <a href=\"http:\/\/www.youtube.com\/watch?v=IFPLfj_2UGw\" target=\"_blank\" rel=\"noopener noreferrer\">song<\/a> B\u00e1i was playing everyday in his mobile phone, try more types of Ph\u1edf, ride three at a time on a motorbike to Thanh Xu\u00e2n in the rain, and try at last the <a href=\"http:\/\/3.bp.blogspot.com\/_5FLKeAsc2QM\/SkOt2Xa826I\/AAAAAAAAAHY\/lK2CPJWa3tQ\/s400\/miaDa02.jpg\" target=\"_blank\" rel=\"lightbox[3863] noopener noreferrer\">M\u00eda \u0111\u00e1<\/a>\u2026<\/p>\n<p>An incredible experience that was made possible thanks to Cesar Espada, M\u00f3nica Gutierrez, Duy, B\u00e1i, Th\u0103ng, Nhi and Thin, Mr Hai the hotel director,&nbsp; Eugenio, Nga, Chi, Ming from Bar36, the corner fruit sellers and Mrs Ph\u1edf.<\/p>","protected":false},"excerpt":{"rendered":"<p>D\u00e9sol\u00e9, cet article n&#8217;est pas encore disponible en fran\u00e7ais.En attendant, vous pouvez toujours le lire en English ou en Espa\u00f1ol. For the sake of viewer convenience, the content is shown below in this site default language. You may click one of the links to switch the site language to another available language.Hanoi, Vietnam June 2010 &hellip; <a href=\"https:\/\/www.eltono.com\/fr\/murals\/sen-thang-long-hotel\/\" class=\"more-link\">Continue reading <span class=\"screen-reader-text\">Sen Th\u0103ng Long Hotel<\/span><\/a><\/p>\n","protected":false},"author":1,"featured_media":13247,"parent":13155,"menu_order":0,"comment_status":"closed","ping_status":"open","template":"","meta":{"ngg_post_thumbnail":0,"jetpack_post_was_ever_published":false,"footnotes":""},"categories":[292,349,112,260,266],"tags":[],"class_list":["post-3863","page","type-page","status-publish","has-post-thumbnail","hentry","category-292","category-csb","category-mural","category-page_mural","category-page_outdoor"],"jetpack_sharing_enabled":true,"jetpack_shortlink":"https:\/\/wp.me\/P7sWFx-10j","_links":{"self":[{"href":"https:\/\/www.eltono.com\/fr\/wp-json\/wp\/v2\/pages\/3863","targetHints":{"allow":["GET"]}}],"collection":[{"href":"https:\/\/www.eltono.com\/fr\/wp-json\/wp\/v2\/pages"}],"about":[{"href":"https:\/\/www.eltono.com\/fr\/wp-json\/wp\/v2\/types\/page"}],"author":[{"embeddable":true,"href":"https:\/\/www.eltono.com\/fr\/wp-json\/wp\/v2\/users\/1"}],"replies":[{"embeddable":true,"href":"https:\/\/www.eltono.com\/fr\/wp-json\/wp\/v2\/comments?post=3863"}],"version-history":[{"count":14,"href":"https:\/\/www.eltono.com\/fr\/wp-json\/wp\/v2\/pages\/3863\/revisions"}],"predecessor-version":[{"id":22215,"href":"https:\/\/www.eltono.com\/fr\/wp-json\/wp\/v2\/pages\/3863\/revisions\/22215"}],"up":[{"embeddable":true,"href":"https:\/\/www.eltono.com\/fr\/wp-json\/wp\/v2\/pages\/13155"}],"wp:featuredmedia":[{"embeddable":true,"href":"https:\/\/www.eltono.com\/fr\/wp-json\/wp\/v2\/media\/13247"}],"wp:attachment":[{"href":"https:\/\/www.eltono.com\/fr\/wp-json\/wp\/v2\/media?parent=3863"}],"wp:term":[{"taxonomy":"category","embeddable":true,"href":"https:\/\/www.eltono.com\/fr\/wp-json\/wp\/v2\/categories?post=3863"},{"taxonomy":"post_tag","embeddable":true,"href":"https:\/\/www.eltono.com\/fr\/wp-json\/wp\/v2\/tags?post=3863"}],"curies":[{"name":"wp","href":"https:\/\/api.w.org\/{rel}","templated":true}]}}