{"id":5109,"date":"2011-04-26T21:25:28","date_gmt":"2011-04-26T19:25:28","guid":{"rendered":"http:\/\/www.eltono.com\/?page_id=5109"},"modified":"2022-01-05T18:12:24","modified_gmt":"2022-01-05T16:12:24","slug":"zlota-73-warszawa","status":"publish","type":"page","link":"https:\/\/www.eltono.com\/fr\/murals\/zlota-73-warszawa\/","title":{"rendered":"Z\u0142ota 73"},"content":{"rendered":"<p class=\"qtranxs-available-languages-message qtranxs-available-languages-message-fr\">D\u00e9sol\u00e9, cet article n'est pas encore disponible en fran\u00e7ais.<br>En attendant, vous pouvez toujours le lire en <a href=\"https:\/\/www.eltono.com\/en\/wp-json\/wp\/v2\/pages\/5109\" class=\"qtranxs-available-language-link qtranxs-available-language-link-en\" title=\"English\">English<\/a> ou en <a href=\"https:\/\/www.eltono.com\/es\/wp-json\/wp\/v2\/pages\/5109\" class=\"qtranxs-available-language-link qtranxs-available-language-link-es\" title=\"Espa\u00f1ol\">Espa\u00f1ol<\/a>. For the sake of viewer convenience, the content is shown below in this site default language. You may click one of the links to switch the site language to another available language.<\/p><p><strong>Updates 2011<\/strong><br \/>\nZ\u0142ota 73, Wola, Warsaw, Poland<br \/>\nApril 26th &#8211; May 6th 2011<\/p>\n<p>Project organized by the <a href=\"http:\/\/vlepvnet.bzzz.net\/\" target=\"_blank\" rel=\"noopener noreferrer\">Vlepvnet<\/a> foundation<\/p>\n<p>At the end of May 2011, I went for a couple of weeks to Warsaw to paint two big murals on the facades of an old building that was constructed before World War II (very few of these buildings are still intact because of the intense bombings). The project was part of update 2011, an event organized by the Vlepvnet foundation. Every year they invite local and international artists to work in the city. The building is located on Zlota street in the Wola neighborhood, close to the central station. Thanks to the help from the guys from vlepvnet, the volunteers and the support of the neighbors, we managed to finished the two murals in only seven days.<\/p>\n<p><style type=\"text\/css\" media=\"all\">\n\/* ----------- Galeria Vertical 700 vh ngg1 ------------*\/\n#gallery-vertical-700-vh{\n\t\/\/max-width: 100%;\n\t\/\/width: 700px;\n\tbackground-color: #ffffff;\n\ttext-align: left;\n}\n#gallery-vertical-700-vh img{\n\t\/\/max-width: 100%;\n\tvertical-align: bottom;\n}\n#gallery-vertical-700-vh-comment{\n\tword-wrap: break-word;\n\t\/\/width: 700px;\n\tmargin: 0 0 17px 0;\n}\n<\/style>\n<div class=\"ngg1-galleryoverview\" id=\"ngg1-gallery-d736e04848d579afc08984be99755fe9\">\n\t\t<div id=\"ngg1-image-2377\">\n\t\t<div id=\"gallery-vertical-700-vh\">\n\t\t\t<img title=\"East facade, day 0\" alt=\"East facade, day 0\" src=\"https:\/\/www.eltono.com\/wp-content\/gallery\/warszawa-pinturas\/eltono-warszawa00.jpg\"\/>\n\t\t\t<\/div><div id=\"gallery-vertical-700-vh-comment\">East facade, day 0\t\t<\/div>\n\t<\/div>\n \t\t<div id=\"ngg1-image-2378\">\n\t\t<div id=\"gallery-vertical-700-vh\">\n\t\t\t<img title=\"West facade, day 0\" alt=\"West facade, day 0\" src=\"https:\/\/www.eltono.com\/wp-content\/gallery\/warszawa-pinturas\/eltono-warszawa000.jpg\"\/>\n\t\t\t<\/div><div id=\"gallery-vertical-700-vh-comment\">West facade, day 0\t\t<\/div>\n\t<\/div>\n \t\t<div id=\"ngg1-image-2339\">\n\t\t<div id=\"gallery-vertical-700-vh\">\n\t\t\t<img title=\"Innovation and high technology\" alt=\"Innovation and high technology\" src=\"https:\/\/www.eltono.com\/wp-content\/gallery\/warszawa-pinturas\/eltono-warszawa11.jpg\"\/>\n\t\t\t<\/div><div id=\"gallery-vertical-700-vh-comment\">Innovation and high technology\t\t<\/div>\n\t<\/div>\n \t\t<div id=\"ngg1-image-2341\">\n\t\t<div id=\"gallery-vertical-700-vh\">\n\t\t\t<img title=\"Wind proof #1\" alt=\"Wind proof #1\" src=\"https:\/\/www.eltono.com\/wp-content\/gallery\/warszawa-pinturas\/eltono-warszawa13.jpg\"\/>\n\t\t\t<\/div><div id=\"gallery-vertical-700-vh-comment\">Wind proof #1\t\t<\/div>\n\t<\/div>\n \t\t<div id=\"ngg1-image-2342\">\n\t\t<div id=\"gallery-vertical-700-vh\">\n\t\t\t<img title=\"Wind proof #2\" alt=\"Wind proof #2\" src=\"https:\/\/www.eltono.com\/wp-content\/gallery\/warszawa-pinturas\/eltono-warszawa14.jpg\"\/>\n\t\t\t<\/div><div id=\"gallery-vertical-700-vh-comment\">Wind proof #2\t\t<\/div>\n\t<\/div>\n \t\t<div id=\"ngg1-image-2340\">\n\t\t<div id=\"gallery-vertical-700-vh\">\n\t\t\t<img title=\"West facade at the end of the second day\" alt=\"West facade at the end of the second day\" src=\"https:\/\/www.eltono.com\/wp-content\/gallery\/warszawa-pinturas\/eltono-warszawa12.jpg\"\/>\n\t\t\t<\/div><div id=\"gallery-vertical-700-vh-comment\">West facade at the end of the second day\t\t<\/div>\n\t<\/div>\n \t\t<div id=\"ngg1-image-2345\">\n\t\t<div id=\"gallery-vertical-700-vh\">\n\t\t\t<img title=\"West facade on the third day\" alt=\"West facade on the third day\" src=\"https:\/\/www.eltono.com\/wp-content\/gallery\/warszawa-pinturas\/eltono-warszawa17.jpg\"\/>\n\t\t\t<\/div><div id=\"gallery-vertical-700-vh-comment\">West facade on the third day\t\t<\/div>\n\t<\/div>\n \t\t<div id=\"ngg1-image-2354\">\n\t\t<div id=\"gallery-vertical-700-vh\">\n\t\t\t<img title=\" \" alt=\" \" src=\"https:\/\/www.eltono.com\/wp-content\/gallery\/warszawa-pinturas\/eltono-warszawa26.jpg\"\/>\n\t\t\t<\/div><div id=\"gallery-vertical-700-vh-comment\"> \t\t<\/div>\n\t<\/div>\n \t\t<div id=\"ngg1-image-2348\">\n\t\t<div id=\"gallery-vertical-700-vh\">\n\t\t\t<img title=\" \" alt=\" \" src=\"https:\/\/www.eltono.com\/wp-content\/gallery\/warszawa-pinturas\/eltono-warszawa20.jpg\"\/>\n\t\t\t<\/div><div id=\"gallery-vertical-700-vh-comment\"> \t\t<\/div>\n\t<\/div>\n \t\t<div id=\"ngg1-image-2344\">\n\t\t<div id=\"gallery-vertical-700-vh\">\n\t\t\t<img title=\"East facade on the third day\" alt=\"East facade on the third day\" src=\"https:\/\/www.eltono.com\/wp-content\/gallery\/warszawa-pinturas\/eltono-warszawa16.jpg\"\/>\n\t\t\t<\/div><div id=\"gallery-vertical-700-vh-comment\">East facade on the third day\t\t<\/div>\n\t<\/div>\n \t\t<div id=\"ngg1-image-2346\">\n\t\t<div id=\"gallery-vertical-700-vh\">\n\t\t\t<img title=\"East facade at the end of the third day\" alt=\"East facade at the end of the third day\" src=\"https:\/\/www.eltono.com\/wp-content\/gallery\/warszawa-pinturas\/eltono-warszawa18.jpg\"\/>\n\t\t\t<\/div><div id=\"gallery-vertical-700-vh-comment\">East facade at the end of the third day\t\t<\/div>\n\t<\/div>\n \t\t<div id=\"ngg1-image-2350\">\n\t\t<div id=\"gallery-vertical-700-vh\">\n\t\t\t<img title=\"West facade on the fourth day\" alt=\"West facade on the fourth day\" src=\"https:\/\/www.eltono.com\/wp-content\/gallery\/warszawa-pinturas\/eltono-warszawa22.jpg\"\/>\n\t\t\t<\/div><div id=\"gallery-vertical-700-vh-comment\">West facade on the fourth day\t\t<\/div>\n\t<\/div>\n \t\t<div id=\"ngg1-image-2347\">\n\t\t<div id=\"gallery-vertical-700-vh\">\n\t\t\t<img title=\"East facade on the fourth day\" alt=\"East facade on the fourth day\" src=\"https:\/\/www.eltono.com\/wp-content\/gallery\/warszawa-pinturas\/eltono-warszawa19.jpg\"\/>\n\t\t\t<\/div><div id=\"gallery-vertical-700-vh-comment\">East facade on the fourth day\t\t<\/div>\n\t<\/div>\n \t\t<div id=\"ngg1-image-2351\">\n\t\t<div id=\"gallery-vertical-700-vh\">\n\t\t\t<img title=\"East facade on the fourth day\" alt=\"East facade on the fourth day\" src=\"https:\/\/www.eltono.com\/wp-content\/gallery\/warszawa-pinturas\/eltono-warszawa23.jpg\"\/>\n\t\t\t<\/div><div id=\"gallery-vertical-700-vh-comment\">East facade on the fourth day\t\t<\/div>\n\t<\/div>\n \t\t<div id=\"ngg1-image-2352\">\n\t\t<div id=\"gallery-vertical-700-vh\">\n\t\t\t<img title=\"The Manitou &quot;Maniac-Access&quot;\" alt=\"The Manitou &quot;Maniac-Access&quot;\" src=\"https:\/\/www.eltono.com\/wp-content\/gallery\/warszawa-pinturas\/eltono-warszawa24.jpg\"\/>\n\t\t\t<\/div><div id=\"gallery-vertical-700-vh-comment\">The Manitou &quot;Maniac-Access&quot;\t\t<\/div>\n\t<\/div>\n \t\t<div id=\"ngg1-image-2353\">\n\t\t<div id=\"gallery-vertical-700-vh\">\n\t\t\t<img title=\"East facade on the fifth day\" alt=\"East facade on the fifth day\" src=\"https:\/\/www.eltono.com\/wp-content\/gallery\/warszawa-pinturas\/eltono-warszawa25.jpg\"\/>\n\t\t\t<\/div><div id=\"gallery-vertical-700-vh-comment\">East facade on the fifth day\t\t<\/div>\n\t<\/div>\n \t\t<div id=\"ngg1-image-2349\">\n\t\t<div id=\"gallery-vertical-700-vh\">\n\t\t\t<img title=\" \" alt=\" \" src=\"https:\/\/www.eltono.com\/wp-content\/gallery\/warszawa-pinturas\/eltono-warszawa21.jpg\"\/>\n\t\t\t<\/div><div id=\"gallery-vertical-700-vh-comment\"> \t\t<\/div>\n\t<\/div>\n \t\t<div id=\"ngg1-image-2356\">\n\t\t<div id=\"gallery-vertical-700-vh\">\n\t\t\t<img title=\"Highest point of the painting on the West facade\" alt=\"Highest point of the painting on the West facade\" src=\"https:\/\/www.eltono.com\/wp-content\/gallery\/warszawa-pinturas\/eltono-warszawa28.jpg\"\/>\n\t\t\t<\/div><div id=\"gallery-vertical-700-vh-comment\">Highest point of the painting on the West facade\t\t<\/div>\n\t<\/div>\n \t\t<div id=\"ngg1-image-2355\">\n\t\t<div id=\"gallery-vertical-700-vh\">\n\t\t\t<img title=\"Painting the last part of the East facade\" alt=\"Painting the last part of the East facade\" src=\"https:\/\/www.eltono.com\/wp-content\/gallery\/warszawa-pinturas\/eltono-warszawa27.jpg\"\/>\n\t\t\t<\/div><div id=\"gallery-vertical-700-vh-comment\">Painting the last part of the East facade\t\t<\/div>\n\t<\/div>\n \t\t<div id=\"ngg1-image-2357\">\n\t\t<div id=\"gallery-vertical-700-vh\">\n\t\t\t<img title=\"Done!\" alt=\"Done!\" src=\"https:\/\/www.eltono.com\/wp-content\/gallery\/warszawa-pinturas\/eltono-warszawa29.jpg\"\/>\n\t\t\t<\/div><div id=\"gallery-vertical-700-vh-comment\">Done!\t\t<\/div>\n\t<\/div>\n \t\t<div id=\"ngg1-image-2380\">\n\t\t<div id=\"gallery-vertical-700-vh\">\n\t\t\t<img title=\" \" alt=\" \" src=\"https:\/\/www.eltono.com\/wp-content\/gallery\/warszawa-pinturas\/eltono-warszawa08v2.jpg\"\/>\n\t\t\t<\/div><div id=\"gallery-vertical-700-vh-comment\"> \t\t<\/div>\n\t<\/div>\n \t\t<div id=\"ngg1-image-2334\">\n\t\t<div id=\"gallery-vertical-700-vh\">\n\t\t\t<img title=\"South-East view\" alt=\"South-East view\" src=\"https:\/\/www.eltono.com\/wp-content\/gallery\/warszawa-pinturas\/eltono-warszawa06.jpg\"\/>\n\t\t\t<\/div><div id=\"gallery-vertical-700-vh-comment\">South-East view\t\t<\/div>\n\t<\/div>\n \t\t<div id=\"ngg1-image-2476\">\n\t\t<div id=\"gallery-vertical-700-vh\">\n\t\t\t<img title=\" \" alt=\" \" src=\"https:\/\/www.eltono.com\/wp-content\/gallery\/warszawa-pinturas\/eltono-warszawa02v_0.jpg\"\/>\n\t\t\t<\/div><div id=\"gallery-vertical-700-vh-comment\"> \t\t<\/div>\n\t<\/div>\n \t\t<div id=\"ngg1-image-2331\">\n\t\t<div id=\"gallery-vertical-700-vh\">\n\t\t\t<img title=\"North-West view\" alt=\"North-West view\" src=\"https:\/\/www.eltono.com\/wp-content\/gallery\/warszawa-pinturas\/eltono-warszawa03.jpg\"\/>\n\t\t\t<\/div><div id=\"gallery-vertical-700-vh-comment\">North-West view\t\t<\/div>\n\t<\/div>\n \t\t<div id=\"ngg1-image-2333\">\n\t\t<div id=\"gallery-vertical-700-vh\">\n\t\t\t<img title=\"South-West view\" alt=\"South-West view\" src=\"https:\/\/www.eltono.com\/wp-content\/gallery\/warszawa-pinturas\/eltono-warszawa05.jpg\"\/>\n\t\t\t<\/div><div id=\"gallery-vertical-700-vh-comment\">South-West view\t\t<\/div>\n\t<\/div>\n \t\t<div id=\"ngg1-image-2329\">\n\t\t<div id=\"gallery-vertical-700-vh\">\n\t\t\t<img title=\"The &quot;best tool ever&quot; after one week of intense use\" alt=\"The &quot;best tool ever&quot; after one week of intense use\" src=\"https:\/\/www.eltono.com\/wp-content\/gallery\/warszawa-pinturas\/eltono-warszawa01.jpg\"\/>\n\t\t\t<\/div><div id=\"gallery-vertical-700-vh-comment\">The &quot;best tool ever&quot; after one week of intense use\t\t<\/div>\n\t<\/div>\n \t<\/div>\n<\/p>\n<p>As I was working more than 10 hours a day everyday during the week, I developed a very special relation with the neighbors who, as you can see in the pictures below, took very good care of me\u2026<\/p>\n<p><style type=\"text\/css\" media=\"all\">\n\/* ----------- Galeria Vertical 700 vh ngg1 ------------*\/\n#gallery-vertical-700-vh{\n\t\/\/max-width: 100%;\n\t\/\/width: 700px;\n\tbackground-color: #ffffff;\n\ttext-align: left;\n}\n#gallery-vertical-700-vh img{\n\t\/\/max-width: 100%;\n\tvertical-align: bottom;\n}\n#gallery-vertical-700-vh-comment{\n\tword-wrap: break-word;\n\t\/\/width: 700px;\n\tmargin: 0 0 17px 0;\n}\n<\/style>\n<div class=\"ngg1-galleryoverview\" id=\"ngg1-gallery-fbc94fec0f2d0ce1b28e634694b2298c\">\n\t\t<div id=\"ngg1-image-2361\">\n\t\t<div id=\"gallery-vertical-700-vh\">\n\t\t\t<img title=\"I was happy to do a little bit of construction work for a neighbor...\" alt=\"I was happy to do a little bit of construction work for a neighbor...\" src=\"https:\/\/www.eltono.com\/wp-content\/gallery\/warszawa-vecinos\/eltono-warszawa-v03.jpg\"\/>\n\t\t\t<\/div><div id=\"gallery-vertical-700-vh-comment\">I was happy to do a little bit of construction work for a neighbor...\t\t<\/div>\n\t<\/div>\n \t\t<div id=\"ngg1-image-2362\">\n\t\t<div id=\"gallery-vertical-700-vh\">\n\t\t\t<img title=\"... and in the evening he brought us some cakes!\" alt=\"... and in the evening he brought us some cakes!\" src=\"https:\/\/www.eltono.com\/wp-content\/gallery\/warszawa-vecinos\/eltono-warszawa-v04.jpg\"\/>\n\t\t\t<\/div><div id=\"gallery-vertical-700-vh-comment\">... and in the evening he brought us some cakes!\t\t<\/div>\n\t<\/div>\n \t\t<div id=\"ngg1-image-2363\">\n\t\t<div id=\"gallery-vertical-700-vh\">\n\t\t\t<img title=\"Antoni made a drawing for me. He said to Marta, his mother, that it represented the wall. They dedicated it to me and framed it.\" alt=\"Antoni made a drawing for me. He said to Marta, his mother, that it represented the wall. They dedicated it to me and framed it.\" src=\"https:\/\/www.eltono.com\/wp-content\/gallery\/warszawa-vecinos\/eltono-warszawa-v05.jpg\"\/>\n\t\t\t<\/div><div id=\"gallery-vertical-700-vh-comment\">Antoni made a drawing for me. He said to Marta, his mother, that it represented the wall. They dedicated it to me and framed it.\t\t<\/div>\n\t<\/div>\n \t\t<div id=\"ngg1-image-2364\">\n\t\t<div id=\"gallery-vertical-700-vh\">\n\t\t\t<img title=\"Marta&#039;s delicious coffee\" alt=\"Marta&#039;s delicious coffee\" src=\"https:\/\/www.eltono.com\/wp-content\/gallery\/warszawa-vecinos\/eltono-warszawa-v06.jpg\"\/>\n\t\t\t<\/div><div id=\"gallery-vertical-700-vh-comment\">Marta&#039;s delicious coffee\t\t<\/div>\n\t<\/div>\n \t\t<div id=\"ngg1-image-2365\">\n\t\t<div id=\"gallery-vertical-700-vh\">\n\t\t\t<img title=\"Antoni and Maciek bringing us some picnic!\" alt=\"Antoni and Maciek bringing us some picnic!\" src=\"https:\/\/www.eltono.com\/wp-content\/gallery\/warszawa-vecinos\/eltono-warszawa-v07.jpg\"\/>\n\t\t\t<\/div><div id=\"gallery-vertical-700-vh-comment\">Antoni and Maciek bringing us some picnic!\t\t<\/div>\n\t<\/div>\n \t\t<div id=\"ngg1-image-2366\">\n\t\t<div id=\"gallery-vertical-700-vh\">\n\t\t\t<img title=\"Fresh pasta and lemonade!\" alt=\"Fresh pasta and lemonade!\" src=\"https:\/\/www.eltono.com\/wp-content\/gallery\/warszawa-vecinos\/eltono-warszawa-v08.jpg\"\/>\n\t\t\t<\/div><div id=\"gallery-vertical-700-vh-comment\">Fresh pasta and lemonade!\t\t<\/div>\n\t<\/div>\n \t\t<div id=\"ngg1-image-2367\">\n\t\t<div id=\"gallery-vertical-700-vh\">\n\t\t\t<img title=\" \" alt=\" \" src=\"https:\/\/www.eltono.com\/wp-content\/gallery\/warszawa-vecinos\/eltono-warszawa-v09.jpg\"\/>\n\t\t\t<\/div><div id=\"gallery-vertical-700-vh-comment\"> \t\t<\/div>\n\t<\/div>\n \t\t<div id=\"ngg1-image-2368\">\n\t\t<div id=\"gallery-vertical-700-vh\">\n\t\t\t<img title=\"One morning, Chris and Joanna prepared a very special breakfast for me. She told me that as I was always working outside in front of everybody, she wanted to give me a moment of privacy.\" alt=\"One morning, Chris and Joanna prepared a very special breakfast for me. She told me that as I was always working outside in front of everybody, she wanted to give me a moment of privacy.\" src=\"https:\/\/www.eltono.com\/wp-content\/gallery\/warszawa-vecinos\/eltono-warszawa-v10.jpg\"\/>\n\t\t\t<\/div><div id=\"gallery-vertical-700-vh-comment\">One morning, Chris and Joanna prepared a very special breakfast for me. She told me that as I was always working outside in front of everybody, she wanted to give me a moment of privacy.\t\t<\/div>\n\t<\/div>\n \t\t<div id=\"ngg1-image-2369\">\n\t\t<div id=\"gallery-vertical-700-vh\">\n\t\t\t<img title=\"Incredible!\" alt=\"Incredible!\" src=\"https:\/\/www.eltono.com\/wp-content\/gallery\/warszawa-vecinos\/eltono-warszawa-v11.jpg\"\/>\n\t\t\t<\/div><div id=\"gallery-vertical-700-vh-comment\">Incredible!\t\t<\/div>\n\t<\/div>\n \t\t<div id=\"ngg1-image-2370\">\n\t\t<div id=\"gallery-vertical-700-vh\">\n\t\t\t<img title=\"Brownie with a &quot;T&quot; for Tono\" alt=\"Brownie with a &quot;T&quot; for Tono\" src=\"https:\/\/www.eltono.com\/wp-content\/gallery\/warszawa-vecinos\/eltono-warszawa-v12.jpg\"\/>\n\t\t\t<\/div><div id=\"gallery-vertical-700-vh-comment\">Brownie with a &quot;T&quot; for Tono\t\t<\/div>\n\t<\/div>\n \t\t<div id=\"ngg1-image-2371\">\n\t\t<div id=\"gallery-vertical-700-vh\">\n\t\t\t<img title=\"!!!\" alt=\"!!!\" src=\"https:\/\/www.eltono.com\/wp-content\/gallery\/warszawa-vecinos\/eltono-warszawa-v13.jpg\"\/>\n\t\t\t<\/div><div id=\"gallery-vertical-700-vh-comment\">!!!\t\t<\/div>\n\t<\/div>\n \t\t<div id=\"ngg1-image-2372\">\n\t\t<div id=\"gallery-vertical-700-vh\">\n\t\t\t<img title=\"Maciek, Marta&#039;s husband, and his incredibly delicious pizzas!\" alt=\"Maciek, Marta&#039;s husband, and his incredibly delicious pizzas!\" src=\"https:\/\/www.eltono.com\/wp-content\/gallery\/warszawa-vecinos\/eltono-warszawa-v14.jpg\"\/>\n\t\t\t<\/div><div id=\"gallery-vertical-700-vh-comment\">Maciek, Marta&#039;s husband, and his incredibly delicious pizzas!\t\t<\/div>\n\t<\/div>\n \t\t<div id=\"ngg1-image-2373\">\n\t\t<div id=\"gallery-vertical-700-vh\">\n\t\t\t<img title=\"Kamien&#039;s goulash\" alt=\"Kamien&#039;s goulash\" src=\"https:\/\/www.eltono.com\/wp-content\/gallery\/warszawa-vecinos\/eltono-warszawa-v15.jpg\"\/>\n\t\t\t<\/div><div id=\"gallery-vertical-700-vh-comment\">Kamien&#039;s goulash\t\t<\/div>\n\t<\/div>\n \t\t<div id=\"ngg1-image-2374\">\n\t\t<div id=\"gallery-vertical-700-vh\">\n\t\t\t<img title=\"26 meters down, picnic is arriving!\" alt=\"26 meters down, picnic is arriving!\" src=\"https:\/\/www.eltono.com\/wp-content\/gallery\/warszawa-vecinos\/eltono-warszawa-v16.jpg\"\/>\n\t\t\t<\/div><div id=\"gallery-vertical-700-vh-comment\">26 meters down, picnic is arriving!\t\t<\/div>\n\t<\/div>\n \t\t<div id=\"ngg1-image-2375\">\n\t\t<div id=\"gallery-vertical-700-vh\">\n\t\t\t<img title=\"Maciek prepared the pizza and Joanna the dessert\" alt=\"Maciek prepared the pizza and Joanna the dessert\" src=\"https:\/\/www.eltono.com\/wp-content\/gallery\/warszawa-vecinos\/eltono-warszawa-v17.jpg\"\/>\n\t\t\t<\/div><div id=\"gallery-vertical-700-vh-comment\">Maciek prepared the pizza and Joanna the dessert\t\t<\/div>\n\t<\/div>\n \t\t<div id=\"ngg1-image-2359\">\n\t\t<div id=\"gallery-vertical-700-vh\">\n\t\t\t<img title=\" \" alt=\" \" src=\"https:\/\/www.eltono.com\/wp-content\/gallery\/warszawa-vecinos\/eltono-warszawa-v01.jpg\"\/>\n\t\t\t<\/div><div id=\"gallery-vertical-700-vh-comment\"> \t\t<\/div>\n\t<\/div>\n \t\t<div id=\"ngg1-image-2360\">\n\t\t<div id=\"gallery-vertical-700-vh\">\n\t\t\t<img title=\"The last day, inaugural picnic\" alt=\"The last day, inaugural picnic\" src=\"https:\/\/www.eltono.com\/wp-content\/gallery\/warszawa-vecinos\/eltono-warszawa-v02.jpg\"\/>\n\t\t\t<\/div><div id=\"gallery-vertical-700-vh-comment\">The last day, inaugural picnic\t\t<\/div>\n\t<\/div>\n \t\t<div id=\"ngg1-image-2376\">\n\t\t<div id=\"gallery-vertical-700-vh\">\n\t\t\t<img title=\"Tropical cocktail that Joanna prepared for me!!!\" alt=\"Tropical cocktail that Joanna prepared for me!!!\" src=\"https:\/\/www.eltono.com\/wp-content\/gallery\/warszawa-vecinos\/eltono-warszawa-v18.jpg\"\/>\n\t\t\t<\/div><div id=\"gallery-vertical-700-vh-comment\">Tropical cocktail that Joanna prepared for me!!!\t\t<\/div>\n\t<\/div>\n \t<\/div>\n<\/p>\n<p>I would like to thank all the guys from Vlepvnet, the neighbors (particulary Antoni, Marta and Maciek and Joanna and Chris for taking so good care of me) and also all the volunteers who helped us painting.<\/p>\n<p>Dzi\u0119kuj\u0119!!!<\/p>","protected":false},"excerpt":{"rendered":"<p>D\u00e9sol\u00e9, cet article n&#8217;est pas encore disponible en fran\u00e7ais.En attendant, vous pouvez toujours le lire en English ou en Espa\u00f1ol. For the sake of viewer convenience, the content is shown below in this site default language. You may click one of the links to switch the site language to another available language.Updates 2011 Z\u0142ota 73, &hellip; <a href=\"https:\/\/www.eltono.com\/fr\/murals\/zlota-73-warszawa\/\" class=\"more-link\">Continue reading <span class=\"screen-reader-text\">Z\u0142ota 73<\/span><\/a><\/p>\n","protected":false},"author":1,"featured_media":13246,"parent":13155,"menu_order":0,"comment_status":"closed","ping_status":"closed","template":"","meta":{"ngg_post_thumbnail":0,"jetpack_post_was_ever_published":false,"footnotes":""},"categories":[291,349,112,260,266],"tags":[],"class_list":["post-5109","page","type-page","status-publish","has-post-thumbnail","hentry","category-291","category-csb","category-mural","category-page_mural","category-page_outdoor"],"jetpack_sharing_enabled":true,"jetpack_shortlink":"https:\/\/wp.me\/P7sWFx-1kp","_links":{"self":[{"href":"https:\/\/www.eltono.com\/fr\/wp-json\/wp\/v2\/pages\/5109","targetHints":{"allow":["GET"]}}],"collection":[{"href":"https:\/\/www.eltono.com\/fr\/wp-json\/wp\/v2\/pages"}],"about":[{"href":"https:\/\/www.eltono.com\/fr\/wp-json\/wp\/v2\/types\/page"}],"author":[{"embeddable":true,"href":"https:\/\/www.eltono.com\/fr\/wp-json\/wp\/v2\/users\/1"}],"replies":[{"embeddable":true,"href":"https:\/\/www.eltono.com\/fr\/wp-json\/wp\/v2\/comments?post=5109"}],"version-history":[{"count":14,"href":"https:\/\/www.eltono.com\/fr\/wp-json\/wp\/v2\/pages\/5109\/revisions"}],"predecessor-version":[{"id":22216,"href":"https:\/\/www.eltono.com\/fr\/wp-json\/wp\/v2\/pages\/5109\/revisions\/22216"}],"up":[{"embeddable":true,"href":"https:\/\/www.eltono.com\/fr\/wp-json\/wp\/v2\/pages\/13155"}],"wp:featuredmedia":[{"embeddable":true,"href":"https:\/\/www.eltono.com\/fr\/wp-json\/wp\/v2\/media\/13246"}],"wp:attachment":[{"href":"https:\/\/www.eltono.com\/fr\/wp-json\/wp\/v2\/media?parent=5109"}],"wp:term":[{"taxonomy":"category","embeddable":true,"href":"https:\/\/www.eltono.com\/fr\/wp-json\/wp\/v2\/categories?post=5109"},{"taxonomy":"post_tag","embeddable":true,"href":"https:\/\/www.eltono.com\/fr\/wp-json\/wp\/v2\/tags?post=5109"}],"curies":[{"name":"wp","href":"https:\/\/api.w.org\/{rel}","templated":true}]}}