{"id":5762,"date":"2011-09-13T17:49:16","date_gmt":"2011-09-13T15:49:16","guid":{"rendered":"http:\/\/www.eltono.com\/?page_id=5762"},"modified":"2020-05-21T17:49:35","modified_gmt":"2020-05-21T15:49:35","slug":"traces","status":"publish","type":"page","link":"https:\/\/www.eltono.com\/fr\/projects\/traces\/","title":{"rendered":"TRACES"},"content":{"rendered":"<p class=\"qtranxs-available-languages-message qtranxs-available-languages-message-fr\">D\u00e9sol\u00e9, cet article n'est pas encore disponible en fran\u00e7ais.<br>En attendant, vous pouvez toujours le lire en <a href=\"https:\/\/www.eltono.com\/en\/wp-json\/wp\/v2\/pages\/5762\" class=\"qtranxs-available-language-link qtranxs-available-language-link-en\" title=\"English\">English<\/a> ou en <a href=\"https:\/\/www.eltono.com\/es\/wp-json\/wp\/v2\/pages\/5762\" class=\"qtranxs-available-language-link qtranxs-available-language-link-es\" title=\"Espa\u00f1ol\">Espa\u00f1ol<\/a>. For the sake of viewer convenience, the content is shown below in this site default language. You may click one of the links to switch the site language to another available language.<\/p><p><strong>Ongoing project<\/strong><br \/>\nStarted in September 2011<\/p>\n<p>I have always been fascinated by all the marks, traces and treads that our daily movements leave throughout a city. The idea behind <em><strong>TRACES<\/strong> <\/em>is to observe and somehow try to register these types of marks. For this purpose, I am working on some experiments that allow for the possible appearance of shapes and lines by exploiting these daily movements.<\/p>\n<p>The first experiment is called <em><strong>Gravure au sol<\/strong><\/em> (ground engraving). The idea was to generate graphic works using the city as a studio. The four first attempts with a satisfactory result were executed on the asphalt of three streets (one in France and two in China) registering the passage of cars, motorbikes, bikes and a few pedestrians.<\/p>\n<h5><img loading=\"lazy\" decoding=\"async\" class=\"alignnone size-full wp-image-5828\" title=\"eltono-gas-insp\" src=\"https:\/\/www.eltono.com\/wp-content\/uploads\/2011\/10\/eltono-gas-inp.jpg\" alt=\"\" width=\"700\" height=\"525\" \/><\/h5>\n<h2 id=\"separador\"><strong><em>TRACES<\/em> \u2013 experiment 1: <em>Gravure au sol #1<\/em><\/strong><\/h2>\n<p>Asphalt engraving on card, 18 cm x 28 cm.<br \/>\n13\/09\/2011 from 14h25 to 20h20, road D54, France.<br \/>\nMost of the marks were left by cars.<\/p>\n<p><style type=\"text\/css\" media=\"all\">\n\/* ----------- Galeria Vertical 700 vh ngg1 ------------*\/\n#gallery-vertical-700-vh{\n\t\/\/max-width: 100%;\n\t\/\/width: 700px;\n\tbackground-color: #ffffff;\n\ttext-align: left;\n}\n#gallery-vertical-700-vh img{\n\t\/\/max-width: 100%;\n\tvertical-align: bottom;\n}\n#gallery-vertical-700-vh-comment{\n\tword-wrap: break-word;\n\t\/\/width: 700px;\n\tmargin: 0 0 17px 0;\n}\n<\/style>\n<div class=\"ngg1-galleryoverview\" id=\"ngg1-gallery-ae61669f6f49a63197cf22c848de78a5\">\n\t\t<div id=\"ngg1-image-2912\">\n\t\t<div id=\"gallery-vertical-700-vh\">\n\t\t\t<img title=\"I installed the device at 14h25 on the D54 asphalt road.\" alt=\"I installed the device at 14h25 on the D54 asphalt road.\" src=\"https:\/\/www.eltono.com\/wp-content\/gallery\/gas1\/eltono-gas1-00_0.jpg\"\/>\n\t\t\t<\/div><div id=\"gallery-vertical-700-vh-comment\">I installed the device at 14h25 on the D54 asphalt road.\t\t<\/div>\n\t<\/div>\n \t\t<div id=\"ngg1-image-2846\">\n\t\t<div id=\"gallery-vertical-700-vh\">\n\t\t\t<img title=\"I observed for a little while to see how it was going...\" alt=\"I observed for a little while to see how it was going...\" src=\"https:\/\/www.eltono.com\/wp-content\/gallery\/gas1\/eltono-gas1-02.jpg\"\/>\n\t\t\t<\/div><div id=\"gallery-vertical-700-vh-comment\">I observed for a little while to see how it was going...\t\t<\/div>\n\t<\/div>\n \t\t<div id=\"ngg1-image-2845\">\n\t\t<div id=\"gallery-vertical-700-vh\">\n\t\t\t<img title=\"...\" alt=\"...\" src=\"https:\/\/www.eltono.com\/wp-content\/gallery\/gas1\/eltono-gas1-01.jpg\"\/>\n\t\t\t<\/div><div id=\"gallery-vertical-700-vh-comment\">...\t\t<\/div>\n\t<\/div>\n \t\t<div id=\"ngg1-image-2847\">\n\t\t<div id=\"gallery-vertical-700-vh\">\n\t\t\t<img title=\"\u2026 and then I left it on its own for several hours.\" alt=\"\u2026 and then I left it on its own for several hours.\" src=\"https:\/\/www.eltono.com\/wp-content\/gallery\/gas1\/eltono-gas1-03.jpg\"\/>\n\t\t\t<\/div><div id=\"gallery-vertical-700-vh-comment\">\u2026 and then I left it on its own for several hours.\t\t<\/div>\n\t<\/div>\n \t\t<div id=\"ngg1-image-2848\">\n\t\t<div id=\"gallery-vertical-700-vh\">\n\t\t\t<img title=\"When I came back at 20h20, the device had been torn off (probably by a pedestrian). Luckily, I found it again, discarded on the floor 100 m ahead; it was crumpled.\" alt=\"When I came back at 20h20, the device had been torn off (probably by a pedestrian). Luckily, I found it again, discarded on the floor 100 m ahead; it was crumpled.\" src=\"https:\/\/www.eltono.com\/wp-content\/gallery\/gas1\/eltono-gas1-04.jpg\"\/>\n\t\t\t<\/div><div id=\"gallery-vertical-700-vh-comment\">When I came back at 20h20, the device had been torn off (probably by a pedestrian). Luckily, I found it again, discarded on the floor 100 m ahead; it was crumpled.\t\t<\/div>\n\t<\/div>\n \t\t<div id=\"ngg1-image-2849\">\n\t\t<div id=\"gallery-vertical-700-vh\">\n\t\t\t<img title=\"I managed to rescue it and in the end, the result was quite positive.\" alt=\"I managed to rescue it and in the end, the result was quite positive.\" src=\"https:\/\/www.eltono.com\/wp-content\/gallery\/gas1\/eltono-gas1-05.jpg\"\/>\n\t\t\t<\/div><div id=\"gallery-vertical-700-vh-comment\">I managed to rescue it and in the end, the result was quite positive.\t\t<\/div>\n\t<\/div>\n \t\t<div id=\"ngg1-image-2914\">\n\t\t<div id=\"gallery-vertical-700-vh\">\n\t\t\t<img title=\" \" alt=\" \" src=\"https:\/\/www.eltono.com\/wp-content\/gallery\/gas1\/eltono-gas1-06_0.jpg\"\/>\n\t\t\t<\/div><div id=\"gallery-vertical-700-vh-comment\"> \t\t<\/div>\n\t<\/div>\n \t<\/div>\n<\/p>\n<div id=\"separador\"><\/div>\n<h2><strong><em>TRACES<\/em> \u2013 experiment 1: <em>Gravure au sol #2<\/em><\/strong><\/h2>\n<p>Asphalt engraving on Canson Paper, 18 cm x 28 cm.<br \/>\n14\/09\/2011 from 9h32 to 16h54, road D54, France.<br \/>\nMost of the marks were left by cars.<\/p>\n<p><style type=\"text\/css\" media=\"all\">\n\/* ----------- Galeria Vertical 700 vh ngg1 ------------*\/\n#gallery-vertical-700-vh{\n\t\/\/max-width: 100%;\n\t\/\/width: 700px;\n\tbackground-color: #ffffff;\n\ttext-align: left;\n}\n#gallery-vertical-700-vh img{\n\t\/\/max-width: 100%;\n\tvertical-align: bottom;\n}\n#gallery-vertical-700-vh-comment{\n\tword-wrap: break-word;\n\t\/\/width: 700px;\n\tmargin: 0 0 17px 0;\n}\n<\/style>\n<div class=\"ngg1-galleryoverview\" id=\"ngg1-gallery-bde46c0ded5ef9d7857751cc50dcd5dd\">\n\t\t<div id=\"ngg1-image-2852\">\n\t\t<div id=\"gallery-vertical-700-vh\">\n\t\t\t<img title=\" \" alt=\" \" src=\"https:\/\/www.eltono.com\/wp-content\/gallery\/gas2\/eltono-gas2-01.jpg\"\/>\n\t\t\t<\/div><div id=\"gallery-vertical-700-vh-comment\"> \t\t<\/div>\n\t<\/div>\n \t\t<div id=\"ngg1-image-2853\">\n\t\t<div id=\"gallery-vertical-700-vh\">\n\t\t\t<img title=\" \" alt=\" \" src=\"https:\/\/www.eltono.com\/wp-content\/gallery\/gas2\/eltono-gas2-02.jpg\"\/>\n\t\t\t<\/div><div id=\"gallery-vertical-700-vh-comment\"> \t\t<\/div>\n\t<\/div>\n \t\t<div id=\"ngg1-image-2854\">\n\t\t<div id=\"gallery-vertical-700-vh\">\n\t\t\t<img title=\"This time, I added a note so that our pedestrian would not ruin the experiment again.\" alt=\"This time, I added a note so that our pedestrian would not ruin the experiment again.\" src=\"https:\/\/www.eltono.com\/wp-content\/gallery\/gas2\/eltono-gas2-03.jpg\"\/>\n\t\t\t<\/div><div id=\"gallery-vertical-700-vh-comment\">This time, I added a note so that our pedestrian would not ruin the experiment again.\t\t<\/div>\n\t<\/div>\n \t\t<div id=\"ngg1-image-2855\">\n\t\t<div id=\"gallery-vertical-700-vh\">\n\t\t\t<img title=\"At 9h32 I installed the device on the D54 road asphalt.\" alt=\"At 9h32 I installed the device on the D54 road asphalt.\" src=\"https:\/\/www.eltono.com\/wp-content\/gallery\/gas2\/eltono-gas2-04.jpg\"\/>\n\t\t\t<\/div><div id=\"gallery-vertical-700-vh-comment\">At 9h32 I installed the device on the D54 road asphalt.\t\t<\/div>\n\t<\/div>\n \t\t<div id=\"ngg1-image-2856\">\n\t\t<div id=\"gallery-vertical-700-vh\">\n\t\t\t<img title=\" \" alt=\" \" src=\"https:\/\/www.eltono.com\/wp-content\/gallery\/gas2\/eltono-gas2-05.jpg\"\/>\n\t\t\t<\/div><div id=\"gallery-vertical-700-vh-comment\"> \t\t<\/div>\n\t<\/div>\n \t\t<div id=\"ngg1-image-2857\">\n\t\t<div id=\"gallery-vertical-700-vh\">\n\t\t\t<img title=\" \" alt=\" \" src=\"https:\/\/www.eltono.com\/wp-content\/gallery\/gas2\/eltono-gas2-06.jpg\"\/>\n\t\t\t<\/div><div id=\"gallery-vertical-700-vh-comment\"> \t\t<\/div>\n\t<\/div>\n \t\t<div id=\"ngg1-image-2858\">\n\t\t<div id=\"gallery-vertical-700-vh\">\n\t\t\t<img title=\"Finally, after about 7 hours I came back and retrieved the device.\" alt=\"Finally, after about 7 hours I came back and retrieved the device.\" src=\"https:\/\/www.eltono.com\/wp-content\/gallery\/gas2\/eltono-gas2-07.jpg\"\/>\n\t\t\t<\/div><div id=\"gallery-vertical-700-vh-comment\">Finally, after about 7 hours I came back and retrieved the device.\t\t<\/div>\n\t<\/div>\n \t\t<div id=\"ngg1-image-2915\">\n\t\t<div id=\"gallery-vertical-700-vh\">\n\t\t\t<img title=\" \" alt=\" \" src=\"https:\/\/www.eltono.com\/wp-content\/gallery\/gas2\/eltono-gas2-09_0.jpg\"\/>\n\t\t\t<\/div><div id=\"gallery-vertical-700-vh-comment\"> \t\t<\/div>\n\t<\/div>\n \t<\/div>\n<\/p>\n<div id=\"separador\"><\/div>\n<h2><strong><em>TRACES<\/em> \u2013 experiment 1: <em>Gravure au sol #3<\/em><\/strong><\/h2>\n<p>Asphalt engraving on Sumiaozhi-8K 160g Paper, 18 cm x 28 cm.<br \/>\n19\/10\/2011 from 15h00 to 16h19, \u5b66\u9662\u8def (Xueyuanlu), Beijing, China.<br \/>\nMost of the marks were left by bikes and bicycles.<\/p>\n<p><style type=\"text\/css\" media=\"all\">\n\/* ----------- Galeria Vertical 700 vh ngg1 ------------*\/\n#gallery-vertical-700-vh{\n\t\/\/max-width: 100%;\n\t\/\/width: 700px;\n\tbackground-color: #ffffff;\n\ttext-align: left;\n}\n#gallery-vertical-700-vh img{\n\t\/\/max-width: 100%;\n\tvertical-align: bottom;\n}\n#gallery-vertical-700-vh-comment{\n\tword-wrap: break-word;\n\t\/\/width: 700px;\n\tmargin: 0 0 17px 0;\n}\n<\/style>\n<div class=\"ngg1-galleryoverview\" id=\"ngg1-gallery-f6e8ab9361c0ad80d8b8217840d95a99\">\n\t\t<div id=\"ngg1-image-2862\">\n\t\t<div id=\"gallery-vertical-700-vh\">\n\t\t\t<img title=\" \" alt=\" \" src=\"https:\/\/www.eltono.com\/wp-content\/gallery\/gas03\/eltono-gas3-beijing02.jpg\"\/>\n\t\t\t<\/div><div id=\"gallery-vertical-700-vh-comment\"> \t\t<\/div>\n\t<\/div>\n \t\t<div id=\"ngg1-image-2864\">\n\t\t<div id=\"gallery-vertical-700-vh\">\n\t\t\t<img title=\" \" alt=\" \" src=\"https:\/\/www.eltono.com\/wp-content\/gallery\/gas03\/eltono-gas3-beijing04.jpg\"\/>\n\t\t\t<\/div><div id=\"gallery-vertical-700-vh-comment\"> \t\t<\/div>\n\t<\/div>\n \t\t<div id=\"ngg1-image-2911\">\n\t\t<div id=\"gallery-vertical-700-vh\">\n\t\t\t<img title=\"Ready to be installed!\" alt=\"Ready to be installed!\" src=\"https:\/\/www.eltono.com\/wp-content\/gallery\/gas03\/eltono-gas3-beijing05_0.jpg\"\/>\n\t\t\t<\/div><div id=\"gallery-vertical-700-vh-comment\">Ready to be installed!\t\t<\/div>\n\t<\/div>\n \t\t<div id=\"ngg1-image-2866\">\n\t\t<div id=\"gallery-vertical-700-vh\">\n\t\t\t<img title=\"At 15:00 I stuck the device on the asphalt of Xueyuan street.\" alt=\"At 15:00 I stuck the device on the asphalt of Xueyuan street.\" src=\"https:\/\/www.eltono.com\/wp-content\/gallery\/gas03\/eltono-gas3-beijing06.jpg\"\/>\n\t\t\t<\/div><div id=\"gallery-vertical-700-vh-comment\">At 15:00 I stuck the device on the asphalt of Xueyuan street.\t\t<\/div>\n\t<\/div>\n \t\t<div id=\"ngg1-image-2922\">\n\t\t<div id=\"gallery-vertical-700-vh\">\n\t\t\t<img title=\" \" alt=\" \" src=\"https:\/\/www.eltono.com\/wp-content\/gallery\/gas03\/eltono-gas-4xgif_0.gif\"\/>\n\t\t\t<\/div><div id=\"gallery-vertical-700-vh-comment\"> \t\t<\/div>\n\t<\/div>\n \t\t<div id=\"ngg1-image-2877\">\n\t\t<div id=\"gallery-vertical-700-vh\">\n\t\t\t<img title=\"At 15h34 a sweeper was about to remove it, but I arrived just in time to explain to him that it was mine and that I would remove it later.\" alt=\"At 15h34 a sweeper was about to remove it, but I arrived just in time to explain to him that it was mine and that I would remove it later.\" src=\"https:\/\/www.eltono.com\/wp-content\/gallery\/gas03\/eltono-gas3-beijing17.jpg\"\/>\n\t\t\t<\/div><div id=\"gallery-vertical-700-vh-comment\">At 15h34 a sweeper was about to remove it, but I arrived just in time to explain to him that it was mine and that I would remove it later.\t\t<\/div>\n\t<\/div>\n \t\t<div id=\"ngg1-image-2878\">\n\t\t<div id=\"gallery-vertical-700-vh\">\n\t\t\t<img title=\" \" alt=\" \" src=\"https:\/\/www.eltono.com\/wp-content\/gallery\/gas03\/eltono-gas3-beijing18.jpg\"\/>\n\t\t\t<\/div><div id=\"gallery-vertical-700-vh-comment\"> \t\t<\/div>\n\t<\/div>\n \t\t<div id=\"ngg1-image-2879\">\n\t\t<div id=\"gallery-vertical-700-vh\">\n\t\t\t<img title=\"At 16h04, a student stopped and, intrigued, bent over, pulled on one of the plastic parts, and broke it. Luckily it was nothing serious and I was able to carry on with the experiment.\" alt=\"At 16h04, a student stopped and, intrigued, bent over, pulled on one of the plastic parts, and broke it. Luckily it was nothing serious and I was able to carry on with the experiment.\" src=\"https:\/\/www.eltono.com\/wp-content\/gallery\/gas03\/eltono-gas3-beijing19.jpg\"\/>\n\t\t\t<\/div><div id=\"gallery-vertical-700-vh-comment\">At 16h04, a student stopped and, intrigued, bent over, pulled on one of the plastic parts, and broke it. Luckily it was nothing serious and I was able to carry on with the experiment.\t\t<\/div>\n\t<\/div>\n \t\t<div id=\"ngg1-image-2880\">\n\t\t<div id=\"gallery-vertical-700-vh\">\n\t\t\t<img title=\"At 16h19 I recovered it... just before the same sweeper came back again, who (in my opinion) was not in a very collaborative mood.\" alt=\"At 16h19 I recovered it... just before the same sweeper came back again, who (in my opinion) was not in a very collaborative mood.\" src=\"https:\/\/www.eltono.com\/wp-content\/gallery\/gas03\/eltono-gas3-beijing20.jpg\"\/>\n\t\t\t<\/div><div id=\"gallery-vertical-700-vh-comment\">At 16h19 I recovered it... just before the same sweeper came back again, who (in my opinion) was not in a very collaborative mood.\t\t<\/div>\n\t<\/div>\n \t\t<div id=\"ngg1-image-2881\">\n\t\t<div id=\"gallery-vertical-700-vh\">\n\t\t\t<img title=\" \" alt=\" \" src=\"https:\/\/www.eltono.com\/wp-content\/gallery\/gas03\/eltono-gas3-beijing21.jpg\"\/>\n\t\t\t<\/div><div id=\"gallery-vertical-700-vh-comment\"> \t\t<\/div>\n\t<\/div>\n \t\t<div id=\"ngg1-image-2882\">\n\t\t<div id=\"gallery-vertical-700-vh\">\n\t\t\t<img title=\" \" alt=\" \" src=\"https:\/\/www.eltono.com\/wp-content\/gallery\/gas03\/eltono-gas3-beijing22.jpg\"\/>\n\t\t\t<\/div><div id=\"gallery-vertical-700-vh-comment\"> \t\t<\/div>\n\t<\/div>\n \t\t<div id=\"ngg1-image-2923\">\n\t\t<div id=\"gallery-vertical-700-vh\">\n\t\t\t<img title=\" \" alt=\" \" src=\"https:\/\/www.eltono.com\/wp-content\/gallery\/gas03\/eltono-gas3-beijing23_0.jpg\"\/>\n\t\t\t<\/div><div id=\"gallery-vertical-700-vh-comment\"> \t\t<\/div>\n\t<\/div>\n \t\t<div id=\"ngg1-image-2924\">\n\t\t<div id=\"gallery-vertical-700-vh\">\n\t\t\t<img title=\" \" alt=\" \" src=\"https:\/\/www.eltono.com\/wp-content\/gallery\/gas03\/eltono-gas3-beijing25_0.jpg\"\/>\n\t\t\t<\/div><div id=\"gallery-vertical-700-vh-comment\"> \t\t<\/div>\n\t<\/div>\n \t\t<div id=\"ngg1-image-2886\">\n\t\t<div id=\"gallery-vertical-700-vh\">\n\t\t\t<img title=\" \" alt=\" \" src=\"https:\/\/www.eltono.com\/wp-content\/gallery\/gas03\/eltono-gas3-beijing26.jpg\"\/>\n\t\t\t<\/div><div id=\"gallery-vertical-700-vh-comment\"> \t\t<\/div>\n\t<\/div>\n \t<\/div>\n<\/p>\n<h2><strong><em>TRACES<\/em> \u2013 experiment 1: <em>Gravure au sol #4<\/em><\/strong><\/h2>\n<p>Asphalt engraving on Sumiaozhi-8K 160g Paper, 18 cm x 28 cm.<br \/>\n24\/10\/2011 from 15h48 to 16h45, \u5c55\u6625\u56ed\u897f\u8def (Zhanchunyuanxilu), Beijing, China.<br \/>\nMost of the marks were left by cars.<\/p>\n<p><style type=\"text\/css\" media=\"all\">\n\/* ----------- Galeria Vertical 700 vh ngg1 ------------*\/\n#gallery-vertical-700-vh{\n\t\/\/max-width: 100%;\n\t\/\/width: 700px;\n\tbackground-color: #ffffff;\n\ttext-align: left;\n}\n#gallery-vertical-700-vh img{\n\t\/\/max-width: 100%;\n\tvertical-align: bottom;\n}\n#gallery-vertical-700-vh-comment{\n\tword-wrap: break-word;\n\t\/\/width: 700px;\n\tmargin: 0 0 17px 0;\n}\n<\/style>\n<div class=\"ngg1-galleryoverview\" id=\"ngg1-gallery-f2c61f3e406d7a98e4bd9f4feb847538\">\n\t\t<div id=\"ngg1-image-2888\">\n\t\t<div id=\"gallery-vertical-700-vh\">\n\t\t\t<img title=\" \" alt=\" \" src=\"https:\/\/www.eltono.com\/wp-content\/gallery\/gas4\/eltono-gas4-beijing02.jpg\"\/>\n\t\t\t<\/div><div id=\"gallery-vertical-700-vh-comment\"> \t\t<\/div>\n\t<\/div>\n \t\t<div id=\"ngg1-image-2889\">\n\t\t<div id=\"gallery-vertical-700-vh\">\n\t\t\t<img title=\" \" alt=\" \" src=\"https:\/\/www.eltono.com\/wp-content\/gallery\/gas4\/eltono-gas4-beijing03.jpg\"\/>\n\t\t\t<\/div><div id=\"gallery-vertical-700-vh-comment\"> \t\t<\/div>\n\t<\/div>\n \t\t<div id=\"ngg1-image-2890\">\n\t\t<div id=\"gallery-vertical-700-vh\">\n\t\t\t<img title=\"During the previous experiment, I had to stop a sweeper from removing the device from the ground and learned not to trust exceedingly curious students. So I made an improvement and added a seal from the Chinese Ministry of Environment, with the date and the phrases &quot;Do not touch, do not remove&quot;. At 15:48 I stuck the device on the asphalt of Zhanchunyuanxi street.\" alt=\"During the previous experiment, I had to stop a sweeper from removing the device from the ground and learned not to trust exceedingly curious students. So I made an improvement and added a seal from the Chinese Ministry of Environment, with the date and the phrases &quot;Do not touch, do not remove&quot;. At 15:48 I stuck the device on the asphalt of Zhanchunyuanxi street.\" src=\"https:\/\/www.eltono.com\/wp-content\/gallery\/gas4\/eltono-gas4-beijing04.jpg\"\/>\n\t\t\t<\/div><div id=\"gallery-vertical-700-vh-comment\">During the previous experiment, I had to stop a sweeper from removing the device from the ground and learned not to trust exceedingly curious students. So I made an improvement and added a seal from the Chinese Ministry of Environment, with the date and the phrases &quot;Do not touch, do not remove&quot;. At 15:48 I stuck the device on the asphalt of Zhanchunyuanxi street.\t\t<\/div>\n\t<\/div>\n \t\t<div id=\"ngg1-image-2893\">\n\t\t<div id=\"gallery-vertical-700-vh\">\n\t\t\t<img title=\"15h50.\" alt=\"15h50.\" src=\"https:\/\/www.eltono.com\/wp-content\/gallery\/gas4\/eltono-gas4-beijing07.jpg\"\/>\n\t\t\t<\/div><div id=\"gallery-vertical-700-vh-comment\">15h50.\t\t<\/div>\n\t<\/div>\n \t\t<div id=\"ngg1-image-2895\">\n\t\t<div id=\"gallery-vertical-700-vh\">\n\t\t\t<img title=\" \" alt=\" \" src=\"https:\/\/www.eltono.com\/wp-content\/gallery\/gas4\/eltono-gas4-beijing09.jpg\"\/>\n\t\t\t<\/div><div id=\"gallery-vertical-700-vh-comment\"> \t\t<\/div>\n\t<\/div>\n \t\t<div id=\"ngg1-image-2897\">\n\t\t<div id=\"gallery-vertical-700-vh\">\n\t\t\t<img title=\" \" alt=\" \" src=\"https:\/\/www.eltono.com\/wp-content\/gallery\/gas4\/eltono-gas4-beijing11.jpg\"\/>\n\t\t\t<\/div><div id=\"gallery-vertical-700-vh-comment\"> \t\t<\/div>\n\t<\/div>\n \t\t<div id=\"ngg1-image-2899\">\n\t\t<div id=\"gallery-vertical-700-vh\">\n\t\t\t<img title=\" \" alt=\" \" src=\"https:\/\/www.eltono.com\/wp-content\/gallery\/gas4\/eltono-gas4-beijing13.jpg\"\/>\n\t\t\t<\/div><div id=\"gallery-vertical-700-vh-comment\"> \t\t<\/div>\n\t<\/div>\n \t\t<div id=\"ngg1-image-2900\">\n\t\t<div id=\"gallery-vertical-700-vh\">\n\t\t\t<img title=\" \" alt=\" \" src=\"https:\/\/www.eltono.com\/wp-content\/gallery\/gas4\/eltono-gas4-beijing14.jpg\"\/>\n\t\t\t<\/div><div id=\"gallery-vertical-700-vh-comment\"> \t\t<\/div>\n\t<\/div>\n \t\t<div id=\"ngg1-image-2903\">\n\t\t<div id=\"gallery-vertical-700-vh\">\n\t\t\t<img title=\"At 16h45 I recovered the device and at the same time I answered a few questions from a very interested pedestrian. I told him &quot;\u5927\u5b66\u7ec3\u4e60&quot;, which he thought was a very satisfactory answer. He walked away smiling at me.\" alt=\"At 16h45 I recovered the device and at the same time I answered a few questions from a very interested pedestrian. I told him &quot;\u5927\u5b66\u7ec3\u4e60&quot;, which he thought was a very satisfactory answer. He walked away smiling at me.\" src=\"https:\/\/www.eltono.com\/wp-content\/gallery\/gas4\/eltono-gas4-beijing17.jpg\"\/>\n\t\t\t<\/div><div id=\"gallery-vertical-700-vh-comment\">At 16h45 I recovered the device and at the same time I answered a few questions from a very interested pedestrian. I told him &quot;\u5927\u5b66\u7ec3\u4e60&quot;, which he thought was a very satisfactory answer. He walked away smiling at me.\t\t<\/div>\n\t<\/div>\n \t\t<div id=\"ngg1-image-2904\">\n\t\t<div id=\"gallery-vertical-700-vh\">\n\t\t\t<img title=\" \" alt=\" \" src=\"https:\/\/www.eltono.com\/wp-content\/gallery\/gas4\/eltono-gas4-beijing18.jpg\"\/>\n\t\t\t<\/div><div id=\"gallery-vertical-700-vh-comment\"> \t\t<\/div>\n\t<\/div>\n \t\t<div id=\"ngg1-image-2906\">\n\t\t<div id=\"gallery-vertical-700-vh\">\n\t\t\t<img title=\" \" alt=\" \" src=\"https:\/\/www.eltono.com\/wp-content\/gallery\/gas4\/eltono-gas4-beijing20.jpg\"\/>\n\t\t\t<\/div><div id=\"gallery-vertical-700-vh-comment\"> \t\t<\/div>\n\t<\/div>\n \t\t<div id=\"ngg1-image-2907\">\n\t\t<div id=\"gallery-vertical-700-vh\">\n\t\t\t<img title=\" \" alt=\" \" src=\"https:\/\/www.eltono.com\/wp-content\/gallery\/gas4\/eltono-gas4-beijing21.jpg\"\/>\n\t\t\t<\/div><div id=\"gallery-vertical-700-vh-comment\"> \t\t<\/div>\n\t<\/div>\n \t\t<div id=\"ngg1-image-2913\">\n\t\t<div id=\"gallery-vertical-700-vh\">\n\t\t\t<img title=\" \" alt=\" \" src=\"https:\/\/www.eltono.com\/wp-content\/gallery\/gas4\/eltono-gas4-beijing23_0.jpg\"\/>\n\t\t\t<\/div><div id=\"gallery-vertical-700-vh-comment\"> \t\t<\/div>\n\t<\/div>\n \t<\/div>\n<\/p>\n<p>I am in the process of conducting further experiments at this time. As soon as I obtain some more interesting results, I will post more examples.<\/p>\n<p>As the results for these first experiments from the <em><strong>TRACES<\/strong><\/em> project are recoverable, they will be available for purchase, with my other graphic works, at the <a href=\"https:\/\/www.eltono.com\/boutique\/\">Boutique<\/a> on this website.<\/p>","protected":false},"excerpt":{"rendered":"<p>D\u00e9sol\u00e9, cet article n&#8217;est pas encore disponible en fran\u00e7ais.En attendant, vous pouvez toujours le lire en English ou en Espa\u00f1ol. For the sake of viewer convenience, the content is shown below in this site default language. You may click one of the links to switch the site language to another available language.Ongoing project Started in &hellip; <a href=\"https:\/\/www.eltono.com\/fr\/projects\/traces\/\" class=\"more-link\">Continue reading <span class=\"screen-reader-text\">TRACES<\/span><\/a><\/p>\n","protected":false},"author":1,"featured_media":14581,"parent":5,"menu_order":0,"comment_status":"closed","ping_status":"closed","template":"","meta":{"ngg_post_thumbnail":0,"jetpack_post_was_ever_published":false,"footnotes":""},"categories":[291,258,5,287,266,269,272,7],"tags":[],"class_list":["post-5762","page","type-page","status-publish","has-post-thumbnail","hentry","category-291","category-edition","category-interventions","category-ongoing","category-page_outdoor","category-page_participatif","category-page_project","category-projects"],"jetpack_sharing_enabled":true,"jetpack_shortlink":"https:\/\/wp.me\/P7sWFx-1uW","_links":{"self":[{"href":"https:\/\/www.eltono.com\/fr\/wp-json\/wp\/v2\/pages\/5762","targetHints":{"allow":["GET"]}}],"collection":[{"href":"https:\/\/www.eltono.com\/fr\/wp-json\/wp\/v2\/pages"}],"about":[{"href":"https:\/\/www.eltono.com\/fr\/wp-json\/wp\/v2\/types\/page"}],"author":[{"embeddable":true,"href":"https:\/\/www.eltono.com\/fr\/wp-json\/wp\/v2\/users\/1"}],"replies":[{"embeddable":true,"href":"https:\/\/www.eltono.com\/fr\/wp-json\/wp\/v2\/comments?post=5762"}],"version-history":[{"count":12,"href":"https:\/\/www.eltono.com\/fr\/wp-json\/wp\/v2\/pages\/5762\/revisions"}],"predecessor-version":[{"id":20988,"href":"https:\/\/www.eltono.com\/fr\/wp-json\/wp\/v2\/pages\/5762\/revisions\/20988"}],"up":[{"embeddable":true,"href":"https:\/\/www.eltono.com\/fr\/wp-json\/wp\/v2\/pages\/5"}],"wp:featuredmedia":[{"embeddable":true,"href":"https:\/\/www.eltono.com\/fr\/wp-json\/wp\/v2\/media\/14581"}],"wp:attachment":[{"href":"https:\/\/www.eltono.com\/fr\/wp-json\/wp\/v2\/media?parent=5762"}],"wp:term":[{"taxonomy":"category","embeddable":true,"href":"https:\/\/www.eltono.com\/fr\/wp-json\/wp\/v2\/categories?post=5762"},{"taxonomy":"post_tag","embeddable":true,"href":"https:\/\/www.eltono.com\/fr\/wp-json\/wp\/v2\/tags?post=5762"}],"curies":[{"name":"wp","href":"https:\/\/api.w.org\/{rel}","templated":true}]}}