{"id":6302,"date":"2012-04-01T16:36:39","date_gmt":"2012-04-01T14:36:39","guid":{"rendered":"http:\/\/www.eltono.com\/?page_id=6302"},"modified":"2016-03-20T18:25:06","modified_gmt":"2016-03-20T16:25:06","slug":"mala-4","status":"publish","type":"page","link":"https:\/\/www.eltono.com\/fr\/murals\/mala-4\/","title":{"rendered":"Ma\u0142a 4"},"content":{"rendered":"<p class=\"qtranxs-available-languages-message qtranxs-available-languages-message-fr\">D\u00e9sol\u00e9, cet article n'est pas encore disponible en fran\u00e7ais.<br>En attendant, vous pouvez toujours le lire en <a href=\"https:\/\/www.eltono.com\/en\/wp-json\/wp\/v2\/pages\/6302\" class=\"qtranxs-available-language-link qtranxs-available-language-link-en\" title=\"English\">English<\/a> ou en <a href=\"https:\/\/www.eltono.com\/es\/wp-json\/wp\/v2\/pages\/6302\" class=\"qtranxs-available-language-link qtranxs-available-language-link-es\" title=\"Espa\u00f1ol\">Espa\u00f1ol<\/a>. For the sake of viewer convenience, the content is shown below in this site default language. You may click one of the links to switch the site language to another available language.<\/p><p><strong>Praga neighborhood, Warsaw, Poland<\/strong><br \/>\nApril 2012<\/p>\n<p>Project curated by <a href=\"http:\/\/vlepvnet.bzzz.net\/\" target=\"_blank\">Vlepvnet Foundation<\/a><\/p>\n<p>During April 2012, I worked on a social project with kids from the <strong>Praga neighborhood in Warsaw<\/strong>. Because of their social environment and other factors, they don\u2019t have an easy life and spend most of their time hanging out in the street. The Vlepvnet Foundation and the <a href=\"http:\/\/gpaspraga.org.pl\/indexflang.html\" target=\"_blank\">GPAS<\/a> association organized the project, <strong><em>This Way<\/em><\/strong> to give them an opportunity to collaborate with contemporary artists and create a mural in their neighborhood. Our mural was painted on Ma\u0142a street.<\/p>\n<p>Using their help and input, we created an \u201cabstract alphabet\u201d using simple geometric shapes. Then, combining stencils, we painted the words that they chose on the wall. The first two days, we organized a workshop to define the letters of our alphabet and to cut the stencils. During the next 5 days, we completed the mural using the words and sentences that the kids chose.<\/p>\n<blockquote><p>For those who want to translate the mural, here is the <a href=\"http:\/\/www.eltono.com\/wp-content\/uploads\/2012\/04\/eltono-alfabeto-praga.jpg\" target=\"_blank\">alphabet<\/a> and a <a href=\"http:\/\/translate.google.com\/?hl=en#pl|en|\" target=\"_blank\">Polish to English translator<\/a>. (Using the virtual keyboard and pressing the \u201cAlt+Ctrl\u201d key you will be able to use the Polish special characters.)<\/p><\/blockquote>\n<h2>Process Pictures:<\/h2>\n<p><style type=\"text\/css\" media=\"all\">\n\/* ----------- Galeria Vertical 700 vh ngg1 ------------*\/\n#gallery-vertical-700-vh{\n\t\/\/max-width: 100%;\n\t\/\/width: 700px;\n\tbackground-color: #ffffff;\n\ttext-align: left;\n}\n#gallery-vertical-700-vh img{\n\t\/\/max-width: 100%;\n\tvertical-align: bottom;\n}\n#gallery-vertical-700-vh-comment{\n\tword-wrap: break-word;\n\t\/\/width: 700px;\n\tmargin: 0 0 17px 0;\n}\n<\/style>\n<div class=\"ngg1-galleryoverview\" id=\"ngg1-gallery-037ba37d316289c5d138e93c6c819036\">\n\t\t<div id=\"ngg1-image-3067\">\n\t\t<div id=\"gallery-vertical-700-vh\">\n\t\t\t<img title=\" \" alt=\" \" src=\"https:\/\/www.eltono.com\/wp-content\/gallery\/mala4-wwa\/eltono-mala-wwa15.jpg\"\/>\n\t\t\t<\/div><div id=\"gallery-vertical-700-vh-comment\"> \t\t<\/div>\n\t<\/div>\n \t\t<div id=\"ngg1-image-3082\">\n\t\t<div id=\"gallery-vertical-700-vh\">\n\t\t\t<img title=\" \" alt=\" \" src=\"https:\/\/www.eltono.com\/wp-content\/gallery\/mala4-wwa\/eltono-mala-wwa30.jpg\"\/>\n\t\t\t<\/div><div id=\"gallery-vertical-700-vh-comment\"> \t\t<\/div>\n\t<\/div>\n \t\t<div id=\"ngg1-image-3080\">\n\t\t<div id=\"gallery-vertical-700-vh\">\n\t\t\t<img title=\"Mati, Mateusz and Maciek\" alt=\"Mati, Mateusz and Maciek\" src=\"https:\/\/www.eltono.com\/wp-content\/gallery\/mala4-wwa\/eltono-mala-wwa28.jpg\"\/>\n\t\t\t<\/div><div id=\"gallery-vertical-700-vh-comment\">Mati, Mateusz and Maciek\t\t<\/div>\n\t<\/div>\n \t\t<div id=\"ngg1-image-3079\">\n\t\t<div id=\"gallery-vertical-700-vh\">\n\t\t\t<img title=\" \" alt=\" \" src=\"https:\/\/www.eltono.com\/wp-content\/gallery\/mala4-wwa\/eltono-mala-wwa27.jpg\"\/>\n\t\t\t<\/div><div id=\"gallery-vertical-700-vh-comment\"> \t\t<\/div>\n\t<\/div>\n \t\t<div id=\"ngg1-image-3078\">\n\t\t<div id=\"gallery-vertical-700-vh\">\n\t\t\t<img title=\" \" alt=\" \" src=\"https:\/\/www.eltono.com\/wp-content\/gallery\/mala4-wwa\/eltono-mala-wwa26.jpg\"\/>\n\t\t\t<\/div><div id=\"gallery-vertical-700-vh-comment\"> \t\t<\/div>\n\t<\/div>\n \t\t<div id=\"ngg1-image-3077\">\n\t\t<div id=\"gallery-vertical-700-vh\">\n\t\t\t<img title=\" \" alt=\" \" src=\"https:\/\/www.eltono.com\/wp-content\/gallery\/mala4-wwa\/eltono-mala-wwa25.jpg\"\/>\n\t\t\t<\/div><div id=\"gallery-vertical-700-vh-comment\"> \t\t<\/div>\n\t<\/div>\n \t\t<div id=\"ngg1-image-3076\">\n\t\t<div id=\"gallery-vertical-700-vh\">\n\t\t\t<img title=\" \" alt=\" \" src=\"https:\/\/www.eltono.com\/wp-content\/gallery\/mala4-wwa\/eltono-mala-wwa24.jpg\"\/>\n\t\t\t<\/div><div id=\"gallery-vertical-700-vh-comment\"> \t\t<\/div>\n\t<\/div>\n \t\t<div id=\"ngg1-image-3075\">\n\t\t<div id=\"gallery-vertical-700-vh\">\n\t\t\t<img title=\"Done! 31 words over 8 lines\" alt=\"Done! 31 words over 8 lines\" src=\"https:\/\/www.eltono.com\/wp-content\/gallery\/mala4-wwa\/eltono-mala-wwa23.jpg\"\/>\n\t\t\t<\/div><div id=\"gallery-vertical-700-vh-comment\">Done! 31 words over 8 lines\t\t<\/div>\n\t<\/div>\n \t\t<div id=\"ngg1-image-3074\">\n\t\t<div id=\"gallery-vertical-700-vh\">\n\t\t\t<img title=\" \" alt=\" \" src=\"https:\/\/www.eltono.com\/wp-content\/gallery\/mala4-wwa\/eltono-mala-wwa22.jpg\"\/>\n\t\t\t<\/div><div id=\"gallery-vertical-700-vh-comment\"> \t\t<\/div>\n\t<\/div>\n \t\t<div id=\"ngg1-image-3073\">\n\t\t<div id=\"gallery-vertical-700-vh\">\n\t\t\t<img title=\" \" alt=\" \" src=\"https:\/\/www.eltono.com\/wp-content\/gallery\/mala4-wwa\/eltono-mala-wwa21.jpg\"\/>\n\t\t\t<\/div><div id=\"gallery-vertical-700-vh-comment\"> \t\t<\/div>\n\t<\/div>\n \t\t<div id=\"ngg1-image-3072\">\n\t\t<div id=\"gallery-vertical-700-vh\">\n\t\t\t<img title=\" \" alt=\" \" src=\"https:\/\/www.eltono.com\/wp-content\/gallery\/mala4-wwa\/eltono-mala-wwa20.jpg\"\/>\n\t\t\t<\/div><div id=\"gallery-vertical-700-vh-comment\"> \t\t<\/div>\n\t<\/div>\n \t\t<div id=\"ngg1-image-3071\">\n\t\t<div id=\"gallery-vertical-700-vh\">\n\t\t\t<img title=\" \" alt=\" \" src=\"https:\/\/www.eltono.com\/wp-content\/gallery\/mala4-wwa\/eltono-mala-wwa19.jpg\"\/>\n\t\t\t<\/div><div id=\"gallery-vertical-700-vh-comment\"> \t\t<\/div>\n\t<\/div>\n \t\t<div id=\"ngg1-image-3070\">\n\t\t<div id=\"gallery-vertical-700-vh\">\n\t\t\t<img title=\" \" alt=\" \" src=\"https:\/\/www.eltono.com\/wp-content\/gallery\/mala4-wwa\/eltono-mala-wwa18.jpg\"\/>\n\t\t\t<\/div><div id=\"gallery-vertical-700-vh-comment\"> \t\t<\/div>\n\t<\/div>\n \t\t<div id=\"ngg1-image-3069\">\n\t\t<div id=\"gallery-vertical-700-vh\">\n\t\t\t<img title=\" \" alt=\" \" src=\"https:\/\/www.eltono.com\/wp-content\/gallery\/mala4-wwa\/eltono-mala-wwa17.jpg\"\/>\n\t\t\t<\/div><div id=\"gallery-vertical-700-vh-comment\"> \t\t<\/div>\n\t<\/div>\n \t\t<div id=\"ngg1-image-3068\">\n\t\t<div id=\"gallery-vertical-700-vh\">\n\t\t\t<img title=\" \" alt=\" \" src=\"https:\/\/www.eltono.com\/wp-content\/gallery\/mala4-wwa\/eltono-mala-wwa16.jpg\"\/>\n\t\t\t<\/div><div id=\"gallery-vertical-700-vh-comment\"> \t\t<\/div>\n\t<\/div>\n \t\t<div id=\"ngg1-image-3053\">\n\t\t<div id=\"gallery-vertical-700-vh\">\n\t\t\t<img title=\"Creation of the alphabet\" alt=\"Creation of the alphabet\" src=\"https:\/\/www.eltono.com\/wp-content\/gallery\/mala4-wwa\/eltono-mala-wwa01.jpg\"\/>\n\t\t\t<\/div><div id=\"gallery-vertical-700-vh-comment\">Creation of the alphabet\t\t<\/div>\n\t<\/div>\n \t\t<div id=\"ngg1-image-3066\">\n\t\t<div id=\"gallery-vertical-700-vh\">\n\t\t\t<img title=\" \" alt=\" \" src=\"https:\/\/www.eltono.com\/wp-content\/gallery\/mala4-wwa\/eltono-mala-wwa14.jpg\"\/>\n\t\t\t<\/div><div id=\"gallery-vertical-700-vh-comment\"> \t\t<\/div>\n\t<\/div>\n \t\t<div id=\"ngg1-image-3065\">\n\t\t<div id=\"gallery-vertical-700-vh\">\n\t\t\t<img title=\" \" alt=\" \" src=\"https:\/\/www.eltono.com\/wp-content\/gallery\/mala4-wwa\/eltono-mala-wwa13.jpg\"\/>\n\t\t\t<\/div><div id=\"gallery-vertical-700-vh-comment\"> \t\t<\/div>\n\t<\/div>\n \t\t<div id=\"ngg1-image-3064\">\n\t\t<div id=\"gallery-vertical-700-vh\">\n\t\t\t<img title=\" \" alt=\" \" src=\"https:\/\/www.eltono.com\/wp-content\/gallery\/mala4-wwa\/eltono-mala-wwa12.jpg\"\/>\n\t\t\t<\/div><div id=\"gallery-vertical-700-vh-comment\"> \t\t<\/div>\n\t<\/div>\n \t\t<div id=\"ngg1-image-3063\">\n\t\t<div id=\"gallery-vertical-700-vh\">\n\t\t\t<img title=\" \" alt=\" \" src=\"https:\/\/www.eltono.com\/wp-content\/gallery\/mala4-wwa\/eltono-mala-wwa11.jpg\"\/>\n\t\t\t<\/div><div id=\"gallery-vertical-700-vh-comment\"> \t\t<\/div>\n\t<\/div>\n \t\t<div id=\"ngg1-image-3062\">\n\t\t<div id=\"gallery-vertical-700-vh\">\n\t\t\t<img title=\"And we started painting...\" alt=\"And we started painting...\" src=\"https:\/\/www.eltono.com\/wp-content\/gallery\/mala4-wwa\/eltono-mala-wwa10.jpg\"\/>\n\t\t\t<\/div><div id=\"gallery-vertical-700-vh-comment\">And we started painting...\t\t<\/div>\n\t<\/div>\n \t\t<div id=\"ngg1-image-3061\">\n\t\t<div id=\"gallery-vertical-700-vh\">\n\t\t\t<img title=\"The wall on Mala street, number 4\" alt=\"The wall on Mala street, number 4\" src=\"https:\/\/www.eltono.com\/wp-content\/gallery\/mala4-wwa\/eltono-mala-wwa09.jpg\"\/>\n\t\t\t<\/div><div id=\"gallery-vertical-700-vh-comment\">The wall on Mala street, number 4\t\t<\/div>\n\t<\/div>\n \t\t<div id=\"ngg1-image-3060\">\n\t\t<div id=\"gallery-vertical-700-vh\">\n\t\t\t<img title=\" \" alt=\" \" src=\"https:\/\/www.eltono.com\/wp-content\/gallery\/mala4-wwa\/eltono-mala-wwa08.jpg\"\/>\n\t\t\t<\/div><div id=\"gallery-vertical-700-vh-comment\"> \t\t<\/div>\n\t<\/div>\n \t\t<div id=\"ngg1-image-3059\">\n\t\t<div id=\"gallery-vertical-700-vh\">\n\t\t\t<img title=\"On the way to Mala street\" alt=\"On the way to Mala street\" src=\"https:\/\/www.eltono.com\/wp-content\/gallery\/mala4-wwa\/eltono-mala-wwa07.jpg\"\/>\n\t\t\t<\/div><div id=\"gallery-vertical-700-vh-comment\">On the way to Mala street\t\t<\/div>\n\t<\/div>\n \t\t<div id=\"ngg1-image-3058\">\n\t\t<div id=\"gallery-vertical-700-vh\">\n\t\t\t<img title=\"Cutting stencils\" alt=\"Cutting stencils\" src=\"https:\/\/www.eltono.com\/wp-content\/gallery\/mala4-wwa\/eltono-mala-wwa06.jpg\"\/>\n\t\t\t<\/div><div id=\"gallery-vertical-700-vh-comment\">Cutting stencils\t\t<\/div>\n\t<\/div>\n \t\t<div id=\"ngg1-image-3057\">\n\t\t<div id=\"gallery-vertical-700-vh\">\n\t\t\t<img title=\" \" alt=\" \" src=\"https:\/\/www.eltono.com\/wp-content\/gallery\/mala4-wwa\/eltono-mala-wwa05.jpg\"\/>\n\t\t\t<\/div><div id=\"gallery-vertical-700-vh-comment\"> \t\t<\/div>\n\t<\/div>\n \t\t<div id=\"ngg1-image-3056\">\n\t\t<div id=\"gallery-vertical-700-vh\">\n\t\t\t<img title=\" \" alt=\" \" src=\"https:\/\/www.eltono.com\/wp-content\/gallery\/mala4-wwa\/eltono-mala-wwa04.jpg\"\/>\n\t\t\t<\/div><div id=\"gallery-vertical-700-vh-comment\"> \t\t<\/div>\n\t<\/div>\n \t\t<div id=\"ngg1-image-3055\">\n\t\t<div id=\"gallery-vertical-700-vh\">\n\t\t\t<img title=\"First trial writing using our new alphabet\" alt=\"First trial writing using our new alphabet\" src=\"https:\/\/www.eltono.com\/wp-content\/gallery\/mala4-wwa\/eltono-mala-wwa03.jpg\"\/>\n\t\t\t<\/div><div id=\"gallery-vertical-700-vh-comment\">First trial writing using our new alphabet\t\t<\/div>\n\t<\/div>\n \t\t<div id=\"ngg1-image-3054\">\n\t\t<div id=\"gallery-vertical-700-vh\">\n\t\t\t<img title=\" \" alt=\" \" src=\"https:\/\/www.eltono.com\/wp-content\/gallery\/mala4-wwa\/eltono-mala-wwa02.jpg\"\/>\n\t\t\t<\/div><div id=\"gallery-vertical-700-vh-comment\"> \t\t<\/div>\n\t<\/div>\n \t<\/div>\n<\/p>\n<p><a href=\"http:\/\/www.eltono.com\/wp-content\/uploads\/2012\/04\/eltono-mala-wwa29g.jpg\"><img loading=\"lazy\" decoding=\"async\" class=\"alignnone size-medium wp-image-6322\" title=\"eltono-mala-wwa29g\" src=\"http:\/\/www.eltono.com\/wp-content\/uploads\/2012\/04\/eltono-mala-wwa29g-600x450.jpg\" alt=\"Eltono Warsaw\" width=\"600\" height=\"450\" \/><\/a><br \/>\nClick on the picture to see a bigger image of the mural.<\/p>\n<p><img loading=\"lazy\" decoding=\"async\" class=\"alignnone wp-image-6323\" title=\"eltono-mala-wwa31\" src=\"http:\/\/www.eltono.com\/wp-content\/uploads\/2012\/04\/eltono-mala-wwa31.jpg\" alt=\"Eltono V9 Warsaw\" width=\"600\" height=\"450\" \/><br \/>\nThe last day, we painted the entrance of V9, the Foundation Vlepvnet headquarter.<\/p>\n<p>Thanks a lot to Vlepvnet and GPAS and in particular to Mati, Mateusz, Maciek, Go\u0142ota, Goro, Zrazik and Tomek.<\/p>","protected":false},"excerpt":{"rendered":"<p>D\u00e9sol\u00e9, cet article n&#8217;est pas encore disponible en fran\u00e7ais.En attendant, vous pouvez toujours le lire en English ou en Espa\u00f1ol. For the sake of viewer convenience, the content is shown below in this site default language. You may click one of the links to switch the site language to another available language.Praga neighborhood, Warsaw, Poland &hellip; <a href=\"https:\/\/www.eltono.com\/fr\/murals\/mala-4\/\" class=\"more-link\">Continue reading <span class=\"screen-reader-text\">Ma\u0142a 4<\/span><\/a><\/p>\n","protected":false},"author":1,"featured_media":13267,"parent":13155,"menu_order":0,"comment_status":"closed","ping_status":"closed","template":"","meta":{"ngg_post_thumbnail":0,"jetpack_post_was_ever_published":false,"footnotes":""},"categories":[290,112,260,266],"tags":[],"class_list":["post-6302","page","type-page","status-publish","has-post-thumbnail","hentry","category-290","category-mural","category-page_mural","category-page_outdoor"],"jetpack_sharing_enabled":true,"jetpack_shortlink":"https:\/\/wp.me\/P7sWFx-1DE","_links":{"self":[{"href":"https:\/\/www.eltono.com\/fr\/wp-json\/wp\/v2\/pages\/6302","targetHints":{"allow":["GET"]}}],"collection":[{"href":"https:\/\/www.eltono.com\/fr\/wp-json\/wp\/v2\/pages"}],"about":[{"href":"https:\/\/www.eltono.com\/fr\/wp-json\/wp\/v2\/types\/page"}],"author":[{"embeddable":true,"href":"https:\/\/www.eltono.com\/fr\/wp-json\/wp\/v2\/users\/1"}],"replies":[{"embeddable":true,"href":"https:\/\/www.eltono.com\/fr\/wp-json\/wp\/v2\/comments?post=6302"}],"version-history":[{"count":14,"href":"https:\/\/www.eltono.com\/fr\/wp-json\/wp\/v2\/pages\/6302\/revisions"}],"predecessor-version":[{"id":14615,"href":"https:\/\/www.eltono.com\/fr\/wp-json\/wp\/v2\/pages\/6302\/revisions\/14615"}],"up":[{"embeddable":true,"href":"https:\/\/www.eltono.com\/fr\/wp-json\/wp\/v2\/pages\/13155"}],"wp:featuredmedia":[{"embeddable":true,"href":"https:\/\/www.eltono.com\/fr\/wp-json\/wp\/v2\/media\/13267"}],"wp:attachment":[{"href":"https:\/\/www.eltono.com\/fr\/wp-json\/wp\/v2\/media?parent=6302"}],"wp:term":[{"taxonomy":"category","embeddable":true,"href":"https:\/\/www.eltono.com\/fr\/wp-json\/wp\/v2\/categories?post=6302"},{"taxonomy":"post_tag","embeddable":true,"href":"https:\/\/www.eltono.com\/fr\/wp-json\/wp\/v2\/tags?post=6302"}],"curies":[{"name":"wp","href":"https:\/\/api.w.org\/{rel}","templated":true}]}}