{"id":6451,"date":"2012-05-08T13:08:13","date_gmt":"2012-05-08T11:08:13","guid":{"rendered":"http:\/\/www.eltono.com\/?page_id=6451"},"modified":"2016-03-20T18:03:32","modified_gmt":"2016-03-20T16:03:32","slug":"esto-no-es-graffiti","status":"publish","type":"page","link":"https:\/\/www.eltono.com\/fr\/exhibitions\/esto-no-es-graffiti\/","title":{"rendered":"Esto no es Graffiti"},"content":{"rendered":"<p class=\"qtranxs-available-languages-message qtranxs-available-languages-message-fr\">D\u00e9sol\u00e9, cet article n'est pas encore disponible en fran\u00e7ais.<br>En attendant, vous pouvez toujours le lire en <a href=\"https:\/\/www.eltono.com\/en\/wp-json\/wp\/v2\/pages\/6451\" class=\"qtranxs-available-language-link qtranxs-available-language-link-en\" title=\"English\">English<\/a> ou en <a href=\"https:\/\/www.eltono.com\/es\/wp-json\/wp\/v2\/pages\/6451\" class=\"qtranxs-available-language-link qtranxs-available-language-link-es\" title=\"Espa\u00f1ol\">Espa\u00f1ol<\/a>. For the sake of viewer convenience, the content is shown below in this site default language. You may click one of the links to switch the site language to another available language.<\/p><p><strong>Cicus<\/strong><br \/>\nSeville, Spain<br \/>\nMay 8th &#8211; May 31st 2012<\/p>\n<p>Project curated by <a href=\"http:\/\/www.delimbo.com\/\" target=\"_blank\">Delimbo<\/a><\/p>\n<p>What is graffiti? What is this thing called Urban art? Is this graffiti? Art? Where are the limits? Who sets them? <em>Esto No Es Graffiti<\/em> (This is not graffiti) is an exhibition about something called and labeled in many different ways; but in essence, is vivid and spontaneous creation, with disparate methodologies, millions of points of views, and no written rules. The only thing that remains clear is that this is not Graffiti. Graffiti is in the street and it&#8217;s free, enjoy it while it still exists \u2013 Esto No Es Graffiti, text by <a href=\"http:\/\/ilovetocopy.com\/\" target=\"_blank\">Seleka<\/a>, curator of the show for Delimbo.<\/p>\n<p><a href=\"http:\/\/www.estonoesgraffiti.com\/\" target=\"_blank\">www.estonoesgraffiti.com<\/a><\/p>\n<p><img loading=\"lazy\" decoding=\"async\" class=\"alignnone size-full wp-image-6467\" title=\"eneg-logo3\" src=\"http:\/\/www.eltono.com\/wp-content\/uploads\/2012\/07\/eneg-logo3.jpg\" alt=\"\" width=\"515\" height=\"191\" \/><\/p>\n<p>For the <em>Esto no es Graffiti<\/em> show, I presented three artworks, two of them in collaboration with <a href=\"http:\/\/ilovetocopy.com\/\" target=\"_blank\">Seleka<\/a>.<\/p>\n<h2><em>Absence<\/em><\/h2>\n<p>360 x 330 cm, cut off drywall<\/p>\n<p>The first artwork is called <em>Absence<\/em>. Based on the name of the show and reflecting on the issue of showing graffiti in private spaces, I drew shapes cutting the drywall that protected the original brick wall. The result exhibited was the absence of the artwork, thus claiming the street as its original base.<\/p>\n<p><style type=\"text\/css\" media=\"all\">\n\/* ----------- Galeria Vertical 700 vh ngg1 ------------*\/\n#gallery-vertical-700-vh{\n\t\/\/max-width: 100%;\n\t\/\/width: 700px;\n\tbackground-color: #ffffff;\n\ttext-align: left;\n}\n#gallery-vertical-700-vh img{\n\t\/\/max-width: 100%;\n\tvertical-align: bottom;\n}\n#gallery-vertical-700-vh-comment{\n\tword-wrap: break-word;\n\t\/\/width: 700px;\n\tmargin: 0 0 17px 0;\n}\n<\/style>\n<div class=\"ngg1-galleryoverview\" id=\"ngg1-gallery-a162e3eeca9f27b831a79fdf9f953753\">\n\t\t<div id=\"ngg1-image-3090\">\n\t\t<div id=\"gallery-vertical-700-vh\">\n\t\t\t<img title=\"&quot;Absence&quot; (process)\" alt=\"&quot;Absence&quot; (process)\" src=\"https:\/\/www.eltono.com\/wp-content\/gallery\/esto-no-es-graffiti\/eltono-eneg02.jpg\"\/>\n\t\t\t<\/div><div id=\"gallery-vertical-700-vh-comment\">&quot;Absence&quot; (process)\t\t<\/div>\n\t<\/div>\n \t\t<div id=\"ngg1-image-3091\">\n\t\t<div id=\"gallery-vertical-700-vh\">\n\t\t\t<img title=\"&quot;Absence&quot; (process)\" alt=\"&quot;Absence&quot; (process)\" src=\"https:\/\/www.eltono.com\/wp-content\/gallery\/esto-no-es-graffiti\/eltono-eneg03.jpg\"\/>\n\t\t\t<\/div><div id=\"gallery-vertical-700-vh-comment\">&quot;Absence&quot; (process)\t\t<\/div>\n\t<\/div>\n \t\t<div id=\"ngg1-image-3092\">\n\t\t<div id=\"gallery-vertical-700-vh\">\n\t\t\t<img title=\"&quot;Absence&quot;\" alt=\"&quot;Absence&quot;\" src=\"https:\/\/www.eltono.com\/wp-content\/gallery\/esto-no-es-graffiti\/eltono-eneg04.jpg\"\/>\n\t\t\t<\/div><div id=\"gallery-vertical-700-vh-comment\">&quot;Absence&quot;\t\t<\/div>\n\t<\/div>\n \t\t<div id=\"ngg1-image-3093\">\n\t\t<div id=\"gallery-vertical-700-vh\">\n\t\t\t<img title=\"&quot;Absence&quot;\" alt=\"&quot;Absence&quot;\" src=\"https:\/\/www.eltono.com\/wp-content\/gallery\/esto-no-es-graffiti\/eltono-eneg05.jpg\"\/>\n\t\t\t<\/div><div id=\"gallery-vertical-700-vh-comment\">&quot;Absence&quot;\t\t<\/div>\n\t<\/div>\n \t\t<div id=\"ngg1-image-3094\">\n\t\t<div id=\"gallery-vertical-700-vh\">\n\t\t\t<img title=\"&quot;Absence&quot;\" alt=\"&quot;Absence&quot;\" src=\"https:\/\/www.eltono.com\/wp-content\/gallery\/esto-no-es-graffiti\/eltono-eneg06.jpg\"\/>\n\t\t\t<\/div><div id=\"gallery-vertical-700-vh-comment\">&quot;Absence&quot;\t\t<\/div>\n\t<\/div>\n \t\t<div id=\"ngg1-image-3095\">\n\t\t<div id=\"gallery-vertical-700-vh\">\n\t\t\t<img title=\"&quot;Absence&quot;\" alt=\"&quot;Absence&quot;\" src=\"https:\/\/www.eltono.com\/wp-content\/gallery\/esto-no-es-graffiti\/eltono-eneg07.jpg\"\/>\n\t\t\t<\/div><div id=\"gallery-vertical-700-vh-comment\">&quot;Absence&quot;\t\t<\/div>\n\t<\/div>\n \t\t<div id=\"ngg1-image-3126\">\n\t\t<div id=\"gallery-vertical-700-vh\">\n\t\t\t<img title=\"&quot;Absence&quot;, room&#039;s view with artworks from Sixe and Seleka\" alt=\"&quot;Absence&quot;, room&#039;s view with artworks from Sixe and Seleka\" src=\"https:\/\/www.eltono.com\/wp-content\/gallery\/esto-no-es-graffiti\/eltono-eneg09.jpg\"\/>\n\t\t\t<\/div><div id=\"gallery-vertical-700-vh-comment\">&quot;Absence&quot;, room&#039;s view with artworks from Sixe and Seleka\t\t<\/div>\n\t<\/div>\n \t<\/div>\n<\/p>\n<h2><em>Calle Buiza y Mensaque 3<\/em><\/h2>\n<p>Seleka and Eltono<br \/>\n200 x 150 cm each piece &#8211; Spray on 300 gr Fabriano paper &#8211; Spray on wall and photographic print<\/p>\n<p>The second artwork I showed, in collaboration with Seleka, was also a reflexion around the act of showing graffiti in an exhibition space. We produced a drawing on paper and an illegal painting in the street. The painting in the street was the negative shape of the one on the paper. Inside the exhibition, we hung the drawing along with a life size picture of the illegal piece in the street.<\/p>\n<p><style type=\"text\/css\" media=\"all\">\n\/* ----------- Galeria Vertical 700 vh ngg1 ------------*\/\n#gallery-vertical-700-vh{\n\t\/\/max-width: 100%;\n\t\/\/width: 700px;\n\tbackground-color: #ffffff;\n\ttext-align: left;\n}\n#gallery-vertical-700-vh img{\n\t\/\/max-width: 100%;\n\tvertical-align: bottom;\n}\n#gallery-vertical-700-vh-comment{\n\tword-wrap: break-word;\n\t\/\/width: 700px;\n\tmargin: 0 0 17px 0;\n}\n<\/style>\n<div class=\"ngg1-galleryoverview\" id=\"ngg1-gallery-19dab38f8d08ed1fb688cf6210eb1b46\">\n\t\t<div id=\"ngg1-image-3113\">\n\t\t<div id=\"gallery-vertical-700-vh\">\n\t\t\t<img title=\"\u201cCalle Buiza y Mensaque 3\u201d (painting on paper, process)\" alt=\"\u201cCalle Buiza y Mensaque 3\u201d (painting on paper, process)\" src=\"https:\/\/www.eltono.com\/wp-content\/gallery\/esto-no-es-graffiti-2\/eltono-seleka-eneg01.jpg\"\/>\n\t\t\t<\/div><div id=\"gallery-vertical-700-vh-comment\">\u201cCalle Buiza y Mensaque 3\u201d (painting on paper, process)\t\t<\/div>\n\t<\/div>\n \t\t<div id=\"ngg1-image-3114\">\n\t\t<div id=\"gallery-vertical-700-vh\">\n\t\t\t<img title=\"\u201cCalle Buiza y Mensaque 3\u201d (painting on paper)\" alt=\"\u201cCalle Buiza y Mensaque 3\u201d (painting on paper)\" src=\"https:\/\/www.eltono.com\/wp-content\/gallery\/esto-no-es-graffiti-2\/eltono-seleka-eneg02.jpg\"\/>\n\t\t\t<\/div><div id=\"gallery-vertical-700-vh-comment\">\u201cCalle Buiza y Mensaque 3\u201d (painting on paper)\t\t<\/div>\n\t<\/div>\n \t\t<div id=\"ngg1-image-3115\">\n\t\t<div id=\"gallery-vertical-700-vh\">\n\t\t\t<img title=\"\u201cCalle Buiza y Mensaque 3\u201d (painting in the street)\" alt=\"\u201cCalle Buiza y Mensaque 3\u201d (painting in the street)\" src=\"https:\/\/www.eltono.com\/wp-content\/gallery\/esto-no-es-graffiti-2\/eltono-seleka-eneg03.jpg\"\/>\n\t\t\t<\/div><div id=\"gallery-vertical-700-vh-comment\">\u201cCalle Buiza y Mensaque 3\u201d (painting in the street)\t\t<\/div>\n\t<\/div>\n \t\t<div id=\"ngg1-image-3116\">\n\t\t<div id=\"gallery-vertical-700-vh\">\n\t\t\t<img title=\"\u201cCalle Buiza y Mensaque 3\u201d (painting on paper and painting in the street)\" alt=\"\u201cCalle Buiza y Mensaque 3\u201d (painting on paper and painting in the street)\" src=\"https:\/\/www.eltono.com\/wp-content\/gallery\/esto-no-es-graffiti-2\/eltono-seleka-eneg04.jpg\"\/>\n\t\t\t<\/div><div id=\"gallery-vertical-700-vh-comment\">\u201cCalle Buiza y Mensaque 3\u201d (painting on paper and painting in the street)\t\t<\/div>\n\t<\/div>\n \t\t<div id=\"ngg1-image-3117\">\n\t\t<div id=\"gallery-vertical-700-vh\">\n\t\t\t<img title=\"\u201cCalle Buiza y Mensaque 3\u201d (painting in the street)\" alt=\"\u201cCalle Buiza y Mensaque 3\u201d (painting in the street)\" src=\"https:\/\/www.eltono.com\/wp-content\/gallery\/esto-no-es-graffiti-2\/eltono-seleka-eneg05.jpg\"\/>\n\t\t\t<\/div><div id=\"gallery-vertical-700-vh-comment\">\u201cCalle Buiza y Mensaque 3\u201d (painting in the street)\t\t<\/div>\n\t<\/div>\n \t<\/div>\n<\/p>\n<h2><em>Rompecabezas<\/em> (Puzzle)<\/h2>\n<p>Seleka and Eltono<br \/>\n400 x 200 cm, wood and spray paint<\/p>\n<p>For the third artwork, we assembled a wooden collage on a wall and worked on top of it; first I started with tape and then Seleka used paint. Once the piece was finished, we asked Marcos, who was in charge of installing and assembling all of the pieces in the show, to disassemble the piece and reassemble it in a different order. We did not interfere in the composition of the piece and let chance and the assembler&#8217;s criteria decide the final appearance. The idea of not controlling the final result of the work is inspired by the deterioration that can be observed in the pieces painted in the city: factors out of the artist\u2019s control change a painting gradually until, in most cases, it disappears completely.<\/p>\n<p><style type=\"text\/css\" media=\"all\">\n\/* ----------- Galeria Vertical 700 vh ngg1 ------------*\/\n#gallery-vertical-700-vh{\n\t\/\/max-width: 100%;\n\t\/\/width: 700px;\n\tbackground-color: #ffffff;\n\ttext-align: left;\n}\n#gallery-vertical-700-vh img{\n\t\/\/max-width: 100%;\n\tvertical-align: bottom;\n}\n#gallery-vertical-700-vh-comment{\n\tword-wrap: break-word;\n\t\/\/width: 700px;\n\tmargin: 0 0 17px 0;\n}\n<\/style>\n<div class=\"ngg1-galleryoverview\" id=\"ngg1-gallery-d99a8d803acfc578ab29945967c24786\">\n\t\t<div id=\"ngg1-image-3125\">\n\t\t<div id=\"gallery-vertical-700-vh\">\n\t\t\t<img title=\"&quot;Rompecabezas&quot; (Eltono&#039;s intervention)\" alt=\"&quot;Rompecabezas&quot; (Eltono&#039;s intervention)\" src=\"https:\/\/www.eltono.com\/wp-content\/gallery\/esto-no-es-graffiti-3\/eltono-seleka-eneg13.jpg\"\/>\n\t\t\t<\/div><div id=\"gallery-vertical-700-vh-comment\">&quot;Rompecabezas&quot; (Eltono&#039;s intervention)\t\t<\/div>\n\t<\/div>\n \t\t<div id=\"ngg1-image-3119\">\n\t\t<div id=\"gallery-vertical-700-vh\">\n\t\t\t<img title=\"&quot;Rompecabezas&quot; (Seleka&#039;s intervention)\" alt=\"&quot;Rompecabezas&quot; (Seleka&#039;s intervention)\" src=\"https:\/\/www.eltono.com\/wp-content\/gallery\/esto-no-es-graffiti-3\/eltono-seleka-eneg07.jpg\"\/>\n\t\t\t<\/div><div id=\"gallery-vertical-700-vh-comment\">&quot;Rompecabezas&quot; (Seleka&#039;s intervention)\t\t<\/div>\n\t<\/div>\n \t\t<div id=\"ngg1-image-3118\">\n\t\t<div id=\"gallery-vertical-700-vh\">\n\t\t\t<img title=\"&quot;Rompecabezas&quot; (Eltono&#039;s intervention)\" alt=\"&quot;Rompecabezas&quot; (Eltono&#039;s intervention)\" src=\"https:\/\/www.eltono.com\/wp-content\/gallery\/esto-no-es-graffiti-3\/eltono-seleka-eneg06.jpg\"\/>\n\t\t\t<\/div><div id=\"gallery-vertical-700-vh-comment\">&quot;Rompecabezas&quot; (Eltono&#039;s intervention)\t\t<\/div>\n\t<\/div>\n \t\t<div id=\"ngg1-image-3121\">\n\t\t<div id=\"gallery-vertical-700-vh\">\n\t\t\t<img title=\"&quot;Rompecabezas&quot; (Seleka&#039;s intervention)\" alt=\"&quot;Rompecabezas&quot; (Seleka&#039;s intervention)\" src=\"https:\/\/www.eltono.com\/wp-content\/gallery\/esto-no-es-graffiti-3\/eltono-seleka-eneg09.jpg\"\/>\n\t\t\t<\/div><div id=\"gallery-vertical-700-vh-comment\">&quot;Rompecabezas&quot; (Seleka&#039;s intervention)\t\t<\/div>\n\t<\/div>\n \t\t<div id=\"ngg1-image-3120\">\n\t\t<div id=\"gallery-vertical-700-vh\">\n\t\t\t<img title=\"&quot;Rompecabezas&quot; (unmounting and re-mounting by Marcos)\" alt=\"&quot;Rompecabezas&quot; (unmounting and re-mounting by Marcos)\" src=\"https:\/\/www.eltono.com\/wp-content\/gallery\/esto-no-es-graffiti-3\/eltono-seleka-eneg08.jpg\"\/>\n\t\t\t<\/div><div id=\"gallery-vertical-700-vh-comment\">&quot;Rompecabezas&quot; (unmounting and re-mounting by Marcos)\t\t<\/div>\n\t<\/div>\n \t\t<div id=\"ngg1-image-3122\">\n\t\t<div id=\"gallery-vertical-700-vh\">\n\t\t\t<img title=\"&quot;Rompecabezas&quot; (final aspect)\" alt=\"&quot;Rompecabezas&quot; (final aspect)\" src=\"https:\/\/www.eltono.com\/wp-content\/gallery\/esto-no-es-graffiti-3\/eltono-seleka-eneg10.jpg\"\/>\n\t\t\t<\/div><div id=\"gallery-vertical-700-vh-comment\">&quot;Rompecabezas&quot; (final aspect)\t\t<\/div>\n\t<\/div>\n \t\t<div id=\"ngg1-image-3123\">\n\t\t<div id=\"gallery-vertical-700-vh\">\n\t\t\t<img title=\"&quot;Rompecabezas&quot; (detail)\" alt=\"&quot;Rompecabezas&quot; (detail)\" src=\"https:\/\/www.eltono.com\/wp-content\/gallery\/esto-no-es-graffiti-3\/eltono-seleka-eneg11.jpg\"\/>\n\t\t\t<\/div><div id=\"gallery-vertical-700-vh-comment\">&quot;Rompecabezas&quot; (detail)\t\t<\/div>\n\t<\/div>\n \t\t<div id=\"ngg1-image-3127\">\n\t\t<div id=\"gallery-vertical-700-vh\">\n\t\t\t<img title=\"Room&#039;s view with artworks from Sixe and Seleka\" alt=\"Room&#039;s view with artworks from Sixe and Seleka\" src=\"https:\/\/www.eltono.com\/wp-content\/gallery\/esto-no-es-graffiti-3\/eltono-seleka-eneg14.jpg\"\/>\n\t\t\t<\/div><div id=\"gallery-vertical-700-vh-comment\">Room&#039;s view with artworks from Sixe and Seleka\t\t<\/div>\n\t<\/div>\n \t\t<div id=\"ngg1-image-3124\">\n\t\t<div id=\"gallery-vertical-700-vh\">\n\t\t\t<img title=\"Room&#039;s view with artworks from Sixe and Seleka\" alt=\"Room&#039;s view with artworks from Sixe and Seleka\" src=\"https:\/\/www.eltono.com\/wp-content\/gallery\/esto-no-es-graffiti-3\/eltono-seleka-eneg12.jpg\"\/>\n\t\t\t<\/div><div id=\"gallery-vertical-700-vh-comment\">Room&#039;s view with artworks from Sixe and Seleka\t\t<\/div>\n\t<\/div>\n \t<\/div>\n<\/p>\n<p>Photographs by Delimbo and Eltono<br \/>\nThanks to Laura and Seleka, Marcos and Domingo<\/p>","protected":false},"excerpt":{"rendered":"<p>D\u00e9sol\u00e9, cet article n&#8217;est pas encore disponible en fran\u00e7ais.En attendant, vous pouvez toujours le lire en English ou en Espa\u00f1ol. For the sake of viewer convenience, the content is shown below in this site default language. You may click one of the links to switch the site language to another available language.Cicus Seville, Spain May &hellip; <a href=\"https:\/\/www.eltono.com\/fr\/exhibitions\/esto-no-es-graffiti\/\" class=\"more-link\">Continue reading <span class=\"screen-reader-text\">Esto no es Graffiti<\/span><\/a><\/p>\n","protected":false},"author":1,"featured_media":13849,"parent":9,"menu_order":0,"comment_status":"closed","ping_status":"closed","template":"","meta":{"ngg_post_thumbnail":0,"jetpack_post_was_ever_published":false,"footnotes":""},"categories":[290,3,270,261,265],"tags":[],"class_list":["post-6451","page","type-page","status-publish","has-post-thumbnail","hentry","category-290","category-exhibitions","category-page_collective_show","category-page_expo","category-page_indoor"],"jetpack_sharing_enabled":true,"jetpack_shortlink":"https:\/\/wp.me\/P7sWFx-1G3","_links":{"self":[{"href":"https:\/\/www.eltono.com\/fr\/wp-json\/wp\/v2\/pages\/6451","targetHints":{"allow":["GET"]}}],"collection":[{"href":"https:\/\/www.eltono.com\/fr\/wp-json\/wp\/v2\/pages"}],"about":[{"href":"https:\/\/www.eltono.com\/fr\/wp-json\/wp\/v2\/types\/page"}],"author":[{"embeddable":true,"href":"https:\/\/www.eltono.com\/fr\/wp-json\/wp\/v2\/users\/1"}],"replies":[{"embeddable":true,"href":"https:\/\/www.eltono.com\/fr\/wp-json\/wp\/v2\/comments?post=6451"}],"version-history":[{"count":8,"href":"https:\/\/www.eltono.com\/fr\/wp-json\/wp\/v2\/pages\/6451\/revisions"}],"predecessor-version":[{"id":13848,"href":"https:\/\/www.eltono.com\/fr\/wp-json\/wp\/v2\/pages\/6451\/revisions\/13848"}],"up":[{"embeddable":true,"href":"https:\/\/www.eltono.com\/fr\/wp-json\/wp\/v2\/pages\/9"}],"wp:featuredmedia":[{"embeddable":true,"href":"https:\/\/www.eltono.com\/fr\/wp-json\/wp\/v2\/media\/13849"}],"wp:attachment":[{"href":"https:\/\/www.eltono.com\/fr\/wp-json\/wp\/v2\/media?parent=6451"}],"wp:term":[{"taxonomy":"category","embeddable":true,"href":"https:\/\/www.eltono.com\/fr\/wp-json\/wp\/v2\/categories?post=6451"},{"taxonomy":"post_tag","embeddable":true,"href":"https:\/\/www.eltono.com\/fr\/wp-json\/wp\/v2\/tags?post=6451"}],"curies":[{"name":"wp","href":"https:\/\/api.w.org\/{rel}","templated":true}]}}