{"id":7021,"date":"2012-10-21T23:15:17","date_gmt":"2012-10-21T22:15:17","guid":{"rendered":"http:\/\/www.eltono.com\/?page_id=7021"},"modified":"2017-02-15T22:13:31","modified_gmt":"2017-02-15T20:13:31","slug":"serigrafias-las","status":"publish","type":"page","link":"https:\/\/www.eltono.com\/fr\/boutique\/serigrafias-las\/","title":{"rendered":"Line and Surface"},"content":{"rendered":"<p><\/p>\n<h2><strong>S\u00e9rigraphie sur bois <em>Line and Surface<\/em><br \/>\n<\/strong><\/h2>\n<p>S\u00e9rigraphie \u00e9dit\u00e9e par <a href=\"http:\/\/www.stickit.nl\" target=\"_blank\">Stickit<\/a>; reproduction \u00e0 taille r\u00e9elle de la couverture du livre monographique <a href=\"http:\/\/www.eltono.com\/es\/boutique\/line-and-surface\/\" target=\"_blank\"><em>Line and Surface<\/em><\/a>.<\/p>\n<p>[Not a valid template]<\/p>\n<p>S\u00e9rie de 50, sign\u00e9es et num\u00e9rot\u00e9es. S\u00e9rigraphie sur contreplaqu\u00e9, 24 x 30 x 0,4 cm (9&#8243; x 12&#8243; x 0,16&#8243;).<\/p>\n<h5><del>110 Euros + frais d&#8217;envoi (Europe : 10 Euros, monde entier : 12 Euros)<\/del> <span style=\"color: #ff0000;\">Epuis\u00e9e<\/span><\/h5>\n<p><\/p>","protected":false},"excerpt":{"rendered":"<p>S\u00e9rigraphie sur bois Line and Surface S\u00e9rigraphie \u00e9dit\u00e9e par Stickit; reproduction \u00e0 taille r\u00e9elle de la couverture du livre monographique Line and Surface. [Not a valid template] S\u00e9rie de 50, sign\u00e9es et num\u00e9rot\u00e9es. S\u00e9rigraphie sur contreplaqu\u00e9, 24 x 30 x 0,4 cm (9&#8243; x 12&#8243; x 0,16&#8243;). 110 Euros + frais d&#8217;envoi (Europe : 10 &hellip; <a href=\"https:\/\/www.eltono.com\/fr\/boutique\/serigrafias-las\/\" class=\"more-link\">Continue reading <span class=\"screen-reader-text\">Line and Surface<\/span><\/a><\/p>\n","protected":false},"author":1,"featured_media":14699,"parent":13,"menu_order":0,"comment_status":"closed","ping_status":"closed","template":"","meta":{"ngg_post_thumbnail":0,"jetpack_post_was_ever_published":false,"footnotes":""},"categories":[258,273],"tags":[],"class_list":["post-7021","page","type-page","status-publish","has-post-thumbnail","hentry","category-edition","category-page_artworks"],"jetpack_sharing_enabled":true,"jetpack_shortlink":"https:\/\/wp.me\/P7sWFx-1Pf","_links":{"self":[{"href":"https:\/\/www.eltono.com\/fr\/wp-json\/wp\/v2\/pages\/7021","targetHints":{"allow":["GET"]}}],"collection":[{"href":"https:\/\/www.eltono.com\/fr\/wp-json\/wp\/v2\/pages"}],"about":[{"href":"https:\/\/www.eltono.com\/fr\/wp-json\/wp\/v2\/types\/page"}],"author":[{"embeddable":true,"href":"https:\/\/www.eltono.com\/fr\/wp-json\/wp\/v2\/users\/1"}],"replies":[{"embeddable":true,"href":"https:\/\/www.eltono.com\/fr\/wp-json\/wp\/v2\/comments?post=7021"}],"version-history":[{"count":40,"href":"https:\/\/www.eltono.com\/fr\/wp-json\/wp\/v2\/pages\/7021\/revisions"}],"predecessor-version":[{"id":17799,"href":"https:\/\/www.eltono.com\/fr\/wp-json\/wp\/v2\/pages\/7021\/revisions\/17799"}],"up":[{"embeddable":true,"href":"https:\/\/www.eltono.com\/fr\/wp-json\/wp\/v2\/pages\/13"}],"wp:featuredmedia":[{"embeddable":true,"href":"https:\/\/www.eltono.com\/fr\/wp-json\/wp\/v2\/media\/14699"}],"wp:attachment":[{"href":"https:\/\/www.eltono.com\/fr\/wp-json\/wp\/v2\/media?parent=7021"}],"wp:term":[{"taxonomy":"category","embeddable":true,"href":"https:\/\/www.eltono.com\/fr\/wp-json\/wp\/v2\/categories?post=7021"},{"taxonomy":"post_tag","embeddable":true,"href":"https:\/\/www.eltono.com\/fr\/wp-json\/wp\/v2\/tags?post=7021"}],"curies":[{"name":"wp","href":"https:\/\/api.w.org\/{rel}","templated":true}]}}