{"id":735,"date":"2002-05-01T02:42:01","date_gmt":"2002-05-01T00:42:01","guid":{"rendered":"http:\/\/www.eltono.com\/_V2\/?page_id=735"},"modified":"2016-03-20T17:45:33","modified_gmt":"2016-03-20T15:45:33","slug":"light-graffiti","status":"publish","type":"page","link":"https:\/\/www.eltono.com\/fr\/projects\/light-graffiti\/","title":{"rendered":"Light Graffiti"},"content":{"rendered":"<p class=\"qtranxs-available-languages-message qtranxs-available-languages-message-fr\">D\u00e9sol\u00e9, cet article n'est pas encore disponible en fran\u00e7ais.<br>En attendant, vous pouvez toujours le lire en <a href=\"https:\/\/www.eltono.com\/en\/wp-json\/wp\/v2\/pages\/735\" class=\"qtranxs-available-language-link qtranxs-available-language-link-en\" title=\"English\">English<\/a> ou en <a href=\"https:\/\/www.eltono.com\/es\/wp-json\/wp\/v2\/pages\/735\" class=\"qtranxs-available-language-link qtranxs-available-language-link-es\" title=\"Espa\u00f1ol\">Espa\u00f1ol<\/a>. For the sake of viewer convenience, the content is shown below in this site default language. You may click one of the links to switch the site language to another available language.<\/p><p><strong><em>La Luz de Aquella Farola<\/em><\/strong><br \/>\nMadrid, Spain<br \/>\nMay 2002<\/p>\n<p>Installation in collaboration with <a href=\"http:\/\/www.nuriamora.com\/\" target=\"_blank\">Nuria Mora<\/a> &#8211; permanent furtive installation using street light.<\/p>\n<h5><iframe loading=\"lazy\" src=\"http:\/\/www.youtube.com\/embed\/RYCpo1u3G6A?rel=0\" width=\"700\" height=\"525\" frameborder=\"0\"><\/iframe><\/h5>\n<p><img loading=\"lazy\" decoding=\"async\" data-attachment-id=\"8342\" data-permalink=\"https:\/\/www.eltono.com\/fr\/projects\/light-graffiti\/eltono-light-graffiti\/\" data-orig-file=\"https:\/\/www.eltono.com\/wp-content\/uploads\/2008\/11\/eltono-light-graffiti.jpg\" data-orig-size=\"700,529\" data-comments-opened=\"1\" data-image-meta=\"{&quot;aperture&quot;:&quot;0&quot;,&quot;credit&quot;:&quot;&quot;,&quot;camera&quot;:&quot;&quot;,&quot;caption&quot;:&quot;&quot;,&quot;created_timestamp&quot;:&quot;0&quot;,&quot;copyright&quot;:&quot;&quot;,&quot;focal_length&quot;:&quot;0&quot;,&quot;iso&quot;:&quot;0&quot;,&quot;shutter_speed&quot;:&quot;0&quot;,&quot;title&quot;:&quot;&quot;,&quot;orientation&quot;:&quot;1&quot;}\" data-image-title=\"eltono-light-graffiti\" data-image-description=\"\" data-image-caption=\"\" data-medium-file=\"https:\/\/www.eltono.com\/wp-content\/uploads\/2008\/11\/eltono-light-graffiti-300x226.jpg\" data-large-file=\"https:\/\/www.eltono.com\/wp-content\/uploads\/2008\/11\/eltono-light-graffiti.jpg\" class=\"alignnone size-full wp-image-8342\" title=\"eltono-light-graffiti\" src=\"http:\/\/www.eltono.com\/wp-content\/uploads\/2008\/11\/eltono-light-graffiti.jpg\" alt=\"Eltono Light Graffiti\" width=\"700\" height=\"529\" srcset=\"https:\/\/www.eltono.com\/wp-content\/uploads\/2008\/11\/eltono-light-graffiti.jpg 700w, https:\/\/www.eltono.com\/wp-content\/uploads\/2008\/11\/eltono-light-graffiti-350x265.jpg 350w, https:\/\/www.eltono.com\/wp-content\/uploads\/2008\/11\/eltono-light-graffiti-100x75.jpg 100w, https:\/\/www.eltono.com\/wp-content\/uploads\/2008\/11\/eltono-light-graffiti-300x226.jpg 300w, https:\/\/www.eltono.com\/wp-content\/uploads\/2008\/11\/eltono-light-graffiti-396x300.jpg 396w\" sizes=\"auto, (max-width: 700px) 100vw, 700px\" \/><\/p>","protected":false},"excerpt":{"rendered":"<p>D\u00e9sol\u00e9, cet article n&#8217;est pas encore disponible en fran\u00e7ais.En attendant, vous pouvez toujours le lire en English ou en Espa\u00f1ol. For the sake of viewer convenience, the content is shown below in this site default language. You may click one of the links to switch the site language to another available language.La Luz de Aquella &hellip; <a href=\"https:\/\/www.eltono.com\/fr\/projects\/light-graffiti\/\" class=\"more-link\">Continue reading <span class=\"screen-reader-text\">Light Graffiti<\/span><\/a><\/p>\n","protected":false},"author":1,"featured_media":14194,"parent":5,"menu_order":0,"comment_status":"closed","ping_status":"closed","template":"","meta":{"ngg_post_thumbnail":0,"jetpack_post_was_ever_published":false,"footnotes":""},"categories":[299,5,266,272,7],"tags":[],"class_list":["post-735","page","type-page","status-publish","has-post-thumbnail","hentry","category-299","category-interventions","category-page_outdoor","category-page_project","category-projects"],"jetpack_sharing_enabled":true,"jetpack_shortlink":"https:\/\/wp.me\/P7sWFx-bR","_links":{"self":[{"href":"https:\/\/www.eltono.com\/fr\/wp-json\/wp\/v2\/pages\/735","targetHints":{"allow":["GET"]}}],"collection":[{"href":"https:\/\/www.eltono.com\/fr\/wp-json\/wp\/v2\/pages"}],"about":[{"href":"https:\/\/www.eltono.com\/fr\/wp-json\/wp\/v2\/types\/page"}],"author":[{"embeddable":true,"href":"https:\/\/www.eltono.com\/fr\/wp-json\/wp\/v2\/users\/1"}],"replies":[{"embeddable":true,"href":"https:\/\/www.eltono.com\/fr\/wp-json\/wp\/v2\/comments?post=735"}],"version-history":[{"count":14,"href":"https:\/\/www.eltono.com\/fr\/wp-json\/wp\/v2\/pages\/735\/revisions"}],"predecessor-version":[{"id":14270,"href":"https:\/\/www.eltono.com\/fr\/wp-json\/wp\/v2\/pages\/735\/revisions\/14270"}],"up":[{"embeddable":true,"href":"https:\/\/www.eltono.com\/fr\/wp-json\/wp\/v2\/pages\/5"}],"wp:featuredmedia":[{"embeddable":true,"href":"https:\/\/www.eltono.com\/fr\/wp-json\/wp\/v2\/media\/14194"}],"wp:attachment":[{"href":"https:\/\/www.eltono.com\/fr\/wp-json\/wp\/v2\/media?parent=735"}],"wp:term":[{"taxonomy":"category","embeddable":true,"href":"https:\/\/www.eltono.com\/fr\/wp-json\/wp\/v2\/categories?post=735"},{"taxonomy":"post_tag","embeddable":true,"href":"https:\/\/www.eltono.com\/fr\/wp-json\/wp\/v2\/tags?post=735"}],"curies":[{"name":"wp","href":"https:\/\/api.w.org\/{rel}","templated":true}]}}