{"id":9045,"date":"2012-07-06T18:08:14","date_gmt":"2012-07-06T16:08:14","guid":{"rendered":"http:\/\/www.eltono.com\/?page_id=9045"},"modified":"2021-02-05T12:30:45","modified_gmt":"2021-02-05T10:30:45","slug":"deambular-path-mural","status":"publish","type":"page","link":"https:\/\/www.eltono.com\/fr\/murals\/deambular-path-mural\/","title":{"rendered":"Path Mural"},"content":{"rendered":"<p class=\"qtranxs-available-languages-message qtranxs-available-languages-message-fr\">D\u00e9sol\u00e9, cet article n'est pas encore disponible en fran\u00e7ais.<br>En attendant, vous pouvez toujours le lire en <a href=\"https:\/\/www.eltono.com\/en\/wp-json\/wp\/v2\/pages\/9045\" class=\"qtranxs-available-language-link qtranxs-available-language-link-en\" title=\"English\">English<\/a> ou en <a href=\"https:\/\/www.eltono.com\/es\/wp-json\/wp\/v2\/pages\/9045\" class=\"qtranxs-available-language-link qtranxs-available-language-link-es\" title=\"Espa\u00f1ol\">Espa\u00f1ol<\/a>. For the sake of viewer convenience, the content is shown below in this site default language. You may click one of the links to switch the site language to another available language.<\/p><p><strong><em>Deambular<\/em> (Wandering)<\/strong><br \/>\n<strong>Artium, Basque Museum of Contemporary Art<\/strong><br \/>\nVitoria-Gasteiz, Spain<br \/>\nJuly 6th &#8211; September 2nd 2012<\/p>\n<p><strong><em>Praxis<\/em> Project:<\/strong> Curated by Blanca de la Torre &#8211; Production coordination by Yolanda de Egoscozabal<\/p>\n<p><strong><em>Deambular<\/em><\/strong> &#8211; Actions in the public space of Vitoria-Gasteiz and in the exhibition space<br \/>\nControl center and exhibition space: Praxis, North Gallery, ARTIUM<br \/>\nCurators: <a href=\"http:\/\/scgallery.es\/\" target=\"_blank\" rel=\"noopener noreferrer\">Sergio Garc\u00eda<\/a> and <a href=\"http:\/\/urbanario.es\/\" target=\"_blank\" rel=\"noopener noreferrer\">Javier Abarca<\/a><\/p>\n<blockquote><p>See the whole project here: <a href=\"http:\/\/www.eltono.com\/en\/exhibitions\/deambular\/\">www.eltono.com\/en\/exhibitions\/deambular<\/a><\/p><\/blockquote>\n<h2><em>Paths Mural<\/em> Painting:<\/h2>\n<p>Every morning on the museum&#8217;s wall, using the correspondent color, I painted the path I have been walking the day before. Using masking tape, the drawing was stylized and simplified. I added a rule: the more I transited a street during that day, the thicker I had to paint the line. This uncontrolled mural evolved everyday during the 12 days of the residency. The idea was to generate a wall painting in which the final appearance was out of my control and to appreciate the result as a whole abstract painting and not like individual maps.<\/p>\n<p>I used a large paper map to transfer the daily paths from my notebook to the museum wall. This graphic transfer process generated a huge quantity of colored dots (the ones I was marking and following as guides to paint the lines on the wall). The large map proved to be a faithful replica of the map I was creating while sticking the colored dots everyday in the city. This large piece, called <em>Matrix Map<\/em>, was left on the floor of the museum in the middle of the room &#8211; the same place it could be found during the time I was working in the museum.<\/p>\n<p><style type=\"text\/css\" media=\"all\">\n\/* ----------- Galeria Vertical 700 vh ngg1 ------------*\/\n#gallery-vertical-700-vh{\n\t\/\/max-width: 100%;\n\t\/\/width: 700px;\n\tbackground-color: #ffffff;\n\ttext-align: left;\n}\n#gallery-vertical-700-vh img{\n\t\/\/max-width: 100%;\n\tvertical-align: bottom;\n}\n#gallery-vertical-700-vh-comment{\n\tword-wrap: break-word;\n\t\/\/width: 700px;\n\tmargin: 0 0 17px 0;\n}\n<\/style>\n<div class=\"ngg1-galleryoverview\" id=\"ngg1-gallery-bbf76a5674f59ce2eb5962203bfd3784\">\n\t\t<div id=\"ngg1-image-3293\">\n\t\t<div id=\"gallery-vertical-700-vh\">\n\t\t\t<img title=\"&quot;Paths&quot; wall painting \/ Mural de recorridos\" alt=\"&quot;Paths&quot; wall painting \/ Mural de recorridos\" src=\"https:\/\/www.eltono.com\/wp-content\/gallery\/deambular-mural-recorridos\/eltono-deambular-artium07.jpg\"\/>\n\t\t\t<\/div><div id=\"gallery-vertical-700-vh-comment\">&quot;Paths&quot; wall painting \/ Mural de recorridos\t\t<\/div>\n\t<\/div>\n \t\t<div id=\"ngg1-image-3329\">\n\t\t<div id=\"gallery-vertical-700-vh\">\n\t\t\t<img title=\" \" alt=\" \" src=\"https:\/\/www.eltono.com\/wp-content\/gallery\/deambular-mural-recorridos\/eltono-deambular-artium34_0.jpg\"\/>\n\t\t\t<\/div><div id=\"gallery-vertical-700-vh-comment\"> \t\t<\/div>\n\t<\/div>\n \t\t<div id=\"ngg1-image-3295\">\n\t\t<div id=\"gallery-vertical-700-vh\">\n\t\t\t<img title=\"Daily path maps \/ Mapas de recorridos diarios\" alt=\"Daily path maps \/ Mapas de recorridos diarios\" src=\"https:\/\/www.eltono.com\/wp-content\/gallery\/deambular-mural-recorridos\/eltono-deambular-artium30.jpg\"\/>\n\t\t\t<\/div><div id=\"gallery-vertical-700-vh-comment\">Daily path maps \/ Mapas de recorridos diarios\t\t<\/div>\n\t<\/div>\n \t\t<div id=\"ngg1-image-3296\">\n\t\t<div id=\"gallery-vertical-700-vh\">\n\t\t\t<img title=\"Daily path maps \/ Mapas de recorridos diarios\" alt=\"Daily path maps \/ Mapas de recorridos diarios\" src=\"https:\/\/www.eltono.com\/wp-content\/gallery\/deambular-mural-recorridos\/eltono-deambular-artium32.jpg\"\/>\n\t\t\t<\/div><div id=\"gallery-vertical-700-vh-comment\">Daily path maps \/ Mapas de recorridos diarios\t\t<\/div>\n\t<\/div>\n \t\t<div id=\"ngg1-image-3294\">\n\t\t<div id=\"gallery-vertical-700-vh\">\n\t\t\t<img title=\"Matrix map \/ Mapa matriz\" alt=\"Matrix map \/ Mapa matriz\" src=\"https:\/\/www.eltono.com\/wp-content\/gallery\/deambular-mural-recorridos\/eltono-deambular-artium11.jpg\"\/>\n\t\t\t<\/div><div id=\"gallery-vertical-700-vh-comment\">Matrix map \/ Mapa matriz\t\t<\/div>\n\t<\/div>\n \t\t<div id=\"ngg1-image-3437\">\n\t\t<div id=\"gallery-vertical-700-vh\">\n\t\t\t<img title=\"Matrix map details \/ Detalle del mapa matriz\" alt=\"Matrix map details \/ Detalle del mapa matriz\" src=\"https:\/\/www.eltono.com\/wp-content\/gallery\/deambular-mural-recorridos\/eltono-deambular-artium35.jpg\"\/>\n\t\t\t<\/div><div id=\"gallery-vertical-700-vh-comment\">Matrix map details \/ Detalle del mapa matriz\t\t<\/div>\n\t<\/div>\n \t\t<div id=\"ngg1-image-3438\">\n\t\t<div id=\"gallery-vertical-700-vh\">\n\t\t\t<img title=\"Matrix map details \/ Detalle del mapa matriz\" alt=\"Matrix map details \/ Detalle del mapa matriz\" src=\"https:\/\/www.eltono.com\/wp-content\/gallery\/deambular-mural-recorridos\/eltono-deambular-artium36.jpg\"\/>\n\t\t\t<\/div><div id=\"gallery-vertical-700-vh-comment\">Matrix map details \/ Detalle del mapa matriz\t\t<\/div>\n\t<\/div>\n \t<\/div>\n<\/p>","protected":false},"excerpt":{"rendered":"<p>D\u00e9sol\u00e9, cet article n&#8217;est pas encore disponible en fran\u00e7ais.En attendant, vous pouvez toujours le lire en English ou en Espa\u00f1ol. For the sake of viewer convenience, the content is shown below in this site default language. You may click one of the links to switch the site language to another available language.Deambular (Wandering) Artium, Basque &hellip; <a href=\"https:\/\/www.eltono.com\/fr\/murals\/deambular-path-mural\/\" class=\"more-link\">Continue reading <span class=\"screen-reader-text\">Path Mural<\/span><\/a><\/p>\n","protected":false},"author":1,"featured_media":13268,"parent":13155,"menu_order":0,"comment_status":"closed","ping_status":"open","template":"","meta":{"ngg_post_thumbnail":0,"jetpack_post_was_ever_published":false,"footnotes":""},"categories":[290,3,345,262,261,265,260,264,263],"tags":[],"class_list":["post-9045","page","type-page","status-publish","has-post-thumbnail","hentry","category-290","category-exhibitions","category-modo","category-page_automatic","category-page_expo","category-page_indoor","category-page_mural","category-page_solo_show","category-solo-show"],"jetpack_sharing_enabled":true,"jetpack_shortlink":"https:\/\/wp.me\/P7sWFx-2lT","_links":{"self":[{"href":"https:\/\/www.eltono.com\/fr\/wp-json\/wp\/v2\/pages\/9045","targetHints":{"allow":["GET"]}}],"collection":[{"href":"https:\/\/www.eltono.com\/fr\/wp-json\/wp\/v2\/pages"}],"about":[{"href":"https:\/\/www.eltono.com\/fr\/wp-json\/wp\/v2\/types\/page"}],"author":[{"embeddable":true,"href":"https:\/\/www.eltono.com\/fr\/wp-json\/wp\/v2\/users\/1"}],"replies":[{"embeddable":true,"href":"https:\/\/www.eltono.com\/fr\/wp-json\/wp\/v2\/comments?post=9045"}],"version-history":[{"count":9,"href":"https:\/\/www.eltono.com\/fr\/wp-json\/wp\/v2\/pages\/9045\/revisions"}],"predecessor-version":[{"id":21630,"href":"https:\/\/www.eltono.com\/fr\/wp-json\/wp\/v2\/pages\/9045\/revisions\/21630"}],"up":[{"embeddable":true,"href":"https:\/\/www.eltono.com\/fr\/wp-json\/wp\/v2\/pages\/13155"}],"wp:featuredmedia":[{"embeddable":true,"href":"https:\/\/www.eltono.com\/fr\/wp-json\/wp\/v2\/media\/13268"}],"wp:attachment":[{"href":"https:\/\/www.eltono.com\/fr\/wp-json\/wp\/v2\/media?parent=9045"}],"wp:term":[{"taxonomy":"category","embeddable":true,"href":"https:\/\/www.eltono.com\/fr\/wp-json\/wp\/v2\/categories?post=9045"},{"taxonomy":"post_tag","embeddable":true,"href":"https:\/\/www.eltono.com\/fr\/wp-json\/wp\/v2\/tags?post=9045"}],"curies":[{"name":"wp","href":"https:\/\/api.w.org\/{rel}","templated":true}]}}