{"id":9181,"date":"2013-07-31T16:27:55","date_gmt":"2013-07-31T14:27:55","guid":{"rendered":"http:\/\/www.eltono.com\/?page_id=9181"},"modified":"2022-01-05T18:13:10","modified_gmt":"2022-01-05T16:13:10","slug":"bridge-park-1","status":"publish","type":"page","link":"https:\/\/www.eltono.com\/fr\/murals\/bridge-park-1\/","title":{"rendered":"Bridge Park 1"},"content":{"rendered":"<p class=\"qtranxs-available-languages-message qtranxs-available-languages-message-fr\">D\u00e9sol\u00e9, cet article n'est pas encore disponible en fran\u00e7ais.<br>En attendant, vous pouvez toujours le lire en <a href=\"https:\/\/www.eltono.com\/en\/wp-json\/wp\/v2\/pages\/9181\" class=\"qtranxs-available-language-link qtranxs-available-language-link-en\" title=\"English\">English<\/a> ou en <a href=\"https:\/\/www.eltono.com\/es\/wp-json\/wp\/v2\/pages\/9181\" class=\"qtranxs-available-language-link qtranxs-available-language-link-es\" title=\"Espa\u00f1ol\">Espa\u00f1ol<\/a>. For the sake of viewer convenience, the content is shown below in this site default language. You may click one of the links to switch the site language to another available language.<\/p><p>Dumbo, Brooklyn, New York, U.S.A.<br \/>\nJuly 31st &#8211; August 10th 2013<br \/>\nA project co-produced by <span style=\"color: #000000;\"><strong><a href=\"https:\/\/www.woostercollective.com\/\" target=\"_blank\" rel=\"noopener noreferrer\"><span style=\"color: #000000;\">Wooster Collective<\/span><\/a>,&nbsp;<a href=\"https:\/\/jonathanlevinegallery.com\/\" target=\"_blank\" rel=\"noopener noreferrer\"><span style=\"color: #000000;\">Jonathan Levine Gallery<\/span><\/a>, and <a href=\"https:\/\/dumboartsfestival.com\/\" target=\"_blank\" rel=\"noopener noreferrer\"><span style=\"color: #000000;\">Dumbo Art Festival<\/span><\/a><\/strong>.<br \/>\n6 m. x 45 m. &#8211; 20&#8242; x 145&#8242;<br \/>\n<\/span><\/p>\n<p>In parallel with my participation in the <em><strong>Wooster Collective 10th Anniversary Show<\/strong><\/em> at the <strong>Jonathan Levine Gallery<\/strong>, I was invited to paint a huge mural on one of the <a href=\"https:\/\/maps.google.com\/maps?saddr=&amp;daddr=40.7007,-73.9863\" target=\"_blank\" rel=\"noopener noreferrer\">side walls of the BQE in Dumbo, Brooklyn<\/a>.<\/p>\n<p><div class=\"photonav\" id=\"b46bb5e21980ea66\">\n\t<div class=\"container\" style=\"width: 700px; height: 525px;\">\n\t\t<div class=\"content\" style=\"background-image: url(https:\/\/www.eltono.com\/wp-content\/uploads\/2013\/09\/eltono-bridge-park-1-dumbo-nyc-panoramic.jpg);\">\n\t\t\t<img decoding=\"async\" id=\"photonav-image\" class=\"image colorbox-off\" src=\"https:\/\/www.eltono.com\/wp-content\/uploads\/2013\/09\/eltono-bridge-park-1-dumbo-nyc-panoramic.jpg\">\n\t\t<\/div>\n\t<\/div>\n\t<div style=\"display: none;\">\n\t\t<div class=\"photonav popup\">\n\t\t\t<div class=\"container\" style=\"display: block; overflow: hidden;\">\n\t\t\t\t<div class=\"content\" style=\"background-image: url(https:\/\/www.eltono.com\/wp-content\/uploads\/2013\/09\/eltono-bridge-park-1-dumbo-nyc-panoramic.jpg);\">\n\t\t\t\t\t<img decoding=\"async\" id=\"photonav-image\" class=\"image colorbox-off\" src=\"https:\/\/www.eltono.com\/wp-content\/uploads\/2013\/09\/eltono-bridge-park-1-dumbo-nyc-panoramic.jpg\">\n\t\t\t\t<\/div>\n\t\t\t<\/div>\n\t\t<\/div>\n\t<\/div>\n\t<script type=\"text\/javascript\">jQuery(document).ready(function(){jQuery(\"#b46bb5e21980ea66\").photoNav({id:\"b46bb5e21980ea66\",mode:\"move\",popup:\"none\",animate:\"left\",position:\"right\",label:\"none\"});});<\/script>\n<\/div>Panoramic animation (pass your mouse over the image to move it).<\/p>\n<h1>Process pictures:<\/h1>\n<p><style type=\"text\/css\" media=\"all\">\n\/* ----------- Galeria Vertical 700 vh ngg1 ------------*\/\n#gallery-vertical-700-vh{\n\t\/\/max-width: 100%;\n\t\/\/width: 700px;\n\tbackground-color: #ffffff;\n\ttext-align: left;\n}\n#gallery-vertical-700-vh img{\n\t\/\/max-width: 100%;\n\tvertical-align: bottom;\n}\n#gallery-vertical-700-vh-comment{\n\tword-wrap: break-word;\n\t\/\/width: 700px;\n\tmargin: 0 0 17px 0;\n}\n<\/style>\n<div class=\"ngg1-galleryoverview\" id=\"ngg1-gallery-e645064ccb62cb51ff91f2d5548ba8dd\">\n\t\t<div id=\"ngg1-image-4553\">\n\t\t<div id=\"gallery-vertical-700-vh\">\n\t\t\t<img title=\" \" alt=\" \" src=\"https:\/\/www.eltono.com\/wp-content\/gallery\/bridge-park-1-dumbo-ny\/eltono-bridge-park-1-dumbo-nyc01.jpg\"\/>\n\t\t\t<\/div><div id=\"gallery-vertical-700-vh-comment\"> \t\t<\/div>\n\t<\/div>\n \t\t<div id=\"ngg1-image-4570\">\n\t\t<div id=\"gallery-vertical-700-vh\">\n\t\t\t<img title=\" \" alt=\" \" src=\"https:\/\/www.eltono.com\/wp-content\/gallery\/bridge-park-1-dumbo-ny\/eltono-bridge-park-1-dumbo-nyc17.jpg\"\/>\n\t\t\t<\/div><div id=\"gallery-vertical-700-vh-comment\"> \t\t<\/div>\n\t<\/div>\n \t\t<div id=\"ngg1-image-4571\">\n\t\t<div id=\"gallery-vertical-700-vh\">\n\t\t\t<img title=\" \" alt=\" \" src=\"https:\/\/www.eltono.com\/wp-content\/gallery\/bridge-park-1-dumbo-ny\/eltono-bridge-park-1-dumbo-nyc18.jpg\"\/>\n\t\t\t<\/div><div id=\"gallery-vertical-700-vh-comment\"> \t\t<\/div>\n\t<\/div>\n \t\t<div id=\"ngg1-image-4573\">\n\t\t<div id=\"gallery-vertical-700-vh\">\n\t\t\t<img title=\" \" alt=\" \" src=\"https:\/\/www.eltono.com\/wp-content\/gallery\/bridge-park-1-dumbo-ny\/eltono-bridge-park-1-dumbo-nyc20.jpg\"\/>\n\t\t\t<\/div><div id=\"gallery-vertical-700-vh-comment\"> \t\t<\/div>\n\t<\/div>\n \t\t<div id=\"ngg1-image-4554\">\n\t\t<div id=\"gallery-vertical-700-vh\">\n\t\t\t<img title=\" \" alt=\" \" src=\"https:\/\/www.eltono.com\/wp-content\/gallery\/bridge-park-1-dumbo-ny\/eltono-bridge-park-1-dumbo-nyc02.jpg\"\/>\n\t\t\t<\/div><div id=\"gallery-vertical-700-vh-comment\"> \t\t<\/div>\n\t<\/div>\n \t\t<div id=\"ngg1-image-4555\">\n\t\t<div id=\"gallery-vertical-700-vh\">\n\t\t\t<img title=\" \" alt=\" \" src=\"https:\/\/www.eltono.com\/wp-content\/gallery\/bridge-park-1-dumbo-ny\/eltono-bridge-park-1-dumbo-nyc03.jpg\"\/>\n\t\t\t<\/div><div id=\"gallery-vertical-700-vh-comment\"> \t\t<\/div>\n\t<\/div>\n \t\t<div id=\"ngg1-image-4556\">\n\t\t<div id=\"gallery-vertical-700-vh\">\n\t\t\t<img title=\" \" alt=\" \" src=\"https:\/\/www.eltono.com\/wp-content\/gallery\/bridge-park-1-dumbo-ny\/eltono-bridge-park-1-dumbo-nyc04.jpg\"\/>\n\t\t\t<\/div><div id=\"gallery-vertical-700-vh-comment\"> \t\t<\/div>\n\t<\/div>\n \t\t<div id=\"ngg1-image-4557\">\n\t\t<div id=\"gallery-vertical-700-vh\">\n\t\t\t<img title=\" \" alt=\" \" src=\"https:\/\/www.eltono.com\/wp-content\/gallery\/bridge-park-1-dumbo-ny\/eltono-bridge-park-1-dumbo-nyc05.jpg\"\/>\n\t\t\t<\/div><div id=\"gallery-vertical-700-vh-comment\"> \t\t<\/div>\n\t<\/div>\n \t\t<div id=\"ngg1-image-4559\">\n\t\t<div id=\"gallery-vertical-700-vh\">\n\t\t\t<img title=\" \" alt=\" \" src=\"https:\/\/www.eltono.com\/wp-content\/gallery\/bridge-park-1-dumbo-ny\/eltono-bridge-park-1-dumbo-nyc07.jpg\"\/>\n\t\t\t<\/div><div id=\"gallery-vertical-700-vh-comment\"> \t\t<\/div>\n\t<\/div>\n \t\t<div id=\"ngg1-image-4560\">\n\t\t<div id=\"gallery-vertical-700-vh\">\n\t\t\t<img title=\" \" alt=\" \" src=\"https:\/\/www.eltono.com\/wp-content\/gallery\/bridge-park-1-dumbo-ny\/eltono-bridge-park-1-dumbo-nyc08.jpg\"\/>\n\t\t\t<\/div><div id=\"gallery-vertical-700-vh-comment\"> \t\t<\/div>\n\t<\/div>\n \t\t<div id=\"ngg1-image-4565\">\n\t\t<div id=\"gallery-vertical-700-vh\">\n\t\t\t<img title=\" \" alt=\" \" src=\"https:\/\/www.eltono.com\/wp-content\/gallery\/bridge-park-1-dumbo-ny\/eltono-bridge-park-1-dumbo-nyc13.jpg\"\/>\n\t\t\t<\/div><div id=\"gallery-vertical-700-vh-comment\"> \t\t<\/div>\n\t<\/div>\n \t\t<div id=\"ngg1-image-4572\">\n\t\t<div id=\"gallery-vertical-700-vh\">\n\t\t\t<img title=\" \" alt=\" \" src=\"https:\/\/www.eltono.com\/wp-content\/gallery\/bridge-park-1-dumbo-ny\/eltono-bridge-park-1-dumbo-nyc19.jpg\"\/>\n\t\t\t<\/div><div id=\"gallery-vertical-700-vh-comment\"> \t\t<\/div>\n\t<\/div>\n \t\t<div id=\"ngg1-image-4562\">\n\t\t<div id=\"gallery-vertical-700-vh\">\n\t\t\t<img title=\" \" alt=\" \" src=\"https:\/\/www.eltono.com\/wp-content\/gallery\/bridge-park-1-dumbo-ny\/eltono-bridge-park-1-dumbo-nyc10.jpg\"\/>\n\t\t\t<\/div><div id=\"gallery-vertical-700-vh-comment\"> \t\t<\/div>\n\t<\/div>\n \t\t<div id=\"ngg1-image-4563\">\n\t\t<div id=\"gallery-vertical-700-vh\">\n\t\t\t<img title=\" \" alt=\" \" src=\"https:\/\/www.eltono.com\/wp-content\/gallery\/bridge-park-1-dumbo-ny\/eltono-bridge-park-1-dumbo-nyc11.jpg\"\/>\n\t\t\t<\/div><div id=\"gallery-vertical-700-vh-comment\"> \t\t<\/div>\n\t<\/div>\n \t\t<div id=\"ngg1-image-4574\">\n\t\t<div id=\"gallery-vertical-700-vh\">\n\t\t\t<img title=\" \" alt=\" \" src=\"https:\/\/www.eltono.com\/wp-content\/gallery\/bridge-park-1-dumbo-ny\/eltono-bridge-park-1-dumbo-nyc21.jpg\"\/>\n\t\t\t<\/div><div id=\"gallery-vertical-700-vh-comment\"> \t\t<\/div>\n\t<\/div>\n \t\t<div id=\"ngg1-image-4564\">\n\t\t<div id=\"gallery-vertical-700-vh\">\n\t\t\t<img title=\" \" alt=\" \" src=\"https:\/\/www.eltono.com\/wp-content\/gallery\/bridge-park-1-dumbo-ny\/eltono-bridge-park-1-dumbo-nyc12.jpg\"\/>\n\t\t\t<\/div><div id=\"gallery-vertical-700-vh-comment\"> \t\t<\/div>\n\t<\/div>\n \t\t<div id=\"ngg1-image-4575\">\n\t\t<div id=\"gallery-vertical-700-vh\">\n\t\t\t<img title=\" \" alt=\" \" src=\"https:\/\/www.eltono.com\/wp-content\/gallery\/bridge-park-1-dumbo-ny\/eltono-bridge-park-1-dumbo-nyc22.jpg\"\/>\n\t\t\t<\/div><div id=\"gallery-vertical-700-vh-comment\"> \t\t<\/div>\n\t<\/div>\n \t\t<div id=\"ngg1-image-4567\">\n\t\t<div id=\"gallery-vertical-700-vh\">\n\t\t\t<img title=\" \" alt=\" \" src=\"https:\/\/www.eltono.com\/wp-content\/gallery\/bridge-park-1-dumbo-ny\/eltono-bridge-park-1-dumbo-nyc15.jpg\"\/>\n\t\t\t<\/div><div id=\"gallery-vertical-700-vh-comment\"> \t\t<\/div>\n\t<\/div>\n \t\t<div id=\"ngg1-image-4568\">\n\t\t<div id=\"gallery-vertical-700-vh\">\n\t\t\t<img title=\" \" alt=\" \" src=\"https:\/\/www.eltono.com\/wp-content\/gallery\/bridge-park-1-dumbo-ny\/eltono-bridge-park-1-dumbo-nyc16.jpg\"\/>\n\t\t\t<\/div><div id=\"gallery-vertical-700-vh-comment\"> \t\t<\/div>\n\t<\/div>\n \t<\/div>\n<a href=\"https:\/\/www.eltono.com\/wp-content\/gallery\/bridge-park-1-dumbo-ny\/eltono-bridge-park-1-dumbo-nyc14.jpg\"><img loading=\"lazy\" decoding=\"async\" class=\"ngg-singlepic ngg-none alignnone\" src=\"https:\/\/www.eltono.com\/wp-content\/gallery\/bridge-park-1-dumbo-ny\/thumbs\/thumbs_eltono-bridge-park-1-dumbo-nyc14.jpg\" alt=\"eltono-bridge-park-1-dumbo-nyc14\" width=\"700\" height=\"113\"><\/a>(Click on the picture to enlarge)<\/p>\n<p>Thanks a lot for the great help from: Mike &#8220;Little Kang&#8221;, Hope, Matt, Sierra, Mariana, Leila &amp; Brian, Laine, Corina, Russell, Joel &amp; Brad, Theresa, Tara, Mary Kate &amp; Fede, Kym, Kathryn Yerg, and the photographer Daniel Greenfeld.<\/p>","protected":false},"excerpt":{"rendered":"<p>D\u00e9sol\u00e9, cet article n&#8217;est pas encore disponible en fran\u00e7ais.En attendant, vous pouvez toujours le lire en English ou en Espa\u00f1ol. For the sake of viewer convenience, the content is shown below in this site default language. You may click one of the links to switch the site language to another available language.Dumbo, Brooklyn, New York, &hellip; <a href=\"https:\/\/www.eltono.com\/fr\/murals\/bridge-park-1\/\" class=\"more-link\">Continue reading <span class=\"screen-reader-text\">Bridge Park 1<\/span><\/a><\/p>\n","protected":false},"author":1,"featured_media":13231,"parent":13155,"menu_order":0,"comment_status":"closed","ping_status":"open","template":"","meta":{"ngg_post_thumbnail":0,"jetpack_post_was_ever_published":false,"footnotes":""},"categories":[289,349,112,260,266],"tags":[],"class_list":["post-9181","page","type-page","status-publish","has-post-thumbnail","hentry","category-289","category-csb","category-mural","category-page_mural","category-page_outdoor"],"jetpack_sharing_enabled":true,"jetpack_shortlink":"https:\/\/wp.me\/P7sWFx-2o5","_links":{"self":[{"href":"https:\/\/www.eltono.com\/fr\/wp-json\/wp\/v2\/pages\/9181","targetHints":{"allow":["GET"]}}],"collection":[{"href":"https:\/\/www.eltono.com\/fr\/wp-json\/wp\/v2\/pages"}],"about":[{"href":"https:\/\/www.eltono.com\/fr\/wp-json\/wp\/v2\/types\/page"}],"author":[{"embeddable":true,"href":"https:\/\/www.eltono.com\/fr\/wp-json\/wp\/v2\/users\/1"}],"replies":[{"embeddable":true,"href":"https:\/\/www.eltono.com\/fr\/wp-json\/wp\/v2\/comments?post=9181"}],"version-history":[{"count":38,"href":"https:\/\/www.eltono.com\/fr\/wp-json\/wp\/v2\/pages\/9181\/revisions"}],"predecessor-version":[{"id":22223,"href":"https:\/\/www.eltono.com\/fr\/wp-json\/wp\/v2\/pages\/9181\/revisions\/22223"}],"up":[{"embeddable":true,"href":"https:\/\/www.eltono.com\/fr\/wp-json\/wp\/v2\/pages\/13155"}],"wp:featuredmedia":[{"embeddable":true,"href":"https:\/\/www.eltono.com\/fr\/wp-json\/wp\/v2\/media\/13231"}],"wp:attachment":[{"href":"https:\/\/www.eltono.com\/fr\/wp-json\/wp\/v2\/media?parent=9181"}],"wp:term":[{"taxonomy":"category","embeddable":true,"href":"https:\/\/www.eltono.com\/fr\/wp-json\/wp\/v2\/categories?post=9181"},{"taxonomy":"post_tag","embeddable":true,"href":"https:\/\/www.eltono.com\/fr\/wp-json\/wp\/v2\/tags?post=9181"}],"curies":[{"name":"wp","href":"https:\/\/api.w.org\/{rel}","templated":true}]}}