{"id":950,"date":"2008-03-23T19:13:35","date_gmt":"2008-03-23T17:13:35","guid":{"rendered":"http:\/\/www.eltono.com\/_V2\/?page_id=950"},"modified":"2020-05-22T11:06:28","modified_gmt":"2020-05-22T09:06:28","slug":"street-art","status":"publish","type":"page","link":"https:\/\/www.eltono.com\/fr\/exhibitions\/street-art\/","title":{"rendered":"Street Art"},"content":{"rendered":"<p class=\"qtranxs-available-languages-message qtranxs-available-languages-message-fr\">D\u00e9sol\u00e9, cet article n'est pas encore disponible en fran\u00e7ais.<br>En attendant, vous pouvez toujours le lire en <a href=\"https:\/\/www.eltono.com\/en\/wp-json\/wp\/v2\/pages\/950\" class=\"qtranxs-available-language-link qtranxs-available-language-link-en\" title=\"English\">English<\/a> ou en <a href=\"https:\/\/www.eltono.com\/es\/wp-json\/wp\/v2\/pages\/950\" class=\"qtranxs-available-language-link qtranxs-available-language-link-es\" title=\"Espa\u00f1ol\">Espa\u00f1ol<\/a>. For the sake of viewer convenience, the content is shown below in this site default language. You may click one of the links to switch the site language to another available language.<\/p><p><strong>Tate Modern<\/strong><br \/>\nLondon, U.K.<br \/>\nMay 23rd \u2013 August 25th 2008<\/p>\n<p>Curated by Cedar Lewisohn and Rafael Schacter<\/p>\n<p><em><strong>The Street Art Walking Tour<\/strong><\/em>:<br \/>\nAn urban tour of site-specific art from a group of five Madrid-based street artists: 3TTMan, Spok, Nano 4814, Eltono and Nuria Mora.<\/p>\n<p>For the Walking Tour, I painted four pieces in the streets around the Tate and did the <em>Public\/Private<\/em> signboards installation in collaboration with <a href=\"http:\/\/www.nuriamora.com\" target=\"_blank\" rel=\"noopener noreferrer\">Nuria Mora<\/a>.<\/p>\n<p><a href=\"https:\/\/www.tate.org.uk\/whats-on\/tate-modern\/exhibition\/street-art\/street-art-walking-tour\" target=\"_blank\" rel=\"noopener noreferrer\">www.tate.org.uk\/whats-on\/tate-modern\/exhibition\/street-art\/street-art-walking-tour<\/a><\/p>\n<blockquote><p>Especially for the event, I designed a 9 colours silkscreen print, edited by the Tate Modern, you can see it in the Boutique here: <a href=\"https:\/\/www.eltono.com\/en\/boutique\/patchwork-print\">www.eltono.com\/en\/boutique\/patchwork-print<\/a><\/p><\/blockquote>\n<p><a href=\"https:\/\/www.tate.org.uk\/file\/street-art-exhibition-walking-tour\" target=\"_blank\" rel=\"noopener noreferrer\"><img loading=\"lazy\" decoding=\"async\" src=\"https:\/\/www.eltono.com\/wp-content\/gallery\/street-art-tate-modern\/eltonotatelondon02.jpg\" alt=\"Eltono Tate Modern London\" width=\"640\" height=\"453\" border=\"0\"><\/a><\/p>\n<p>Download this map as your guide: <a href=\"https:\/\/www.tate.org.uk\/file\/street-art-exhibition-walking-tour\" target=\"_blank\" rel=\"noopener noreferrer\">https:\/\/www.tate.org.uk\/file\/street-art-exhibition-walking-tour<\/a><\/p>\n<p>ngg_shortcode_0_placeholder<\/p>","protected":false},"excerpt":{"rendered":"<p>D\u00e9sol\u00e9, cet article n&#8217;est pas encore disponible en fran\u00e7ais.En attendant, vous pouvez toujours le lire en English ou en Espa\u00f1ol. For the sake of viewer convenience, the content is shown below in this site default language. You may click one of the links to switch the site language to another available language.Tate Modern London, U.K. &hellip; <a href=\"https:\/\/www.eltono.com\/fr\/exhibitions\/street-art\/\" class=\"more-link\">Continue reading <span class=\"screen-reader-text\">Street Art<\/span><\/a><\/p>\n","protected":false},"author":1,"featured_media":14111,"parent":9,"menu_order":0,"comment_status":"closed","ping_status":"closed","template":"","meta":{"ngg_post_thumbnail":0,"jetpack_post_was_ever_published":false,"footnotes":""},"categories":[294,3,5,112,270,261,266,269,9],"tags":[],"class_list":["post-950","page","type-page","status-publish","has-post-thumbnail","hentry","category-294","category-exhibitions","category-interventions","category-mural","category-page_collective_show","category-page_expo","category-page_outdoor","category-page_participatif","category-street-paintings"],"jetpack_sharing_enabled":true,"jetpack_shortlink":"https:\/\/wp.me\/P7sWFx-fk","_links":{"self":[{"href":"https:\/\/www.eltono.com\/fr\/wp-json\/wp\/v2\/pages\/950","targetHints":{"allow":["GET"]}}],"collection":[{"href":"https:\/\/www.eltono.com\/fr\/wp-json\/wp\/v2\/pages"}],"about":[{"href":"https:\/\/www.eltono.com\/fr\/wp-json\/wp\/v2\/types\/page"}],"author":[{"embeddable":true,"href":"https:\/\/www.eltono.com\/fr\/wp-json\/wp\/v2\/users\/1"}],"replies":[{"embeddable":true,"href":"https:\/\/www.eltono.com\/fr\/wp-json\/wp\/v2\/comments?post=950"}],"version-history":[{"count":16,"href":"https:\/\/www.eltono.com\/fr\/wp-json\/wp\/v2\/pages\/950\/revisions"}],"predecessor-version":[{"id":21013,"href":"https:\/\/www.eltono.com\/fr\/wp-json\/wp\/v2\/pages\/950\/revisions\/21013"}],"up":[{"embeddable":true,"href":"https:\/\/www.eltono.com\/fr\/wp-json\/wp\/v2\/pages\/9"}],"wp:featuredmedia":[{"embeddable":true,"href":"https:\/\/www.eltono.com\/fr\/wp-json\/wp\/v2\/media\/14111"}],"wp:attachment":[{"href":"https:\/\/www.eltono.com\/fr\/wp-json\/wp\/v2\/media?parent=950"}],"wp:term":[{"taxonomy":"category","embeddable":true,"href":"https:\/\/www.eltono.com\/fr\/wp-json\/wp\/v2\/categories?post=950"},{"taxonomy":"post_tag","embeddable":true,"href":"https:\/\/www.eltono.com\/fr\/wp-json\/wp\/v2\/tags?post=950"}],"curies":[{"name":"wp","href":"https:\/\/api.w.org\/{rel}","templated":true}]}}