{"id":9778,"date":"2013-12-15T07:27:59","date_gmt":"2013-12-15T06:27:59","guid":{"rendered":"http:\/\/www.eltono.com\/?page_id=9778"},"modified":"2016-01-13T22:15:32","modified_gmt":"2016-01-13T20:15:32","slug":"promenade-no1","status":"publish","type":"page","link":"https:\/\/www.eltono.com\/fr\/projects\/promenades\/promenade-no1\/","title":{"rendered":"Promenade N\u00ba1"},"content":{"rendered":"<p class=\"qtranxs-available-languages-message qtranxs-available-languages-message-fr\">D\u00e9sol\u00e9, cet article n'est pas encore disponible en fran\u00e7ais.<br>En attendant, vous pouvez toujours le lire en <a href=\"https:\/\/www.eltono.com\/en\/wp-json\/wp\/v2\/pages\/9778\" class=\"qtranxs-available-language-link qtranxs-available-language-link-en\" title=\"English\">English<\/a> ou en <a href=\"https:\/\/www.eltono.com\/es\/wp-json\/wp\/v2\/pages\/9778\" class=\"qtranxs-available-language-link qtranxs-available-language-link-es\" title=\"Espa\u00f1ol\">Espa\u00f1ol<\/a>. For the sake of viewer convenience, the content is shown below in this site default language. You may click one of the links to switch the site language to another available language.<\/p><p>Beijing Haidianqu &#8211; \u5317\u4eac\u6d77\u6dc0\u533a<br \/>\n5 November 2013<br \/>\nFrom 9h37 to 12h15 (2h38min)<br \/>\n8,1 km.<br \/>\n\u5f80\u5317\u8d70 (Wangbeizou, going north)<\/p>\n<p>This is the fist <em>Promenade<\/em> I did and, at that point, the concept of these walks was not totally defined yet. I just had in mind to walk in one direction with no goal and come back. With such a freedom of space and time, I ended up spontaneously creating something on the way. This became the first rule of the <em>Promenades,<\/em> &#8220;walk and, if possible, create something on the way.&#8221;<\/p>\n<p><img decoding=\"async\" class=\"ngg-none\" src=\"http:\/\/www.eltono.com\/wp-content\/gallery\/promenade1\/eltono-promenade1-01.jpg\" alt=\"eltono-promenade1-01\" \/>Departure at 9h37.<\/p>\n<p><img loading=\"lazy\" decoding=\"async\" src=\"http:\/\/www.eltono.com\/wp-content\/gallery\/promenade1\/eltono-promenade1-09.jpg\" alt=\"eltono-promenade1-01\" width=\"700\" height=\"525\" \/>This is an interesting detail that I have seen a lot in Beijing. It is the clash between two politics, one that embraces modernity and civilized behavior (the campaigns for a &#8220;civilized Beijing&#8221; are ubiquitous in the city) and one more rigid and settled where money and influence rule. In this case, they re-did the pavement of the sidewalk with a very civilized yellow path for blind people, but then the \u201ccivilized politics\u201d have come up against a wall.<\/p>\n<p><img decoding=\"async\" class=\"ngg-none\" src=\"http:\/\/www.eltono.com\/wp-content\/gallery\/promenade1\/eltono-promenade1-02.jpg\" alt=\"eltono-promenade1-02\" \/>At 10h57, I found that painted bamboo stick on the floor.<\/p>\n<p><img decoding=\"async\" class=\"ngg-none\" src=\"http:\/\/www.eltono.com\/wp-content\/gallery\/promenade1\/eltono-promenade1-03.jpg\" alt=\"eltono-promenade1-03\" \/>I automatically thought about my grandfather who, when we were going for an after dinner stroll on summer evenings, used to walk with his cane and who would systematically hit any fences on the way to make a sound. Starting from the point where I found the stick, I decided to do the same thing.<\/p>\n<p><img decoding=\"async\" class=\"ngg-none\" src=\"http:\/\/www.eltono.com\/wp-content\/gallery\/promenade1\/eltono-promenade1-04.jpg\" alt=\"eltono-promenade1-04\" \/>At 10h59 I started hitting every fences on my way recording the sounds with my phone.<\/p>\n<p><img decoding=\"async\" src=\"http:\/\/www.eltono.com\/wp-content\/gallery\/promenade1\/eltono-promenade1-06.jpg\" alt=\"eltono-promenade1-06\" \/>After a few hundred meters, the stick started to acquire some damages.<\/p>\n<p><img decoding=\"async\" class=\"ngg-none\" src=\"http:\/\/www.eltono.com\/wp-content\/gallery\/promenade1\/eltono-promenade1-05.jpg\" alt=\"eltono-promenade1-05\" \/>I headed back home and hit fences for about an hour and fifteen minutes.<\/p>\n<p><img loading=\"lazy\" decoding=\"async\" src=\"http:\/\/www.eltono.com\/wp-content\/gallery\/promenade1\/eltono-promenade1-10.jpg\" alt=\"eltono-promenade1-05\" width=\"700\" height=\"700\" \/>Bricks stack, they are everywhere in Beijing. It&#8217;s an element that will not end up in the trash when the sweepers come. I think they may be used to keep a space; people will use them also to sit while eating lunch or waiting for a bus.<\/p>\n<p><img decoding=\"async\" class=\" ngg-none\" src=\"http:\/\/www.eltono.com\/wp-content\/gallery\/promenade1\/eltono-promenade1-07.jpg\" alt=\"eltono-promenade1-07\" \/>The stick after a few kilometers hitting fences.<\/p>\n<p><img loading=\"lazy\" decoding=\"async\" class=\"ngg-none\" src=\"http:\/\/www.eltono.com\/wp-content\/gallery\/promenade1\/eltono-promenade1-08v.jpg\" alt=\"eltono-promenade1-08\" width=\"700\" height=\"700\" \/>I left it outside in front of my doorway, it\u2019s actually still in the same place today, one and a half months later.<\/p>\n<p>During this first walk, I had some tape, a measuring tape and chalk in my bag, just in case. But I realized that it was more interesting to only use things I encountered on the way so I set rule #2, &#8220;only use material found during the walk&#8221;.<\/p>\n<!--[if lt IE 9]><script>document.createElement('audio');<\/script><![endif]-->\n<audio class=\"wp-audio-shortcode\" id=\"audio-9778-1\" preload=\"none\" style=\"width: 100%;\" controls=\"controls\"><source type=\"audio\/mpeg\" src=\"http:\/\/www.eltono.com\/wp-content\/uploads\/2013\/12\/Eltono-Promenade1_5-11-2013-FencesBeijing-Final.mp3?_=1\" \/><a href=\"http:\/\/www.eltono.com\/wp-content\/uploads\/2013\/12\/Eltono-Promenade1_5-11-2013-FencesBeijing-Final.mp3\">http:\/\/www.eltono.com\/wp-content\/uploads\/2013\/12\/Eltono-Promenade1_5-11-2013-FencesBeijing-Final.mp3<\/a><\/audio>\n<p>Finally, I generated an audio file with all the fences hit sounds (press play to listen and enjoy!).<\/p>\n<p><a href=\"http:\/\/www.eltono.com\/wp-content\/gallery\/promenade1\/eltono-promenade1-map_0.jpg\"><img decoding=\"async\" class=\"ngg-singlepic ngg-none\" src=\"http:\/\/www.eltono.com\/wp-content\/gallery\/promenade1\/eltono-promenade1-map_0.jpg\" alt=\"eltono-promenade1-map\" width=\"700\" \/><\/a>The GPS track record; the green line is the path where I was hitting fences, it&#8217;s 4,3 km. long (click on the map to make it bigger).<\/p>\n<p>&gt; <a href=\"http:\/\/www.eltono.com\/projects\/promenades\/\">Back to Promenades Journal<\/a><\/p>","protected":false},"excerpt":{"rendered":"<p>D\u00e9sol\u00e9, cet article n&#8217;est pas encore disponible en fran\u00e7ais.En attendant, vous pouvez toujours le lire en English ou en Espa\u00f1ol. For the sake of viewer convenience, the content is shown below in this site default language. You may click one of the links to switch the site language to another available language.Beijing Haidianqu &#8211; \u5317\u4eac\u6d77\u6dc0\u533a &hellip; <a href=\"https:\/\/www.eltono.com\/fr\/projects\/promenades\/promenade-no1\/\" class=\"more-link\">Continue reading <span class=\"screen-reader-text\">Promenade N\u00ba1<\/span><\/a><\/p>\n","protected":false},"author":1,"featured_media":0,"parent":9854,"menu_order":0,"comment_status":"closed","ping_status":"open","template":"","meta":{"ngg_post_thumbnail":0,"jetpack_post_was_ever_published":false,"footnotes":""},"categories":[],"tags":[],"class_list":["post-9778","page","type-page","status-publish","hentry"],"jetpack_sharing_enabled":true,"jetpack_shortlink":"https:\/\/wp.me\/P7sWFx-2xI","_links":{"self":[{"href":"https:\/\/www.eltono.com\/fr\/wp-json\/wp\/v2\/pages\/9778","targetHints":{"allow":["GET"]}}],"collection":[{"href":"https:\/\/www.eltono.com\/fr\/wp-json\/wp\/v2\/pages"}],"about":[{"href":"https:\/\/www.eltono.com\/fr\/wp-json\/wp\/v2\/types\/page"}],"author":[{"embeddable":true,"href":"https:\/\/www.eltono.com\/fr\/wp-json\/wp\/v2\/users\/1"}],"replies":[{"embeddable":true,"href":"https:\/\/www.eltono.com\/fr\/wp-json\/wp\/v2\/comments?post=9778"}],"version-history":[{"count":106,"href":"https:\/\/www.eltono.com\/fr\/wp-json\/wp\/v2\/pages\/9778\/revisions"}],"predecessor-version":[{"id":15610,"href":"https:\/\/www.eltono.com\/fr\/wp-json\/wp\/v2\/pages\/9778\/revisions\/15610"}],"up":[{"embeddable":true,"href":"https:\/\/www.eltono.com\/fr\/wp-json\/wp\/v2\/pages\/9854"}],"wp:attachment":[{"href":"https:\/\/www.eltono.com\/fr\/wp-json\/wp\/v2\/media?parent=9778"}],"wp:term":[{"taxonomy":"category","embeddable":true,"href":"https:\/\/www.eltono.com\/fr\/wp-json\/wp\/v2\/categories?post=9778"},{"taxonomy":"post_tag","embeddable":true,"href":"https:\/\/www.eltono.com\/fr\/wp-json\/wp\/v2\/tags?post=9778"}],"curies":[{"name":"wp","href":"https:\/\/api.w.org\/{rel}","templated":true}]}}