{"id":9786,"date":"2013-12-19T10:18:05","date_gmt":"2013-12-19T09:18:05","guid":{"rendered":"http:\/\/www.eltono.com\/?page_id=9786"},"modified":"2016-01-13T22:15:46","modified_gmt":"2016-01-13T20:15:46","slug":"promenade-no2","status":"publish","type":"page","link":"https:\/\/www.eltono.com\/fr\/projects\/promenades\/promenade-no2\/","title":{"rendered":"Promenade N\u00ba2"},"content":{"rendered":"<p class=\"qtranxs-available-languages-message qtranxs-available-languages-message-fr\">D\u00e9sol\u00e9, cet article n'est pas encore disponible en fran\u00e7ais.<br>En attendant, vous pouvez toujours le lire en <a href=\"https:\/\/www.eltono.com\/en\/wp-json\/wp\/v2\/pages\/9786\" class=\"qtranxs-available-language-link qtranxs-available-language-link-en\" title=\"English\">English<\/a> ou en <a href=\"https:\/\/www.eltono.com\/es\/wp-json\/wp\/v2\/pages\/9786\" class=\"qtranxs-available-language-link qtranxs-available-language-link-es\" title=\"Espa\u00f1ol\">Espa\u00f1ol<\/a>. For the sake of viewer convenience, the content is shown below in this site default language. You may click one of the links to switch the site language to another available language.<\/p><p>Beijing Haidianqu &#8211; \u5317\u4eac\u6d77\u6dc0\u533a<br \/>\n12 November 2013<br \/>\nFrom 10h42 to 14h45 (4h03min)<br \/>\n20,5 km.<br \/>\n\u5f80\u4e1c\u8d70 (Wangdongzou, going east)<\/p>\n<p>When I started the second <em>Promenade<\/em>, the experience of the first one made things clearer for me. I realized that in between each stroll I would automatically start thinking about what to do during the next walk. But as I was interested in the spontaneity and I didn&#8217;t want to think about any ideas beforehand, I made rule #3, \u201conly execute ideas created during the walk\u201d. I also added rule #4 \u201cenjoy the walk\u201d because I realized that too much pressure to do something could just block the creative process.<\/p>\n<p><img decoding=\"async\" src=\"http:\/\/www.eltono.com\/wp-content\/gallery\/promenade2\/eltono-promenade2-01.jpg\" alt=\"\" \/>Departure at 10h42.<\/p>\n<p><img loading=\"lazy\" decoding=\"async\" src=\"http:\/\/www.eltono.com\/wp-content\/gallery\/promenade2\/eltono-promenade2-53.jpg\" alt=\"\" width=\"700\" height=\"700\" \/><\/p>\n<p><img decoding=\"async\" src=\"http:\/\/www.eltono.com\/wp-content\/gallery\/promenade2\/eltono-promenade2-02.jpg\" alt=\"\" \/>After a couple of hours walking east under the beautiful winter sun of Beijing, I ended up on a busy street corner, with an pedestrian overpass, a couple of bus stops and several meters away, an express bus station. It&#8217;s the kind of spot where you always expect an endless flow of people. And some guys know it. Almost every time, in that kind of busy spots that are not too close to the city center, you will find a lot of little posters pasted with double sided orange tape advertising (for the most part) available rental spaces.<\/p>\n<p><img decoding=\"async\" src=\"http:\/\/www.eltono.com\/wp-content\/gallery\/promenade2\/eltono-promenade2-03.jpg\" alt=\"\" \/><\/p>\n<p><img decoding=\"async\" src=\"http:\/\/www.eltono.com\/wp-content\/gallery\/promenade2\/eltono-promenade2-04.jpg\" alt=\"\" \/><\/p>\n<p><img decoding=\"async\" src=\"http:\/\/www.eltono.com\/wp-content\/gallery\/promenade2\/eltono-promenade2-05.jpg\" alt=\"\" \/>In that spot, the accumulation of small bills was particularly dense and quite chaotic. I decided to organize the mess a little bit.<\/p>\n<p><img decoding=\"async\" src=\"http:\/\/www.eltono.com\/wp-content\/gallery\/promenade2\/eltono-promenade2-06.jpg\" alt=\"\" \/><br \/>\nI&#8217;ve heard once people talking about poster pasting for political campaigns, they were saying that if you want your posters to be noticed, it&#8217;s better to put a lot of them together in a few spots than to post them one by one in a lot of different spots. So I thought I could help these autonomous announcers, giving them a little marketing push. I collected all the bills I could find in the area.<\/p>\n<p><img decoding=\"async\" src=\"http:\/\/www.eltono.com\/wp-content\/gallery\/promenade2\/eltono-promenade2-07.jpg\" alt=\"\" \/><br \/>\nAnd I started to put them all together on one spot. I stepped back to see the results and took the first picture.<\/p>\n<p><img decoding=\"async\" src=\"http:\/\/www.eltono.com\/wp-content\/gallery\/promenade2\/eltono-promenade2-08.jpg\" alt=\"\" \/>At that very moment, one of the local\u00a0&#8220;Bills Removing Squad&#8221; member (you recognize them by the bike, the spatula and the front basket full of paper) that was patrolling showed up and mechanically started to remove the bills. My idea was to add more to the improvised &#8220;bulletin board&#8221; but I had no time!<\/p>\n<p><img decoding=\"async\" src=\"http:\/\/www.eltono.com\/wp-content\/gallery\/promenade2\/eltono-promenade2-09.jpg\" alt=\"\" \/><\/p>\n<p><img decoding=\"async\" src=\"http:\/\/www.eltono.com\/wp-content\/gallery\/promenade2\/eltono-promenade2-10.jpg\" alt=\"\" \/>30 seconds later everything was gone.<\/p>\n<p><img decoding=\"async\" src=\"http:\/\/www.eltono.com\/wp-content\/gallery\/promenade2\/eltono-promenade2-11.jpg\" alt=\"\" \/>I was very excited to witness this but what amazed me the most was that the guy had no particular reaction at all. He has probably never seen that many bills from different announcers all well organized together but couldn&#8217;t care less, once the job was done he just moved away to clear the next spot.<\/p>\n<p><img decoding=\"async\" src=\"http:\/\/www.eltono.com\/wp-content\/gallery\/promenade2\/eltono-promenade2-12.jpg\" alt=\"\" \/>At that point, I was 10 km. away from home so I decided to walk back.<\/p>\n<p><img decoding=\"async\" src=\"http:\/\/www.eltono.com\/wp-content\/gallery\/promenade2\/eltono-promenade2-54.jpg\" alt=\"\" width=\"700\" \/>I spotted an interesting stack of bricks made into a seat.<\/p>\n<p><img decoding=\"async\" src=\"http:\/\/www.eltono.com\/wp-content\/gallery\/promenade2\/eltono-promenade2-13.jpg\" alt=\"\" \/>On the way back, I saw more bills and started collecting them.<\/p>\n<p><img decoding=\"async\" src=\"http:\/\/www.eltono.com\/wp-content\/gallery\/promenade2\/eltono-promenade2-14.jpg\" alt=\"\" \/>Unsticking them is easy but keeping them is not because of the double sided tape.<\/p>\n<p><img decoding=\"async\" src=\"http:\/\/www.eltono.com\/wp-content\/gallery\/promenade2\/eltono-promenade2-15.jpg\" alt=\"\" \/>But I realized by looking around on the floor that it was very easy to spot the white strip that had been pulled away from the tape. I started collecting them too.<\/p>\n<p><img decoding=\"async\" src=\"http:\/\/www.eltono.com\/wp-content\/gallery\/promenade2\/eltono-promenade2-16.jpg\" alt=\"\" \/><\/p>\n<p><img decoding=\"async\" src=\"http:\/\/www.eltono.com\/wp-content\/gallery\/promenade2\/eltono-promenade2-17.jpg\" alt=\"\" \/><\/p>\n<p><img decoding=\"async\" src=\"http:\/\/www.eltono.com\/wp-content\/gallery\/promenade2\/eltono-promenade2-18.jpg\" alt=\"\" \/>I stuck them back on to the backs of the papers \u2013 In a lot of cases I could find the exact strip that was pulled from the tape, both strip and tape matched perfectly!<\/p>\n<p><img decoding=\"async\" src=\"http:\/\/www.eltono.com\/wp-content\/gallery\/promenade2\/eltono-promenade2-19.jpg\" alt=\"\" \/>Once the white strip was back in place, the bills were easy to store in my pocket.<\/p>\n<p><img decoding=\"async\" src=\"http:\/\/www.eltono.com\/wp-content\/gallery\/promenade2\/eltono-promenade2-20.jpg\" alt=\"\" \/><\/p>\n<p><img decoding=\"async\" src=\"http:\/\/www.eltono.com\/wp-content\/gallery\/promenade2\/eltono-promenade2-21.jpg\" alt=\"\" \/><\/p>\n<p><img decoding=\"async\" src=\"http:\/\/www.eltono.com\/wp-content\/gallery\/promenade2\/eltono-promenade2-22.jpg\" alt=\"\" \/><\/p>\n<p><img decoding=\"async\" src=\"http:\/\/www.eltono.com\/wp-content\/gallery\/promenade2\/eltono-promenade2-23.jpg\" alt=\"\" \/><\/p>\n<p><img decoding=\"async\" src=\"http:\/\/www.eltono.com\/wp-content\/gallery\/promenade2\/eltono-promenade2-24.jpg\" alt=\"\" \/><\/p>\n<p><img decoding=\"async\" src=\"http:\/\/www.eltono.com\/wp-content\/gallery\/promenade2\/eltono-promenade2-25.jpg\" alt=\"\" \/><\/p>\n<p><img decoding=\"async\" src=\"http:\/\/www.eltono.com\/wp-content\/gallery\/promenade2\/eltono-promenade2-26.jpg\" alt=\"\" \/><\/p>\n<p><img decoding=\"async\" src=\"http:\/\/www.eltono.com\/wp-content\/gallery\/promenade2\/eltono-promenade2-28.jpg\" alt=\"\" \/><\/p>\n<p><img decoding=\"async\" src=\"http:\/\/www.eltono.com\/wp-content\/gallery\/promenade2\/eltono-promenade2-30.jpg\" alt=\"\" \/>I followed the bills, they were all of the same kind, almost systematically I was able to find the white protective strip. I collected 18 bills along a couple of blocks and suddenly the track stopped, I couldn&#8217;t find anymore.<\/p>\n<p><img decoding=\"async\" src=\"http:\/\/www.eltono.com\/wp-content\/gallery\/promenade2\/eltono-promenade2-31.jpg\" alt=\"\" \/>So I pasted them together on the first suitable spot I found and kept on walking back west.<\/p>\n<p><img decoding=\"async\" src=\"http:\/\/www.eltono.com\/wp-content\/gallery\/promenade2\/eltono-promenade2-32.jpg\" alt=\"\" \/>Several hundred meters later I found a guy pasting his bills directly on cars. I thought that guy really needed help with marketing. Does he think people are going to look at his ad and call to rent his room if he sticks the bill with strong double-sided tape directly on their brand new cars?<\/p>\n<p><img decoding=\"async\" src=\"http:\/\/www.eltono.com\/wp-content\/gallery\/promenade2\/eltono-promenade2-33.jpg\" alt=\"\" \/><\/p>\n<p><img decoding=\"async\" src=\"http:\/\/www.eltono.com\/wp-content\/gallery\/promenade2\/eltono-promenade2-34.jpg\" alt=\"\" \/><\/p>\n<p><img decoding=\"async\" src=\"http:\/\/www.eltono.com\/wp-content\/gallery\/promenade2\/eltono-promenade2-39.jpg\" alt=\"\" \/>Almost all of them ended up on the floor, obviously.<\/p>\n<p><img decoding=\"async\" src=\"http:\/\/www.eltono.com\/wp-content\/gallery\/promenade2\/eltono-promenade2-35.jpg\" alt=\"\" \/>Upside down?<\/p>\n<p><img decoding=\"async\" src=\"http:\/\/www.eltono.com\/wp-content\/gallery\/promenade2\/eltono-promenade2-36.jpg\" alt=\"\" \/>I collected the one I could.<\/p>\n<p><img decoding=\"async\" src=\"http:\/\/www.eltono.com\/wp-content\/gallery\/promenade2\/eltono-promenade2-37.jpg\" alt=\"\" \/><\/p>\n<p><img decoding=\"async\" src=\"http:\/\/www.eltono.com\/wp-content\/gallery\/promenade2\/eltono-promenade2-38.jpg\" alt=\"\" \/><\/p>\n<p><img decoding=\"async\" src=\"http:\/\/www.eltono.com\/wp-content\/gallery\/promenade2\/eltono-promenade2-40.jpg\" alt=\"\" \/><\/p>\n<p><img decoding=\"async\" src=\"http:\/\/www.eltono.com\/wp-content\/gallery\/promenade2\/eltono-promenade2-41.jpg\" alt=\"\" \/><\/p>\n<p><img decoding=\"async\" src=\"http:\/\/www.eltono.com\/wp-content\/gallery\/promenade2\/eltono-promenade2-42.jpg\" alt=\"\" \/>On the way, I found this example of possible pasting spots.<\/p>\n<p><img decoding=\"async\" src=\"http:\/\/www.eltono.com\/wp-content\/gallery\/promenade2\/eltono-promenade2-43.jpg\" alt=\"\" \/><\/p>\n<p><img decoding=\"async\" src=\"http:\/\/www.eltono.com\/wp-content\/gallery\/promenade2\/eltono-promenade2-44.jpg\" alt=\"\" \/>Later on, I came upon this really interesting method which prevents the sticking person from throwing the white strips at the floor. I don\u2019t know why they do that actually, to keep the streets clean? Do they really care if they are fly posting everywhere? Not to be reproached by others when they throw things on the floor? But anyway, it\u2019s a better solution for me, I don\u2019t have to look for the protective white strip.<\/p>\n<p><img decoding=\"async\" src=\"http:\/\/www.eltono.com\/wp-content\/gallery\/promenade2\/eltono-promenade2-45.jpg\" alt=\"\" \/>A vehicle from the local &#8220;Bills Removing Squad&#8221;, easily recognizable by the spatula and the basket full of removed posters.<\/p>\n<p><img decoding=\"async\" src=\"http:\/\/www.eltono.com\/wp-content\/gallery\/promenade2\/eltono-promenade2-46.jpg\" alt=\"\" \/>I could find a couple more bills along the next blocks.<\/p>\n<p><img decoding=\"async\" src=\"http:\/\/www.eltono.com\/wp-content\/gallery\/promenade2\/eltono-promenade2-47.jpg\" alt=\"\" \/>The &#8220;Bills Removing Squad&#8221; has been busy on the last block I was walking by, I only could find a dozen bills in total, I was already very close to home so I decided to paste what I had together. I didn&#8217;t want to do that too close to my house because whatever you do in China, you are very noticeable when you are not Chinese; then gossips go fast in the neighborhood and I don&#8217;t want to have to explain what I was doing to my local watchers, I think they would never understand.<\/p>\n<p><img decoding=\"async\" src=\"http:\/\/www.eltono.com\/wp-content\/gallery\/promenade2\/eltono-promenade2-48.jpg\" alt=\"\" \/>A member of the &#8220;Bills Removing Squad&#8221; in full effect. I estimate that they patrol each street two to four times a day. Probably much more when you get closer to the city center.<\/p>\n<p>At around 3pm I arrived back home. I found this experiment quite humorous and actually I noticed that people were looking at the group of posters I had pasted more than when they are found individually on the street (of course without counting the people that saw me pasting or taking pictures).<\/p>\n<p>This experiment was repeated in <em>Promenade <a href=\"http:\/\/www.eltono.com\/projects\/promenades\/promenade-no5\/#billsp5\">#5<\/a><\/em> and <em><a href=\"http:\/\/www.eltono.com\/projects\/promenades\/promenade-no7\/#billsp7\">#7<\/a><\/em> where it gave more interesting results.<strong><br \/>\n<\/strong><\/p>\n<p><a href=\"http:\/\/www.eltono.com\/wp-content\/gallery\/promenade2\/eltono-promenade2-map_0.jpg\"><img decoding=\"async\" src=\"http:\/\/www.eltono.com\/wp-content\/gallery\/promenade2\/eltono-promenade2-map_0.jpg\" alt=\"eltono-promenade2-map\" width=\"700\" \/><\/a><br \/>\nThe GPS track record (click on the map to make it bigger).<\/p>\n<p>&gt; <a href=\"http:\/\/www.eltono.com\/projects\/promenades\/\">Back to Promenades Journal<\/a><\/p>","protected":false},"excerpt":{"rendered":"<p>D\u00e9sol\u00e9, cet article n&#8217;est pas encore disponible en fran\u00e7ais.En attendant, vous pouvez toujours le lire en English ou en Espa\u00f1ol. For the sake of viewer convenience, the content is shown below in this site default language. You may click one of the links to switch the site language to another available language.Beijing Haidianqu &#8211; \u5317\u4eac\u6d77\u6dc0\u533a &hellip; <a href=\"https:\/\/www.eltono.com\/fr\/projects\/promenades\/promenade-no2\/\" class=\"more-link\">Continue reading <span class=\"screen-reader-text\">Promenade N\u00ba2<\/span><\/a><\/p>\n","protected":false},"author":1,"featured_media":0,"parent":9854,"menu_order":0,"comment_status":"closed","ping_status":"open","template":"","meta":{"ngg_post_thumbnail":0,"jetpack_post_was_ever_published":false,"footnotes":""},"categories":[],"tags":[],"class_list":["post-9786","page","type-page","status-publish","hentry"],"jetpack_sharing_enabled":true,"jetpack_shortlink":"https:\/\/wp.me\/P7sWFx-2xQ","_links":{"self":[{"href":"https:\/\/www.eltono.com\/fr\/wp-json\/wp\/v2\/pages\/9786","targetHints":{"allow":["GET"]}}],"collection":[{"href":"https:\/\/www.eltono.com\/fr\/wp-json\/wp\/v2\/pages"}],"about":[{"href":"https:\/\/www.eltono.com\/fr\/wp-json\/wp\/v2\/types\/page"}],"author":[{"embeddable":true,"href":"https:\/\/www.eltono.com\/fr\/wp-json\/wp\/v2\/users\/1"}],"replies":[{"embeddable":true,"href":"https:\/\/www.eltono.com\/fr\/wp-json\/wp\/v2\/comments?post=9786"}],"version-history":[{"count":98,"href":"https:\/\/www.eltono.com\/fr\/wp-json\/wp\/v2\/pages\/9786\/revisions"}],"predecessor-version":[{"id":15611,"href":"https:\/\/www.eltono.com\/fr\/wp-json\/wp\/v2\/pages\/9786\/revisions\/15611"}],"up":[{"embeddable":true,"href":"https:\/\/www.eltono.com\/fr\/wp-json\/wp\/v2\/pages\/9854"}],"wp:attachment":[{"href":"https:\/\/www.eltono.com\/fr\/wp-json\/wp\/v2\/media?parent=9786"}],"wp:term":[{"taxonomy":"category","embeddable":true,"href":"https:\/\/www.eltono.com\/fr\/wp-json\/wp\/v2\/categories?post=9786"},{"taxonomy":"post_tag","embeddable":true,"href":"https:\/\/www.eltono.com\/fr\/wp-json\/wp\/v2\/tags?post=9786"}],"curies":[{"name":"wp","href":"https:\/\/api.w.org\/{rel}","templated":true}]}}