{"id":9854,"date":"2013-11-05T11:11:06","date_gmt":"2013-11-05T09:11:06","guid":{"rendered":"http:\/\/www.eltono.com\/?page_id=9854"},"modified":"2020-12-29T18:50:05","modified_gmt":"2020-12-29T16:50:05","slug":"promenades","status":"publish","type":"page","link":"https:\/\/www.eltono.com\/fr\/projects\/promenades\/","title":{"rendered":"Journal de promenades"},"content":{"rendered":"<p class=\"qtranxs-available-languages-message qtranxs-available-languages-message-fr\">D\u00e9sol\u00e9, cet article n'est pas encore disponible en fran\u00e7ais.<br>En attendant, vous pouvez toujours le lire en <a href=\"https:\/\/www.eltono.com\/en\/wp-json\/wp\/v2\/pages\/9854\" class=\"qtranxs-available-language-link qtranxs-available-language-link-en\" title=\"English\">English<\/a>. For the sake of viewer convenience, the content is shown below in the alternative language. You may click the link to switch the active language.<\/p><p>Ongoing project<br \/>\nNovember 2013 &#8211; today<\/p>\n<p>The <em>Promenades<\/em> Project is about walking,&nbsp;observation and spontaneity. It&#8217;s about wandering in the city with no pressure, no time limit, no goal apart from walking and enjoying it. It&#8217;s about walking with total freedom of time and space to be able to do all that things that you always want to do but you don&#8217;t because you have no time. It&#8217;s about moving crosscurrent in the city with time for contemplation to be able to observe details that most people don&#8217;t notice.<\/p>\n<p><img loading=\"lazy\" decoding=\"async\" src=\"https:\/\/www.eltono.com\/wp-content\/uploads\/2013\/12\/eltono-promenades1.jpg\" alt=\"eltono-promenades\" width=\"700\" height=\"385\"><\/p>\n<h2><span style=\"text-decoration: underline;\">Rules<\/span><\/h2>\n<p><strong>Rule #1<\/strong>: Walk and, if possible, create something on the way.<br \/>\n<strong>Rule #2<\/strong>: Only use material found during the walk &#8211; the only material I allow myself to bring is for<br \/>\ndocumentation (notebook, phone, camera) and a bag.<br \/>\n<strong>Rule #3<\/strong>: Only execute ideas created during the walk &#8211; or a predecessor walk.<br \/>\n<strong>Rule #4<\/strong>: Enjoy the walk.<\/p>\n<p>This journal is a straight chronological transcription of what happened during each walk.<\/p>\n<ul>\n<li>05\/11\/2013: <a href=\"https:\/\/www.eltono.com\/projects\/promenades\/promenade-no1\/\">Promenade #1<\/a><\/li>\n<li>12\/11\/2013: <a href=\"https:\/\/www.eltono.com\/projects\/promenades\/promenade-no2\/\">Promenade #2<\/a><\/li>\n<li>21\/11\/2013: <a href=\"https:\/\/www.eltono.com\/projects\/promenades\/promenade-no3\/\">Promenade #3<\/a><\/li>\n<li>26\/11\/2013: <a href=\"https:\/\/www.eltono.com\/projects\/promenades\/promenade-no4\/\">Promenade #4<\/a><\/li>\n<li>03\/12\/2013: <a href=\"https:\/\/www.eltono.com\/projects\/promenades\/promenade-no5\/\">Promenade #5<\/a><\/li>\n<li>10\/12\/2013: <a href=\"https:\/\/www.eltono.com\/projects\/promenades\/promenade-no6\/\">Promenade #6<\/a><\/li>\n<li>16\/12\/2013: <a href=\"https:\/\/www.eltono.com\/projects\/promenades\/promenade-no7\/\">Promenade #7<\/a><\/li>\n<li>16\/01\/2014: <a href=\"https:\/\/www.eltono.com\/projects\/promenades\/promenade-no10\/\">Promenade #10<\/a><\/li>\n<li>06\/04\/2016: <a href=\"https:\/\/www.eltono.com\/projects\/promenades\/promenade-no11\/\">Promenade #11<\/a><\/li>\n<\/ul>\n<p><\/p>","protected":false},"excerpt":{"rendered":"<p>D\u00e9sol\u00e9, cet article n&#8217;est pas encore disponible en fran\u00e7ais.En attendant, vous pouvez toujours le lire en English. For the sake of viewer convenience, the content is shown below in the alternative language. You may click the link to switch the active language.Ongoing project November 2013 &#8211; today The Promenades Project is about walking,&nbsp;observation and spontaneity. &hellip; <a href=\"https:\/\/www.eltono.com\/fr\/projects\/promenades\/\" class=\"more-link\">Continue reading <span class=\"screen-reader-text\">Journal de promenades<\/span><\/a><\/p>\n","protected":false},"author":1,"featured_media":14414,"parent":5,"menu_order":0,"comment_status":"closed","ping_status":"open","template":"","meta":{"ngg_post_thumbnail":0,"jetpack_post_was_ever_published":false,"footnotes":""},"categories":[288,5,287,266,272,7,259,306],"tags":[],"class_list":["post-9854","page","type-page","status-publish","has-post-thumbnail","hentry","category-288","category-interventions","category-ongoing","category-page_outdoor","category-page_project","category-projects","category-spontaneous","category-_actu"],"jetpack_sharing_enabled":true,"jetpack_shortlink":"https:\/\/wp.me\/P7sWFx-2yW","_links":{"self":[{"href":"https:\/\/www.eltono.com\/fr\/wp-json\/wp\/v2\/pages\/9854","targetHints":{"allow":["GET"]}}],"collection":[{"href":"https:\/\/www.eltono.com\/fr\/wp-json\/wp\/v2\/pages"}],"about":[{"href":"https:\/\/www.eltono.com\/fr\/wp-json\/wp\/v2\/types\/page"}],"author":[{"embeddable":true,"href":"https:\/\/www.eltono.com\/fr\/wp-json\/wp\/v2\/users\/1"}],"replies":[{"embeddable":true,"href":"https:\/\/www.eltono.com\/fr\/wp-json\/wp\/v2\/comments?post=9854"}],"version-history":[{"count":52,"href":"https:\/\/www.eltono.com\/fr\/wp-json\/wp\/v2\/pages\/9854\/revisions"}],"predecessor-version":[{"id":21001,"href":"https:\/\/www.eltono.com\/fr\/wp-json\/wp\/v2\/pages\/9854\/revisions\/21001"}],"up":[{"embeddable":true,"href":"https:\/\/www.eltono.com\/fr\/wp-json\/wp\/v2\/pages\/5"}],"wp:featuredmedia":[{"embeddable":true,"href":"https:\/\/www.eltono.com\/fr\/wp-json\/wp\/v2\/media\/14414"}],"wp:attachment":[{"href":"https:\/\/www.eltono.com\/fr\/wp-json\/wp\/v2\/media?parent=9854"}],"wp:term":[{"taxonomy":"category","embeddable":true,"href":"https:\/\/www.eltono.com\/fr\/wp-json\/wp\/v2\/categories?post=9854"},{"taxonomy":"post_tag","embeddable":true,"href":"https:\/\/www.eltono.com\/fr\/wp-json\/wp\/v2\/tags?post=9854"}],"curies":[{"name":"wp","href":"https:\/\/api.w.org\/{rel}","templated":true}]}}