{"id":9983,"date":"2013-12-23T05:52:48","date_gmt":"2013-12-23T04:52:48","guid":{"rendered":"http:\/\/www.eltono.com\/?page_id=9983"},"modified":"2015-12-26T16:25:03","modified_gmt":"2015-12-26T14:25:03","slug":"promenade-no6","status":"publish","type":"page","link":"https:\/\/www.eltono.com\/fr\/projects\/promenades\/promenade-no6\/","title":{"rendered":"Promenade N\u00ba6"},"content":{"rendered":"<p class=\"qtranxs-available-languages-message qtranxs-available-languages-message-fr\">D\u00e9sol\u00e9, cet article n'est pas encore disponible en fran\u00e7ais.<br>En attendant, vous pouvez toujours le lire en <a href=\"https:\/\/www.eltono.com\/en\/wp-json\/wp\/v2\/pages\/9983\" class=\"qtranxs-available-language-link qtranxs-available-language-link-en\" title=\"English\">English<\/a> ou en <a href=\"https:\/\/www.eltono.com\/es\/wp-json\/wp\/v2\/pages\/9983\" class=\"qtranxs-available-language-link qtranxs-available-language-link-es\" title=\"Espa\u00f1ol\">Espa\u00f1ol<\/a>. For the sake of viewer convenience, the content is shown below in this site default language. You may click one of the links to switch the site language to another available language.<\/p><p>Beijing \u2013 \u5317\u4eac<br \/>\n10 December 2013<br \/>\nFrom 09h52 to 16h50 (6h58min)<br \/>\n15 km<br \/>\n\u8ddf\u968f\u62a4\u57ce\u6cb3\u7b2c\u4e8c\u96c6 (Following the moat, second episode)<\/p>\n<p><img decoding=\"async\" alt=\"\" src=\"http:\/\/www.eltono.com\/wp-content\/gallery\/promenade6\/eltono-promenade6-01.jpg\" \/>Departure 9h53.<\/p>\n<p><img decoding=\"async\" alt=\"\" src=\"http:\/\/www.eltono.com\/wp-content\/gallery\/promenade6\/eltono-promenade6-75.jpg\" \/>Really nice day, blue sky, very low air pollution.<\/p>\n<p><a name=\"chuanrp6\"><\/a><img decoding=\"async\" alt=\"\" src=\"http:\/\/www.eltono.com\/wp-content\/gallery\/promenade6\/eltono-promenade6-64.jpg\" \/>On the way out of my neighborhood, I knew a spot with a particularly high density of &#8220;chuan&#8217;r&#8221; thrown on the floor.<\/p>\n<p><img decoding=\"async\" alt=\"\" src=\"http:\/\/www.eltono.com\/wp-content\/gallery\/promenade6\/eltono-promenade6-65.jpg\" \/><\/p>\n<p><img decoding=\"async\" alt=\"\" src=\"http:\/\/www.eltono.com\/wp-content\/gallery\/promenade6\/eltono-promenade6-66.jpg\" \/>I collected a big bunch of them.<\/p>\n<p><img decoding=\"async\" alt=\"\" src=\"http:\/\/www.eltono.com\/wp-content\/gallery\/promenade6\/eltono-promenade6-67.jpg\" \/>On my way to the moat, I found a suitable spot to install them.<\/p>\n<p><img decoding=\"async\" alt=\"\" src=\"http:\/\/www.eltono.com\/wp-content\/gallery\/promenade6\/eltono-promenade6-68.jpg\" \/>I stuck all of them (119) altogether on the fence of an university close to a phone booth.<\/p>\n<p><img decoding=\"async\" alt=\"\" src=\"http:\/\/www.eltono.com\/wp-content\/gallery\/promenade6\/eltono-promenade6-69.jpg\" \/><\/p>\n<p><img decoding=\"async\" alt=\"\" src=\"http:\/\/www.eltono.com\/wp-content\/gallery\/promenade6\/eltono-promenade6-70.jpg\" \/><\/p>\n<p><img decoding=\"async\" alt=\"\" src=\"http:\/\/www.eltono.com\/wp-content\/gallery\/promenade6\/eltono-promenade6-71.jpg\" \/>The phone actually rang while I was installing the chuan\u2019r. Knowing how curious the Chinese are, it is very possible that it could have been someone from the nearby buildings calling to ask me what I was doing. I didn\u2019t pick up.<\/p>\n<p><img decoding=\"async\" alt=\"\" src=\"http:\/\/www.eltono.com\/wp-content\/gallery\/promenade6\/eltono-promenade6-73.jpg\" \/><\/p>\n<p><img decoding=\"async\" alt=\"\" src=\"http:\/\/www.eltono.com\/wp-content\/gallery\/promenade6\/eltono-promenade6-72.jpg\" \/>I think the result is interesting for its contrast between what it seems to be from far, a wooden separation or some bamboo curtain and what it really is when you look at it closer: a bunch of disgusting chuan&#8217;r.<\/p>\n<p><img decoding=\"async\" alt=\"\" src=\"http:\/\/www.eltono.com\/wp-content\/gallery\/promenade6\/eltono-promenade6-74.jpg\" \/>I kept on walking south and reached the moat, that time, in opposition to the last <em>Promenade<\/em>, I started following the river to the west and then, after it turns 90\u00ba, to the south.<\/p>\n<p><a name=\"path1\"><\/a><img decoding=\"async\" alt=\"\" src=\"http:\/\/www.eltono.com\/wp-content\/gallery\/promenade6\/eltono-promenade6-79.jpg\" width=\"700\" \/>At some point in the park I came across that &#8220;unofficial&#8221; strongly marked footpath, I had an idea to do something with it, I actually tried, but it was too windy. \u6ca1\u529e\u6cd5 I kept on moving south.<\/p>\n<p><img decoding=\"async\" alt=\"\" src=\"http:\/\/www.eltono.com\/wp-content\/gallery\/promenade6\/eltono-promenade6-02.jpg\" \/>Along the way, I came across some really interesting places, where river, road, pedestrian overpasses and underpasses knot together.<\/p>\n<p><img decoding=\"async\" alt=\"\" src=\"http:\/\/www.eltono.com\/wp-content\/gallery\/promenade6\/eltono-promenade6-03.jpg\" \/>At one of these spots, on the other bank of the moat, I noticed some drilling cores scattered in the bushes all around.<\/p>\n<p><img loading=\"lazy\" decoding=\"async\" alt=\"\" src=\"http:\/\/www.eltono.com\/wp-content\/gallery\/promenade6\/eltono-promenade6-78.jpg\" width=\"700\" height=\"525\" \/><\/p>\n<p><img decoding=\"async\" alt=\"\" src=\"http:\/\/www.eltono.com\/wp-content\/gallery\/promenade6\/eltono-promenade6-05.jpg\" \/><\/p>\n<p><img decoding=\"async\" alt=\"\" src=\"http:\/\/www.eltono.com\/wp-content\/gallery\/promenade6\/eltono-promenade6-07.jpg\" \/>I easily understood where they were coming from.<\/p>\n<p><img decoding=\"async\" alt=\"\" src=\"http:\/\/www.eltono.com\/wp-content\/gallery\/promenade6\/eltono-promenade6-06.jpg\" \/>The workers that installed the fence, to separate the high speed road from the sidewalk, simply drilled the holes in the ground and threw the rubble into the closest bushes.<\/p>\n<p><img decoding=\"async\" alt=\"\" src=\"http:\/\/www.eltono.com\/wp-content\/gallery\/promenade6\/eltono-promenade6-08.jpg\" \/><\/p>\n<p><img decoding=\"async\" alt=\"\" src=\"http:\/\/www.eltono.com\/wp-content\/gallery\/promenade6\/eltono-promenade6-09.jpg\" \/>I could find a total of 15.<\/p>\n<p><img decoding=\"async\" alt=\"\" src=\"http:\/\/www.eltono.com\/wp-content\/gallery\/promenade6\/eltono-promenade6-10.jpg\" \/>I collected them all.<\/p>\n<p><img loading=\"lazy\" decoding=\"async\" alt=\"\" src=\"http:\/\/www.eltono.com\/wp-content\/gallery\/promenade6\/eltono-promenade6-11.jpg\" width=\"700\" height=\"700\" \/>And installed them on a small &#8220;visor&#8221; that I noticed before on top of the tunnel entrance. This \u201cvisor\u201d created an interesting useless space that I thought was suitable for an equally useless installation.<\/p>\n<p><img decoding=\"async\" alt=\"\" src=\"http:\/\/www.eltono.com\/wp-content\/gallery\/promenade6\/eltono-promenade6-13.jpg\" \/><\/p>\n<p><img decoding=\"async\" alt=\"\" src=\"http:\/\/www.eltono.com\/wp-content\/gallery\/promenade6\/eltono-promenade6-14.jpg\" \/><\/p>\n<p><img decoding=\"async\" alt=\"\" src=\"http:\/\/www.eltono.com\/wp-content\/gallery\/promenade6\/eltono-promenade6-15.jpg\" \/><\/p>\n<p><img decoding=\"async\" alt=\"\" src=\"http:\/\/www.eltono.com\/wp-content\/gallery\/promenade6\/eltono-promenade6-16.jpg\" \/><\/p>\n<p><img loading=\"lazy\" decoding=\"async\" alt=\"\" src=\"http:\/\/www.eltono.com\/wp-content\/gallery\/promenade6\/eltono-promenade6-17.jpg\" width=\"700\" height=\"700\" \/><\/p>\n<p><img loading=\"lazy\" decoding=\"async\" alt=\"\" src=\"http:\/\/www.eltono.com\/wp-content\/gallery\/promenade6\/eltono-promenade6-19.jpg\" width=\"700\" height=\"700\" \/><\/p>\n<p><img decoding=\"async\" alt=\"\" src=\"http:\/\/www.eltono.com\/wp-content\/gallery\/promenade6\/eltono-promenade6-20.jpg\" \/><\/p>\n<p><img decoding=\"async\" alt=\"\" src=\"http:\/\/www.eltono.com\/wp-content\/gallery\/promenade6\/eltono-promenade6-24.jpg\" \/><\/p>\n<p><img decoding=\"async\" alt=\"\" src=\"http:\/\/www.eltono.com\/wp-content\/gallery\/promenade6\/eltono-promenade6-21.jpg\" \/>I left them there hoping that someone would appreciate the way the cylinders, the tiles, the fences and the shadows interact.<\/p>\n<p><img loading=\"lazy\" decoding=\"async\" alt=\"\" src=\"http:\/\/www.eltono.com\/wp-content\/gallery\/promenade6\/eltono-promenade6-76.jpg\" width=\"700\" height=\"525\" \/>I crossed the moat again and went back to the park.<\/p>\n<p><a name=\"greenlinep6\"><\/a><img decoding=\"async\" alt=\"\" src=\"http:\/\/www.eltono.com\/wp-content\/gallery\/promenade6\/eltono-promenade6-25.jpg\" \/>I came across another dirt footpath that people had made by walking out of the official park trails, I tried again what <a href=\"#path1\">I tried a couple of hours earlier<\/a>. I came out with that idea after thinking about that <a href=\"http:\/\/www.eltono.com\/projects\/promenades\/promenade-no5\/#greenlinep5\">line made of leaves<\/a> that I did a week ago during <em>Promenade #5<\/em>.<strong><br \/>\n<\/strong><\/p>\n<p><img decoding=\"async\" alt=\"\" src=\"http:\/\/www.eltono.com\/wp-content\/gallery\/promenade6\/eltono-promenade6-26.jpg\" \/>I started collecting leaves with my feet.<\/p>\n<p><img decoding=\"async\" alt=\"\" src=\"http:\/\/www.eltono.com\/wp-content\/gallery\/promenade6\/eltono-promenade6-27.jpg\" \/>I used them to draw a line continuing the unofficial path and crossing the official one &#8211; the natural path crossing the artificial.<\/p>\n<p><img loading=\"lazy\" decoding=\"async\" alt=\"\" src=\"http:\/\/www.eltono.com\/wp-content\/gallery\/promenade6\/eltono-promenade6-28.jpg\" width=\"700\" height=\"700\" \/><\/p>\n<p><img decoding=\"async\" alt=\"\" src=\"http:\/\/www.eltono.com\/wp-content\/gallery\/promenade6\/eltono-promenade6-29.jpg\" \/><\/p>\n<p><img decoding=\"async\" alt=\"\" src=\"http:\/\/www.eltono.com\/wp-content\/gallery\/promenade6\/eltono-promenade6-30.jpg\" \/><\/p>\n<p><img decoding=\"async\" alt=\"\" src=\"http:\/\/www.eltono.com\/wp-content\/gallery\/promenade6\/eltono-promenade6-31.jpg\" \/><\/p>\n<p><img loading=\"lazy\" decoding=\"async\" alt=\"\" src=\"http:\/\/www.eltono.com\/wp-content\/gallery\/promenade6\/eltono-promenade6-32.jpg\" width=\"700\" height=\"700\" \/><\/p>\n<p><a name=\"greenlinep6b\"><\/a><img loading=\"lazy\" decoding=\"async\" alt=\"\" src=\"http:\/\/www.eltono.com\/wp-content\/gallery\/promenade6\/eltono-promenade6-34.jpg\" width=\"700\" height=\"700\" \/>I actually like to use these spontaneous (natural) paths. I never understand why town planners rarely take in account the natural way of people walking, it seems to me like they always want people to walk following square angles; naturally, like every other animal, we walk from point A to point B looking for the way that will be faster and will burn less energy. Straight lines are the most natural and logical way to go from A to B and sometimes, in square planned cities, these lines will draw diagonals, so instead of planting a &#8220;don&#8217;t walk on the grass&#8221; sign, why don&#8217;t they just adapt their planning to the users movements? The only place where I have seen crossroads arranged so you can cross the street in diagonal is Tokyo, in the bustling neighborhood of Shibuya.<\/p>\n<p><img loading=\"lazy\" decoding=\"async\" alt=\"\" src=\"http:\/\/www.eltono.com\/wp-content\/gallery\/promenade6\/eltono-promenade6-35.jpg\" width=\"700\" height=\"700\" \/>A few meters ahead, I tried it again with pine needles.<\/p>\n<p><img decoding=\"async\" alt=\"\" src=\"http:\/\/www.eltono.com\/wp-content\/gallery\/promenade6\/eltono-promenade6-36.jpg\" \/><\/p>\n<p><img loading=\"lazy\" decoding=\"async\" alt=\"\" src=\"http:\/\/www.eltono.com\/wp-content\/gallery\/promenade6\/eltono-promenade6-37.jpg\" width=\"700\" height=\"700\" \/><\/p>\n<p><img decoding=\"async\" alt=\"\" src=\"http:\/\/www.eltono.com\/wp-content\/gallery\/promenade6\/eltono-promenade6-38.jpg\" \/><\/p>\n<p><img decoding=\"async\" alt=\"\" src=\"http:\/\/www.eltono.com\/wp-content\/gallery\/promenade6\/eltono-promenade6-39.jpg\" \/>A that point, I realized that to obtain the best visual result, I needed to look for paths that were well marked and strongly contrasted.<\/p>\n<p><img loading=\"lazy\" decoding=\"async\" alt=\"\" src=\"http:\/\/www.eltono.com\/wp-content\/gallery\/promenade6\/eltono-promenade6-82.jpg\" width=\"700\" height=\"525\" \/>A rock on a trashcan.<\/p>\n<p><img decoding=\"async\" alt=\"\" src=\"http:\/\/www.eltono.com\/wp-content\/gallery\/promenade6\/eltono-promenade6-43.jpg\" \/>I found a nicely contrasting footpath a few hundred meters further. I couldn&#8217;t really use my feet to gather the leaves because of the grown weed so I decided to find a broom. One of the good thing of China is that you will always find a broom somewhere in the street. I think the city sweepers leave them in different spots so they don&#8217;t have to carry them around. They are made of bamboo and very cheap so nobody would steal them\u00a0\u2013 theft is very rare in China anyways, except for that which is committed by party officials.<\/p>\n<p><img decoding=\"async\" alt=\"\" src=\"http:\/\/www.eltono.com\/wp-content\/gallery\/promenade6\/eltono-promenade6-44.jpg\" \/>It took me less than two minutes to find one.<\/p>\n<p><img decoding=\"async\" alt=\"\" src=\"http:\/\/www.eltono.com\/wp-content\/gallery\/promenade6\/eltono-promenade6-40.jpg\" \/>By the way, while I was looking for a broom, I found another drilling cylinder; the same fence as before was still running there. I took the cylinder and put it back where it came from.<\/p>\n<p><img loading=\"lazy\" decoding=\"async\" alt=\"\" src=\"http:\/\/www.eltono.com\/wp-content\/gallery\/promenade6\/eltono-promenade6-77.jpg\" width=\"700\" height=\"525\" \/><\/p>\n<p><img decoding=\"async\" alt=\"\" src=\"http:\/\/www.eltono.com\/wp-content\/gallery\/promenade6\/eltono-promenade6-45.jpg\" \/>And I started sweeping the way under the confused eyes of the Chinese pedestrians.<\/p>\n<p><img decoding=\"async\" alt=\"\" src=\"http:\/\/www.eltono.com\/wp-content\/gallery\/promenade6\/eltono-promenade6-46.jpg\" \/><\/p>\n<p><img decoding=\"async\" alt=\"\" src=\"http:\/\/www.eltono.com\/wp-content\/gallery\/promenade6\/eltono-promenade6-48.jpg\" \/><\/p>\n<p><img decoding=\"async\" alt=\"\" src=\"http:\/\/www.eltono.com\/wp-content\/gallery\/promenade6\/eltono-promenade6-47.jpg\" \/><\/p>\n<p><img loading=\"lazy\" decoding=\"async\" alt=\"\" src=\"http:\/\/www.eltono.com\/wp-content\/gallery\/promenade6\/eltono-promenade6-84.jpg\" width=\"700\" height=\"525\" \/>After thinking about it I found that these interventions are a good way to mark out the unofficial footpaths and what they are telling about the city. It is literally nature coming back over human construction and this is exactly what I want to express; I think city planning needs to focus more on\u00a0the natural walking movements of people instead of having them following square paths, most of them being the result of the priority given today in construction to motorized transportation.<\/p>\n<p><img decoding=\"async\" alt=\"\" src=\"http:\/\/www.eltono.com\/wp-content\/gallery\/promenade6\/eltono-promenade6-49.jpg\" \/>I put the groom in its original place and kept on walking south.<\/p>\n<p><img loading=\"lazy\" decoding=\"async\" alt=\"\" src=\"http:\/\/www.eltono.com\/wp-content\/gallery\/promenade6\/eltono-promenade6-86.jpg\" width=\"700\" height=\"525\" \/>At the end of park, under a bridge, I found an interesting spot where people are locking their chairs to a fence.<\/p>\n<p><img loading=\"lazy\" decoding=\"async\" alt=\"\" src=\"http:\/\/www.eltono.com\/wp-content\/gallery\/promenade6\/eltono-promenade6-83.jpg\" width=\"700\" height=\"525\" \/>I think it might be a place where people play mahjong in the summer, under the shade of the bridge. They lock their chairs and tables here so they don&#8217;t have to carry them every day to come to play.<\/p>\n<p><img loading=\"lazy\" decoding=\"async\" alt=\"\" src=\"http:\/\/www.eltono.com\/wp-content\/gallery\/promenade6\/eltono-promenade6-85.jpg\" width=\"700\" height=\"700\" \/>They even lock their badminton set.<\/p>\n<p><img decoding=\"async\" alt=\"\" src=\"http:\/\/www.eltono.com\/wp-content\/gallery\/promenade6\/eltono-promenade6-51.jpg\" \/>15h00, it was time to walk back if I wanted to arrive home before dark.<\/p>\n<p><img decoding=\"async\" alt=\"\" src=\"http:\/\/www.eltono.com\/wp-content\/gallery\/promenade6\/eltono-promenade6-50.jpg\" \/>I decided to walk along the ruins of the old city wall that also follows the moat almost all the way.<\/p>\n<p><img decoding=\"async\" alt=\"\" src=\"http:\/\/www.eltono.com\/wp-content\/gallery\/promenade6\/eltono-promenade6-52.jpg\" \/>And I end up walking for several kilometers alone on this beautiful unfrequented high path.<\/p>\n<p><img decoding=\"async\" alt=\"\" src=\"http:\/\/www.eltono.com\/wp-content\/gallery\/promenade6\/eltono-promenade6-53.jpg\" \/><\/p>\n<p><img decoding=\"async\" alt=\"\" src=\"http:\/\/www.eltono.com\/wp-content\/gallery\/promenade6\/eltono-promenade6-54.jpg\" \/><\/p>\n<p><img decoding=\"async\" alt=\"\" src=\"http:\/\/www.eltono.com\/wp-content\/gallery\/promenade6\/eltono-promenade6-55.jpg\" \/>On the way back, I decided to return to the same spot as before. It was less windy.<\/p>\n<p><img decoding=\"async\" alt=\"\" src=\"http:\/\/www.eltono.com\/wp-content\/gallery\/promenade6\/eltono-promenade6-56.jpg\" \/>I already spotted several piles of leaves very close to the path.<\/p>\n<p><img decoding=\"async\" alt=\"\" src=\"http:\/\/www.eltono.com\/wp-content\/gallery\/promenade6\/eltono-promenade6-57.jpg\" \/>I filled my bag with leaves three times.<\/p>\n<p><img loading=\"lazy\" decoding=\"async\" alt=\"\" src=\"http:\/\/www.eltono.com\/wp-content\/gallery\/promenade6\/eltono-promenade6-61.jpg\" width=\"700\" height=\"700\" \/>And drew the continuation of this spontaneous footpath crossing the official walkway.<\/p>\n<p><img decoding=\"async\" alt=\"\" src=\"http:\/\/www.eltono.com\/wp-content\/gallery\/promenade6\/eltono-promenade6-59.jpg\" \/>This is a perfect example of poor planning: the paved track is going right when the main walkway and one of the entrance of the park are on the left.<\/p>\n<p><img decoding=\"async\" alt=\"\" src=\"http:\/\/www.eltono.com\/wp-content\/gallery\/promenade6\/eltono-promenade6-62.jpg\" \/><\/p>\n<p><img decoding=\"async\" alt=\"\" src=\"http:\/\/www.eltono.com\/wp-content\/gallery\/promenade6\/eltono-promenade6-63.jpg\" \/><\/p>\n<p><img decoding=\"async\" alt=\"\" src=\"http:\/\/www.eltono.com\/wp-content\/gallery\/promenade6\/eltono-promenade6-80.jpg\" \/>After another hour walking I finally arrived home.<\/p>\n<p><img loading=\"lazy\" decoding=\"async\" alt=\"\" src=\"http:\/\/www.eltono.com\/wp-content\/gallery\/promenade6\/eltono-promenade6-81.jpg\" width=\"700\" height=\"525\" \/>But before, I decided to take part of the city&#8217;s trend and I also left a rock in some weird place.<\/p>\n<p><a href=\"http:\/\/www.eltono.com\/wp-content\/gallery\/promenade6\/eltono-promenade6-map.jpg\"><img decoding=\"async\" alt=\"\" src=\"http:\/\/www.eltono.com\/wp-content\/gallery\/promenade6\/eltono-promenade6-mapp.jpg\" width=\"700\" \/><\/a><br \/>\nThe GPS track record (click on the map to make it bigger).<\/p>\n<p>&gt; <a href=\"http:\/\/www.eltono.com\/projects\/promenades\/\">Back to Promenades Journal<\/a><\/p>","protected":false},"excerpt":{"rendered":"<p>D\u00e9sol\u00e9, cet article n&#8217;est pas encore disponible en fran\u00e7ais.En attendant, vous pouvez toujours le lire en English ou en Espa\u00f1ol. For the sake of viewer convenience, the content is shown below in this site default language. You may click one of the links to switch the site language to another available language.Beijing \u2013 \u5317\u4eac 10 &hellip; <a href=\"https:\/\/www.eltono.com\/fr\/projects\/promenades\/promenade-no6\/\" class=\"more-link\">Continue reading <span class=\"screen-reader-text\">Promenade N\u00ba6<\/span><\/a><\/p>\n","protected":false},"author":1,"featured_media":0,"parent":9854,"menu_order":0,"comment_status":"closed","ping_status":"open","template":"","meta":{"ngg_post_thumbnail":0,"jetpack_post_was_ever_published":false,"footnotes":""},"categories":[],"tags":[],"class_list":["post-9983","page","type-page","status-publish","hentry"],"jetpack_sharing_enabled":true,"jetpack_shortlink":"https:\/\/wp.me\/P7sWFx-2B1","_links":{"self":[{"href":"https:\/\/www.eltono.com\/fr\/wp-json\/wp\/v2\/pages\/9983","targetHints":{"allow":["GET"]}}],"collection":[{"href":"https:\/\/www.eltono.com\/fr\/wp-json\/wp\/v2\/pages"}],"about":[{"href":"https:\/\/www.eltono.com\/fr\/wp-json\/wp\/v2\/types\/page"}],"author":[{"embeddable":true,"href":"https:\/\/www.eltono.com\/fr\/wp-json\/wp\/v2\/users\/1"}],"replies":[{"embeddable":true,"href":"https:\/\/www.eltono.com\/fr\/wp-json\/wp\/v2\/comments?post=9983"}],"version-history":[{"count":140,"href":"https:\/\/www.eltono.com\/fr\/wp-json\/wp\/v2\/pages\/9983\/revisions"}],"predecessor-version":[{"id":9985,"href":"https:\/\/www.eltono.com\/fr\/wp-json\/wp\/v2\/pages\/9983\/revisions\/9985"}],"up":[{"embeddable":true,"href":"https:\/\/www.eltono.com\/fr\/wp-json\/wp\/v2\/pages\/9854"}],"wp:attachment":[{"href":"https:\/\/www.eltono.com\/fr\/wp-json\/wp\/v2\/media?parent=9983"}],"wp:term":[{"taxonomy":"category","embeddable":true,"href":"https:\/\/www.eltono.com\/fr\/wp-json\/wp\/v2\/categories?post=9983"},{"taxonomy":"post_tag","embeddable":true,"href":"https:\/\/www.eltono.com\/fr\/wp-json\/wp\/v2\/tags?post=9983"}],"curies":[{"name":"wp","href":"https:\/\/api.w.org\/{rel}","templated":true}]}}