{"id":19816,"date":"2019-03-23T16:27:25","date_gmt":"2019-03-23T14:27:25","guid":{"rendered":"http:\/\/www.eltono.com\/?post_type=product&#038;p=19816"},"modified":"2025-12-17T16:11:27","modified_gmt":"2025-12-17T15:11:27","slug":"line-and-surface","status":"publish","type":"product","link":"https:\/\/www.eltono.com\/fr\/boutique\/product\/line-and-surface\/","title":{"rendered":"Line and Surface"},"content":{"rendered":"<p>Dans ce petit format (22 x 15,50 cm) vous trouverez une s\u00e9lection des travaux de rue et des exp\u00e9rimentations en int\u00e9rieur que j\u2019ai r\u00e9alis\u00e9s depuis 1999. Ce livre de 96 pages contient une grande quantit\u00e9 de photos in\u00e9dites accompagn\u00e9es de textes sur mes diff\u00e9rentes exp\u00e9riences autour du monde. Pr\u00e9faces \u00e9crites par <strong>Javier Abarca<\/strong> et <strong>Rafael Schacter. <\/strong>Le livre a \u00e9t\u00e9 maquett\u00e9 par <strong>Jeroen van Mourik<\/strong>.<\/p>\n<p>ngg_shortcode_0_placeholder<\/p>","protected":false},"excerpt":{"rendered":"<p>Livre monographique<br \/>\nPubli\u00e9 par <a href=\"http:\/\/www.stickit.nl\" target=\"_blank\" rel=\"noopener noreferrer\">Stickit<\/a> en 2012, le livre a \u00e9t\u00e9 \u00e9dit\u00e9 en s\u00e9rie limit\u00e9e de 1000 copies<\/p>\n","protected":false},"featured_media":19817,"template":"","meta":{"ngg_post_thumbnail":0,"jetpack_post_was_ever_published":false,"jetpack_publicize_message":"","jetpack_publicize_feature_enabled":true,"jetpack_social_post_already_shared":true,"jetpack_social_options":{"image_generator_settings":{"template":"highway","default_image_id":0,"font":"","enabled":false},"version":2}},"product_brand":[],"product_cat":[329],"product_tag":[],"class_list":{"0":"post-19816","1":"product","2":"type-product","3":"status-publish","4":"has-post-thumbnail","6":"product_cat-book","8":"first","9":"outofstock","10":"shipping-taxable","11":"purchasable","12":"product-type-simple"},"jetpack_publicize_connections":[],"jetpack_sharing_enabled":true,"_links":{"self":[{"href":"https:\/\/www.eltono.com\/fr\/wp-json\/wp\/v2\/product\/19816","targetHints":{"allow":["GET"]}}],"collection":[{"href":"https:\/\/www.eltono.com\/fr\/wp-json\/wp\/v2\/product"}],"about":[{"href":"https:\/\/www.eltono.com\/fr\/wp-json\/wp\/v2\/types\/product"}],"wp:featuredmedia":[{"embeddable":true,"href":"https:\/\/www.eltono.com\/fr\/wp-json\/wp\/v2\/media\/19817"}],"wp:attachment":[{"href":"https:\/\/www.eltono.com\/fr\/wp-json\/wp\/v2\/media?parent=19816"}],"wp:term":[{"taxonomy":"product_brand","embeddable":true,"href":"https:\/\/www.eltono.com\/fr\/wp-json\/wp\/v2\/product_brand?post=19816"},{"taxonomy":"product_cat","embeddable":true,"href":"https:\/\/www.eltono.com\/fr\/wp-json\/wp\/v2\/product_cat?post=19816"},{"taxonomy":"product_tag","embeddable":true,"href":"https:\/\/www.eltono.com\/fr\/wp-json\/wp\/v2\/product_tag?post=19816"}],"curies":[{"name":"wp","href":"https:\/\/api.w.org\/{rel}","templated":true}]}}