{"id":19833,"date":"2025-09-22T18:50:33","date_gmt":"2025-09-22T16:50:33","guid":{"rendered":"http:\/\/www.eltono.com\/?post_type=product&#038;p=19833"},"modified":"2025-09-23T15:48:16","modified_gmt":"2025-09-23T13:48:16","slug":"estratos","status":"publish","type":"product","link":"https:\/\/www.eltono.com\/fr\/boutique\/product\/estratos\/","title":{"rendered":"Estratos"},"content":{"rendered":"<p>Bo\u00eete \u00e9dit\u00e9e par <a href=\"http:\/\/www.under-dogs.net\/\" target=\"_blank\" rel=\"noopener noreferrer\"><strong>Underdogs<\/strong><\/a>. Contient 5 lamelles de diff\u00e9rentes couleurs pouvant \u00eatre tourn\u00e9es et r\u00e9ordonn\u00e9es. Permet la cr\u00e9ation d\u2019une infinit\u00e9 de combinaisons.<\/p>\n<p>ngg_shortcode_0_placeholder<\/p>","protected":false},"excerpt":{"rendered":"<p>\u00c9dition de 14, sign\u00e9es et num\u00e9rot\u00e9es ; feuilles de papier cartonn\u00e9 recouvertes de vinyl mate et d\u00e9coup\u00e9es, 5 couches mont\u00e9es dans une bo\u00eete en bois. 42,5 x 33 cm.<\/p>\n","protected":false},"featured_media":19849,"template":"","meta":{"ngg_post_thumbnail":0,"jetpack_post_was_ever_published":false,"jetpack_publicize_message":"","jetpack_publicize_feature_enabled":true,"jetpack_social_post_already_shared":true,"jetpack_social_options":{"image_generator_settings":{"template":"highway","default_image_id":0,"font":"","enabled":false},"version":2}},"product_brand":[],"product_cat":[364],"product_tag":[],"class_list":{"0":"post-19833","1":"product","2":"type-product","3":"status-publish","4":"has-post-thumbnail","6":"product_cat-generative-artwork","8":"first","9":"instock","10":"shipping-taxable","11":"purchasable","12":"product-type-simple"},"jetpack_publicize_connections":[],"jetpack_sharing_enabled":true,"_links":{"self":[{"href":"https:\/\/www.eltono.com\/fr\/wp-json\/wp\/v2\/product\/19833","targetHints":{"allow":["GET"]}}],"collection":[{"href":"https:\/\/www.eltono.com\/fr\/wp-json\/wp\/v2\/product"}],"about":[{"href":"https:\/\/www.eltono.com\/fr\/wp-json\/wp\/v2\/types\/product"}],"wp:featuredmedia":[{"embeddable":true,"href":"https:\/\/www.eltono.com\/fr\/wp-json\/wp\/v2\/media\/19849"}],"wp:attachment":[{"href":"https:\/\/www.eltono.com\/fr\/wp-json\/wp\/v2\/media?parent=19833"}],"wp:term":[{"taxonomy":"product_brand","embeddable":true,"href":"https:\/\/www.eltono.com\/fr\/wp-json\/wp\/v2\/product_brand?post=19833"},{"taxonomy":"product_cat","embeddable":true,"href":"https:\/\/www.eltono.com\/fr\/wp-json\/wp\/v2\/product_cat?post=19833"},{"taxonomy":"product_tag","embeddable":true,"href":"https:\/\/www.eltono.com\/fr\/wp-json\/wp\/v2\/product_tag?post=19833"}],"curies":[{"name":"wp","href":"https:\/\/api.w.org\/{rel}","templated":true}]}}