{"id":22675,"date":"2022-10-11T16:43:52","date_gmt":"2022-10-11T14:43:52","guid":{"rendered":"https:\/\/www.eltono.com\/?post_type=product&#038;p=22675"},"modified":"2022-11-27T17:14:56","modified_gmt":"2022-11-27T16:14:56","slug":"dma_nb-3","status":"publish","type":"product","link":"https:\/\/www.eltono.com\/fr\/boutique\/product\/dma_nb-3\/","title":{"rendered":"DMA_nb #3"},"content":{"rendered":"<p><em><strong>DMA, Dessins M\u00e9caniques Al\u00e9atoires<\/strong><\/em><\/p>\n<p>Encre de qualit\u00e9 d&#8217;archivage sur papier Canson Montval 300 g. sans acide.<\/p>\n<p>Les dessins <em><strong>DMA_nb <\/strong><\/em>sont g\u00e9n\u00e9r\u00e9s al\u00e9atoirement avec Processing en suivant mon protocole <strong>RG_nb<\/strong> qui cr\u00e9e une grille dynamique et remplit chaque case obtenue avec une forme g\u00e9om\u00e9trique. Pour chaque forme, sa position, sa rotation et sa trame sont al\u00e9atoires. En op\u00e9rant avec ces param\u00e8tres, le programme cr\u00e9er une image al\u00e9atoire unique qui est envoy\u00e9e \u00e0 une Axidraw et trac\u00e9e sur papier avec un stylo. La s\u00e9rie a un maximum de 111 dessins.<\/p>\n<p>ngg_shortcode_0_placeholder<\/p>","protected":false},"excerpt":{"rendered":"<p><strong>Protocole P:RG_nb<\/strong> avec ligne de 0,45 mm.<\/p>\n<p>Dessins M\u00e9caniques Al\u00e9atoires, encre noire, 15,2 x 24 cm (6 x 9.4 pouces).<br \/>\nEncre d\u2019archivage sur papier Canson Montval 300 g. (sans acide).<br \/>\nS\u00e9rie de monotypes de 111 it\u00e9rations, chaque dessin est unique.<\/p>\n","protected":false},"featured_media":22676,"template":"","meta":{"ngg_post_thumbnail":0,"jetpack_post_was_ever_published":false,"jetpack_publicize_message":"","jetpack_publicize_feature_enabled":true,"jetpack_social_post_already_shared":true,"jetpack_social_options":{"image_generator_settings":{"template":"highway","default_image_id":0,"font":"","enabled":false},"version":2}},"product_brand":[],"product_cat":[325,351],"product_tag":[326,352],"class_list":{"0":"post-22675","1":"product","2":"type-product","3":"status-publish","4":"has-post-thumbnail","6":"product_cat-dma","7":"product_cat-nb","8":"product_tag-dma","9":"product_tag-dmanb","11":"first","12":"outofstock","13":"shipping-taxable","14":"purchasable","15":"product-type-simple"},"jetpack_publicize_connections":[],"jetpack_sharing_enabled":true,"_links":{"self":[{"href":"https:\/\/www.eltono.com\/fr\/wp-json\/wp\/v2\/product\/22675","targetHints":{"allow":["GET"]}}],"collection":[{"href":"https:\/\/www.eltono.com\/fr\/wp-json\/wp\/v2\/product"}],"about":[{"href":"https:\/\/www.eltono.com\/fr\/wp-json\/wp\/v2\/types\/product"}],"wp:featuredmedia":[{"embeddable":true,"href":"https:\/\/www.eltono.com\/fr\/wp-json\/wp\/v2\/media\/22676"}],"wp:attachment":[{"href":"https:\/\/www.eltono.com\/fr\/wp-json\/wp\/v2\/media?parent=22675"}],"wp:term":[{"taxonomy":"product_brand","embeddable":true,"href":"https:\/\/www.eltono.com\/fr\/wp-json\/wp\/v2\/product_brand?post=22675"},{"taxonomy":"product_cat","embeddable":true,"href":"https:\/\/www.eltono.com\/fr\/wp-json\/wp\/v2\/product_cat?post=22675"},{"taxonomy":"product_tag","embeddable":true,"href":"https:\/\/www.eltono.com\/fr\/wp-json\/wp\/v2\/product_tag?post=22675"}],"curies":[{"name":"wp","href":"https:\/\/api.w.org\/{rel}","templated":true}]}}