{"id":23606,"date":"2023-11-24T11:11:50","date_gmt":"2023-11-24T10:11:50","guid":{"rendered":"https:\/\/www.eltono.com\/?post_type=product&#038;p=23606"},"modified":"2023-11-30T20:03:00","modified_gmt":"2023-11-30T19:03:00","slug":"dma_eq-30-8-23b","status":"publish","type":"product","link":"https:\/\/www.eltono.com\/fr\/boutique\/product\/dma_eq-30-8-23b\/","title":{"rendered":"DMA_eq 30\/8\/23B"},"content":{"rendered":"<p><\/p>\n<h1><em><strong>EQVILIBRIVM<\/strong><\/em><\/h1>\n<p><em><strong>DMA, Dessins M\u00e9caniques Al\u00e9atoires<\/strong><\/em><\/p>\n<p>Encre d\u2019archivage sur impression gicl\u00e9e. Papier Canson Montval 300g sans acide.<\/p>\n<p>Les dessins <strong>DMA_eq<\/strong> sont g\u00e9n\u00e9r\u00e9s de mani\u00e8re al\u00e9atoire selon le protocole <strong>RG_eq<\/strong>. Pour cr\u00e9er les dessins, j\u2019utilise deux machines : un traceur grand format et une CNC. Le protocole fonctionne de la mani\u00e8re suivante :<\/p>\n<p>\u2013 Un script P5JS g\u00e9n\u00e8re un d\u00e9grad\u00e9 al\u00e9atoire utilisant 2, 3 ou 4 couleurs.<br \/>\n\u2013 Un deuxi\u00e8me script P5JS cr\u00e9e une grille dynamique\/irr\u00e9guli\u00e8re et remplit chaque case avec une forme g\u00e9om\u00e9trique. Pour chaque forme, la position, la rotation et le hachurage sont choisis au hasard. J\u2019utilise 6 types de hachure diff\u00e9rents : 0\u00b0, 90\u00b0, 45\u00b0, -45\u00b0, crois\u00e9 0\/90\u00b0 et crois\u00e9 45\/-45\u00b0.<br \/>\n\u2013 Dans Inkscape, le d\u00e9grad\u00e9 est d\u00e9coup\u00e9 dans le fond de chacune des formes.<br \/>\n\u2013 Le d\u00e9grad\u00e9 d\u00e9coup\u00e9 est imprim\u00e9 avec le traceur.<br \/>\n\u2013 Selon la taille du dessin, le hachurage est envoy\u00e9 soit \u00e0 l\u2019Axidraw, soit \u00e0 la CNC et trac\u00e9 avec un feutre sur le d\u00e9grad\u00e9.<\/p>\n<p>Les dessins existent en plusieurs dimensions : 16\u00d724 cm, 33\u00d750 cm et 40\u00d765 cm (6.3\u00d79.4 pouces, 13\u00d719.6 pouces et 15.7\u00d725.6 pouces).<\/p>\n<p>Photos du processus :<\/p>\n<p>ngg_shortcode_0_placeholderVideo par Romain Baudry :<\/p>\n<p><iframe loading=\"lazy\" title=\"YouTube video player\" src=\"https:\/\/www.youtube.com\/embed\/g-1hBnhg1Qo?si=u2-8ff-3_cbGhE2K\" width=\"560\" height=\"315\" frameborder=\"0\" allowfullscreen=\"allowfullscreen\"><\/iframe><\/p>","protected":false},"excerpt":{"rendered":"<p><strong>Protocole P:RG_nb<br \/>\n<\/strong>avec ligne de 0,45 mm<\/p>\n<p>Dessins M\u00e9caniques Al\u00e9atoires, 16&#215;24 cm (6.3&#215;9.4 pouces).<br \/>\nEncre d\u2019archivage sur impression gicl\u00e9e. Papier Montval 300 g. (sans acide).<br \/>\nS\u00e9rie de monotypes, chaque dessin est unique.<\/p>\n","protected":false},"featured_media":23693,"template":"","meta":{"ngg_post_thumbnail":0,"jetpack_post_was_ever_published":false,"jetpack_publicize_message":"","jetpack_publicize_feature_enabled":true,"jetpack_social_post_already_shared":true,"jetpack_social_options":{"image_generator_settings":{"template":"highway","default_image_id":0,"font":"","enabled":false},"version":2}},"product_brand":[],"product_cat":[325,355,361],"product_tag":[],"class_list":{"0":"post-23606","1":"product","2":"type-product","3":"status-publish","4":"has-post-thumbnail","6":"product_cat-dma","7":"product_cat-eq","8":"product_cat-s","10":"first","11":"instock","12":"shipping-taxable","13":"purchasable","14":"product-type-simple"},"jetpack_publicize_connections":[],"jetpack_sharing_enabled":true,"_links":{"self":[{"href":"https:\/\/www.eltono.com\/fr\/wp-json\/wp\/v2\/product\/23606","targetHints":{"allow":["GET"]}}],"collection":[{"href":"https:\/\/www.eltono.com\/fr\/wp-json\/wp\/v2\/product"}],"about":[{"href":"https:\/\/www.eltono.com\/fr\/wp-json\/wp\/v2\/types\/product"}],"wp:featuredmedia":[{"embeddable":true,"href":"https:\/\/www.eltono.com\/fr\/wp-json\/wp\/v2\/media\/23693"}],"wp:attachment":[{"href":"https:\/\/www.eltono.com\/fr\/wp-json\/wp\/v2\/media?parent=23606"}],"wp:term":[{"taxonomy":"product_brand","embeddable":true,"href":"https:\/\/www.eltono.com\/fr\/wp-json\/wp\/v2\/product_brand?post=23606"},{"taxonomy":"product_cat","embeddable":true,"href":"https:\/\/www.eltono.com\/fr\/wp-json\/wp\/v2\/product_cat?post=23606"},{"taxonomy":"product_tag","embeddable":true,"href":"https:\/\/www.eltono.com\/fr\/wp-json\/wp\/v2\/product_tag?post=23606"}],"curies":[{"name":"wp","href":"https:\/\/api.w.org\/{rel}","templated":true}]}}